{"id":11063,"date":"2023-03-20T12:54:22","date_gmt":"2023-03-20T10:54:22","guid":{"rendered":"https:\/\/test.arctic.klean.it\/?page_id=11063"},"modified":"2023-03-20T16:39:48","modified_gmt":"2023-03-20T14:39:48","slug":"pakkeliste-til-en-sommerrejse","status":"publish","type":"page","link":"https:\/\/test.arctic.klean.it\/da\/pakkeliste-til-en-sommerrejse\/","title":{"rendered":"Pakkeliste til en sommerrejse"},"content":{"rendered":"<div class=\"wpb-content-wrapper\"><p>[vc_row unlock_row_content=&#8221;yes&#8221; row_height_percent=&#8221;40&#8243; override_padding=&#8221;yes&#8221; h_padding=&#8221;7&#8243; top_padding=&#8221;4&#8243; bottom_padding=&#8221;3&#8243; back_image=&#8221;11052&#8243; overlay_alpha=&#8221;50&#8243; gutter_size=&#8221;3&#8243; column_width_percent=&#8221;100&#8243; shift_y=&#8221;0&#8243; z_index=&#8221;0&#8243; uncode_shortcode_id=&#8221;928587&#8243;][vc_column width=&#8221;3\/4&#8243;][\/vc_column][vc_column width=&#8221;1\/4&#8243;][\/vc_column][\/vc_row][vc_row][vc_column width=&#8221;3\/4&#8243;][vc_custom_heading uncode_shortcode_id=&#8221;990192&#8243;]<\/p>\n<h2 style=\"text-align: center;\">Pakkeliste til en sommerrejse<\/h2>\n<p>[\/vc_custom_heading][vc_column_text uncode_shortcode_id=&#8221;151149&#8243;]Rigtig bekl\u00e6dning er foruds\u00e6tningen for, at du f\u00e5r det bedste udbytte af en rejse, hvor meget foreg\u00e5r udend\u00f8rs og i verdens smukkeste natur. Dette er vores forslag til en pakkeliste, der d\u00e6kker sommerrejser i Gr\u00f8nland b\u00e5de for dig, der skal p\u00e5 en skibsrejse og for dig, der skal p\u00e5 en rejse, hvor du skal p\u00e5 en del dagsvandringer.<\/p>\n<p><strong>Om p\u00e5kl\u00e6dning generelt i Gr\u00f8nland<\/strong><br \/>\nP\u00e5kl\u00e6dning i Gr\u00f8nland er praktisk og uformel. Du beh\u00f8ver derfor ikke at pakke det \u201dfine t\u00f8j\u201d i kufferten p\u00e5 en rejse til Gr\u00f8nland. Udvalget af bekl\u00e6dning til friluftsliv er i dag stort og du kan derfor finde t\u00f8j, der b\u00e5de er praktisk,<br \/>\nsmart og bekvemt og som b\u00e5de kan anvendes i fjeldet og i byen. P\u00e5 en rejse i Gr\u00f8nland har den rette p\u00e5kl\u00e6dning stor betydning, da du p\u00e5 en og samme dag kan opleve intens varme, men ogs\u00e5 kulde p\u00e5 eksempelvis en aftensejlads blandt isbjerge, som afgiver meget kulde.<br \/>\nI bund og grund er vi danskere vant til ustadigt vejr, s\u00e5 de fleste af os har allerede den rigtige bekl\u00e6dning, men det er alligevel vigtigt, at du f\u00e5r det rigtige pakket med i kufferten.<\/p>\n<p><strong>Som udgangspunkt er det altid vigtigt at s\u00f8rge for at f\u00f8lgende er p\u00e5 plads:<\/strong><\/p>\n<p>\u25cf Godt fodt\u00f8j<br \/>\n\u25cf Bekvemt t\u00f8j til forskellige vejrforhold<br \/>\n\u25cf Vind og vandt\u00e6t yderbekl\u00e6dning<br \/>\n\u25cf Hue og handsker til k\u00f8lige aftener (de skal altid pakkes med p\u00e5 en rejse til Gr\u00f8nland)<br \/>\n\u25cf Et lag af uld til inderst p\u00e5 kroppen er altid godt at have med i kufferten<\/p>\n<p>Det er en fordel at v\u00e6lge st\u00e6rke, i\u00f8jnefaldende farver i fjeldet, men det er ogs\u00e5 rart at kunne se<br \/>\n\u201dalmindelig ud\u201d, n\u00e5r du f\u00e6rdes i byerne. Vi anbefaler, at du som udgangspunkt bruger det, du har.<\/p>\n<p><strong>Dagtursrygs\u00e6k<\/strong><br \/>\nDet er altid godt at medbringe en mindre dagtursrygs\u00e6k p\u00e5 en rejse i Gr\u00f8nland. En dagtursrygs\u00e6k er en mindre rygs\u00e6k p\u00e5 20\u201030 liter. Den kan bruges til alt fra sejlture, kortere vandreture og til i det hele taget at have med rundt. Hvis du skal vandre p\u00e5 din rejse, s\u00e5 anbefaler vi en rygs\u00e6k p\u00e5 ca. 30 liter med hofteb\u00e6lte og brystrem. Hvis du prim\u00e6rt skal g\u00e5 i byerne, s\u00e5 beh\u00f8ver du ikke hofteb\u00e6lte og brystrem.<\/p>\n<p><strong>Kuffert eller rygs\u00e6k?<\/strong><br \/>\nP\u00e5 langt de fleste af vores rejser skal du ikke selv b\u00e6re din bagage langt. Du skal selv h\u00e5ndtere din kuffert i lufthavne og p\u00e5 hoteller, men derudover bliver den fragtet fra sted til sted. Du kan derfor v\u00e6lge at pakke i enten kuffert eller i en rygs\u00e6k. Hvis du skal bo i mindre bygder, skal du v\u00e6re<br \/>\nforberedt p\u00e5, at bagagen kan blive transporteret p\u00e5 en lastbil, en traktor eller lignende, og du skal derfor forvente, at bagagen f\u00e5r lidt &#8220;knubs&#8221; og st\u00f8v.<\/p>\n<p><strong>Bekl\u00e6dning kan b\u00e5de v\u00e6re smart og praktisk<\/strong><br \/>\nHvis du har sp\u00f8rgsm\u00e5l til bekl\u00e6dning og skal ud og k\u00f8be nyt, kan vi anbefale dig at g\u00e5 i Friluftsland, der kan give dig r\u00e5d og vejledning. Friluftsland har et stort udvalg i smart og praktisk bekl\u00e6dning, der kan bruges hele \u00e5ret og til hverdag og p\u00e5 rejse. Kvalitetst\u00f8j, der b\u00e5de holder og fungerer. Friluftsland har butikker i store dele af landet og en fin webshop p\u00e5 www.friluftsland.dk.<\/p>\n<p><strong>For rejsende med overnatning i Glacier Lodge Eqi eller Ilimanaq Lodge<\/strong><\/p>\n<p>Hvis du er s\u00e5 heldig at skulle overnatte i en af de sk\u00f8nne lodges, skal du v\u00e6re opm\u00e6rksom p\u00e5, at deltagerne selv skal b\u00e6re bagagen fra b\u00e5d til hytterne i et kuperet fjelterr\u00e6n. Kufferter er ikke velegnede, og du skal tillige v\u00e6re opm\u00e6rksom p\u00e5, at du selv skal kunne b\u00e6re din taske, s\u00e5 pak ikke for tungt. For rejsende til Glacier Lodge Eqi er det muligt at efterlade en del af bagagen p\u00e5 hotellet til bagageopbevaring. Vi anbefaler, at du derfor medbringer en mindre rygs\u00e6k, du kan bruge under dit<br \/>\nophold i Glacier Lodge Eqi. P\u00e5 rundrejser med ophold i Ilimanaq Lodge har du naturligt din bagage med dig hele vejen. Du kan her v\u00e6lge at pakke i rygs\u00e6k eller en st\u00f8rre bl\u00f8d taske eller at par mindre, hvis du ikke kan b\u00e6re al<br \/>\ndin bagage i \u00e9n taske. P\u00e5 rejser med rejseleder i grupper vil der naturligvis v\u00e6re nogle, der kan hj\u00e6lpe, men hovedreglen er at, du skal pakke, s\u00e5 du eller nogen i dit rejsef\u00f8lge kan b\u00e6re det \u2010 i mindre tasker og ikke i kufferter. Bekl\u00e6dning kan b\u00e5de v\u00e6re smart og praktisk<br \/>\nHvis du har sp\u00f8rgsm\u00e5l til bekl\u00e6dning og skal ud og k\u00f8be nyt, s\u00e5 kan vi anbefale dig at tage kontakt til<br \/>\nFriluftsland, der kan give dig r\u00e5d og vejledning. Friluftsland har et stort udvalg i smart og praktisk bekl\u00e6dning, der kan bruges hele \u00e5ret og til hverdag og p\u00e5 rejse. Kvalitetst\u00f8j, der b\u00e5de holder og fungerer. Friluftsland har butikker i store dele af landet og en fin webshop p\u00e5 www.friluftsland.dk.<\/p>\n<p><strong>Lag\u2010p\u00e5\u2010lag\u2010princippet<\/strong><br \/>\nLag\u2010p\u00e5\u2010lag princippet kommer virkelig til sin ret i Gr\u00f8nland. Lag\u2010p\u00e5\u2010lag princippet g\u00e5r i sin enkelthed<br \/>\nud p\u00e5, at man kl\u00e6der sig p\u00e5 i flere lag. Det inderste lag hj\u00e6lper til at holde varmen, men ogs\u00e5 f\u00f8re fugten v\u00e6k fra kroppen. Det mellemste lag isolerer mod kulde. Det yderste lag beskytter mod regn, vind og fugt.<br \/>\nDet er selvf\u00f8lgelig ikke n\u00f8dvendigt at investere i en masse udstyr for at tage p\u00e5 ferie i Gr\u00f8nland om efter\u00e5ret, men det g\u00e6lder om at finde alt det varme t\u00f8j frem, gerne skiudstyret, de forede vinterbukser eller en gammel dunjakke, som for l\u00e6ngst er g\u00e5et af mode, men som stadig er varm. Herunder er forslag til en pakkeliste, som kan give dig et indtryk af, hvad der er godt at have med p\u00e5 en efter\u00e5rsrejse til Gr\u00f8nland.<\/p>\n<p><strong>Undert\u00f8j<\/strong><br \/>\nHer taler vi ikke om bh og trusser, men om lange underbenkl\u00e6der og en lang, t\u00e6tsiddende bluse. Vi<br \/>\nanbefaler uld, da det ogs\u00e5 varmer, n\u00e5r det er fugtigt.<\/p>\n<p><strong>Fleecebukser eller kraftige joggingbukser<\/strong><br \/>\nSom mellemlag mellem de lange underbukser og yderlaget. Hvis du har et par dunforede vinterbukser, s\u00e5 kan du n\u00f8jes med de lange underbukser og de forede yderbukser.<\/p>\n<p><strong>Tr\u00f8jer eller kraftige skjorter<\/strong><br \/>\nSom mellemlag<\/p>\n<p><strong>Overtr\u00e6ksbukser<\/strong><br \/>\nVindt\u00e6tte, evt. forede, gerne vandafvisende. De skal v\u00e6re s\u00e5 store, at der er god plads til de bukser,<br \/>\nman har p\u00e5 indenunder, og s\u00e5 de ikke strammer.<\/p>\n<p><strong>Tynde sokker<\/strong><br \/>\nUld eller svedtransporterende materiale. Vi anbefaler uld \u2013 og tag gerne flere par med. Hvis du sveder og dine f\u00f8dder bliver fugtige, kan det betale sig at skifte til t\u00f8rre sokker.<\/p>\n<p><strong>Tykke uldsokker<\/strong><br \/>\nFlere par og v\u00e6lg endelig de kraftigste, du kan f\u00e5.<\/p>\n<p><strong>St\u00f8vler<\/strong><br \/>\nKraftig kvalitet, med god plads til sokker og til at bev\u00e6ge t\u00e6erne i. Det er dejligt med et par vandrest\u00f8vler, hvor der er god plads til en tyk sok. S\u00e5len skal helst v\u00e6re af gummi, idet s\u00e5ler af plast og blandingsmaterialer bliver meget glatte i lave frostgrader.<\/p>\n<p><strong>Varm sweater<\/strong><br \/>\nGerne med h\u00f8j hals og lynl\u00e5s. Kraftig fleece eller uld anbefales.<\/p>\n<p><strong>Stor vindt\u00e6t jakke<\/strong><br \/>\nGerne med h\u00e6tte. Gerne af vandafvisende materiale, men den skal kunne \u201d\u00e5nde\u201d.<\/p>\n<p><strong>Hue<\/strong><br \/>\nUld eller fleece (det er mest behageligt), gerne en elefanthue, som kan d\u00e6kke hals, pande, hage og<br \/>\nkinder.<\/p>\n<p><strong>Kraftige uldhandsker<br \/>\n<\/strong>Inderst<\/p>\n<p><strong>Store forede luffer<\/strong><br \/>\nGerne af skind til at tage ud over de tyndere inderhandsker\/uldhandsker. Ved at have vanter i to lag,<br \/>\ner det muligt at regulere temperaturen. Luffer er det bedste til kolde forhold frem for fingerhandsker.<\/p>\n<p><strong>Solbriller<\/strong><br \/>\nEr rare at have med! Is\u00e6r hvis der er faldet sne, og solen skinner, eller hvis du skal bes\u00f8ge Indlandsisen.<\/p>\n<p><strong>L\u00e6bepomade<\/strong><br \/>\nHav altid en i jakkelommen, luften er meget t\u00f8r.<\/p>\n<p><strong>Diverse<\/strong><br \/>\nKamera<br \/>\nKikkert<br \/>\nPandelampe (diodelamper bruger ikke meget batteri)<br \/>\nEkstra film og ekstra batterier til kamera<br \/>\nHovedtelefoner til flyveturen til Gr\u00f8nland[\/vc_column_text][vc_raw_html]JTNDc3R5bGUlM0UuY2VudGVyJTIwJTdCJTIwanVzdGlmeSUyMGNvbnRlbnQlM0ElMjBjZW50ZXIlM0IlMjAlN0QlM0MlMkZzdHlsZSUzRSUwQSUzQ2RpdiUyMGNsYXNzJTNEJTIyY2VudGVyJTIyJTNF[\/vc_raw_html][vc_button border_width=&#8221;0&#8243; link=&#8221;url:https%3A%2F%2Ftest.arctic.klean.it%2Fwp-content%2Fuploads%2F2022%2F06%2FPakkeliste-til-sommerrejser-i-Gronland.pdf|target:_blank&#8221; uncode_shortcode_id=&#8221;103920&#8243; icon=&#8221;fa fa-file-text-o&#8221;]\u00c5ben som PDF [\/vc_button][vc_raw_html]JTNDJTJGZGl2JTNF[\/vc_raw_html][\/vc_column][vc_column width=&#8221;1\/4&#8243;][\/vc_column][\/vc_row]<\/p>\n<\/div>","protected":false},"excerpt":{"rendered":"<p>[vc_row unlock_row_content=&#8221;yes&#8221; row_height_percent=&#8221;40&#8243; override_padding=&#8221;yes&#8221; h_padding=&#8221;7&#8243; top_padding=&#8221;4&#8243; bottom_padding=&#8221;3&#8243; back_image=&#8221;11052&#8243; overlay_alpha=&#8221;50&#8243; gutter_size=&#8221;3&#8243; column_width_percent=&#8221;100&#8243; shift_y=&#8221;0&#8243; z_index=&#8221;0&#8243; uncode_shortcode_id=&#8221;928587&#8243;][vc_column width=&#8221;3\/4&#8243;][\/vc_column][vc_column width=&#8221;1\/4&#8243;][\/vc_column][\/vc_row][vc_row][vc_column width=&#8221;3\/4&#8243;][vc_custom_heading uncode_shortcode_id=&#8221;990192&#8243;] Pakkeliste til [&hellip;]<\/p>\n","protected":false},"author":55,"featured_media":0,"parent":0,"menu_order":0,"comment_status":"closed","ping_status":"closed","template":"","meta":{"_acf_changed":false,"footnotes":""},"class_list":["post-11063","page","type-page","status-publish","hentry"],"acf":[],"yoast_head":"<!-- This site is optimized with the Yoast SEO plugin v25.2 - https:\/\/yoast.com\/wordpress\/plugins\/seo\/ -->\n<title>Arctic Excursions<\/title>\n<meta name=\"robots\" content=\"index, follow, max-snippet:-1, max-image-preview:large, max-video-preview:-1\" \/>\n<link rel=\"canonical\" href=\"https:\/\/test.arctic.klean.it\/da\/pakkeliste-til-en-sommerrejse\/\" \/>\n<meta property=\"og:locale\" content=\"da_DK\" \/>\n<meta property=\"og:type\" content=\"article\" \/>\n<meta property=\"og:title\" content=\"Pakkeliste til en sommerrejse - Arctic Excursions\" \/>\n<meta property=\"og:description\" content=\"[vc_row unlock_row_content=&#8221;yes&#8221; row_height_percent=&#8221;40&#8243; override_padding=&#8221;yes&#8221; h_padding=&#8221;7&#8243; top_padding=&#8221;4&#8243; bottom_padding=&#8221;3&#8243; back_image=&#8221;11052&#8243; overlay_alpha=&#8221;50&#8243; gutter_size=&#8221;3&#8243; column_width_percent=&#8221;100&#8243; shift_y=&#8221;0&#8243; z_index=&#8221;0&#8243; uncode_shortcode_id=&#8221;928587&#8243;][vc_column width=&#8221;3\/4&#8243;][\/vc_column][vc_column width=&#8221;1\/4&#8243;][\/vc_column][\/vc_row][vc_row][vc_column width=&#8221;3\/4&#8243;][vc_custom_heading uncode_shortcode_id=&#8221;990192&#8243;] Pakkeliste til [&hellip;]\" \/>\n<meta property=\"og:url\" content=\"https:\/\/test.arctic.klean.it\/da\/pakkeliste-til-en-sommerrejse\/\" \/>\n<meta property=\"og:site_name\" content=\"Arctic Excursions\" \/>\n<meta property=\"article:modified_time\" content=\"2023-03-20T14:39:48+00:00\" \/>\n<meta name=\"twitter:card\" content=\"summary_large_image\" \/>\n<meta name=\"twitter:label1\" content=\"Estimeret l\u00e6setid\" \/>\n\t<meta name=\"twitter:data1\" content=\"6 minutter\" \/>\n<script type=\"application\/ld+json\" class=\"yoast-schema-graph\">{\"@context\":\"https:\/\/schema.org\",\"@graph\":[{\"@type\":\"WebPage\",\"@id\":\"https:\/\/test.arctic.klean.it\/da\/pakkeliste-til-en-sommerrejse\/\",\"url\":\"https:\/\/test.arctic.klean.it\/da\/pakkeliste-til-en-sommerrejse\/\",\"name\":\"Pakkeliste til en sommerrejse - Arctic Excursions\",\"isPartOf\":{\"@id\":\"https:\/\/test.arctic.klean.it\/#website\"},\"datePublished\":\"2023-03-20T10:54:22+00:00\",\"dateModified\":\"2023-03-20T14:39:48+00:00\",\"inLanguage\":\"da-DK\",\"potentialAction\":[{\"@type\":\"ReadAction\",\"target\":[\"https:\/\/test.arctic.klean.it\/da\/pakkeliste-til-en-sommerrejse\/\"]}]},{\"@type\":\"WebSite\",\"@id\":\"https:\/\/test.arctic.klean.it\/#website\",\"url\":\"https:\/\/test.arctic.klean.it\/\",\"name\":\"Arctic Excursions\",\"description\":\"New adventures. Every day.\",\"potentialAction\":[{\"@type\":\"SearchAction\",\"target\":{\"@type\":\"EntryPoint\",\"urlTemplate\":\"https:\/\/test.arctic.klean.it\/?s={search_term_string}\"},\"query-input\":{\"@type\":\"PropertyValueSpecification\",\"valueRequired\":true,\"valueName\":\"search_term_string\"}}],\"inLanguage\":\"da-DK\"}]}<\/script>\n<!-- \/ Yoast SEO plugin. -->","yoast_head_json":{"title":"Arctic Excursions","robots":{"index":"index","follow":"follow","max-snippet":"max-snippet:-1","max-image-preview":"max-image-preview:large","max-video-preview":"max-video-preview:-1"},"canonical":"https:\/\/test.arctic.klean.it\/da\/pakkeliste-til-en-sommerrejse\/","og_locale":"da_DK","og_type":"article","og_title":"Pakkeliste til en sommerrejse - Arctic Excursions","og_description":"[vc_row unlock_row_content=&#8221;yes&#8221; row_height_percent=&#8221;40&#8243; override_padding=&#8221;yes&#8221; h_padding=&#8221;7&#8243; top_padding=&#8221;4&#8243; bottom_padding=&#8221;3&#8243; back_image=&#8221;11052&#8243; overlay_alpha=&#8221;50&#8243; gutter_size=&#8221;3&#8243; column_width_percent=&#8221;100&#8243; shift_y=&#8221;0&#8243; z_index=&#8221;0&#8243; uncode_shortcode_id=&#8221;928587&#8243;][vc_column width=&#8221;3\/4&#8243;][\/vc_column][vc_column width=&#8221;1\/4&#8243;][\/vc_column][\/vc_row][vc_row][vc_column width=&#8221;3\/4&#8243;][vc_custom_heading uncode_shortcode_id=&#8221;990192&#8243;] Pakkeliste til [&hellip;]","og_url":"https:\/\/test.arctic.klean.it\/da\/pakkeliste-til-en-sommerrejse\/","og_site_name":"Arctic Excursions","article_modified_time":"2023-03-20T14:39:48+00:00","twitter_card":"summary_large_image","twitter_misc":{"Estimeret l\u00e6setid":"6 minutter"},"schema":{"@context":"https:\/\/schema.org","@graph":[{"@type":"WebPage","@id":"https:\/\/test.arctic.klean.it\/da\/pakkeliste-til-en-sommerrejse\/","url":"https:\/\/test.arctic.klean.it\/da\/pakkeliste-til-en-sommerrejse\/","name":"Pakkeliste til en sommerrejse - Arctic Excursions","isPartOf":{"@id":"https:\/\/test.arctic.klean.it\/#website"},"datePublished":"2023-03-20T10:54:22+00:00","dateModified":"2023-03-20T14:39:48+00:00","inLanguage":"da-DK","potentialAction":[{"@type":"ReadAction","target":["https:\/\/test.arctic.klean.it\/da\/pakkeliste-til-en-sommerrejse\/"]}]},{"@type":"WebSite","@id":"https:\/\/test.arctic.klean.it\/#website","url":"https:\/\/test.arctic.klean.it\/","name":"Arctic Excursions","description":"New adventures. Every day.","potentialAction":[{"@type":"SearchAction","target":{"@type":"EntryPoint","urlTemplate":"https:\/\/test.arctic.klean.it\/?s={search_term_string}"},"query-input":{"@type":"PropertyValueSpecification","valueRequired":true,"valueName":"search_term_string"}}],"inLanguage":"da-DK"}]}},"_links":{"self":[{"href":"https:\/\/test.arctic.klean.it\/da\/wp-json\/wp\/v2\/pages\/11063","targetHints":{"allow":["GET"]}}],"collection":[{"href":"https:\/\/test.arctic.klean.it\/da\/wp-json\/wp\/v2\/pages"}],"about":[{"href":"https:\/\/test.arctic.klean.it\/da\/wp-json\/wp\/v2\/types\/page"}],"author":[{"embeddable":true,"href":"https:\/\/test.arctic.klean.it\/da\/wp-json\/wp\/v2\/users\/55"}],"replies":[{"embeddable":true,"href":"https:\/\/test.arctic.klean.it\/da\/wp-json\/wp\/v2\/comments?post=11063"}],"version-history":[{"count":17,"href":"https:\/\/test.arctic.klean.it\/da\/wp-json\/wp\/v2\/pages\/11063\/revisions"}],"predecessor-version":[{"id":11087,"href":"https:\/\/test.arctic.klean.it\/da\/wp-json\/wp\/v2\/pages\/11063\/revisions\/11087"}],"wp:attachment":[{"href":"https:\/\/test.arctic.klean.it\/da\/wp-json\/wp\/v2\/media?parent=11063"}],"curies":[{"name":"wp","href":"https:\/\/api.w.org\/{rel}","templated":true}]}}