{"id":11676,"date":"2023-03-23T22:48:51","date_gmt":"2023-03-23T20:48:51","guid":{"rendered":"https:\/\/test.arctic.klean.it\/packing-list-for-a-dog-sledding-trip-to-greenland\/"},"modified":"2023-04-19T12:45:03","modified_gmt":"2023-04-19T10:45:03","slug":"pakkeliste-til-en-hundeslaedetur","status":"publish","type":"page","link":"https:\/\/test.arctic.klean.it\/da\/pakkeliste-til-en-hundeslaedetur\/","title":{"rendered":"Pakkeliste til en hundesl\u00e6detur"},"content":{"rendered":"<div class=\"wpb-content-wrapper\"><p>[vc_row unlock_row_content=&#8221;yes&#8221; row_height_percent=&#8221;40&#8243; override_padding=&#8221;yes&#8221; h_padding=&#8221;7&#8243; top_padding=&#8221;4&#8243; bottom_padding=&#8221;3&#8243; back_image=&#8221;11060&#8243; overlay_alpha=&#8221;50&#8243; gutter_size=&#8221;3&#8243; column_width_percent=&#8221;100&#8243; shift_y=&#8221;0&#8243; z_index=&#8221;0&#8243; uncode_shortcode_id=&#8221;685305&#8243;][vc_column width=&#8221;3\/4&#8243;][\/vc_column][vc_column width=&#8221;1\/4&#8243;][\/vc_column][\/vc_row][vc_row][vc_column width=&#8221;3\/4&#8243;][vc_custom_heading uncode_shortcode_id=&#8221;143787&#8243;]<\/p>\n<h2 style=\"text-align: center;\">Pakkeliste til en hundesl\u00e6detur<\/h2>\n<p>[\/vc_custom_heading][vc_column_text uncode_shortcode_id=&#8221;543563&#8243;]I PDF-filen nedenfor har vi samlet et vejledende overblik over, hvad du skal have med p\u00e5 l\u00e6ngere hundesl\u00e6deture. For at g\u00f8re det s\u00e5 nemt for dig som muligt, er listen opdelt i n\u00f8dvendige og anbefalede genstande at pakke.<\/p>\n<p>Hundesl\u00e6dek\u00f8rsel i Gr\u00f8nland er en unik og sp\u00e6ndende oplevelse, som alle b\u00f8r pr\u00f8ve mindst \u00e9n gang. Det giver dig mulighed for fuldt ud at fordybe dig i det fantastiske arktiske landskab. N\u00e5r du glider hen over det sned\u00e6kkede terr\u00e6n, hvis du opleve en helt ny f\u00f8lelse af frihed og eventyr.<\/p>\n<p>N\u00e5r det kommer til p\u00e5kl\u00e6dning til hundesl\u00e6dek\u00f8rsel i Gr\u00f8nland, er det vigtigt at prioritere varme og beskyttelse mod vejr og vind. Det er bedst at b\u00e6re flere lag med et vandt\u00e6t og vindt\u00e6t ydre lag. Glem ikke at d\u00e6kke dit hoved og h\u00e6nder med hue og handsker eller vanter og at b\u00e6re varme, vant\u00e6tte st\u00f8vler, som kan holde dine f\u00f8dder t\u00f8rre og sikre.<\/p>\n<p>Hundesl\u00e6dek\u00f8rsel i Gr\u00f8nland er en uforglemmelig oplevelse, der kombinerer natur, eventyr og kultur, og er et absolut must for enhver vintersportsentusiast eller rejsende, der leder efter et eventyr.[\/vc_column_text][vc_raw_html]JTNDc3R5bGUlM0UuY2VudGVyJTIwJTdCJTIwanVzdGlmeSUyMGNvbnRlbnQlM0ElMjBjZW50ZXIlM0IlMjAlN0QlM0MlMkZzdHlsZSUzRSUwQSUzQ2RpdiUyMGNsYXNzJTNEJTIyY2VudGVyJTIyJTNF[\/vc_raw_html][vc_button border_width=&#8221;0&#8243; link=&#8221;url:https%3A%2F%2Ftest.arctic.klean.it%2Fwp-content%2Fuploads%2F2022%2F06%2FVejledende-pakkeliste-til-hundeslaederejser-i-Gronland.pdf&#8221; uncode_shortcode_id=&#8221;755403&#8243; icon=&#8221;fa fa-file-text-o&#8221;]\u00c5ben som PDF [\/vc_button][vc_raw_html]JTNDJTJGZGl2JTNF[\/vc_raw_html][\/vc_column][vc_column width=&#8221;1\/4&#8243;][\/vc_column][\/vc_row]<\/p>\n<\/div>","protected":false},"excerpt":{"rendered":"<p>[vc_row unlock_row_content=&#8221;yes&#8221; row_height_percent=&#8221;40&#8243; override_padding=&#8221;yes&#8221; h_padding=&#8221;7&#8243; top_padding=&#8221;4&#8243; bottom_padding=&#8221;3&#8243; back_image=&#8221;11060&#8243; overlay_alpha=&#8221;50&#8243; gutter_size=&#8221;3&#8243; column_width_percent=&#8221;100&#8243; shift_y=&#8221;0&#8243; z_index=&#8221;0&#8243; uncode_shortcode_id=&#8221;685305&#8243;][vc_column width=&#8221;3\/4&#8243;][\/vc_column][vc_column width=&#8221;1\/4&#8243;][\/vc_column][\/vc_row][vc_row][vc_column width=&#8221;3\/4&#8243;][vc_custom_heading uncode_shortcode_id=&#8221;143787&#8243;] Pakkeliste til [&hellip;]<\/p>\n","protected":false},"author":55,"featured_media":0,"parent":0,"menu_order":0,"comment_status":"closed","ping_status":"closed","template":"","meta":{"_acf_changed":false,"footnotes":""},"class_list":["post-11676","page","type-page","status-publish","hentry"],"acf":[],"yoast_head":"<!-- This site is optimized with the Yoast SEO plugin v25.2 - https:\/\/yoast.com\/wordpress\/plugins\/seo\/ -->\n<title>Arctic Excursions<\/title>\n<meta name=\"robots\" content=\"index, follow, max-snippet:-1, max-image-preview:large, max-video-preview:-1\" \/>\n<link rel=\"canonical\" href=\"https:\/\/test.arctic.klean.it\/da\/pakkeliste-til-en-hundeslaedetur\/\" \/>\n<meta property=\"og:locale\" content=\"da_DK\" \/>\n<meta property=\"og:type\" content=\"article\" \/>\n<meta property=\"og:title\" content=\"Pakkeliste til en hundesl\u00e6detur - Arctic Excursions\" \/>\n<meta property=\"og:description\" content=\"[vc_row unlock_row_content=&#8221;yes&#8221; row_height_percent=&#8221;40&#8243; override_padding=&#8221;yes&#8221; h_padding=&#8221;7&#8243; top_padding=&#8221;4&#8243; bottom_padding=&#8221;3&#8243; back_image=&#8221;11060&#8243; overlay_alpha=&#8221;50&#8243; gutter_size=&#8221;3&#8243; column_width_percent=&#8221;100&#8243; shift_y=&#8221;0&#8243; z_index=&#8221;0&#8243; uncode_shortcode_id=&#8221;685305&#8243;][vc_column width=&#8221;3\/4&#8243;][\/vc_column][vc_column width=&#8221;1\/4&#8243;][\/vc_column][\/vc_row][vc_row][vc_column width=&#8221;3\/4&#8243;][vc_custom_heading uncode_shortcode_id=&#8221;143787&#8243;] Pakkeliste til [&hellip;]\" \/>\n<meta property=\"og:url\" content=\"https:\/\/test.arctic.klean.it\/da\/pakkeliste-til-en-hundeslaedetur\/\" \/>\n<meta property=\"og:site_name\" content=\"Arctic Excursions\" \/>\n<meta property=\"article:modified_time\" content=\"2023-04-19T10:45:03+00:00\" \/>\n<meta name=\"twitter:card\" content=\"summary_large_image\" \/>\n<meta name=\"twitter:label1\" content=\"Estimeret l\u00e6setid\" \/>\n\t<meta name=\"twitter:data1\" content=\"1 minut\" \/>\n<script type=\"application\/ld+json\" class=\"yoast-schema-graph\">{\"@context\":\"https:\/\/schema.org\",\"@graph\":[{\"@type\":\"WebPage\",\"@id\":\"https:\/\/test.arctic.klean.it\/da\/pakkeliste-til-en-hundeslaedetur\/\",\"url\":\"https:\/\/test.arctic.klean.it\/da\/pakkeliste-til-en-hundeslaedetur\/\",\"name\":\"Pakkeliste til en hundesl\u00e6detur - Arctic Excursions\",\"isPartOf\":{\"@id\":\"https:\/\/test.arctic.klean.it\/#website\"},\"datePublished\":\"2023-03-23T20:48:51+00:00\",\"dateModified\":\"2023-04-19T10:45:03+00:00\",\"inLanguage\":\"da-DK\",\"potentialAction\":[{\"@type\":\"ReadAction\",\"target\":[\"https:\/\/test.arctic.klean.it\/da\/pakkeliste-til-en-hundeslaedetur\/\"]}]},{\"@type\":\"WebSite\",\"@id\":\"https:\/\/test.arctic.klean.it\/#website\",\"url\":\"https:\/\/test.arctic.klean.it\/\",\"name\":\"Arctic Excursions\",\"description\":\"New adventures. Every day.\",\"potentialAction\":[{\"@type\":\"SearchAction\",\"target\":{\"@type\":\"EntryPoint\",\"urlTemplate\":\"https:\/\/test.arctic.klean.it\/?s={search_term_string}\"},\"query-input\":{\"@type\":\"PropertyValueSpecification\",\"valueRequired\":true,\"valueName\":\"search_term_string\"}}],\"inLanguage\":\"da-DK\"}]}<\/script>\n<!-- \/ Yoast SEO plugin. -->","yoast_head_json":{"title":"Arctic Excursions","robots":{"index":"index","follow":"follow","max-snippet":"max-snippet:-1","max-image-preview":"max-image-preview:large","max-video-preview":"max-video-preview:-1"},"canonical":"https:\/\/test.arctic.klean.it\/da\/pakkeliste-til-en-hundeslaedetur\/","og_locale":"da_DK","og_type":"article","og_title":"Pakkeliste til en hundesl\u00e6detur - Arctic Excursions","og_description":"[vc_row unlock_row_content=&#8221;yes&#8221; row_height_percent=&#8221;40&#8243; override_padding=&#8221;yes&#8221; h_padding=&#8221;7&#8243; top_padding=&#8221;4&#8243; bottom_padding=&#8221;3&#8243; back_image=&#8221;11060&#8243; overlay_alpha=&#8221;50&#8243; gutter_size=&#8221;3&#8243; column_width_percent=&#8221;100&#8243; shift_y=&#8221;0&#8243; z_index=&#8221;0&#8243; uncode_shortcode_id=&#8221;685305&#8243;][vc_column width=&#8221;3\/4&#8243;][\/vc_column][vc_column width=&#8221;1\/4&#8243;][\/vc_column][\/vc_row][vc_row][vc_column width=&#8221;3\/4&#8243;][vc_custom_heading uncode_shortcode_id=&#8221;143787&#8243;] Pakkeliste til [&hellip;]","og_url":"https:\/\/test.arctic.klean.it\/da\/pakkeliste-til-en-hundeslaedetur\/","og_site_name":"Arctic Excursions","article_modified_time":"2023-04-19T10:45:03+00:00","twitter_card":"summary_large_image","twitter_misc":{"Estimeret l\u00e6setid":"1 minut"},"schema":{"@context":"https:\/\/schema.org","@graph":[{"@type":"WebPage","@id":"https:\/\/test.arctic.klean.it\/da\/pakkeliste-til-en-hundeslaedetur\/","url":"https:\/\/test.arctic.klean.it\/da\/pakkeliste-til-en-hundeslaedetur\/","name":"Pakkeliste til en hundesl\u00e6detur - Arctic Excursions","isPartOf":{"@id":"https:\/\/test.arctic.klean.it\/#website"},"datePublished":"2023-03-23T20:48:51+00:00","dateModified":"2023-04-19T10:45:03+00:00","inLanguage":"da-DK","potentialAction":[{"@type":"ReadAction","target":["https:\/\/test.arctic.klean.it\/da\/pakkeliste-til-en-hundeslaedetur\/"]}]},{"@type":"WebSite","@id":"https:\/\/test.arctic.klean.it\/#website","url":"https:\/\/test.arctic.klean.it\/","name":"Arctic Excursions","description":"New adventures. Every day.","potentialAction":[{"@type":"SearchAction","target":{"@type":"EntryPoint","urlTemplate":"https:\/\/test.arctic.klean.it\/?s={search_term_string}"},"query-input":{"@type":"PropertyValueSpecification","valueRequired":true,"valueName":"search_term_string"}}],"inLanguage":"da-DK"}]}},"_links":{"self":[{"href":"https:\/\/test.arctic.klean.it\/da\/wp-json\/wp\/v2\/pages\/11676","targetHints":{"allow":["GET"]}}],"collection":[{"href":"https:\/\/test.arctic.klean.it\/da\/wp-json\/wp\/v2\/pages"}],"about":[{"href":"https:\/\/test.arctic.klean.it\/da\/wp-json\/wp\/v2\/types\/page"}],"author":[{"embeddable":true,"href":"https:\/\/test.arctic.klean.it\/da\/wp-json\/wp\/v2\/users\/55"}],"replies":[{"embeddable":true,"href":"https:\/\/test.arctic.klean.it\/da\/wp-json\/wp\/v2\/comments?post=11676"}],"version-history":[{"count":4,"href":"https:\/\/test.arctic.klean.it\/da\/wp-json\/wp\/v2\/pages\/11676\/revisions"}],"predecessor-version":[{"id":12669,"href":"https:\/\/test.arctic.klean.it\/da\/wp-json\/wp\/v2\/pages\/11676\/revisions\/12669"}],"wp:attachment":[{"href":"https:\/\/test.arctic.klean.it\/da\/wp-json\/wp\/v2\/media?parent=11676"}],"curies":[{"name":"wp","href":"https:\/\/api.w.org\/{rel}","templated":true}]}}