{"id":1176,"date":"2022-05-10T15:08:00","date_gmt":"2022-05-10T13:08:00","guid":{"rendered":"https:\/\/test.arctic.klean.it\/?page_id=1176"},"modified":"2022-06-01T12:28:32","modified_gmt":"2022-06-01T10:28:32","slug":"betingelser-vilkaar","status":"publish","type":"page","link":"https:\/\/test.arctic.klean.it\/da\/betingelser-vilkaar\/","title":{"rendered":"Betingelser &#038; Vilk\u00e5r"},"content":{"rendered":"<div class=\"wpb-content-wrapper\"><p>[vc_row row_height_percent=&#8221;0&#8243; override_padding=&#8221;yes&#8221; h_padding=&#8221;3&#8243; top_padding=&#8221;3&#8243; bottom_padding=&#8221;5&#8243; back_image=&#8221;167&#8243; back_position=&#8221;right bottom&#8221; overlay_alpha=&#8221;50&#8243; gutter_size=&#8221;3&#8243; column_width_use_pixel=&#8221;yes&#8221; shift_y=&#8221;0&#8243; z_index=&#8221;0&#8243; back_size=&#8221;contain&#8221; uncode_shortcode_id=&#8221;173871&#8243; shape_dividers=&#8221;&#8221;][vc_column column_width_percent=&#8221;100&#8243; gutter_size=&#8221;3&#8243; overlay_alpha=&#8221;50&#8243; shift_x=&#8221;0&#8243; shift_y=&#8221;0&#8243; shift_y_down=&#8221;0&#8243; z_index=&#8221;0&#8243; medium_width=&#8221;0&#8243; mobile_width=&#8221;0&#8243; css_animation=&#8221;bottom-t-top&#8221; width=&#8221;3\/4&#8243; uncode_shortcode_id=&#8221;149135&#8243;][vc_custom_heading heading_semantic=&#8221;h1&#8243; text_size=&#8221;h1&#8243; uncode_shortcode_id=&#8221;158292&#8243;]Betingelser &amp; Vilk\u00e5r[\/vc_custom_heading][vc_column_text uncode_shortcode_id=&#8221;383925&#8243;]Det er altid en god id\u00e9 at l\u00e6se de sider, hvor tingene st\u00e5r med sm\u00e5t. Nedenst\u00e5ende betingelser er aftalegrundlaget mellem dig som kunde og os som turudbyder. Vi h\u00e5ber derfor, at du vil l\u00e6se betingelserne inden du reserverer dine udflugter.<\/p>\n<p>Arctic Excursions har tegnet en produktforsikring. P\u00e5 de udflugter, hvor der indg\u00e5r b\u00e5dsejlads, benyttes der kun b\u00e5de, der er godkendt af S\u00f8fartsstyrelsen til sejlads med betalende passager. Og p\u00e5 de udflugter, hvor der indg\u00e5r helikopter og fly, benytte ligeledes kun fly og helikopter der har alle n\u00f8dvendige tilladelser fra Trafikstyrelsen til transport af betalende passager.<\/p>\n<p>&nbsp;<\/p>\n<h2>Oplysninger<\/h2>\n<p>Alle priser oplyst p\u00e5 Arctic Excursions er de faktiske priser. Der till\u00e6gges kun evt. det gebyr, som banken opkr\u00e6ver for korth\u00e5ndteringen.<\/p>\n<p>&nbsp;<\/p>\n<h2>Reservation<\/h2>\n<p>Udflugter kan k\u00f8bes via hjemmesiden www.test.arctic.klean.it og er f\u00f8rst endelig bekr\u00e6ftet, n\u00e5r online betaling er gennemf\u00f8rt.<\/p>\n<p>Vi sender bekr\u00e6ftelser, billetter og evt. anden n\u00f8dvendig information per e-mail. Du skal s\u00e5ledes selv medbringe disse dokumenter som dokumentation for k\u00f8b af udflugter. Husk at genneml\u00e6se disse dokumenter inden afrejse. De indeholder vigtig information og gode r\u00e5d om de bookede aktiviteter.<\/p>\n<p>Hvis navnene p\u00e5 din billet eller bekr\u00e6ftelse ikke stemmer overens med din bestilling, skal du huske straks at g\u00f8re os opm\u00e6rksomme p\u00e5 dette.<\/p>\n<p>For at vi kan kontakte dig, n\u00e5r du er i Gr\u00f8nland, skal du ved reservation ogs\u00e5 oplyse dit telefonnummer.<\/p>\n<p>&nbsp;<\/p>\n<h2>Aflysninger<\/h2>\n<p>Arctic Excursions forbeholder sig retten til at aflyse arrangementer i f\u00f8lgende tilf\u00e6lde: For f\u00e5 tilmeldinger, d\u00e5rlige is- eller sneforhold, teknik p\u00e5 b\u00e5d, helikopter eller pistemaskine, samfundsopgaver (fx Search &amp; Rescue-flyvninger, ambulanceflyvninger eller efters\u00f8gninger, \u00e6ndringer i forbindelse med rutefart), d\u00e5rligt vejr samt i tilf\u00e6lde, der ligger uden for Arctic Excursions kontrol, og som umuligg\u00f8r gennemf\u00f8relse p\u00e5 forsvarlig vis. Det er kaptajnen p\u00e5 hhv. helikopter, b\u00e5d eller pistemaskine eller World of Greenland, der afg\u00f8r, om vejret er til gennemf\u00f8relse eller ej.<\/p>\n<p>Hvis Arctic Excursions aflyser et arrangement af en af ovenn\u00e6vnte grunde, bliver udflugtens fulde bel\u00f8b samt evt. betalte gebyrer fuldt refunderet til kunden.<\/p>\n<p>Hvis du har k\u00f8bt flere ture hos Arctic Excursions, og en enkelt udflugtsprogram\u00e6ndring f\u00e5r indflydelse p\u00e5 andre udflugter i det samlede program, vil vi uden beregning fors\u00f8ge at tilpasse det samlede program, s\u00e5 alt kan n\u00e5s. Skulle udflugter i denne forbindelse blive aflyst, refunderer vi ogs\u00e5 dem, s\u00e5fremt de er bestilt igennem Arctic Excursions. Arctic Excursions p\u00e5tager sig ikke ansvaret for andre operat\u00f8rers udflugter, hvis program\u00e6ndringer p\u00e5virker disse.<\/p>\n<p>&nbsp;<\/p>\n<h2>Afkortede ture<\/h2>\n<p>Ture kan af forskellige grunde blive afkortet eller \u00e6ndret undervejs. Det kan v\u00e6re vejret, snef\u00f8ret, isforholdene, etc.<\/p>\n<p>&nbsp;<\/p>\n<h2>Hvis du som kunde \u00f8nsker at afbestille eller \u00e6ndre en booking<\/h2>\n<p>Vi anbefaler, at du k\u00f8ber en sygdomsafbestillingsforsikring og en rejseforsikring, s\u00e5 dit arrangement er sikret i tilf\u00e6lde af sygdom hos dig, dine medrejsende eller n\u00e6rmeste familie.<\/p>\n<p>Arctic Excursions tager ikke ansvaret for forsinkelser i rejsen til Ilulissat i tilf\u00e6lde af irregularitet hos transportselskaberne. Skulle du blive ramt af forsinkelse p\u00e5 vej til Ilulissat, der betyder, at du ikke kan deltage i et k\u00f8bt arrangement, beder vi dig kontakte Arctic Excursions s\u00e5 hurtigt om muligt. Vi vil i hver enkelt tilf\u00e6lde pr\u00f8ve at ombooke dig til en anden dag, men der er ingen garanti for at dette er muligt.<\/p>\n<p>K\u00f8bte udflugter kan annulleres gebyrfrit 4 uger f\u00f8r afviklingen af udflugten. Annulleres der fra 4 uger og til 1 uge f\u00f8r afvikling, vil 50 % af udflugtens pris blive refunderet. Udflugter annulleret en uge f\u00f8r afvikling refunderes ikke. Det samme g\u00e6lder ved udeblivelse fra udflugten.<\/p>\n<p>&nbsp;<\/p>\n<h2>Billet p\u00e5kr\u00e6vet<\/h2>\n<p>Deltagelse i et arrangement er ikke mulig uden billet. Billetten er personlig og kan ikke benyttes af andre. Medbring endvidere gyldigt myndighedsudstedt billedlegitimation.<\/p>\n<p>&nbsp;<\/p>\n<h2>Minimum antal deltagere<\/h2>\n<p>De enkelte udflugter har et givent minimumsantal af deltagere. Det antal er beskrevet under de enkelte udflugter. Vi g\u00f8r i enkelte tilf\u00e6lde undtagelser og gennemf\u00f8rer med et mindre antal. Aflysning af ture pga. for f\u00e5 tilmeldte kan ske ind til en time f\u00f8r turens afgang. Hvis dette skulle ske, tilbyder vi en alternativ tur. Er dette ikke muligt, annullerer og refunderer vi turen. Herudover kan der ikke g\u00f8res erstatningskrav g\u00e6ldende mod Arctic Excursions.<\/p>\n<p>&nbsp;<\/p>\n<h2>Sv\u00e6rhedsgrader<\/h2>\n<p>Arctic Excursions foruds\u00e6tter, at du grundigt l\u00e6ser turbeskrivelsen p\u00e5 de ture, du bestiller. Herunder at sv\u00e6rhedsgraden passer med din fysiske form\u00e5en.<\/p>\n<p>&nbsp;<\/p>\n<h2>E-mail og telefon<\/h2>\n<p>Ved booking skal du opgive din e-mail adresse og telefonnummer. Du er selv ansvarlig for at oplyse os om eventuelle \u00e6ndringer af email og telefon f\u00f8r afvikling af udflugten.<\/p>\n<p>&nbsp;<\/p>\n<h2>Erstatningsansvar<\/h2>\n<p>Arctic Excursions afskriver sig ethvert ansvar i forhold til aflyste ture og kompensationer i forhold til forventede oplevelser. Endvidere afskriver vi os ogs\u00e5 enhver erstatningspligt i forhold til forsinkelser af udflugter, der betyder at deltagere mister forbindelse til anden videretransport.<\/p>\n<p>&nbsp;<\/p>\n<h2>Ansvarsfraskrivelse<\/h2>\n<p>Arctic Excursions tilstr\u00e6ber i alle situationer at udvise den st\u00f8rst mulige forsigtighed og at foretage alle relevante sikkerhedsforanstaltninger, men det skal understreges, at det er p\u00e5 dit\/jeres eget ansvar at deltage i de arrangerede aktiviteter, og du\/I accepterer dermed den risiko, der er forbundet hermed. Arctic Excursions er dermed ikke ansvarlig for tab, skader, omkostninger eller udgifter, som f\u00f8lge af deltagelse i de arrangerede udflugter. Vi opfordrer dig ogs\u00e5 til selv at v\u00e6re med til at vurdere situationen og sige fra, hvis du f\u00f8ler sig utryg.<\/p>\n<p>&nbsp;<\/p>\n<h2>Reklamationer<\/h2>\n<p>Eventuelle reklamationer skal frems\u00e6ttes under turen, s\u00e5 de utilfredsstillende forhold kan fors\u00f8ges forbedret med det samme. Ligeledes skal de rettes til Arctic Excursions personale umiddelbart efter aktivitetens afslutning. Kan man ikke her l\u00f8se klagens m\u00e5l, skal du sende en skriftlig klage senest 1 uger efter hjemkomst fra turen. Alle s\u00f8gsm\u00e5l mod Arctic Excursions skal anl\u00e6gges ved gr\u00f8nlandsk eller dansk ret. Reklamationer sendes til mail info@test.arctic.klean.it.<\/p>\n<p>&nbsp;<\/p>\n<h2>Forsikringer<\/h2>\n<p>Arctic Excursions har de lovpligtige produktforsikringer. Men den omfatter ikke forsikring af udflugtsdeltagernes private ejendele. Skulle private ejendel blive beskadiget eller mistet undervejs p\u00e5 turen, er det derfor for din egen regning eller egen forsikring. Vi anbefaler derfor, at du inden afrejse fra dit hjemland tegner en forsikring, der d\u00e6kker i disse tilf\u00e6lde.<\/p>\n<p>&nbsp;<\/p>\n<h2>\u00d8vrige betingelser<\/h2>\n<p>Vi har gjort vores bedste for at undg\u00e5 skrivefejl p\u00e5 www.test.arctic.klean.it, men det kan jo svipse. Vi tager derfor forbehold for skrivefejl.[\/vc_column_text][\/vc_column][vc_column width=&#8221;1\/4&#8243;][\/vc_column][\/vc_row]<\/p>\n<\/div>","protected":false},"excerpt":{"rendered":"<p>[vc_row row_height_percent=&#8221;0&#8243; override_padding=&#8221;yes&#8221; h_padding=&#8221;3&#8243; top_padding=&#8221;3&#8243; bottom_padding=&#8221;5&#8243; back_image=&#8221;167&#8243; back_position=&#8221;right bottom&#8221; overlay_alpha=&#8221;50&#8243; gutter_size=&#8221;3&#8243; column_width_use_pixel=&#8221;yes&#8221; shift_y=&#8221;0&#8243; z_index=&#8221;0&#8243; back_size=&#8221;contain&#8221; uncode_shortcode_id=&#8221;173871&#8243; shape_dividers=&#8221;&#8221;][vc_column column_width_percent=&#8221;100&#8243; gutter_size=&#8221;3&#8243; overlay_alpha=&#8221;50&#8243; [&hellip;]<\/p>\n","protected":false},"author":8,"featured_media":0,"parent":0,"menu_order":0,"comment_status":"closed","ping_status":"closed","template":"","meta":{"_acf_changed":false,"footnotes":""},"class_list":["post-1176","page","type-page","status-publish","hentry"],"acf":[],"yoast_head":"<!-- This site is optimized with the Yoast SEO plugin v25.2 - https:\/\/yoast.com\/wordpress\/plugins\/seo\/ -->\n<title>Arctic Excursions<\/title>\n<meta name=\"robots\" content=\"index, follow, max-snippet:-1, max-image-preview:large, max-video-preview:-1\" \/>\n<link rel=\"canonical\" href=\"https:\/\/test.arctic.klean.it\/da\/betingelser-vilkaar\/\" \/>\n<meta property=\"og:locale\" content=\"da_DK\" \/>\n<meta property=\"og:type\" content=\"article\" \/>\n<meta property=\"og:title\" content=\"Betingelser &amp; Vilk\u00e5r - Arctic Excursions\" \/>\n<meta property=\"og:description\" content=\"[vc_row row_height_percent=&#8221;0&#8243; override_padding=&#8221;yes&#8221; h_padding=&#8221;3&#8243; top_padding=&#8221;3&#8243; bottom_padding=&#8221;5&#8243; back_image=&#8221;167&#8243; back_position=&#8221;right bottom&#8221; overlay_alpha=&#8221;50&#8243; gutter_size=&#8221;3&#8243; column_width_use_pixel=&#8221;yes&#8221; shift_y=&#8221;0&#8243; z_index=&#8221;0&#8243; back_size=&#8221;contain&#8221; uncode_shortcode_id=&#8221;173871&#8243; shape_dividers=&#8221;&#8221;][vc_column column_width_percent=&#8221;100&#8243; gutter_size=&#8221;3&#8243; overlay_alpha=&#8221;50&#8243; [&hellip;]\" \/>\n<meta property=\"og:url\" content=\"https:\/\/test.arctic.klean.it\/da\/betingelser-vilkaar\/\" \/>\n<meta property=\"og:site_name\" content=\"Arctic Excursions\" \/>\n<meta property=\"article:modified_time\" content=\"2022-06-01T10:28:32+00:00\" \/>\n<meta name=\"twitter:card\" content=\"summary_large_image\" \/>\n<meta name=\"twitter:label1\" content=\"Estimeret l\u00e6setid\" \/>\n\t<meta name=\"twitter:data1\" content=\"5 minutter\" \/>\n<script type=\"application\/ld+json\" class=\"yoast-schema-graph\">{\"@context\":\"https:\/\/schema.org\",\"@graph\":[{\"@type\":\"WebPage\",\"@id\":\"https:\/\/test.arctic.klean.it\/da\/betingelser-vilkaar\/\",\"url\":\"https:\/\/test.arctic.klean.it\/da\/betingelser-vilkaar\/\",\"name\":\"Betingelser & Vilk\u00e5r - Arctic Excursions\",\"isPartOf\":{\"@id\":\"https:\/\/test.arctic.klean.it\/#website\"},\"datePublished\":\"2022-05-10T13:08:00+00:00\",\"dateModified\":\"2022-06-01T10:28:32+00:00\",\"inLanguage\":\"da-DK\",\"potentialAction\":[{\"@type\":\"ReadAction\",\"target\":[\"https:\/\/test.arctic.klean.it\/da\/betingelser-vilkaar\/\"]}]},{\"@type\":\"WebSite\",\"@id\":\"https:\/\/test.arctic.klean.it\/#website\",\"url\":\"https:\/\/test.arctic.klean.it\/\",\"name\":\"Arctic Excursions\",\"description\":\"New adventures. Every day.\",\"potentialAction\":[{\"@type\":\"SearchAction\",\"target\":{\"@type\":\"EntryPoint\",\"urlTemplate\":\"https:\/\/test.arctic.klean.it\/?s={search_term_string}\"},\"query-input\":{\"@type\":\"PropertyValueSpecification\",\"valueRequired\":true,\"valueName\":\"search_term_string\"}}],\"inLanguage\":\"da-DK\"}]}<\/script>\n<!-- \/ Yoast SEO plugin. -->","yoast_head_json":{"title":"Arctic Excursions","robots":{"index":"index","follow":"follow","max-snippet":"max-snippet:-1","max-image-preview":"max-image-preview:large","max-video-preview":"max-video-preview:-1"},"canonical":"https:\/\/test.arctic.klean.it\/da\/betingelser-vilkaar\/","og_locale":"da_DK","og_type":"article","og_title":"Betingelser & Vilk\u00e5r - Arctic Excursions","og_description":"[vc_row row_height_percent=&#8221;0&#8243; override_padding=&#8221;yes&#8221; h_padding=&#8221;3&#8243; top_padding=&#8221;3&#8243; bottom_padding=&#8221;5&#8243; back_image=&#8221;167&#8243; back_position=&#8221;right bottom&#8221; overlay_alpha=&#8221;50&#8243; gutter_size=&#8221;3&#8243; column_width_use_pixel=&#8221;yes&#8221; shift_y=&#8221;0&#8243; z_index=&#8221;0&#8243; back_size=&#8221;contain&#8221; uncode_shortcode_id=&#8221;173871&#8243; shape_dividers=&#8221;&#8221;][vc_column column_width_percent=&#8221;100&#8243; gutter_size=&#8221;3&#8243; overlay_alpha=&#8221;50&#8243; [&hellip;]","og_url":"https:\/\/test.arctic.klean.it\/da\/betingelser-vilkaar\/","og_site_name":"Arctic Excursions","article_modified_time":"2022-06-01T10:28:32+00:00","twitter_card":"summary_large_image","twitter_misc":{"Estimeret l\u00e6setid":"5 minutter"},"schema":{"@context":"https:\/\/schema.org","@graph":[{"@type":"WebPage","@id":"https:\/\/test.arctic.klean.it\/da\/betingelser-vilkaar\/","url":"https:\/\/test.arctic.klean.it\/da\/betingelser-vilkaar\/","name":"Betingelser & Vilk\u00e5r - Arctic Excursions","isPartOf":{"@id":"https:\/\/test.arctic.klean.it\/#website"},"datePublished":"2022-05-10T13:08:00+00:00","dateModified":"2022-06-01T10:28:32+00:00","inLanguage":"da-DK","potentialAction":[{"@type":"ReadAction","target":["https:\/\/test.arctic.klean.it\/da\/betingelser-vilkaar\/"]}]},{"@type":"WebSite","@id":"https:\/\/test.arctic.klean.it\/#website","url":"https:\/\/test.arctic.klean.it\/","name":"Arctic Excursions","description":"New adventures. Every day.","potentialAction":[{"@type":"SearchAction","target":{"@type":"EntryPoint","urlTemplate":"https:\/\/test.arctic.klean.it\/?s={search_term_string}"},"query-input":{"@type":"PropertyValueSpecification","valueRequired":true,"valueName":"search_term_string"}}],"inLanguage":"da-DK"}]}},"_links":{"self":[{"href":"https:\/\/test.arctic.klean.it\/da\/wp-json\/wp\/v2\/pages\/1176","targetHints":{"allow":["GET"]}}],"collection":[{"href":"https:\/\/test.arctic.klean.it\/da\/wp-json\/wp\/v2\/pages"}],"about":[{"href":"https:\/\/test.arctic.klean.it\/da\/wp-json\/wp\/v2\/types\/page"}],"author":[{"embeddable":true,"href":"https:\/\/test.arctic.klean.it\/da\/wp-json\/wp\/v2\/users\/8"}],"replies":[{"embeddable":true,"href":"https:\/\/test.arctic.klean.it\/da\/wp-json\/wp\/v2\/comments?post=1176"}],"version-history":[{"count":6,"href":"https:\/\/test.arctic.klean.it\/da\/wp-json\/wp\/v2\/pages\/1176\/revisions"}],"predecessor-version":[{"id":2166,"href":"https:\/\/test.arctic.klean.it\/da\/wp-json\/wp\/v2\/pages\/1176\/revisions\/2166"}],"wp:attachment":[{"href":"https:\/\/test.arctic.klean.it\/da\/wp-json\/wp\/v2\/media?parent=1176"}],"curies":[{"name":"wp","href":"https:\/\/api.w.org\/{rel}","templated":true}]}}