{"id":12499,"date":"2022-05-23T15:31:09","date_gmt":"2022-05-23T13:31:09","guid":{"rendered":"https:\/\/test.arctic.klean.it\/north-greenland-towns-lodges\/"},"modified":"2023-04-18T19:52:55","modified_gmt":"2023-04-18T17:52:55","slug":"nordgroenland-byer-og-lodges","status":"publish","type":"page","link":"https:\/\/test.arctic.klean.it\/da\/nordgroenland-byer-og-lodges\/","title":{"rendered":"Nordgr\u00f8nland &#8211; Byer &#038; Lodges"},"content":{"rendered":"<div class=\"wpb-content-wrapper\"><p>[vc_row unlock_row_content=&#8221;yes&#8221; row_height_percent=&#8221;50&#8243; override_padding=&#8221;yes&#8221; h_padding=&#8221;7&#8243; top_padding=&#8221;4&#8243; bottom_padding=&#8221;4&#8243; back_image=&#8221;11307&#8243; overlay_alpha=&#8221;50&#8243; gutter_size=&#8221;3&#8243; column_width_percent=&#8221;100&#8243; shift_y=&#8221;0&#8243; z_index=&#8221;0&#8243; uncode_shortcode_id=&#8221;135542&#8243;][vc_column width=&#8221;1\/1&#8243;][\/vc_column][\/vc_row][vc_row row_height_percent=&#8221;0&#8243; override_padding=&#8221;yes&#8221; h_padding=&#8221;3&#8243; top_padding=&#8221;3&#8243; bottom_padding=&#8221;3&#8243; overlay_alpha=&#8221;50&#8243; gutter_size=&#8221;3&#8243; column_width_percent=&#8221;100&#8243; shift_y=&#8221;0&#8243; z_index=&#8221;0&#8243; uncode_shortcode_id=&#8221;164016&#8243;][vc_column column_width_percent=&#8221;100&#8243; gutter_size=&#8221;3&#8243; overlay_alpha=&#8221;50&#8243; shift_x=&#8221;0&#8243; shift_y=&#8221;0&#8243; shift_y_down=&#8221;0&#8243; z_index=&#8221;0&#8243; medium_width=&#8221;0&#8243; mobile_width=&#8221;0&#8243; width=&#8221;2\/3&#8243; uncode_shortcode_id=&#8221;898183&#8243;][vc_custom_heading heading_semantic=&#8221;h1&#8243; text_size=&#8221;h1&#8243; uncode_shortcode_id=&#8221;769743&#8243;]Nordgr\u00f8nland &#8211; Byer og Lodges[\/vc_custom_heading][vc_column_text uncode_shortcode_id=&#8221;815713&#8243;]<\/p>\n<div>\n<p>Regionen er hjemsted for flere sm\u00e5 byer og bygder, der er kendetegnet ved deres fantastiske naturlige sk\u00f8nhed og afsides beliggenhed. Mens livet i Nordgr\u00f8nland kan v\u00e6re udfordrende p\u00e5 grund af det barske arktiske klima og begr\u00e6nsede ressourcer, g\u00f8r de t\u00e6tte samfund op for det med deres varme og robusthed.<\/p>\n<p>I disse byer er traditionel inuitkultur stadig meget levende, og bes\u00f8gende kan forvente at se mange aspekter af den afspejlet i dagligdagen. Fiskeri og jagt er fortsat afg\u00f8rende for den lokale \u00f8konomi, og du kan m\u00e5ske se lokalbefolkningen drage ud p\u00e5 hundesl\u00e6der for at jage s\u00e6ler eller fiske efter \u00f8rred i det iskolde vand.<\/p>\n<p>Samlet set er bylivet i Nordgr\u00f8nland en unik og givende oplevelse, der giver bes\u00f8gende en chance for at se den menneskelige \u00e5nds modstandskraft i et af de mest udfordrende milj\u00f8er p\u00e5 Jorden.<\/p>\n<\/div>\n<p>[\/vc_column_text][\/vc_column][vc_column width=&#8221;1\/3&#8243;][vc_single_image media=&#8221;1516&#8243; media_width_percent=&#8221;100&#8243; uncode_shortcode_id=&#8221;207926&#8243;][\/vc_column][\/vc_row][vc_row row_height_percent=&#8221;0&#8243; override_padding=&#8221;yes&#8221; h_padding=&#8221;3&#8243; top_padding=&#8221;3&#8243; bottom_padding=&#8221;5&#8243; back_image=&#8221;167&#8243; back_position=&#8221;right bottom&#8221; overlay_alpha=&#8221;50&#8243; gutter_size=&#8221;3&#8243; column_width_use_pixel=&#8221;yes&#8221; shift_y=&#8221;0&#8243; z_index=&#8221;0&#8243; back_size=&#8221;contain&#8221; uncode_shortcode_id=&#8221;175128&#8243;][vc_column column_width_percent=&#8221;100&#8243; gutter_size=&#8221;3&#8243; overlay_alpha=&#8221;50&#8243; shift_x=&#8221;0&#8243; shift_y=&#8221;0&#8243; shift_y_down=&#8221;0&#8243; z_index=&#8221;0&#8243; medium_width=&#8221;0&#8243; mobile_width=&#8221;0&#8243; css_animation=&#8221;bottom-t-top&#8221; width=&#8221;1\/1&#8243; uncode_shortcode_id=&#8221;149135&#8243;][vc_row_inner row_inner_height_percent=&#8221;0&#8243; overlay_alpha=&#8221;50&#8243; gutter_size=&#8221;4&#8243; shift_y=&#8221;0&#8243; z_index=&#8221;0&#8243; uncode_shortcode_id=&#8221;187557&#8243;][vc_column_inner column_width_percent=&#8221;100&#8243; gutter_size=&#8221;3&#8243; overlay_alpha=&#8221;50&#8243; shift_x=&#8221;0&#8243; shift_y=&#8221;0&#8243; shift_y_down=&#8221;0&#8243; z_index=&#8221;0&#8243; medium_width=&#8221;0&#8243; mobile_width=&#8221;0&#8243; width=&#8221;1\/2&#8243; uncode_shortcode_id=&#8221;102418&#8243;][vc_single_image media=&#8221;11413&#8243; media_width_percent=&#8221;100&#8243; shape=&#8221;img-round&#8221; radius=&#8221;std&#8221; uncode_shortcode_id=&#8221;170111&#8243;][\/vc_column_inner][vc_column_inner column_width_percent=&#8221;100&#8243; position_vertical=&#8221;middle&#8221; align_horizontal=&#8221;align_center&#8221; gutter_size=&#8221;3&#8243; overlay_alpha=&#8221;50&#8243; shift_x=&#8221;0&#8243; shift_y=&#8221;-2&#8243; shift_y_down=&#8221;0&#8243; z_index=&#8221;0&#8243; medium_width=&#8221;0&#8243; mobile_width=&#8221;0&#8243; width=&#8221;1\/2&#8243; uncode_shortcode_id=&#8221;163899&#8243;][vc_custom_heading heading_semantic=&#8221;p&#8221; text_size=&#8221;&#8221; uncode_shortcode_id=&#8221;159439&#8243; el_class=&#8221;headermargin&#8221;]<\/p>\n<h2 style=\"text-align: left;\">Uummannaq<\/h2>\n<p>[\/vc_custom_heading][vc_column_text uncode_shortcode_id=&#8221;841049&#8243;]<\/p>\n<p style=\"text-align: left;\">Et af h\u00f8jdepunkterne ved et bes\u00f8g i Uummannaq er muligheden for at se byens navnebror, Uummannaq-bjerget. Denne t\u00e5rnh\u00f8je top rejser sig mere end 1.170 meter over havets overflade og dominerer byens skyline. Bes\u00f8gende kan vandre eller tage en helikoptertur til toppen for en betagende udsigt over de omkringliggende fjorde og isbjerge. Uummannaq er ogs\u00e5 stedet, hvor du finder Julemandens postkasse.<\/p>\n<p>[\/vc_column_text][vc_button border_width=&#8221;0&#8243; uncode_shortcode_id=&#8221;855515&#8243; link=&#8221;url:https%3A%2F%2Ftest.arctic.klean.it%2Fda%2Fudflugter%2Ffilters%2Ftour_location%2Fuummannaq-da%2F&#8221;]Udflugter[\/vc_button][\/vc_column_inner][\/vc_row_inner][vc_empty_space empty_h=&#8221;3&#8243;][vc_row_inner row_inner_height_percent=&#8221;0&#8243; overlay_alpha=&#8221;50&#8243; gutter_size=&#8221;4&#8243; shift_y=&#8221;0&#8243; z_index=&#8221;0&#8243; inverted_device_order=&#8221;yes&#8221; uncode_shortcode_id=&#8221;115776&#8243;][vc_column_inner column_width_percent=&#8221;100&#8243; position_vertical=&#8221;middle&#8221; align_horizontal=&#8221;align_center&#8221; gutter_size=&#8221;3&#8243; overlay_alpha=&#8221;50&#8243; shift_x=&#8221;0&#8243; shift_y=&#8221;-2&#8243; shift_y_down=&#8221;0&#8243; z_index=&#8221;0&#8243; medium_width=&#8221;0&#8243; mobile_width=&#8221;0&#8243; width=&#8221;1\/2&#8243; uncode_shortcode_id=&#8221;374119&#8243;][vc_custom_heading heading_semantic=&#8221;p&#8221; text_size=&#8221;&#8221; uncode_shortcode_id=&#8221;912318&#8243; el_class=&#8221;headermargin&#8221;]<\/p>\n<h2 style=\"text-align: left;\">Qaanaaq<\/h2>\n<p>[\/vc_custom_heading][vc_column_text uncode_shortcode_id=&#8221;861446&#8243;]<\/p>\n<p style=\"text-align: left;\">Qaanaaq er den ultimative destination for dem, der s\u00f8ger en ekstraordin\u00e6r oplevelse. Det er den nordligste by i Nordgr\u00f8nland, hvor solen forbliver under horisonten i 3,5 m\u00e5neder, efterfulgt af en sammenh\u00e6ngende 5-m\u00e5neders periode med midnatssol. Her kan du opleve traditionelle jagtmetoder fra hundesl\u00e6der, kajakker og harpuner, som stadig er afg\u00f8rende for overlevelse. Byen er omgivet af store str\u00e6kninger af havis, der kr\u00e6ver en dags hundesl\u00e6dek\u00f8rsel fra kysten om vinteren, mens t\u00e5rnh\u00f8je isbjerge skaber en majest\u00e6tisk kulisse til de farverige kysthuse.<\/p>\n<p>[\/vc_column_text][vc_button border_width=&#8221;0&#8243; uncode_shortcode_id=&#8221;148458&#8243; link=&#8221;url:https%3A%2F%2Ftest.arctic.klean.it%2Fda%2Fudflugter%2F&#8221;]Udflugter[\/vc_button][\/vc_column_inner][vc_column_inner width=&#8221;1\/2&#8243;][vc_single_image media=&#8221;11429&#8243; media_width_percent=&#8221;100&#8243; alignment=&#8221;right&#8221; shape=&#8221;img-round&#8221; radius=&#8221;std&#8221; uncode_shortcode_id=&#8221;742330&#8243;][\/vc_column_inner][\/vc_row_inner][vc_empty_space empty_h=&#8221;3&#8243;][vc_row_inner row_inner_height_percent=&#8221;0&#8243; overlay_alpha=&#8221;50&#8243; gutter_size=&#8221;4&#8243; shift_y=&#8221;0&#8243; z_index=&#8221;0&#8243; uncode_shortcode_id=&#8221;155669&#8243;][vc_column_inner width=&#8221;1\/2&#8243;][vc_single_image media=&#8221;11434&#8243; media_width_percent=&#8221;100&#8243; shape=&#8221;img-round&#8221; radius=&#8221;std&#8221; uncode_shortcode_id=&#8221;132668&#8243;][\/vc_column_inner][vc_column_inner column_width_percent=&#8221;100&#8243; position_vertical=&#8221;middle&#8221; align_horizontal=&#8221;align_center&#8221; gutter_size=&#8221;3&#8243; overlay_alpha=&#8221;50&#8243; shift_x=&#8221;0&#8243; shift_y=&#8221;-2&#8243; shift_y_down=&#8221;0&#8243; z_index=&#8221;0&#8243; medium_width=&#8221;0&#8243; mobile_width=&#8221;0&#8243; width=&#8221;1\/2&#8243; uncode_shortcode_id=&#8221;173646&#8243;][vc_custom_heading heading_semantic=&#8221;p&#8221; text_size=&#8221;&#8221; uncode_shortcode_id=&#8221;172296&#8243; el_class=&#8221;headermargin&#8221;]<\/p>\n<h2 style=\"text-align: left;\">Kullorsuaq<\/h2>\n<p>[\/vc_custom_heading][vc_column_text uncode_shortcode_id=&#8221;455286&#8243;]<\/p>\n<p style=\"text-align: left;\">Kullorsuaq blev grundlagt i 1928 og har omkring 450 indbyggere. Opkaldt efter et karakteristisk bjerg, der ligner en stor tommelfinger, er stedet kendt for sin rige inuitkultur og traditionelle livsstil. Jagt og fiskeri er fortsat de prim\u00e6re erhverv, hvor s\u00e6ler, narhvaler og hvidhvaler er den typiske fangst. I dag betragtes Kullorsuaq som en af de mest traditionelle fiske- og jagtbopladser i Gr\u00f8nland, hvilket giver et unikt indblik i inuitternes levevis.<\/p>\n<p>[\/vc_column_text][vc_button border_width=&#8221;0&#8243; uncode_shortcode_id=&#8221;163011&#8243; link=&#8221;url:https%3A%2F%2Ftest.arctic.klean.it%2Fda%2Fudflugter%2F&#8221;]Udflugter[\/vc_button][\/vc_column_inner][\/vc_row_inner][vc_empty_space empty_h=&#8221;3&#8243;][vc_row_inner row_inner_height_percent=&#8221;0&#8243; overlay_alpha=&#8221;50&#8243; gutter_size=&#8221;4&#8243; shift_y=&#8221;0&#8243; z_index=&#8221;0&#8243; inverted_device_order=&#8221;yes&#8221; uncode_shortcode_id=&#8221;142167&#8243;][vc_column_inner column_width_percent=&#8221;100&#8243; position_vertical=&#8221;middle&#8221; align_horizontal=&#8221;align_center&#8221; gutter_size=&#8221;3&#8243; overlay_alpha=&#8221;50&#8243; shift_x=&#8221;0&#8243; shift_y=&#8221;-2&#8243; shift_y_down=&#8221;0&#8243; z_index=&#8221;0&#8243; medium_width=&#8221;0&#8243; mobile_width=&#8221;0&#8243; width=&#8221;1\/2&#8243; uncode_shortcode_id=&#8221;187572&#8243;][vc_custom_heading heading_semantic=&#8221;p&#8221; text_size=&#8221;&#8221; uncode_shortcode_id=&#8221;166372&#8243; el_class=&#8221;headermargin&#8221;]<\/p>\n<h2 style=\"text-align: left;\">Upernavik<\/h2>\n<p>[\/vc_custom_heading][vc_column_text uncode_shortcode_id=&#8221;133298&#8243;]<\/p>\n<p style=\"text-align: left;\">Upernavik ligger i hjertet af en labyrint af sm\u00e5 \u00f8er. Det er en betagende by, som kan prale af b\u00e5de traditionelle bos\u00e6ttelser, storsl\u00e5ede isbjerge og en r\u00e6kke forskellige fuglearter. Den generte narhval kalder ogs\u00e5 dette sted for hjem. Trods ankomsten af moderne bekvemmeligheder har byen form\u00e5et at bevare sin kulturarv, hvilket giver bes\u00f8gende mulighed for at opleve den traditionelle levevis for de gr\u00f8nlandske inuitter. Kajaksejlads gennem labyrinten af isbjerge eller hundesl\u00e6de gennem klippefyldt lavland er blot nogle af de m\u00e5der, bes\u00f8gende kan fordybe sig i byens rige kulturelle oplevelser p\u00e5.<\/p>\n<p>[\/vc_column_text][vc_button border_width=&#8221;0&#8243; uncode_shortcode_id=&#8221;176868&#8243; link=&#8221;url:https%3A%2F%2Ftest.arctic.klean.it%2Fda%2Fudflugter%2F&#8221;]Udflugter[\/vc_button][\/vc_column_inner][vc_column_inner width=&#8221;1\/2&#8243;][vc_single_image media=&#8221;11436&#8243; media_width_percent=&#8221;100&#8243; alignment=&#8221;right&#8221; shape=&#8221;img-round&#8221; radius=&#8221;std&#8221; uncode_shortcode_id=&#8221;157537&#8243;][\/vc_column_inner][\/vc_row_inner][vc_empty_space empty_h=&#8221;3&#8243;][vc_row_inner row_inner_height_percent=&#8221;0&#8243; overlay_alpha=&#8221;50&#8243; gutter_size=&#8221;4&#8243; shift_y=&#8221;0&#8243; z_index=&#8221;0&#8243; inverted_device_order=&#8221;yes&#8221; uncode_shortcode_id=&#8221;142167&#8243;][vc_column_inner width=&#8221;1\/2&#8243;][vc_single_image media=&#8221;11440&#8243; media_width_percent=&#8221;100&#8243; alignment=&#8221;right&#8221; shape=&#8221;img-round&#8221; radius=&#8221;std&#8221; uncode_shortcode_id=&#8221;479693&#8243;][\/vc_column_inner][vc_column_inner column_width_percent=&#8221;100&#8243; position_vertical=&#8221;middle&#8221; align_horizontal=&#8221;align_center&#8221; gutter_size=&#8221;3&#8243; overlay_alpha=&#8221;50&#8243; shift_x=&#8221;0&#8243; shift_y=&#8221;-2&#8243; shift_y_down=&#8221;0&#8243; z_index=&#8221;0&#8243; medium_width=&#8221;0&#8243; mobile_width=&#8221;0&#8243; width=&#8221;1\/2&#8243; uncode_shortcode_id=&#8221;187572&#8243;][vc_custom_heading heading_semantic=&#8221;p&#8221; text_size=&#8221;&#8221; uncode_shortcode_id=&#8221;178985&#8243; el_class=&#8221;headermargin&#8221;]<\/p>\n<h2 style=\"text-align: left;\">Ilimanaq<\/h2>\n<p>[\/vc_custom_heading][vc_column_text uncode_shortcode_id=&#8221;964040&#8243;]<\/p>\n<p style=\"text-align: left;\">Ilimanaq er en hyggelig lille bygd. kendt for sine mange fiskemuligheder. Du kan slappe af ved at se p\u00e5 en af de mest spektakul\u00e6re udsigter i verden, eller begive dig ud p\u00e5 et eventyr i det smukke bagland, hvor moskusokser, sneharer og polarr\u00e6ve ofte kan ses. Fork\u00e6l dig selv med et krydstogt gennem de enorme isbjerge ved mundingen af den UNESCO-beskyttede Ilulissat Isfjord for at f\u00e5 adgang til en af Gr\u00f8nlands \u00e6ldste bos\u00e6ttelser.<\/p>\n<p>[\/vc_column_text][vc_button border_width=&#8221;0&#8243; uncode_shortcode_id=&#8221;595513&#8243; link=&#8221;url:https%3A%2F%2Ftest.arctic.klean.it%2Fda%2Fudflugter%2F&#8221;]Udflugter[\/vc_button][\/vc_column_inner][\/vc_row_inner][vc_empty_space empty_h=&#8221;3&#8243;][vc_row_inner row_inner_height_percent=&#8221;0&#8243; overlay_alpha=&#8221;50&#8243; gutter_size=&#8221;4&#8243; shift_y=&#8221;0&#8243; z_index=&#8221;0&#8243; inverted_device_order=&#8221;yes&#8221; uncode_shortcode_id=&#8221;142167&#8243;][vc_column_inner column_width_percent=&#8221;100&#8243; position_vertical=&#8221;middle&#8221; align_horizontal=&#8221;align_center&#8221; gutter_size=&#8221;3&#8243; overlay_alpha=&#8221;50&#8243; shift_x=&#8221;0&#8243; shift_y=&#8221;-2&#8243; shift_y_down=&#8221;0&#8243; z_index=&#8221;0&#8243; medium_width=&#8221;0&#8243; mobile_width=&#8221;0&#8243; width=&#8221;1\/2&#8243; uncode_shortcode_id=&#8221;187572&#8243;][vc_custom_heading heading_semantic=&#8221;p&#8221; text_size=&#8221;&#8221; uncode_shortcode_id=&#8221;200768&#8243; el_class=&#8221;headermargin&#8221;]<\/p>\n<h2>Oqaatsut<\/h2>\n<p>[\/vc_custom_heading][vc_column_text uncode_shortcode_id=&#8221;200516&#8243;]<\/p>\n<p style=\"text-align: left;\">Oqaatsut er en lille bygd helt uden veje.\u00a0En af de bedste m\u00e5der at v\u00e6rds\u00e6tte de fantastiske omgivelser p\u00e5 er ved at sejle i kajak rundt om de kolossale isbjerge, der dominerer omr\u00e5det. Hvis du er i Ilulissat, er det nemt at bes\u00f8ge Oqaatsut med b\u00e5d. For dem, der s\u00f8ger en eventyrlig vandring, guider orange mark\u00f8rer vejen p\u00e5 en g\u00e5tur fra Ilulissat til Oqaatsut. Om vinteren kan landsbyen kun n\u00e5s med snesko, ski, hundesl\u00e6de eller snescooter, hvilket g\u00f8r den til en ideel destination for vintersportsentusiaster.<\/p>\n<p>[\/vc_column_text][vc_button border_width=&#8221;0&#8243; uncode_shortcode_id=&#8221;212009&#8243; link=&#8221;url:https%3A%2F%2Ftest.arctic.klean.it%2Fda%2Fudflugter%2F&#8221;]Udflugter[\/vc_button][\/vc_column_inner][vc_column_inner width=&#8221;1\/2&#8243;][vc_single_image media=&#8221;11442&#8243; media_width_percent=&#8221;100&#8243; alignment=&#8221;right&#8221; shape=&#8221;img-round&#8221; radius=&#8221;std&#8221; uncode_shortcode_id=&#8221;208436&#8243;][\/vc_column_inner][\/vc_row_inner][\/vc_column][\/vc_row]<\/p>\n<\/div>","protected":false},"excerpt":{"rendered":"<p>[vc_row unlock_row_content=&#8221;yes&#8221; row_height_percent=&#8221;50&#8243; override_padding=&#8221;yes&#8221; h_padding=&#8221;7&#8243; top_padding=&#8221;4&#8243; bottom_padding=&#8221;4&#8243; back_image=&#8221;11307&#8243; overlay_alpha=&#8221;50&#8243; gutter_size=&#8221;3&#8243; column_width_percent=&#8221;100&#8243; shift_y=&#8221;0&#8243; z_index=&#8221;0&#8243; uncode_shortcode_id=&#8221;135542&#8243;][vc_column width=&#8221;1\/1&#8243;][\/vc_column][\/vc_row][vc_row row_height_percent=&#8221;0&#8243; override_padding=&#8221;yes&#8221; h_padding=&#8221;3&#8243; top_padding=&#8221;3&#8243; bottom_padding=&#8221;3&#8243; [&hellip;]<\/p>\n","protected":false},"author":55,"featured_media":0,"parent":0,"menu_order":0,"comment_status":"closed","ping_status":"closed","template":"","meta":{"_acf_changed":false,"footnotes":""},"class_list":["post-12499","page","type-page","status-publish","hentry"],"acf":[],"yoast_head":"<!-- This site is optimized with the Yoast SEO plugin v25.2 - https:\/\/yoast.com\/wordpress\/plugins\/seo\/ -->\n<title>Arctic Excursions<\/title>\n<meta name=\"robots\" content=\"index, follow, max-snippet:-1, max-image-preview:large, max-video-preview:-1\" \/>\n<link rel=\"canonical\" href=\"https:\/\/test.arctic.klean.it\/da\/nordgroenland-byer-og-lodges\/\" \/>\n<meta property=\"og:locale\" content=\"da_DK\" \/>\n<meta property=\"og:type\" content=\"article\" \/>\n<meta property=\"og:title\" content=\"Nordgr\u00f8nland - Byer &amp; Lodges - Arctic Excursions\" \/>\n<meta property=\"og:description\" content=\"[vc_row unlock_row_content=&#8221;yes&#8221; row_height_percent=&#8221;50&#8243; override_padding=&#8221;yes&#8221; h_padding=&#8221;7&#8243; top_padding=&#8221;4&#8243; bottom_padding=&#8221;4&#8243; back_image=&#8221;11307&#8243; overlay_alpha=&#8221;50&#8243; gutter_size=&#8221;3&#8243; column_width_percent=&#8221;100&#8243; shift_y=&#8221;0&#8243; z_index=&#8221;0&#8243; uncode_shortcode_id=&#8221;135542&#8243;][vc_column width=&#8221;1\/1&#8243;][\/vc_column][\/vc_row][vc_row row_height_percent=&#8221;0&#8243; override_padding=&#8221;yes&#8221; h_padding=&#8221;3&#8243; top_padding=&#8221;3&#8243; bottom_padding=&#8221;3&#8243; [&hellip;]\" \/>\n<meta property=\"og:url\" content=\"https:\/\/test.arctic.klean.it\/da\/nordgroenland-byer-og-lodges\/\" \/>\n<meta property=\"og:site_name\" content=\"Arctic Excursions\" \/>\n<meta property=\"article:modified_time\" content=\"2023-04-18T17:52:55+00:00\" \/>\n<meta name=\"twitter:card\" content=\"summary_large_image\" \/>\n<meta name=\"twitter:label1\" content=\"Estimeret l\u00e6setid\" \/>\n\t<meta name=\"twitter:data1\" content=\"4 minutter\" \/>\n<script type=\"application\/ld+json\" class=\"yoast-schema-graph\">{\"@context\":\"https:\/\/schema.org\",\"@graph\":[{\"@type\":\"WebPage\",\"@id\":\"https:\/\/test.arctic.klean.it\/da\/nordgroenland-byer-og-lodges\/\",\"url\":\"https:\/\/test.arctic.klean.it\/da\/nordgroenland-byer-og-lodges\/\",\"name\":\"Nordgr\u00f8nland - Byer & Lodges - Arctic Excursions\",\"isPartOf\":{\"@id\":\"https:\/\/test.arctic.klean.it\/#website\"},\"datePublished\":\"2022-05-23T13:31:09+00:00\",\"dateModified\":\"2023-04-18T17:52:55+00:00\",\"inLanguage\":\"da-DK\",\"potentialAction\":[{\"@type\":\"ReadAction\",\"target\":[\"https:\/\/test.arctic.klean.it\/da\/nordgroenland-byer-og-lodges\/\"]}]},{\"@type\":\"WebSite\",\"@id\":\"https:\/\/test.arctic.klean.it\/#website\",\"url\":\"https:\/\/test.arctic.klean.it\/\",\"name\":\"Arctic Excursions\",\"description\":\"New adventures. Every day.\",\"potentialAction\":[{\"@type\":\"SearchAction\",\"target\":{\"@type\":\"EntryPoint\",\"urlTemplate\":\"https:\/\/test.arctic.klean.it\/?s={search_term_string}\"},\"query-input\":{\"@type\":\"PropertyValueSpecification\",\"valueRequired\":true,\"valueName\":\"search_term_string\"}}],\"inLanguage\":\"da-DK\"}]}<\/script>\n<!-- \/ Yoast SEO plugin. -->","yoast_head_json":{"title":"Arctic Excursions","robots":{"index":"index","follow":"follow","max-snippet":"max-snippet:-1","max-image-preview":"max-image-preview:large","max-video-preview":"max-video-preview:-1"},"canonical":"https:\/\/test.arctic.klean.it\/da\/nordgroenland-byer-og-lodges\/","og_locale":"da_DK","og_type":"article","og_title":"Nordgr\u00f8nland - Byer & Lodges - Arctic Excursions","og_description":"[vc_row unlock_row_content=&#8221;yes&#8221; row_height_percent=&#8221;50&#8243; override_padding=&#8221;yes&#8221; h_padding=&#8221;7&#8243; top_padding=&#8221;4&#8243; bottom_padding=&#8221;4&#8243; back_image=&#8221;11307&#8243; overlay_alpha=&#8221;50&#8243; gutter_size=&#8221;3&#8243; column_width_percent=&#8221;100&#8243; shift_y=&#8221;0&#8243; z_index=&#8221;0&#8243; uncode_shortcode_id=&#8221;135542&#8243;][vc_column width=&#8221;1\/1&#8243;][\/vc_column][\/vc_row][vc_row row_height_percent=&#8221;0&#8243; override_padding=&#8221;yes&#8221; h_padding=&#8221;3&#8243; top_padding=&#8221;3&#8243; bottom_padding=&#8221;3&#8243; [&hellip;]","og_url":"https:\/\/test.arctic.klean.it\/da\/nordgroenland-byer-og-lodges\/","og_site_name":"Arctic Excursions","article_modified_time":"2023-04-18T17:52:55+00:00","twitter_card":"summary_large_image","twitter_misc":{"Estimeret l\u00e6setid":"4 minutter"},"schema":{"@context":"https:\/\/schema.org","@graph":[{"@type":"WebPage","@id":"https:\/\/test.arctic.klean.it\/da\/nordgroenland-byer-og-lodges\/","url":"https:\/\/test.arctic.klean.it\/da\/nordgroenland-byer-og-lodges\/","name":"Nordgr\u00f8nland - Byer & Lodges - Arctic Excursions","isPartOf":{"@id":"https:\/\/test.arctic.klean.it\/#website"},"datePublished":"2022-05-23T13:31:09+00:00","dateModified":"2023-04-18T17:52:55+00:00","inLanguage":"da-DK","potentialAction":[{"@type":"ReadAction","target":["https:\/\/test.arctic.klean.it\/da\/nordgroenland-byer-og-lodges\/"]}]},{"@type":"WebSite","@id":"https:\/\/test.arctic.klean.it\/#website","url":"https:\/\/test.arctic.klean.it\/","name":"Arctic Excursions","description":"New adventures. Every day.","potentialAction":[{"@type":"SearchAction","target":{"@type":"EntryPoint","urlTemplate":"https:\/\/test.arctic.klean.it\/?s={search_term_string}"},"query-input":{"@type":"PropertyValueSpecification","valueRequired":true,"valueName":"search_term_string"}}],"inLanguage":"da-DK"}]}},"_links":{"self":[{"href":"https:\/\/test.arctic.klean.it\/da\/wp-json\/wp\/v2\/pages\/12499","targetHints":{"allow":["GET"]}}],"collection":[{"href":"https:\/\/test.arctic.klean.it\/da\/wp-json\/wp\/v2\/pages"}],"about":[{"href":"https:\/\/test.arctic.klean.it\/da\/wp-json\/wp\/v2\/types\/page"}],"author":[{"embeddable":true,"href":"https:\/\/test.arctic.klean.it\/da\/wp-json\/wp\/v2\/users\/55"}],"replies":[{"embeddable":true,"href":"https:\/\/test.arctic.klean.it\/da\/wp-json\/wp\/v2\/comments?post=12499"}],"version-history":[{"count":4,"href":"https:\/\/test.arctic.klean.it\/da\/wp-json\/wp\/v2\/pages\/12499\/revisions"}],"predecessor-version":[{"id":12652,"href":"https:\/\/test.arctic.klean.it\/da\/wp-json\/wp\/v2\/pages\/12499\/revisions\/12652"}],"wp:attachment":[{"href":"https:\/\/test.arctic.klean.it\/da\/wp-json\/wp\/v2\/media?parent=12499"}],"curies":[{"name":"wp","href":"https:\/\/api.w.org\/{rel}","templated":true}]}}