{"id":12660,"date":"2023-03-23T22:48:51","date_gmt":"2023-03-23T20:48:51","guid":{"rendered":"https:\/\/test.arctic.klean.it\/packing-list-for-a-winter-and-spring-trip-to-greenland\/"},"modified":"2023-04-18T19:58:05","modified_gmt":"2023-04-18T17:58:05","slug":"pakkeliste-til-en-vinter-og-foraarsrejse","status":"publish","type":"page","link":"https:\/\/test.arctic.klean.it\/da\/pakkeliste-til-en-vinter-og-foraarsrejse\/","title":{"rendered":"Pakkeliste til en vinter- og for\u00e5rsrejse"},"content":{"rendered":"<div class=\"wpb-content-wrapper\"><p>[vc_row unlock_row_content=&#8221;yes&#8221; row_height_percent=&#8221;40&#8243; override_padding=&#8221;yes&#8221; h_padding=&#8221;7&#8243; top_padding=&#8221;4&#8243; bottom_padding=&#8221;3&#8243; back_image=&#8221;11056&#8243; overlay_alpha=&#8221;50&#8243; gutter_size=&#8221;3&#8243; column_width_percent=&#8221;100&#8243; shift_y=&#8221;0&#8243; z_index=&#8221;0&#8243; uncode_shortcode_id=&#8221;208722&#8243;][vc_column width=&#8221;3\/4&#8243;][\/vc_column][vc_column width=&#8221;1\/4&#8243;][\/vc_column][\/vc_row][vc_row][vc_column width=&#8221;3\/4&#8243;][vc_custom_heading uncode_shortcode_id=&#8221;235532&#8243;]<\/p>\n<h2 style=\"text-align: center;\">Pakkeliste til en vinter- og for\u00e5rsrejse<\/h2>\n<p>[\/vc_custom_heading][vc_column_text uncode_shortcode_id=&#8221;852584&#8243;]Rigtigt udstyr er foruds\u00e6tningen for, at du f\u00e5r det bedste udbytte af et ophold i Gr\u00f8nland. Dette er vores forslag til en udstyrsliste, som du kan benytte dig af, hvis du ikke har personlig erfaring med det omr\u00e5de eller den type rejse, du har valgt.<\/p>\n<p><strong>Om p\u00e5kl\u00e6dning generelt i Gr\u00f8nland <\/strong><br \/>\nP\u00e5kl\u00e6dning i Gr\u00f8nland er praktisk og uformel. Du beh\u00f8ver derfor ikke at pakke det \u201dfine t\u00f8j\u201d i kufferten p\u00e5 en rejse til Gr\u00f8nland. Udvalget af bekl\u00e6dning til friluftsliv er i dag stort, og du kan derfor finde t\u00f8j, der b\u00e5de er praktisk, smart og bekvemt. Rigtigt udstyr er foruds\u00e6tningen for, at du f\u00e5r det bedste udbytte af et ophold i Gr\u00f8nland om vinteren uanset, om du skal p\u00e5 en flerdages<br \/>\nhundesl\u00e6detur eller p\u00e5 en forl\u00e6nget weekend med masser af relativt komfortable udflugter.<\/p>\n<p>N\u00e5r du skal pakke til en vinterrejse til Gr\u00f8nland, skal du t\u00e6nke praktisk og isolerende. Dette g\u00e6lder b\u00e5de for udend\u00f8rs og indend\u00f8rs bekl\u00e6dning. N\u00e5r du g\u00e5r p\u00e5 restaurant og lignende i Gr\u00f8nland g\u00e6lder det ligeledes, at man er praktisk kl\u00e6dt.<\/p>\n<p>Kulde er noget, man m\u00e5 forholde sig til, n\u00e5r man er i Gr\u00f8nland om vinteren. Med korrekt bekl\u00e6dning<br \/>\nog nogle f\u00e5 forholdsregler, er kulden til at leve med og giver en ekstra dimension i oplevelsen. P\u00e5 grund af den t\u00f8rre luft opleves kuldegraderne ofte ikke s\u00e5 voldsomme, som de ville g\u00f8re det i Danmark. Minus 10\u201015 grader kan i Gr\u00f8nland opleves som n\u00e6sten behageligt!<\/p>\n<p>De fleste, der rejser til Gr\u00f8nland om vinteren, bruger st\u00f8rstedelen af dagen udenfor for at f\u00e5 s\u00e5 mange oplevelser som muligt. Dette betyder, at du skal v\u00e6re kl\u00e6dt varmt p\u00e5 fra top til t\u00e5, fra det inderste til det yderste lag. Skal du eksempelvis p\u00e5 en tur ind til Indlandsisen, skal du stadig kl\u00e6de dig varmt p\u00e5, selvom meget af turen foreg\u00e5r i bus\/bil.<\/p>\n<p><strong>Bekl\u00e6dning kan b\u00e5de v\u00e6re smart og praktisk<\/strong><br \/>\nHvis du har sp\u00f8rgsm\u00e5l til bekl\u00e6dning og skal ud og k\u00f8be nyt, kan vi anbefale dig at tage i Friluftsland, der kan give dig r\u00e5d og vejledning. Friluftsland har et stort udvalg i smart og praktisk bekl\u00e6dning, der kan bruges hele \u00e5ret og til hverdag og p\u00e5 rejse. Kvalitetst\u00f8j, der b\u00e5de holder og fungerer. Friluftsland har butikker i store dele af landet og en fin webshop p\u00e5 www.friluftsland.dk.<\/p>\n<p><strong>Lag\u2010p\u00e5\u2010lag\u2010princippet<\/strong><br \/>\nLag\u2010p\u00e5\u2010lag princippet kommer virkelig til sin ret i kulden. Og lad os sl\u00e5 fast med det samme: en almindelig skidragt sl\u00e5r normalt ikke til. Lag\u2010p\u00e5\u2010lag princippet g\u00e5r i sin enkelthed ud p\u00e5, at du kl\u00e6der dig p\u00e5 i flere lag. Det inderste lag hj\u00e6lper til at holde varmen, men ogs\u00e5 til at f\u00f8re fugten v\u00e6k fra kroppen. Det mellemste lag isolerer mod kulde. Det yderste lag beskytter mod regn, vind og fugt. Det er selvf\u00f8lgelig ikke n\u00f8dvendigt at investere i en masse udstyr for at tage p\u00e5 ferie i Gr\u00f8nland om vinteren, men det g\u00e6lder om at finde alt det varme t\u00f8j frem, gerne skiudstyret, de forede vinterbukser eller en gammel dunjakke, som for l\u00e6ngst er g\u00e5et af mode, men som stadig er varm.<\/p>\n<p>Herunder er forslag til en pakkeliste, som kan give dig et indtryk af, hvad der godt at have med p\u00e5 en vinterrejse til Gr\u00f8nland. Det kan stort set ikke lade sig g\u00f8re at pakke for meget varmt t\u00f8j med. Skal du p\u00e5 hundesl\u00e6detur, er det muligt at leje skindt\u00f8j og st\u00f8vler for f\u00e5 den \u201d\u00e6gte\u201d fornemmelse, men ogs\u00e5 fordi det i bogstaveligste forstand kan v\u00e6re hundekoldt at k\u00f8re hundesl\u00e6de, hvis du<br \/>\nsidder stille p\u00e5 sl\u00e6den.<\/p>\n<p><strong>Undert\u00f8j<\/strong><br \/>\nHer taler vi ikke om bh og trusser, men om lange underbenkl\u00e6der og en lang, t\u00e6tsiddende bluse. Vi anbefaler uld, da det ogs\u00e5 varmer, selvom ulden er fugtig.<\/p>\n<p><strong>Fleece bukser eller kraftige joggingbukser <\/strong><br \/>\nSom mellemlag mellem de lange underbukser og yderlaget. Hvis du har et par dunforede vinterbukser, kan du n\u00f8jes med de lange underbukser og de forede yderbukser.<\/p>\n<p><strong>Tr\u00f8jer eller kraftige skjorter<\/strong><br \/>\nSom mellemlag<\/p>\n<p><strong>Overtr\u00e6ksbukser<\/strong><br \/>\nVindt\u00e6tte, evt. forede, gerne vandafvisende. De skal v\u00e6re s\u00e5 store, at der er god plads til de bukser, du har p\u00e5 indenunder uden at yderbukserne strammer.<\/p>\n<p><strong>Tynde sokker<\/strong><br \/>\nUld eller svedtransporterende materiale (ikke bomuld). Vi anbefaler uld \u2013 og tag gerne flere par med. Hvis du sveder og dine f\u00f8dder bliver fugtige, kan det betale sig at skifte til t\u00f8rre sokker.<\/p>\n<p><strong>Tykke uldsokker<\/strong><br \/>\nFlere par og v\u00e6lg endelig de kraftigste, du kan f\u00e5.<\/p>\n<p><strong>St\u00f8vler<\/strong><br \/>\nTil sl\u00e6deturen. Kraftig kvalitet, med god plads til sokker og til at bev\u00e6ge t\u00e6erne i. Gerne med h\u00f8jt skaft mod sne. L\u00e6derst\u00f8vler er ikke velegnede. De mest velegnede st\u00f8vler til sl\u00e6debrug er canadiske Sorel st\u00f8vler (f\u00e5s i flere specialforretninger), gerne model \u201dGlacier\u201d, som g\u00e5r ned til \u201060 grader celsius. Disse st\u00f8vler kan som udgangspunk lejes, hvis du skal p\u00e5 sl\u00e6detur i Gr\u00f8nland. Til \u00f8vrig brug kan du n\u00f8jes med kraftige vandrest\u00f8vler, hvor der er god plads til en tyk sok. S\u00e5len skal helst v\u00e6re af gummi, da s\u00e5ler af plast og blandingsmaterialer bliver meget glatte i lave frostgrader.<\/p>\n<p><strong>Varm sweater <\/strong><br \/>\nGerne med h\u00f8j hals og lynl\u00e5s. Kraftig fleece eller uld anbefales.<\/p>\n<p><strong>Stor vindt\u00e6t jakke<\/strong><br \/>\nGerne en anoraktype med h\u00e6tte, evt. med skindkant. Gerne af vandafvisende materiale, men den<br \/>\nskal kunne \u201d\u00e5nde\u201d. En kraftig dunjakke er fremragende til gr\u00f8nlandske forhold.<\/p>\n<p><strong>Hue<\/strong><br \/>\nUld eller fleece (det er mest behageligt), gerne en elefanthue, som kan d\u00e6kke hals, pande, hage og<br \/>\nkinder.<\/p>\n<p><strong>Kraftige uldhandsker<\/strong><br \/>\nInderst (medbring mindst 2\u20103 par).<\/p>\n<p><strong>Store forede luffer<\/strong><br \/>\nGerne af skind (medbring evt. to par til l\u00e6ngere ture) til at tage ud over de tyndere inderhandsker\/uldhandsker. Ved at have vanter i to lag, er det muligt at regulere temperaturen. Luffer er det bedste til kolde forhold frem for fingerhandsker.<\/p>\n<p><strong>Solbriller<\/strong><br \/>\nEr meget vigtige at have med! S\u00f8rg for at intet st\u00e5l ber\u00f8rer huden, da det kan give forfrysninger. S\u00e6t evt. tape p\u00e5 stellet, hvor det ber\u00f8rer huden.<\/p>\n<p><strong>Evt. ekstra briller<\/strong><br \/>\nBrilleb\u00e6rere skal s\u00f8rge for, at intet st\u00e5l ber\u00f8rer huden, det kan give forfrysninger.<\/p>\n<p><strong>Solcreme<\/strong><br \/>\nMed h\u00f8jt faktortal.<\/p>\n<p><strong>L\u00e6bepomade<\/strong><br \/>\nHav altid en i jakkelommen, luften er meget t\u00f8r.<\/p>\n<p><strong>Diverse<\/strong><br \/>\nKamera<br \/>\nKikkert<br \/>\nPandelampe (diodelamper bruger ikke meget batteri)<br \/>\nEkstra film og ekstra batterier til kamera.<br \/>\nH\u00f8retelefoner til flyveturen til Gr\u00f8nland<\/p>\n<p><strong>Praktisk<\/strong><br \/>\nV\u00e6r opm\u00e6rksom p\u00e5 at knitrende stof, som noget overt\u00f8j er lavet af, knitrer endnu mere, n\u00e5r det er koldt, og det kan v\u00e6re irriterende at h\u00f8re p\u00e5 i dagevis. Dette er dog mest aktuelt, hvis du skal v\u00e6re flere dage i fjeldet.<\/p>\n<p><strong>Dagtursrygs\u00e6k<\/strong><br \/>\nDet er altid rart at kunne medbringe ekstra t\u00f8j og diverse ting og sager med sig p\u00e5 udflugter. Hvis du ikke allerede har en, s\u00e5 kan vi anbefale, at du k\u00f8ber en med hofteb\u00e6lte og brystrem. Ca. 30 liter.<\/p>\n<p><strong>Leje af sl\u00e6det\u00f8j til hundesl\u00e6deture<\/strong><br \/>\nSelv p\u00e5 en kortere hundesl\u00e6detur af en times varighed kan det blive koldt, n\u00e5r du sidder p\u00e5 sl\u00e6de. Langt de fleste steder er det muligt at leje s\u00e6lskindst\u00f8j og varme st\u00f8vler til sl\u00e6deturen. Hvis du ikke selv har s\u00e6rdeles varmt t\u00f8j, s\u00e5 anbefaler vi, at du\/I lejer sl\u00e6deudstyr. Det er i sig selv ogs\u00e5 en oplevelse at pr\u00f8ve det \u201doprindelige\u201d sl\u00e6deudstyr.[\/vc_column_text][vc_raw_html]JTNDc3R5bGUlM0UuY2VudGVyJTIwJTdCJTIwanVzdGlmeSUyMGNvbnRlbnQlM0ElMjBjZW50ZXIlM0IlMjAlN0QlM0MlMkZzdHlsZSUzRSUwQSUzQ2RpdiUyMGNsYXNzJTNEJTIyY2VudGVyJTIyJTNF[\/vc_raw_html][vc_button border_width=&#8221;0&#8243; link=&#8221;url:https%3A%2F%2Ftest.arctic.klean.it%2Fwp-content%2Fuploads%2F2022%2F06%2FPakkeliste-til-vinterrejser-i-Gronland.pdf|target:_blank&#8221; uncode_shortcode_id=&#8221;100253&#8243; icon=&#8221;fa fa-file-text-o&#8221;]\u00c5ben som PDF [\/vc_button][vc_raw_html]JTNDJTJGZGl2JTNF[\/vc_raw_html][\/vc_column][vc_column width=&#8221;1\/4&#8243;][\/vc_column][\/vc_row]<\/p>\n<\/div>","protected":false},"excerpt":{"rendered":"<p>[vc_row unlock_row_content=&#8221;yes&#8221; row_height_percent=&#8221;40&#8243; override_padding=&#8221;yes&#8221; h_padding=&#8221;7&#8243; top_padding=&#8221;4&#8243; bottom_padding=&#8221;3&#8243; back_image=&#8221;11056&#8243; overlay_alpha=&#8221;50&#8243; gutter_size=&#8221;3&#8243; column_width_percent=&#8221;100&#8243; shift_y=&#8221;0&#8243; z_index=&#8221;0&#8243; uncode_shortcode_id=&#8221;208722&#8243;][vc_column width=&#8221;3\/4&#8243;][\/vc_column][vc_column width=&#8221;1\/4&#8243;][\/vc_column][\/vc_row][vc_row][vc_column width=&#8221;3\/4&#8243;][vc_custom_heading uncode_shortcode_id=&#8221;235532&#8243;] Pakkeliste til [&hellip;]<\/p>\n","protected":false},"author":55,"featured_media":0,"parent":0,"menu_order":0,"comment_status":"closed","ping_status":"closed","template":"","meta":{"_acf_changed":false,"footnotes":""},"class_list":["post-12660","page","type-page","status-publish","hentry"],"acf":[],"yoast_head":"<!-- This site is optimized with the Yoast SEO plugin v25.2 - https:\/\/yoast.com\/wordpress\/plugins\/seo\/ -->\n<title>Arctic Excursions<\/title>\n<meta name=\"robots\" content=\"index, follow, max-snippet:-1, max-image-preview:large, max-video-preview:-1\" \/>\n<link rel=\"canonical\" href=\"https:\/\/test.arctic.klean.it\/da\/pakkeliste-til-en-vinter-og-foraarsrejse\/\" \/>\n<meta property=\"og:locale\" content=\"da_DK\" \/>\n<meta property=\"og:type\" content=\"article\" \/>\n<meta property=\"og:title\" content=\"Pakkeliste til en vinter- og for\u00e5rsrejse - Arctic Excursions\" \/>\n<meta property=\"og:description\" content=\"[vc_row unlock_row_content=&#8221;yes&#8221; row_height_percent=&#8221;40&#8243; override_padding=&#8221;yes&#8221; h_padding=&#8221;7&#8243; top_padding=&#8221;4&#8243; bottom_padding=&#8221;3&#8243; back_image=&#8221;11056&#8243; overlay_alpha=&#8221;50&#8243; gutter_size=&#8221;3&#8243; column_width_percent=&#8221;100&#8243; shift_y=&#8221;0&#8243; z_index=&#8221;0&#8243; uncode_shortcode_id=&#8221;208722&#8243;][vc_column width=&#8221;3\/4&#8243;][\/vc_column][vc_column width=&#8221;1\/4&#8243;][\/vc_column][\/vc_row][vc_row][vc_column width=&#8221;3\/4&#8243;][vc_custom_heading uncode_shortcode_id=&#8221;235532&#8243;] Pakkeliste til [&hellip;]\" \/>\n<meta property=\"og:url\" content=\"https:\/\/test.arctic.klean.it\/da\/pakkeliste-til-en-vinter-og-foraarsrejse\/\" \/>\n<meta property=\"og:site_name\" content=\"Arctic Excursions\" \/>\n<meta property=\"article:modified_time\" content=\"2023-04-18T17:58:05+00:00\" \/>\n<meta name=\"twitter:card\" content=\"summary_large_image\" \/>\n<meta name=\"twitter:label1\" content=\"Estimeret l\u00e6setid\" \/>\n\t<meta name=\"twitter:data1\" content=\"6 minutter\" \/>\n<script type=\"application\/ld+json\" class=\"yoast-schema-graph\">{\"@context\":\"https:\/\/schema.org\",\"@graph\":[{\"@type\":\"WebPage\",\"@id\":\"https:\/\/test.arctic.klean.it\/da\/pakkeliste-til-en-vinter-og-foraarsrejse\/\",\"url\":\"https:\/\/test.arctic.klean.it\/da\/pakkeliste-til-en-vinter-og-foraarsrejse\/\",\"name\":\"Pakkeliste til en vinter- og for\u00e5rsrejse - Arctic Excursions\",\"isPartOf\":{\"@id\":\"https:\/\/test.arctic.klean.it\/#website\"},\"datePublished\":\"2023-03-23T20:48:51+00:00\",\"dateModified\":\"2023-04-18T17:58:05+00:00\",\"inLanguage\":\"da-DK\",\"potentialAction\":[{\"@type\":\"ReadAction\",\"target\":[\"https:\/\/test.arctic.klean.it\/da\/pakkeliste-til-en-vinter-og-foraarsrejse\/\"]}]},{\"@type\":\"WebSite\",\"@id\":\"https:\/\/test.arctic.klean.it\/#website\",\"url\":\"https:\/\/test.arctic.klean.it\/\",\"name\":\"Arctic Excursions\",\"description\":\"New adventures. Every day.\",\"potentialAction\":[{\"@type\":\"SearchAction\",\"target\":{\"@type\":\"EntryPoint\",\"urlTemplate\":\"https:\/\/test.arctic.klean.it\/?s={search_term_string}\"},\"query-input\":{\"@type\":\"PropertyValueSpecification\",\"valueRequired\":true,\"valueName\":\"search_term_string\"}}],\"inLanguage\":\"da-DK\"}]}<\/script>\n<!-- \/ Yoast SEO plugin. -->","yoast_head_json":{"title":"Arctic Excursions","robots":{"index":"index","follow":"follow","max-snippet":"max-snippet:-1","max-image-preview":"max-image-preview:large","max-video-preview":"max-video-preview:-1"},"canonical":"https:\/\/test.arctic.klean.it\/da\/pakkeliste-til-en-vinter-og-foraarsrejse\/","og_locale":"da_DK","og_type":"article","og_title":"Pakkeliste til en vinter- og for\u00e5rsrejse - Arctic Excursions","og_description":"[vc_row unlock_row_content=&#8221;yes&#8221; row_height_percent=&#8221;40&#8243; override_padding=&#8221;yes&#8221; h_padding=&#8221;7&#8243; top_padding=&#8221;4&#8243; bottom_padding=&#8221;3&#8243; back_image=&#8221;11056&#8243; overlay_alpha=&#8221;50&#8243; gutter_size=&#8221;3&#8243; column_width_percent=&#8221;100&#8243; shift_y=&#8221;0&#8243; z_index=&#8221;0&#8243; uncode_shortcode_id=&#8221;208722&#8243;][vc_column width=&#8221;3\/4&#8243;][\/vc_column][vc_column width=&#8221;1\/4&#8243;][\/vc_column][\/vc_row][vc_row][vc_column width=&#8221;3\/4&#8243;][vc_custom_heading uncode_shortcode_id=&#8221;235532&#8243;] Pakkeliste til [&hellip;]","og_url":"https:\/\/test.arctic.klean.it\/da\/pakkeliste-til-en-vinter-og-foraarsrejse\/","og_site_name":"Arctic Excursions","article_modified_time":"2023-04-18T17:58:05+00:00","twitter_card":"summary_large_image","twitter_misc":{"Estimeret l\u00e6setid":"6 minutter"},"schema":{"@context":"https:\/\/schema.org","@graph":[{"@type":"WebPage","@id":"https:\/\/test.arctic.klean.it\/da\/pakkeliste-til-en-vinter-og-foraarsrejse\/","url":"https:\/\/test.arctic.klean.it\/da\/pakkeliste-til-en-vinter-og-foraarsrejse\/","name":"Pakkeliste til en vinter- og for\u00e5rsrejse - Arctic Excursions","isPartOf":{"@id":"https:\/\/test.arctic.klean.it\/#website"},"datePublished":"2023-03-23T20:48:51+00:00","dateModified":"2023-04-18T17:58:05+00:00","inLanguage":"da-DK","potentialAction":[{"@type":"ReadAction","target":["https:\/\/test.arctic.klean.it\/da\/pakkeliste-til-en-vinter-og-foraarsrejse\/"]}]},{"@type":"WebSite","@id":"https:\/\/test.arctic.klean.it\/#website","url":"https:\/\/test.arctic.klean.it\/","name":"Arctic Excursions","description":"New adventures. Every day.","potentialAction":[{"@type":"SearchAction","target":{"@type":"EntryPoint","urlTemplate":"https:\/\/test.arctic.klean.it\/?s={search_term_string}"},"query-input":{"@type":"PropertyValueSpecification","valueRequired":true,"valueName":"search_term_string"}}],"inLanguage":"da-DK"}]}},"_links":{"self":[{"href":"https:\/\/test.arctic.klean.it\/da\/wp-json\/wp\/v2\/pages\/12660","targetHints":{"allow":["GET"]}}],"collection":[{"href":"https:\/\/test.arctic.klean.it\/da\/wp-json\/wp\/v2\/pages"}],"about":[{"href":"https:\/\/test.arctic.klean.it\/da\/wp-json\/wp\/v2\/types\/page"}],"author":[{"embeddable":true,"href":"https:\/\/test.arctic.klean.it\/da\/wp-json\/wp\/v2\/users\/55"}],"replies":[{"embeddable":true,"href":"https:\/\/test.arctic.klean.it\/da\/wp-json\/wp\/v2\/comments?post=12660"}],"version-history":[{"count":3,"href":"https:\/\/test.arctic.klean.it\/da\/wp-json\/wp\/v2\/pages\/12660\/revisions"}],"predecessor-version":[{"id":12663,"href":"https:\/\/test.arctic.klean.it\/da\/wp-json\/wp\/v2\/pages\/12660\/revisions\/12663"}],"wp:attachment":[{"href":"https:\/\/test.arctic.klean.it\/da\/wp-json\/wp\/v2\/media?parent=12660"}],"curies":[{"name":"wp","href":"https:\/\/api.w.org\/{rel}","templated":true}]}}