{"id":12682,"date":"2022-05-23T15:31:09","date_gmt":"2022-05-23T13:31:09","guid":{"rendered":"https:\/\/test.arctic.klean.it\/south-greenland-towns-lodges\/"},"modified":"2023-04-19T14:17:31","modified_gmt":"2023-04-19T12:17:31","slug":"sydgroenlands-byer-og-logdes","status":"publish","type":"page","link":"https:\/\/test.arctic.klean.it\/da\/sydgroenlands-byer-og-logdes\/","title":{"rendered":"Sydgr\u00f8nlands byer og Lodges"},"content":{"rendered":"<div class=\"wpb-content-wrapper\"><p>[vc_row unlock_row_content=&#8221;yes&#8221; row_height_percent=&#8221;50&#8243; override_padding=&#8221;yes&#8221; h_padding=&#8221;7&#8243; top_padding=&#8221;4&#8243; bottom_padding=&#8221;4&#8243; back_image=&#8221;10671&#8243; overlay_alpha=&#8221;50&#8243; gutter_size=&#8221;3&#8243; column_width_percent=&#8221;100&#8243; shift_y=&#8221;0&#8243; z_index=&#8221;0&#8243; uncode_shortcode_id=&#8221;134515&#8243;][vc_column width=&#8221;1\/1&#8243;][\/vc_column][\/vc_row][vc_row row_height_percent=&#8221;0&#8243; override_padding=&#8221;yes&#8221; h_padding=&#8221;3&#8243; top_padding=&#8221;3&#8243; bottom_padding=&#8221;3&#8243; overlay_alpha=&#8221;50&#8243; gutter_size=&#8221;3&#8243; column_width_percent=&#8221;100&#8243; shift_y=&#8221;0&#8243; z_index=&#8221;0&#8243; uncode_shortcode_id=&#8221;164016&#8243;][vc_column column_width_percent=&#8221;100&#8243; gutter_size=&#8221;3&#8243; overlay_alpha=&#8221;50&#8243; shift_x=&#8221;0&#8243; shift_y=&#8221;0&#8243; shift_y_down=&#8221;0&#8243; z_index=&#8221;0&#8243; medium_width=&#8221;0&#8243; mobile_width=&#8221;0&#8243; width=&#8221;2\/3&#8243; uncode_shortcode_id=&#8221;898183&#8243;][vc_custom_heading heading_semantic=&#8221;h1&#8243; text_size=&#8221;h1&#8243; uncode_shortcode_id=&#8221;337706&#8243;]Sydgr\u00f8nland &#8211; Hjemsted for nordbokultur, varme kilder og frodige enge[\/vc_custom_heading][vc_column_text uncode_shortcode_id=&#8221;392333&#8243;]<\/p>\n<p style=\"text-align: left;\">Sydgr\u00f8nland er en storsl\u00e5et destination for dig, som s\u00f8ger betagende naturoplevelser og unikke kulturoplevelser. Omr\u00e5det er blandt andet ber\u00f8mt for sine fantastiske isfjorde, gletsjere og isbjerge, men Sydgr\u00f8nland er ogs\u00e5 hjemsted for flere historiske steder, herunder vikingeruiner og gamle kirker, der g\u00e5r helt tilbage til det. 12. \u00e5rhundrede. L\u00e6r mere om omr\u00e5dets fascinerende historier ved at bes\u00f8ge museer og kulturelle centre. For de friluftsinteresserede byder Syggr\u00f8nland p\u00e5 muligheder for fiskeri, jagt, kajaksejlads, klatring og vandreture. Regionen er desuden en fremragende destination for fugleinteresserede.<\/p>\n<p>[\/vc_column_text][\/vc_column][vc_column width=&#8221;1\/3&#8243;][vc_single_image media=&#8221;1520&#8243; media_width_percent=&#8221;100&#8243; uncode_shortcode_id=&#8221;111968&#8243;][\/vc_column][\/vc_row][vc_row row_height_percent=&#8221;0&#8243; override_padding=&#8221;yes&#8221; h_padding=&#8221;3&#8243; top_padding=&#8221;3&#8243; bottom_padding=&#8221;5&#8243; back_image=&#8221;167&#8243; back_position=&#8221;right bottom&#8221; overlay_alpha=&#8221;50&#8243; gutter_size=&#8221;3&#8243; column_width_use_pixel=&#8221;yes&#8221; shift_y=&#8221;0&#8243; z_index=&#8221;0&#8243; back_size=&#8221;contain&#8221; uncode_shortcode_id=&#8221;175128&#8243;][vc_column column_width_percent=&#8221;100&#8243; gutter_size=&#8221;3&#8243; overlay_alpha=&#8221;50&#8243; shift_x=&#8221;0&#8243; shift_y=&#8221;0&#8243; shift_y_down=&#8221;0&#8243; z_index=&#8221;0&#8243; medium_width=&#8221;0&#8243; mobile_width=&#8221;0&#8243; css_animation=&#8221;bottom-t-top&#8221; width=&#8221;1\/1&#8243; uncode_shortcode_id=&#8221;149135&#8243;][vc_row_inner row_inner_height_percent=&#8221;0&#8243; overlay_alpha=&#8221;50&#8243; gutter_size=&#8221;4&#8243; shift_y=&#8221;0&#8243; z_index=&#8221;0&#8243; uncode_shortcode_id=&#8221;187557&#8243;][vc_column_inner column_width_percent=&#8221;100&#8243; gutter_size=&#8221;3&#8243; overlay_alpha=&#8221;50&#8243; shift_x=&#8221;0&#8243; shift_y=&#8221;0&#8243; shift_y_down=&#8221;0&#8243; z_index=&#8221;0&#8243; medium_width=&#8221;0&#8243; mobile_width=&#8221;0&#8243; width=&#8221;1\/2&#8243; uncode_shortcode_id=&#8221;102418&#8243;][vc_single_image media=&#8221;10668&#8243; media_width_percent=&#8221;100&#8243; shape=&#8221;img-round&#8221; radius=&#8221;std&#8221; uncode_shortcode_id=&#8221;132169&#8243;][\/vc_column_inner][vc_column_inner column_width_percent=&#8221;100&#8243; position_vertical=&#8221;middle&#8221; align_horizontal=&#8221;align_center&#8221; gutter_size=&#8221;3&#8243; overlay_alpha=&#8221;50&#8243; shift_x=&#8221;0&#8243; shift_y=&#8221;-2&#8243; shift_y_down=&#8221;0&#8243; z_index=&#8221;0&#8243; medium_width=&#8221;0&#8243; mobile_width=&#8221;0&#8243; width=&#8221;1\/2&#8243; uncode_shortcode_id=&#8221;163899&#8243;][vc_custom_heading heading_semantic=&#8221;p&#8221; text_size=&#8221;&#8221; uncode_shortcode_id=&#8221;602049&#8243; el_class=&#8221;headermargin&#8221;]<\/p>\n<h2 style=\"text-align: left;\">Qaqortoq<\/h2>\n<p>[\/vc_custom_heading][vc_column_text uncode_shortcode_id=&#8221;190157&#8243;]<\/p>\n<p style=\"text-align: left;\">Qaqortoq er Kujalleq Kommunes st\u00f8rste by med 2784 indbyggere, og her er en masse at opleve. Ved ankomsten vil du f\u00f8rst bem\u00e6rke de hyggelige, mangefarvede huse. Byen byder ogs\u00e5 p\u00e5 gode butikker, kunst og kultur. Derfor er det ogs\u00e5 en yndet destination for krydstogtskibe. Derudover er Qaqortoq centrum for handel og uddannelse i Syggr\u00f8nland, og mange unge mennesker tager deres uddannelse her. P\u00e5 dansk er byen ogs\u00e5 kendt som Julianeh\u00e5b.<\/p>\n<p>[\/vc_column_text][vc_button border_width=&#8221;0&#8243; uncode_shortcode_id=&#8221;362786&#8243; link=&#8221;url:%2Fda%2Fudflugter%2F&#8221;]Udflugter[\/vc_button][\/vc_column_inner][\/vc_row_inner][vc_empty_space empty_h=&#8221;3&#8243;][vc_row_inner row_inner_height_percent=&#8221;0&#8243; overlay_alpha=&#8221;50&#8243; gutter_size=&#8221;4&#8243; shift_y=&#8221;0&#8243; z_index=&#8221;0&#8243; inverted_device_order=&#8221;yes&#8221; uncode_shortcode_id=&#8221;115776&#8243;][vc_column_inner column_width_percent=&#8221;100&#8243; position_vertical=&#8221;middle&#8221; align_horizontal=&#8221;align_center&#8221; gutter_size=&#8221;3&#8243; overlay_alpha=&#8221;50&#8243; shift_x=&#8221;0&#8243; shift_y=&#8221;-2&#8243; shift_y_down=&#8221;0&#8243; z_index=&#8221;0&#8243; medium_width=&#8221;0&#8243; mobile_width=&#8221;0&#8243; width=&#8221;1\/2&#8243; uncode_shortcode_id=&#8221;374119&#8243;][vc_custom_heading heading_semantic=&#8221;p&#8221; text_size=&#8221;&#8221; uncode_shortcode_id=&#8221;151851&#8243; el_class=&#8221;headermargin&#8221;]<\/p>\n<h2 style=\"text-align: left;\">Qassiarsuk<\/h2>\n<p>[\/vc_custom_heading][vc_column_text uncode_shortcode_id=&#8221;125926&#8243;]<\/p>\n<p style=\"text-align: left;\">I Qassiarsuk kan du komme rigtig t\u00e6t p\u00e5 nordbokulturen.\u00a0 Da vikingen Erik den R\u00f8de trodsede farvandet mellem Island og Gr\u00f8nland for over 1000 \u00e5r siden gjorde han byen til sit hjem, og i dag kan man stadig se resterne af datidens kirke, stalde og hal.\u00a0Oplev Erik den R\u00f8des langg\u00e5rd, og tag et smut forbi statuen af Leif Erikson (Erik den R\u00f8des s\u00f8n), som st\u00e5r vagt ved sit tidligere hjem. Qassiarsuk byder ogs\u00e5 p\u00e5 smukke vandreruter, blandt andet til f\u00e5reholderstedet Tasiusaq.<\/p>\n<p>[\/vc_column_text][vc_button border_width=&#8221;0&#8243; uncode_shortcode_id=&#8221;160579&#8243; link=&#8221;url:%2Fda%2Fudflugter%2F&#8221;]Udflugter[\/vc_button][\/vc_column_inner][vc_column_inner width=&#8221;1\/2&#8243;][vc_single_image media=&#8221;10674&#8243; media_width_percent=&#8221;100&#8243; alignment=&#8221;right&#8221; shape=&#8221;img-round&#8221; radius=&#8221;std&#8221; uncode_shortcode_id=&#8221;137375&#8243;][\/vc_column_inner][\/vc_row_inner][vc_empty_space empty_h=&#8221;3&#8243;][vc_row_inner row_inner_height_percent=&#8221;0&#8243; overlay_alpha=&#8221;50&#8243; gutter_size=&#8221;4&#8243; shift_y=&#8221;0&#8243; z_index=&#8221;0&#8243; uncode_shortcode_id=&#8221;155669&#8243;][vc_column_inner width=&#8221;1\/2&#8243;][vc_single_image media=&#8221;10676&#8243; media_width_percent=&#8221;100&#8243; shape=&#8221;img-round&#8221; radius=&#8221;std&#8221; uncode_shortcode_id=&#8221;216630&#8243;][\/vc_column_inner][vc_column_inner column_width_percent=&#8221;100&#8243; position_vertical=&#8221;middle&#8221; align_horizontal=&#8221;align_center&#8221; gutter_size=&#8221;3&#8243; overlay_alpha=&#8221;50&#8243; shift_x=&#8221;0&#8243; shift_y=&#8221;-2&#8243; shift_y_down=&#8221;0&#8243; z_index=&#8221;0&#8243; medium_width=&#8221;0&#8243; mobile_width=&#8221;0&#8243; width=&#8221;1\/2&#8243; uncode_shortcode_id=&#8221;173646&#8243;][vc_custom_heading heading_semantic=&#8221;p&#8221; text_size=&#8221;&#8221; uncode_shortcode_id=&#8221;202655&#8243; el_class=&#8221;headermargin&#8221;]<\/p>\n<h2 style=\"text-align: left;\">Nanortalik<\/h2>\n<p>[\/vc_custom_heading][vc_column_text uncode_shortcode_id=&#8221;851146&#8243;]<\/p>\n<p style=\"text-align: left;\">Granittoppene i den n\u00e6rliggende Tasermiut Fjord er kendt for at lokke klippe- og bjergklatrere til fra hele verden, mens mans i kajak kan opleve \u00f8ens sk\u00f8nhed fra havet. Er du mere til at beholde f\u00f8dderne p\u00e5 jorden, byder Nanortalik p\u00e5 uovertrufne vandreruter gennem landskabet. Nanortalik huser samtidig landets mest omfattende lokalmuseum. Tr\u00e6nger du til afslapning, kan du tr\u00e6de ned i en varm kilde, hvor du kan nyde udsigten ud over h\u00f8je bjerge og isbjerge.<\/p>\n<p>[\/vc_column_text][vc_button border_width=&#8221;0&#8243; uncode_shortcode_id=&#8221;195136&#8243; link=&#8221;url:%2Fda%2Fudflugter%2F&#8221;]Udflugter[\/vc_button][\/vc_column_inner][\/vc_row_inner][vc_empty_space empty_h=&#8221;3&#8243;][vc_row_inner row_inner_height_percent=&#8221;0&#8243; overlay_alpha=&#8221;50&#8243; gutter_size=&#8221;4&#8243; shift_y=&#8221;0&#8243; z_index=&#8221;0&#8243; inverted_device_order=&#8221;yes&#8221; uncode_shortcode_id=&#8221;142167&#8243;][vc_column_inner column_width_percent=&#8221;100&#8243; position_vertical=&#8221;middle&#8221; align_horizontal=&#8221;align_center&#8221; gutter_size=&#8221;3&#8243; overlay_alpha=&#8221;50&#8243; shift_x=&#8221;0&#8243; shift_y=&#8221;-2&#8243; shift_y_down=&#8221;0&#8243; z_index=&#8221;0&#8243; medium_width=&#8221;0&#8243; mobile_width=&#8221;0&#8243; width=&#8221;1\/2&#8243; uncode_shortcode_id=&#8221;187572&#8243;][vc_custom_heading heading_semantic=&#8221;p&#8221; text_size=&#8221;&#8221; uncode_shortcode_id=&#8221;811013&#8243; el_class=&#8221;headermargin&#8221;]<\/p>\n<h2 style=\"text-align: left;\">Igaliku<\/h2>\n<p>[\/vc_custom_heading][vc_column_text uncode_shortcode_id=&#8221;172818&#8243;]<\/p>\n<p style=\"text-align: left;\">Ligesom Qassiarsuk g\u00f8r den hyggelige landsbybygd Igaliku det muligt at komme helt t\u00e6t p\u00e5 de gamle vikinger og opleve resterne af nordbokulturen. Og for enden af byen starter den enorme vildmark, som har adskillige afm\u00e6rkede vandreruter, der b\u00e5de kan f\u00f8re dig forbi vandfald og isbjerge.<\/p>\n<p>[\/vc_column_text][vc_button border_width=&#8221;0&#8243; uncode_shortcode_id=&#8221;189720&#8243; link=&#8221;url:%2Fda%2Fudflugter%2F&#8221;]Udflugter[\/vc_button][\/vc_column_inner][vc_column_inner width=&#8221;1\/2&#8243;][vc_single_image media=&#8221;10680&#8243; media_width_percent=&#8221;100&#8243; alignment=&#8221;right&#8221; shape=&#8221;img-round&#8221; radius=&#8221;std&#8221; uncode_shortcode_id=&#8221;184054&#8243;][\/vc_column_inner][\/vc_row_inner][vc_empty_space empty_h=&#8221;3&#8243;][vc_row_inner row_inner_height_percent=&#8221;0&#8243; overlay_alpha=&#8221;50&#8243; gutter_size=&#8221;4&#8243; shift_y=&#8221;0&#8243; z_index=&#8221;0&#8243; inverted_device_order=&#8221;yes&#8221; uncode_shortcode_id=&#8221;142167&#8243;][vc_column_inner width=&#8221;1\/2&#8243;][vc_single_image media=&#8221;10682&#8243; media_width_percent=&#8221;100&#8243; alignment=&#8221;right&#8221; shape=&#8221;img-round&#8221; radius=&#8221;std&#8221; uncode_shortcode_id=&#8221;329535&#8243;][\/vc_column_inner][vc_column_inner column_width_percent=&#8221;100&#8243; position_vertical=&#8221;middle&#8221; align_horizontal=&#8221;align_center&#8221; gutter_size=&#8221;3&#8243; overlay_alpha=&#8221;50&#8243; shift_x=&#8221;0&#8243; shift_y=&#8221;-2&#8243; shift_y_down=&#8221;0&#8243; z_index=&#8221;0&#8243; medium_width=&#8221;0&#8243; mobile_width=&#8221;0&#8243; width=&#8221;1\/2&#8243; uncode_shortcode_id=&#8221;187572&#8243;][vc_custom_heading heading_semantic=&#8221;p&#8221; text_size=&#8221;&#8221; uncode_shortcode_id=&#8221;166695&#8243; el_class=&#8221;headermargin&#8221;]<\/p>\n<h2 style=\"text-align: left;\">Narsarsuaq<\/h2>\n<p>[\/vc_custom_heading][vc_column_text uncode_shortcode_id=&#8221;190461&#8243;]<\/p>\n<p style=\"text-align: left;\">Narsarsuaq er en lille by med kun omkring 170 indbyggere. I sommerperioden kan du opleve vandring, b\u00e5dsejlads, kajaksejlads, fiskeri og cykling. Rundt omkring i byen ser man stadig tegn p\u00e5 den rolle, som byen spillede som en allieret luftbase under 2. Verdenskrig. I Narsarsuaq kan du ogs\u00e5 vandre gennem en af Gr\u00f8nlands f\u00e5 skove.<\/p>\n<p>[\/vc_column_text][vc_button border_width=&#8221;0&#8243; uncode_shortcode_id=&#8221;189720&#8243; link=&#8221;url:%2Fda%2Fudflugter%2F&#8221;]Udflugter[\/vc_button][\/vc_column_inner][\/vc_row_inner][vc_empty_space empty_h=&#8221;3&#8243;][vc_row_inner row_inner_height_percent=&#8221;0&#8243; overlay_alpha=&#8221;50&#8243; gutter_size=&#8221;4&#8243; shift_y=&#8221;0&#8243; z_index=&#8221;0&#8243; inverted_device_order=&#8221;yes&#8221; uncode_shortcode_id=&#8221;142167&#8243;][vc_column_inner column_width_percent=&#8221;100&#8243; position_vertical=&#8221;middle&#8221; align_horizontal=&#8221;align_center&#8221; gutter_size=&#8221;3&#8243; overlay_alpha=&#8221;50&#8243; shift_x=&#8221;0&#8243; shift_y=&#8221;-2&#8243; shift_y_down=&#8221;0&#8243; z_index=&#8221;0&#8243; medium_width=&#8221;0&#8243; mobile_width=&#8221;0&#8243; width=&#8221;1\/2&#8243; uncode_shortcode_id=&#8221;187572&#8243;][vc_custom_heading heading_semantic=&#8221;p&#8221; text_size=&#8221;&#8221; uncode_shortcode_id=&#8221;192883&#8243; el_class=&#8221;headermargin&#8221;]<\/p>\n<h2 style=\"text-align: left;\">Narsaq<\/h2>\n<p>[\/vc_custom_heading][vc_column_text uncode_shortcode_id=&#8221;159594&#8243;]<\/p>\n<p style=\"text-align: left;\">Hvis du \u00f8nsker at udforske Syggr\u00f8nland p\u00e5 egen h\u00e5nd, er Narsaq det helt rette sted. Der er nemlig f\u00e6rre organiserede ture som g\u00e5r hertil, hvilket g\u00f8r destinationen perfekt for eventyrere, som selv vil udstikke kursen. Narsaq er derudover knudepunktet for f\u00e5reavl i Sydgr\u00f8nland, og lidt uden for byen finder du g\u00e5rden Landn\u00e1m, som er en af de \u00e6ldste nordboruiner i omr\u00e5det.<\/p>\n<p>[\/vc_column_text][vc_button border_width=&#8221;0&#8243; uncode_shortcode_id=&#8221;189720&#8243; link=&#8221;url:%2Fda%2Fudflugter%2F&#8221;]Udflugter[\/vc_button][\/vc_column_inner][vc_column_inner width=&#8221;1\/2&#8243;][vc_single_image media=&#8221;10684&#8243; media_width_percent=&#8221;100&#8243; alignment=&#8221;right&#8221; shape=&#8221;img-round&#8221; radius=&#8221;std&#8221; uncode_shortcode_id=&#8221;144535&#8243;][\/vc_column_inner][\/vc_row_inner][\/vc_column][\/vc_row]<\/p>\n<\/div>","protected":false},"excerpt":{"rendered":"<p>[vc_row unlock_row_content=&#8221;yes&#8221; row_height_percent=&#8221;50&#8243; override_padding=&#8221;yes&#8221; h_padding=&#8221;7&#8243; top_padding=&#8221;4&#8243; bottom_padding=&#8221;4&#8243; back_image=&#8221;10671&#8243; overlay_alpha=&#8221;50&#8243; gutter_size=&#8221;3&#8243; column_width_percent=&#8221;100&#8243; shift_y=&#8221;0&#8243; z_index=&#8221;0&#8243; uncode_shortcode_id=&#8221;134515&#8243;][vc_column width=&#8221;1\/1&#8243;][\/vc_column][\/vc_row][vc_row row_height_percent=&#8221;0&#8243; override_padding=&#8221;yes&#8221; h_padding=&#8221;3&#8243; top_padding=&#8221;3&#8243; bottom_padding=&#8221;3&#8243; [&hellip;]<\/p>\n","protected":false},"author":55,"featured_media":0,"parent":0,"menu_order":0,"comment_status":"closed","ping_status":"closed","template":"","meta":{"_acf_changed":false,"footnotes":""},"class_list":["post-12682","page","type-page","status-publish","hentry"],"acf":[],"yoast_head":"<!-- This site is optimized with the Yoast SEO plugin v25.2 - https:\/\/yoast.com\/wordpress\/plugins\/seo\/ -->\n<title>Arctic Excursions<\/title>\n<meta name=\"robots\" content=\"index, follow, max-snippet:-1, max-image-preview:large, max-video-preview:-1\" \/>\n<link rel=\"canonical\" href=\"https:\/\/test.arctic.klean.it\/da\/sydgroenlands-byer-og-logdes\/\" \/>\n<meta property=\"og:locale\" content=\"da_DK\" \/>\n<meta property=\"og:type\" content=\"article\" \/>\n<meta property=\"og:title\" content=\"Sydgr\u00f8nlands byer og Lodges - Arctic Excursions\" \/>\n<meta property=\"og:description\" content=\"[vc_row unlock_row_content=&#8221;yes&#8221; row_height_percent=&#8221;50&#8243; override_padding=&#8221;yes&#8221; h_padding=&#8221;7&#8243; top_padding=&#8221;4&#8243; bottom_padding=&#8221;4&#8243; back_image=&#8221;10671&#8243; overlay_alpha=&#8221;50&#8243; gutter_size=&#8221;3&#8243; column_width_percent=&#8221;100&#8243; shift_y=&#8221;0&#8243; z_index=&#8221;0&#8243; uncode_shortcode_id=&#8221;134515&#8243;][vc_column width=&#8221;1\/1&#8243;][\/vc_column][\/vc_row][vc_row row_height_percent=&#8221;0&#8243; override_padding=&#8221;yes&#8221; h_padding=&#8221;3&#8243; top_padding=&#8221;3&#8243; bottom_padding=&#8221;3&#8243; [&hellip;]\" \/>\n<meta property=\"og:url\" content=\"https:\/\/test.arctic.klean.it\/da\/sydgroenlands-byer-og-logdes\/\" \/>\n<meta property=\"og:site_name\" content=\"Arctic Excursions\" \/>\n<meta property=\"article:modified_time\" content=\"2023-04-19T12:17:31+00:00\" \/>\n<meta name=\"twitter:card\" content=\"summary_large_image\" \/>\n<meta name=\"twitter:label1\" content=\"Estimeret l\u00e6setid\" \/>\n\t<meta name=\"twitter:data1\" content=\"4 minutter\" \/>\n<script type=\"application\/ld+json\" class=\"yoast-schema-graph\">{\"@context\":\"https:\/\/schema.org\",\"@graph\":[{\"@type\":\"WebPage\",\"@id\":\"https:\/\/test.arctic.klean.it\/da\/sydgroenlands-byer-og-logdes\/\",\"url\":\"https:\/\/test.arctic.klean.it\/da\/sydgroenlands-byer-og-logdes\/\",\"name\":\"Sydgr\u00f8nlands byer og Lodges - Arctic Excursions\",\"isPartOf\":{\"@id\":\"https:\/\/test.arctic.klean.it\/#website\"},\"datePublished\":\"2022-05-23T13:31:09+00:00\",\"dateModified\":\"2023-04-19T12:17:31+00:00\",\"inLanguage\":\"da-DK\",\"potentialAction\":[{\"@type\":\"ReadAction\",\"target\":[\"https:\/\/test.arctic.klean.it\/da\/sydgroenlands-byer-og-logdes\/\"]}]},{\"@type\":\"WebSite\",\"@id\":\"https:\/\/test.arctic.klean.it\/#website\",\"url\":\"https:\/\/test.arctic.klean.it\/\",\"name\":\"Arctic Excursions\",\"description\":\"New adventures. Every day.\",\"potentialAction\":[{\"@type\":\"SearchAction\",\"target\":{\"@type\":\"EntryPoint\",\"urlTemplate\":\"https:\/\/test.arctic.klean.it\/?s={search_term_string}\"},\"query-input\":{\"@type\":\"PropertyValueSpecification\",\"valueRequired\":true,\"valueName\":\"search_term_string\"}}],\"inLanguage\":\"da-DK\"}]}<\/script>\n<!-- \/ Yoast SEO plugin. -->","yoast_head_json":{"title":"Arctic Excursions","robots":{"index":"index","follow":"follow","max-snippet":"max-snippet:-1","max-image-preview":"max-image-preview:large","max-video-preview":"max-video-preview:-1"},"canonical":"https:\/\/test.arctic.klean.it\/da\/sydgroenlands-byer-og-logdes\/","og_locale":"da_DK","og_type":"article","og_title":"Sydgr\u00f8nlands byer og Lodges - Arctic Excursions","og_description":"[vc_row unlock_row_content=&#8221;yes&#8221; row_height_percent=&#8221;50&#8243; override_padding=&#8221;yes&#8221; h_padding=&#8221;7&#8243; top_padding=&#8221;4&#8243; bottom_padding=&#8221;4&#8243; back_image=&#8221;10671&#8243; overlay_alpha=&#8221;50&#8243; gutter_size=&#8221;3&#8243; column_width_percent=&#8221;100&#8243; shift_y=&#8221;0&#8243; z_index=&#8221;0&#8243; uncode_shortcode_id=&#8221;134515&#8243;][vc_column width=&#8221;1\/1&#8243;][\/vc_column][\/vc_row][vc_row row_height_percent=&#8221;0&#8243; override_padding=&#8221;yes&#8221; h_padding=&#8221;3&#8243; top_padding=&#8221;3&#8243; bottom_padding=&#8221;3&#8243; [&hellip;]","og_url":"https:\/\/test.arctic.klean.it\/da\/sydgroenlands-byer-og-logdes\/","og_site_name":"Arctic Excursions","article_modified_time":"2023-04-19T12:17:31+00:00","twitter_card":"summary_large_image","twitter_misc":{"Estimeret l\u00e6setid":"4 minutter"},"schema":{"@context":"https:\/\/schema.org","@graph":[{"@type":"WebPage","@id":"https:\/\/test.arctic.klean.it\/da\/sydgroenlands-byer-og-logdes\/","url":"https:\/\/test.arctic.klean.it\/da\/sydgroenlands-byer-og-logdes\/","name":"Sydgr\u00f8nlands byer og Lodges - Arctic Excursions","isPartOf":{"@id":"https:\/\/test.arctic.klean.it\/#website"},"datePublished":"2022-05-23T13:31:09+00:00","dateModified":"2023-04-19T12:17:31+00:00","inLanguage":"da-DK","potentialAction":[{"@type":"ReadAction","target":["https:\/\/test.arctic.klean.it\/da\/sydgroenlands-byer-og-logdes\/"]}]},{"@type":"WebSite","@id":"https:\/\/test.arctic.klean.it\/#website","url":"https:\/\/test.arctic.klean.it\/","name":"Arctic Excursions","description":"New adventures. Every day.","potentialAction":[{"@type":"SearchAction","target":{"@type":"EntryPoint","urlTemplate":"https:\/\/test.arctic.klean.it\/?s={search_term_string}"},"query-input":{"@type":"PropertyValueSpecification","valueRequired":true,"valueName":"search_term_string"}}],"inLanguage":"da-DK"}]}},"_links":{"self":[{"href":"https:\/\/test.arctic.klean.it\/da\/wp-json\/wp\/v2\/pages\/12682","targetHints":{"allow":["GET"]}}],"collection":[{"href":"https:\/\/test.arctic.klean.it\/da\/wp-json\/wp\/v2\/pages"}],"about":[{"href":"https:\/\/test.arctic.klean.it\/da\/wp-json\/wp\/v2\/types\/page"}],"author":[{"embeddable":true,"href":"https:\/\/test.arctic.klean.it\/da\/wp-json\/wp\/v2\/users\/55"}],"replies":[{"embeddable":true,"href":"https:\/\/test.arctic.klean.it\/da\/wp-json\/wp\/v2\/comments?post=12682"}],"version-history":[{"count":3,"href":"https:\/\/test.arctic.klean.it\/da\/wp-json\/wp\/v2\/pages\/12682\/revisions"}],"predecessor-version":[{"id":12685,"href":"https:\/\/test.arctic.klean.it\/da\/wp-json\/wp\/v2\/pages\/12682\/revisions\/12685"}],"wp:attachment":[{"href":"https:\/\/test.arctic.klean.it\/da\/wp-json\/wp\/v2\/media?parent=12682"}],"curies":[{"name":"wp","href":"https:\/\/api.w.org\/{rel}","templated":true}]}}