{"id":12686,"date":"2022-05-23T15:31:09","date_gmt":"2022-05-23T13:31:09","guid":{"rendered":"https:\/\/test.arctic.klean.it\/east-greenland-towns-lodges\/"},"modified":"2023-04-19T14:35:20","modified_gmt":"2023-04-19T12:35:20","slug":"oestgroenlands-byer-og-lodges","status":"publish","type":"page","link":"https:\/\/test.arctic.klean.it\/da\/oestgroenlands-byer-og-lodges\/","title":{"rendered":"\u00d8stgr\u00f8nland &#8211; Byer og lodges"},"content":{"rendered":"<div class=\"wpb-content-wrapper\"><p>[vc_row unlock_row_content=&#8221;yes&#8221; row_height_percent=&#8221;50&#8243; override_padding=&#8221;yes&#8221; h_padding=&#8221;7&#8243; top_padding=&#8221;4&#8243; bottom_padding=&#8221;4&#8243; back_image=&#8221;11534&#8243; overlay_alpha=&#8221;50&#8243; gutter_size=&#8221;3&#8243; column_width_percent=&#8221;100&#8243; shift_y=&#8221;0&#8243; z_index=&#8221;0&#8243; uncode_shortcode_id=&#8221;144622&#8243;][vc_column width=&#8221;1\/1&#8243;][\/vc_column][\/vc_row][vc_row row_height_percent=&#8221;0&#8243; override_padding=&#8221;yes&#8221; h_padding=&#8221;3&#8243; top_padding=&#8221;3&#8243; bottom_padding=&#8221;3&#8243; overlay_alpha=&#8221;50&#8243; gutter_size=&#8221;3&#8243; column_width_percent=&#8221;100&#8243; shift_y=&#8221;0&#8243; z_index=&#8221;0&#8243; uncode_shortcode_id=&#8221;176952&#8243;][vc_column column_width_percent=&#8221;100&#8243; gutter_size=&#8221;3&#8243; overlay_alpha=&#8221;50&#8243; shift_x=&#8221;0&#8243; shift_y=&#8221;0&#8243; shift_y_down=&#8221;0&#8243; z_index=&#8221;0&#8243; medium_width=&#8221;0&#8243; mobile_width=&#8221;0&#8243; width=&#8221;2\/3&#8243; uncode_shortcode_id=&#8221;898183&#8243;][vc_custom_heading heading_semantic=&#8221;h1&#8243; text_size=&#8221;h1&#8243; uncode_shortcode_id=&#8221;361453&#8243;]\u00d8stgr\u00f8nland\u00a0 &#8211; Byer og Lodges[\/vc_custom_heading][vc_column_text uncode_shortcode_id=&#8221;555734&#8243;]<\/p>\n<div>\n<p>\u00d8stgr\u00f8nland er en unik destination, der ligger kun en kort flyvetur fra Island, men alligevel en verden v\u00e6k med hensyn til kultur og landskaber. Denne afsidesliggende region er domineret af indlandsisen og utroligt stejle bjergk\u00e6der, men det er ogs\u00e5 hjemstedet for 3.500 mennesker, der har bygget deres liv her.<\/p>\n<p>Den lokale kultur i \u00d8stgr\u00f8nland er dybt forankret i myter og sagn, hvilket fremg\u00e5r af de knogle- og helleristninger, der kan findes i hele regionen. P\u00e5 trods af denne \u00e6ldgamle arv er kulturen ogs\u00e5 forbundet med resten af verden med en st\u00e6rk jagttradition og en eventyrlyst, der pr\u00e6ger hverdagen.<\/p>\n<p>Uanset om du er interesseret i isfjorde, vandreture, heliskiing eller at opleve nordlyset, tilbyder \u00d8stgr\u00f8nland en hel\u00e5rsdestination for rejsende. De sm\u00e5 bebyggelser, der er spredt ud over landskabet, er perfekte til at udforske, mens hovedbyen Tasiilaq fungerer som en port for eventyrere, der begiver sig ud p\u00e5 l\u00e6ngere ekspeditioner i det barske bagland for klatring, kajaksejlads, udforskning af iskappen og bjergbestigning.<\/p>\n<\/div>\n<p>[\/vc_column_text][\/vc_column][vc_column width=&#8221;1\/3&#8243;][vc_single_image media=&#8221;1521&#8243; media_width_percent=&#8221;100&#8243; uncode_shortcode_id=&#8221;733503&#8243;][\/vc_column][\/vc_row][vc_row row_height_percent=&#8221;0&#8243; override_padding=&#8221;yes&#8221; h_padding=&#8221;3&#8243; top_padding=&#8221;3&#8243; bottom_padding=&#8221;5&#8243; back_image=&#8221;167&#8243; back_position=&#8221;right bottom&#8221; overlay_alpha=&#8221;50&#8243; gutter_size=&#8221;3&#8243; column_width_use_pixel=&#8221;yes&#8221; shift_y=&#8221;0&#8243; z_index=&#8221;0&#8243; back_size=&#8221;contain&#8221; uncode_shortcode_id=&#8221;175128&#8243;][vc_column column_width_percent=&#8221;100&#8243; gutter_size=&#8221;3&#8243; overlay_alpha=&#8221;50&#8243; shift_x=&#8221;0&#8243; shift_y=&#8221;0&#8243; shift_y_down=&#8221;0&#8243; z_index=&#8221;0&#8243; medium_width=&#8221;0&#8243; mobile_width=&#8221;0&#8243; css_animation=&#8221;bottom-t-top&#8221; width=&#8221;1\/1&#8243; uncode_shortcode_id=&#8221;149135&#8243;][vc_row_inner row_inner_height_percent=&#8221;0&#8243; overlay_alpha=&#8221;50&#8243; gutter_size=&#8221;4&#8243; shift_y=&#8221;0&#8243; z_index=&#8221;0&#8243; uncode_shortcode_id=&#8221;187557&#8243;][vc_column_inner column_width_percent=&#8221;100&#8243; gutter_size=&#8221;3&#8243; overlay_alpha=&#8221;50&#8243; shift_x=&#8221;0&#8243; shift_y=&#8221;0&#8243; shift_y_down=&#8221;0&#8243; z_index=&#8221;0&#8243; medium_width=&#8221;0&#8243; mobile_width=&#8221;0&#8243; width=&#8221;1\/2&#8243; uncode_shortcode_id=&#8221;102418&#8243;][vc_single_image media=&#8221;11524&#8243; media_width_percent=&#8221;100&#8243; shape=&#8221;img-round&#8221; radius=&#8221;std&#8221; uncode_shortcode_id=&#8221;130379&#8243;][\/vc_column_inner][vc_column_inner column_width_percent=&#8221;100&#8243; position_vertical=&#8221;middle&#8221; align_horizontal=&#8221;align_center&#8221; gutter_size=&#8221;3&#8243; overlay_alpha=&#8221;50&#8243; shift_x=&#8221;0&#8243; shift_y=&#8221;-2&#8243; shift_y_down=&#8221;0&#8243; z_index=&#8221;0&#8243; medium_width=&#8221;0&#8243; mobile_width=&#8221;0&#8243; width=&#8221;1\/2&#8243; uncode_shortcode_id=&#8221;163899&#8243;][vc_custom_heading heading_semantic=&#8221;p&#8221; text_size=&#8221;&#8221; uncode_shortcode_id=&#8221;837624&#8243; el_class=&#8221;headermargin&#8221;]<\/p>\n<h2 style=\"text-align: left;\">Tasiilaq<\/h2>\n<p>[\/vc_custom_heading][vc_column_text uncode_shortcode_id=&#8221;178400&#8243;]<\/p>\n<p style=\"text-align: left;\">V\u00e6r forberedt p\u00e5 at blive fortryllet af et panorama af betagende natur med dale og t\u00e5rnh\u00f8je bjerge, isbjerge og hvaler i fjordene. Om sommeren er Tasiilaq et studie i gr\u00f8nt og hvidt, med sort af og til, n\u00e5r man f\u00e5r et glimt af en hval. For vandrere er omr\u00e5det et paradis med stier, der passer til alle niveauer. Men selv hvis vandreture ikke er for dig, kan du stadig nyde den storsl\u00e5ede udsigt og de mange ture, der henvender sig til alle typer mennesker.<\/p>\n<p>[\/vc_column_text][vc_button border_width=&#8221;0&#8243; uncode_shortcode_id=&#8221;515713&#8243; link=&#8221;url:https%3A%2F%2Ftest.arctic.klean.it%2Fda%2Fudflugter%2Ffilters%2Ftour_location%2Ftasiilaq-da%2F&#8221;]Udflugter[\/vc_button][\/vc_column_inner][\/vc_row_inner][vc_empty_space empty_h=&#8221;3&#8243;][vc_row_inner row_inner_height_percent=&#8221;0&#8243; overlay_alpha=&#8221;50&#8243; gutter_size=&#8221;4&#8243; shift_y=&#8221;0&#8243; z_index=&#8221;0&#8243; inverted_device_order=&#8221;yes&#8221; uncode_shortcode_id=&#8221;115776&#8243;][vc_column_inner column_width_percent=&#8221;100&#8243; position_vertical=&#8221;middle&#8221; align_horizontal=&#8221;align_center&#8221; gutter_size=&#8221;3&#8243; overlay_alpha=&#8221;50&#8243; shift_x=&#8221;0&#8243; shift_y=&#8221;-2&#8243; shift_y_down=&#8221;0&#8243; z_index=&#8221;0&#8243; medium_width=&#8221;0&#8243; mobile_width=&#8221;0&#8243; width=&#8221;1\/2&#8243; uncode_shortcode_id=&#8221;374119&#8243;][vc_custom_heading heading_semantic=&#8221;p&#8221; text_size=&#8221;&#8221; uncode_shortcode_id=&#8221;187137&#8243; el_class=&#8221;headermargin&#8221;]<\/p>\n<h2 style=\"text-align: left;\">Kulusuk<\/h2>\n<p>[\/vc_custom_heading][vc_column_text uncode_shortcode_id=&#8221;127646&#8243;]<\/p>\n<p style=\"text-align: left;\">Kulusuk er en charmerende bygd i \u00d8stgr\u00f8nland, der giver bes\u00f8gende mulighed for at opleve traditionel inuitkultur, mens de nyder moderne bekvemmeligheder. Bebyggelsen, der kun huser 250 mennesker, er st\u00e6rkt afh\u00e6ngig af jagt og fiskeri for at overleve, og er derfor travl i vandkanten. Men takket v\u00e6re lufthavnen er der ogs\u00e5 mange mennesker, der lever af turisme, hvilket giver bes\u00f8gende mulighed for at opleve den lokale kultur p\u00e5 egen h\u00e5nd.<\/p>\n<p>[\/vc_column_text][vc_button border_width=&#8221;0&#8243; uncode_shortcode_id=&#8221;186771&#8243; link=&#8221;url:https%3A%2F%2Ftest.arctic.klean.it%2Fda%2Fudflugter%2F&#8221;]Udflugter[\/vc_button][\/vc_column_inner][vc_column_inner width=&#8221;1\/2&#8243;][vc_single_image media=&#8221;11526&#8243; media_width_percent=&#8221;100&#8243; alignment=&#8221;right&#8221; shape=&#8221;img-round&#8221; radius=&#8221;std&#8221; uncode_shortcode_id=&#8221;149121&#8243;][\/vc_column_inner][\/vc_row_inner][vc_empty_space empty_h=&#8221;3&#8243;][vc_row_inner row_inner_height_percent=&#8221;0&#8243; overlay_alpha=&#8221;50&#8243; gutter_size=&#8221;4&#8243; shift_y=&#8221;0&#8243; z_index=&#8221;0&#8243; uncode_shortcode_id=&#8221;155669&#8243;][vc_column_inner width=&#8221;1\/2&#8243;][vc_single_image media=&#8221;11528&#8243; media_width_percent=&#8221;100&#8243; shape=&#8221;img-round&#8221; radius=&#8221;std&#8221; uncode_shortcode_id=&#8221;141977&#8243;][\/vc_column_inner][vc_column_inner column_width_percent=&#8221;100&#8243; position_vertical=&#8221;middle&#8221; align_horizontal=&#8221;align_center&#8221; gutter_size=&#8221;3&#8243; overlay_alpha=&#8221;50&#8243; shift_x=&#8221;0&#8243; shift_y=&#8221;-2&#8243; shift_y_down=&#8221;0&#8243; z_index=&#8221;0&#8243; medium_width=&#8221;0&#8243; mobile_width=&#8221;0&#8243; width=&#8221;1\/2&#8243; uncode_shortcode_id=&#8221;173646&#8243;][vc_custom_heading heading_semantic=&#8221;p&#8221; text_size=&#8221;&#8221; uncode_shortcode_id=&#8221;785416&#8243; el_class=&#8221;headermargin&#8221;]<\/p>\n<h2 style=\"text-align: left;\"><strong>Ittoqqortoormiit<\/strong><\/h2>\n<p>[\/vc_custom_heading][vc_column_text uncode_shortcode_id=&#8221;323325&#8243;]<\/p>\n<p style=\"text-align: left;\">Ittoqqortoormiit er den mest isolerede by i Gr\u00f8nland, beliggende mellem verdens st\u00f8rste nationalpark og fjordsystem. Byens baghave er en vildmark med et rigt dyreliv, isbjerge og traditionelle inuit-jagtmetoder. Bes\u00f8gende kan f\u00e5 adgang til byen via helikopter, b\u00e5d eller snescooter eller gennem ekspeditionskrydstogter om sommeren. Ittoqqortoormiit byder p\u00e5 forskellige attraktioner s\u00e5som en kirke, museum, fodboldbane og farverige huse at udforske.<\/p>\n<p>[\/vc_column_text][vc_button border_width=&#8221;0&#8243; uncode_shortcode_id=&#8221;120998&#8243; link=&#8221;url:https%3A%2F%2Ftest.arctic.klean.it%2Fda%2Fudflugter%2F&#8221;]Udflugter[\/vc_button][\/vc_column_inner][\/vc_row_inner][\/vc_column][\/vc_row]<\/p>\n<\/div>","protected":false},"excerpt":{"rendered":"<p>[vc_row unlock_row_content=&#8221;yes&#8221; row_height_percent=&#8221;50&#8243; override_padding=&#8221;yes&#8221; h_padding=&#8221;7&#8243; top_padding=&#8221;4&#8243; bottom_padding=&#8221;4&#8243; back_image=&#8221;11534&#8243; overlay_alpha=&#8221;50&#8243; gutter_size=&#8221;3&#8243; column_width_percent=&#8221;100&#8243; shift_y=&#8221;0&#8243; z_index=&#8221;0&#8243; uncode_shortcode_id=&#8221;144622&#8243;][vc_column width=&#8221;1\/1&#8243;][\/vc_column][\/vc_row][vc_row row_height_percent=&#8221;0&#8243; override_padding=&#8221;yes&#8221; h_padding=&#8221;3&#8243; top_padding=&#8221;3&#8243; bottom_padding=&#8221;3&#8243; [&hellip;]<\/p>\n","protected":false},"author":55,"featured_media":0,"parent":0,"menu_order":0,"comment_status":"closed","ping_status":"closed","template":"","meta":{"_acf_changed":false,"footnotes":""},"class_list":["post-12686","page","type-page","status-publish","hentry"],"acf":[],"yoast_head":"<!-- This site is optimized with the Yoast SEO plugin v25.2 - https:\/\/yoast.com\/wordpress\/plugins\/seo\/ -->\n<title>Arctic Excursions<\/title>\n<meta name=\"robots\" content=\"index, follow, max-snippet:-1, max-image-preview:large, max-video-preview:-1\" \/>\n<link rel=\"canonical\" href=\"https:\/\/test.arctic.klean.it\/da\/oestgroenlands-byer-og-lodges\/\" \/>\n<meta property=\"og:locale\" content=\"da_DK\" \/>\n<meta property=\"og:type\" content=\"article\" \/>\n<meta property=\"og:title\" content=\"\u00d8stgr\u00f8nland - Byer og lodges - Arctic Excursions\" \/>\n<meta property=\"og:description\" content=\"[vc_row unlock_row_content=&#8221;yes&#8221; row_height_percent=&#8221;50&#8243; override_padding=&#8221;yes&#8221; h_padding=&#8221;7&#8243; top_padding=&#8221;4&#8243; bottom_padding=&#8221;4&#8243; back_image=&#8221;11534&#8243; overlay_alpha=&#8221;50&#8243; gutter_size=&#8221;3&#8243; column_width_percent=&#8221;100&#8243; shift_y=&#8221;0&#8243; z_index=&#8221;0&#8243; uncode_shortcode_id=&#8221;144622&#8243;][vc_column width=&#8221;1\/1&#8243;][\/vc_column][\/vc_row][vc_row row_height_percent=&#8221;0&#8243; override_padding=&#8221;yes&#8221; h_padding=&#8221;3&#8243; top_padding=&#8221;3&#8243; bottom_padding=&#8221;3&#8243; [&hellip;]\" \/>\n<meta property=\"og:url\" content=\"https:\/\/test.arctic.klean.it\/da\/oestgroenlands-byer-og-lodges\/\" \/>\n<meta property=\"og:site_name\" content=\"Arctic Excursions\" \/>\n<meta property=\"article:modified_time\" content=\"2023-04-19T12:35:20+00:00\" \/>\n<meta name=\"twitter:card\" content=\"summary_large_image\" \/>\n<meta name=\"twitter:label1\" content=\"Estimeret l\u00e6setid\" \/>\n\t<meta name=\"twitter:data1\" content=\"3 minutter\" \/>\n<script type=\"application\/ld+json\" class=\"yoast-schema-graph\">{\"@context\":\"https:\/\/schema.org\",\"@graph\":[{\"@type\":\"WebPage\",\"@id\":\"https:\/\/test.arctic.klean.it\/da\/oestgroenlands-byer-og-lodges\/\",\"url\":\"https:\/\/test.arctic.klean.it\/da\/oestgroenlands-byer-og-lodges\/\",\"name\":\"\u00d8stgr\u00f8nland - Byer og lodges - Arctic Excursions\",\"isPartOf\":{\"@id\":\"https:\/\/test.arctic.klean.it\/#website\"},\"datePublished\":\"2022-05-23T13:31:09+00:00\",\"dateModified\":\"2023-04-19T12:35:20+00:00\",\"inLanguage\":\"da-DK\",\"potentialAction\":[{\"@type\":\"ReadAction\",\"target\":[\"https:\/\/test.arctic.klean.it\/da\/oestgroenlands-byer-og-lodges\/\"]}]},{\"@type\":\"WebSite\",\"@id\":\"https:\/\/test.arctic.klean.it\/#website\",\"url\":\"https:\/\/test.arctic.klean.it\/\",\"name\":\"Arctic Excursions\",\"description\":\"New adventures. Every day.\",\"potentialAction\":[{\"@type\":\"SearchAction\",\"target\":{\"@type\":\"EntryPoint\",\"urlTemplate\":\"https:\/\/test.arctic.klean.it\/?s={search_term_string}\"},\"query-input\":{\"@type\":\"PropertyValueSpecification\",\"valueRequired\":true,\"valueName\":\"search_term_string\"}}],\"inLanguage\":\"da-DK\"}]}<\/script>\n<!-- \/ Yoast SEO plugin. -->","yoast_head_json":{"title":"Arctic Excursions","robots":{"index":"index","follow":"follow","max-snippet":"max-snippet:-1","max-image-preview":"max-image-preview:large","max-video-preview":"max-video-preview:-1"},"canonical":"https:\/\/test.arctic.klean.it\/da\/oestgroenlands-byer-og-lodges\/","og_locale":"da_DK","og_type":"article","og_title":"\u00d8stgr\u00f8nland - Byer og lodges - Arctic Excursions","og_description":"[vc_row unlock_row_content=&#8221;yes&#8221; row_height_percent=&#8221;50&#8243; override_padding=&#8221;yes&#8221; h_padding=&#8221;7&#8243; top_padding=&#8221;4&#8243; bottom_padding=&#8221;4&#8243; back_image=&#8221;11534&#8243; overlay_alpha=&#8221;50&#8243; gutter_size=&#8221;3&#8243; column_width_percent=&#8221;100&#8243; shift_y=&#8221;0&#8243; z_index=&#8221;0&#8243; uncode_shortcode_id=&#8221;144622&#8243;][vc_column width=&#8221;1\/1&#8243;][\/vc_column][\/vc_row][vc_row row_height_percent=&#8221;0&#8243; override_padding=&#8221;yes&#8221; h_padding=&#8221;3&#8243; top_padding=&#8221;3&#8243; bottom_padding=&#8221;3&#8243; [&hellip;]","og_url":"https:\/\/test.arctic.klean.it\/da\/oestgroenlands-byer-og-lodges\/","og_site_name":"Arctic Excursions","article_modified_time":"2023-04-19T12:35:20+00:00","twitter_card":"summary_large_image","twitter_misc":{"Estimeret l\u00e6setid":"3 minutter"},"schema":{"@context":"https:\/\/schema.org","@graph":[{"@type":"WebPage","@id":"https:\/\/test.arctic.klean.it\/da\/oestgroenlands-byer-og-lodges\/","url":"https:\/\/test.arctic.klean.it\/da\/oestgroenlands-byer-og-lodges\/","name":"\u00d8stgr\u00f8nland - Byer og lodges - Arctic Excursions","isPartOf":{"@id":"https:\/\/test.arctic.klean.it\/#website"},"datePublished":"2022-05-23T13:31:09+00:00","dateModified":"2023-04-19T12:35:20+00:00","inLanguage":"da-DK","potentialAction":[{"@type":"ReadAction","target":["https:\/\/test.arctic.klean.it\/da\/oestgroenlands-byer-og-lodges\/"]}]},{"@type":"WebSite","@id":"https:\/\/test.arctic.klean.it\/#website","url":"https:\/\/test.arctic.klean.it\/","name":"Arctic Excursions","description":"New adventures. Every day.","potentialAction":[{"@type":"SearchAction","target":{"@type":"EntryPoint","urlTemplate":"https:\/\/test.arctic.klean.it\/?s={search_term_string}"},"query-input":{"@type":"PropertyValueSpecification","valueRequired":true,"valueName":"search_term_string"}}],"inLanguage":"da-DK"}]}},"_links":{"self":[{"href":"https:\/\/test.arctic.klean.it\/da\/wp-json\/wp\/v2\/pages\/12686","targetHints":{"allow":["GET"]}}],"collection":[{"href":"https:\/\/test.arctic.klean.it\/da\/wp-json\/wp\/v2\/pages"}],"about":[{"href":"https:\/\/test.arctic.klean.it\/da\/wp-json\/wp\/v2\/types\/page"}],"author":[{"embeddable":true,"href":"https:\/\/test.arctic.klean.it\/da\/wp-json\/wp\/v2\/users\/55"}],"replies":[{"embeddable":true,"href":"https:\/\/test.arctic.klean.it\/da\/wp-json\/wp\/v2\/comments?post=12686"}],"version-history":[{"count":4,"href":"https:\/\/test.arctic.klean.it\/da\/wp-json\/wp\/v2\/pages\/12686\/revisions"}],"predecessor-version":[{"id":12690,"href":"https:\/\/test.arctic.klean.it\/da\/wp-json\/wp\/v2\/pages\/12686\/revisions\/12690"}],"wp:attachment":[{"href":"https:\/\/test.arctic.klean.it\/da\/wp-json\/wp\/v2\/media?parent=12686"}],"curies":[{"name":"wp","href":"https:\/\/api.w.org\/{rel}","templated":true}]}}