{"id":12692,"date":"2022-05-23T15:31:09","date_gmt":"2022-05-23T13:31:09","guid":{"rendered":"https:\/\/test.arctic.klean.it\/capital-region-towns-and-lodges\/"},"modified":"2023-04-19T14:39:01","modified_gmt":"2023-04-19T12:39:01","slug":"hovedstadsomraadets-byer-og-logdes","status":"publish","type":"page","link":"https:\/\/test.arctic.klean.it\/da\/hovedstadsomraadets-byer-og-logdes\/","title":{"rendered":"Hovedstadsomr\u00e5det &#8211; Byer og lodges"},"content":{"rendered":"<div class=\"wpb-content-wrapper\"><p>[vc_row unlock_row_content=&#8221;yes&#8221; row_height_percent=&#8221;50&#8243; override_padding=&#8221;yes&#8221; h_padding=&#8221;7&#8243; top_padding=&#8221;4&#8243; bottom_padding=&#8221;4&#8243; back_image=&#8221;10325&#8243; overlay_alpha=&#8221;50&#8243; gutter_size=&#8221;3&#8243; column_width_percent=&#8221;100&#8243; shift_y=&#8221;0&#8243; z_index=&#8221;0&#8243; uncode_shortcode_id=&#8221;211894&#8243;][vc_column width=&#8221;1\/1&#8243;][\/vc_column][\/vc_row][vc_row row_height_percent=&#8221;0&#8243; override_padding=&#8221;yes&#8221; h_padding=&#8221;3&#8243; top_padding=&#8221;3&#8243; bottom_padding=&#8221;3&#8243; overlay_alpha=&#8221;50&#8243; gutter_size=&#8221;3&#8243; column_width_percent=&#8221;100&#8243; shift_y=&#8221;0&#8243; z_index=&#8221;0&#8243; uncode_shortcode_id=&#8221;164016&#8243;][vc_column column_width_percent=&#8221;100&#8243; gutter_size=&#8221;3&#8243; overlay_alpha=&#8221;50&#8243; shift_x=&#8221;0&#8243; shift_y=&#8221;0&#8243; shift_y_down=&#8221;0&#8243; z_index=&#8221;0&#8243; medium_width=&#8221;0&#8243; mobile_width=&#8221;0&#8243; width=&#8221;2\/3&#8243; uncode_shortcode_id=&#8221;898183&#8243;][vc_custom_heading heading_semantic=&#8221;h1&#8243; text_size=&#8221;h1&#8243; uncode_shortcode_id=&#8221;657655&#8243;]Hovedstadsomr\u00e5det &#8211; Et moderne centrum omgivet af bjerge[\/vc_custom_heading][vc_column_text uncode_shortcode_id=&#8221;648795&#8243;]Hovedstadsomr\u00e5det i Gr\u00f8nland er noget helt s\u00e6rligt. Nuuk er ulig nogen anden hovedstad, med sit moderne centrum omgivet af vild natur og h\u00f8je bjerge. Aldrig har luften v\u00e6ret s\u00e5 frisk og klar i en hovedstad. Men hovedstadsomr\u00e5det byder p\u00e5 andet end det moderne Gr\u00f8nland. I de mindre bygder lever traditionerne, og du kan selv komme og opleve dem.[\/vc_column_text][\/vc_column][vc_column width=&#8221;1\/3&#8243;][vc_single_image media=&#8221;1518&#8243; media_width_percent=&#8221;100&#8243; uncode_shortcode_id=&#8221;141685&#8243;][\/vc_column][\/vc_row][vc_row row_height_percent=&#8221;0&#8243; override_padding=&#8221;yes&#8221; h_padding=&#8221;3&#8243; top_padding=&#8221;3&#8243; bottom_padding=&#8221;5&#8243; back_image=&#8221;167&#8243; back_position=&#8221;right bottom&#8221; overlay_alpha=&#8221;50&#8243; gutter_size=&#8221;3&#8243; column_width_use_pixel=&#8221;yes&#8221; shift_y=&#8221;0&#8243; z_index=&#8221;0&#8243; back_size=&#8221;contain&#8221; uncode_shortcode_id=&#8221;175128&#8243;][vc_column column_width_percent=&#8221;100&#8243; gutter_size=&#8221;3&#8243; overlay_alpha=&#8221;50&#8243; shift_x=&#8221;0&#8243; shift_y=&#8221;0&#8243; shift_y_down=&#8221;0&#8243; z_index=&#8221;0&#8243; medium_width=&#8221;0&#8243; mobile_width=&#8221;0&#8243; css_animation=&#8221;bottom-t-top&#8221; width=&#8221;1\/1&#8243; uncode_shortcode_id=&#8221;149135&#8243;][vc_row_inner row_inner_height_percent=&#8221;0&#8243; overlay_alpha=&#8221;50&#8243; gutter_size=&#8221;4&#8243; shift_y=&#8221;0&#8243; z_index=&#8221;0&#8243; uncode_shortcode_id=&#8221;187557&#8243;][vc_column_inner column_width_percent=&#8221;100&#8243; gutter_size=&#8221;3&#8243; overlay_alpha=&#8221;50&#8243; shift_x=&#8221;0&#8243; shift_y=&#8221;0&#8243; shift_y_down=&#8221;0&#8243; z_index=&#8221;0&#8243; medium_width=&#8221;0&#8243; mobile_width=&#8221;0&#8243; width=&#8221;1\/2&#8243; uncode_shortcode_id=&#8221;102418&#8243;][vc_single_image media=&#8221;10339&#8243; media_width_percent=&#8221;100&#8243; shape=&#8221;img-round&#8221; radius=&#8221;std&#8221; uncode_shortcode_id=&#8221;835612&#8243;][\/vc_column_inner][vc_column_inner column_width_percent=&#8221;100&#8243; position_vertical=&#8221;middle&#8221; align_horizontal=&#8221;align_center&#8221; gutter_size=&#8221;3&#8243; overlay_alpha=&#8221;50&#8243; shift_x=&#8221;0&#8243; shift_y=&#8221;-2&#8243; shift_y_down=&#8221;0&#8243; z_index=&#8221;0&#8243; medium_width=&#8221;0&#8243; mobile_width=&#8221;0&#8243; width=&#8221;1\/2&#8243; uncode_shortcode_id=&#8221;163899&#8243;][vc_custom_heading heading_semantic=&#8221;p&#8221; text_size=&#8221;&#8221; uncode_shortcode_id=&#8221;152364&#8243; el_class=&#8221;headermargin&#8221;]<\/p>\n<h2 style=\"text-align: left;\">Nuuk<\/h2>\n<p>[\/vc_custom_heading][vc_column_text uncode_shortcode_id=&#8221;459450&#8243;]<\/p>\n<p style=\"text-align: left;\">Nuuk er Gr\u00f8nlands hovedstad og allerst\u00f8rste by med sine 19.000 indbyggere. Byen er et pulserende kulturcentrum, og uanset hvor i Nuuk du befinder dig, er udsigten domineret af bjerge. Som hovedstad er Nuuk noget helt s\u00e6rligt &#8211; Fra det moderne centrum af byen er der kun en kort g\u00e5tur til et af verdens st\u00f8rste fjordsystemer, og en k\u00f8retur p\u00e5 10 minutter vil tage dig til foden af de h\u00f8je bjerge, som ligger ved indgangen til vildmarken.<\/p>\n<p>[\/vc_column_text][vc_button border_width=&#8221;0&#8243; uncode_shortcode_id=&#8221;120890&#8243; link=&#8221;url:%2Fda%2Fudflugter%2Ffilters%2Ftour_location%2Fnuuk-da%2F&#8221;]Udflugter[\/vc_button][\/vc_column_inner][\/vc_row_inner][vc_empty_space empty_h=&#8221;3&#8243;][vc_row_inner row_inner_height_percent=&#8221;0&#8243; overlay_alpha=&#8221;50&#8243; gutter_size=&#8221;4&#8243; shift_y=&#8221;0&#8243; z_index=&#8221;0&#8243; inverted_device_order=&#8221;yes&#8221; uncode_shortcode_id=&#8221;115776&#8243;][vc_column_inner column_width_percent=&#8221;100&#8243; position_vertical=&#8221;middle&#8221; align_horizontal=&#8221;align_center&#8221; gutter_size=&#8221;3&#8243; overlay_alpha=&#8221;50&#8243; shift_x=&#8221;0&#8243; shift_y=&#8221;-2&#8243; shift_y_down=&#8221;0&#8243; z_index=&#8221;0&#8243; medium_width=&#8221;0&#8243; mobile_width=&#8221;0&#8243; width=&#8221;1\/2&#8243; uncode_shortcode_id=&#8221;374119&#8243;][vc_custom_heading heading_semantic=&#8221;p&#8221; text_size=&#8221;&#8221; uncode_shortcode_id=&#8221;125840&#8243; el_class=&#8221;headermargin&#8221;]<\/p>\n<h2 style=\"text-align: left;\">Paamiut<\/h2>\n<p>[\/vc_custom_heading][vc_column_text uncode_shortcode_id=&#8221;169465&#8243;]<\/p>\n<p style=\"text-align: left;\">Paamiut er en lille bygd i Sydgr\u00f8nland, som blandt andet huser landets st\u00f8rste bestand af hav\u00f8rne. I forhold til flere andre byer og bygder i Gr\u00f8nland, er Paamiut knap s\u00e5 velbes\u00f8gt, hvilket g\u00f8r det til dr\u00f8mmedestinationen for dig, som elsker at have naturen lidt for dig selv. Befolkningen i Paamiut er venlig og im\u00f8dekommende og vil med gl\u00e6de pege dig i retning af en smuk vandrerute.<\/p>\n<p>[\/vc_column_text][vc_button border_width=&#8221;0&#8243; uncode_shortcode_id=&#8221;269423&#8243; link=&#8221;url:%2Fda%2Fudflugter%2F&#8221;]Udflugter[\/vc_button][\/vc_column_inner][vc_column_inner width=&#8221;1\/2&#8243;][vc_single_image media=&#8221;10331&#8243; media_width_percent=&#8221;100&#8243; alignment=&#8221;right&#8221; shape=&#8221;img-round&#8221; radius=&#8221;std&#8221; uncode_shortcode_id=&#8221;876428&#8243;][\/vc_column_inner][\/vc_row_inner][vc_empty_space empty_h=&#8221;3&#8243;][vc_row_inner row_inner_height_percent=&#8221;0&#8243; overlay_alpha=&#8221;50&#8243; gutter_size=&#8221;4&#8243; shift_y=&#8221;0&#8243; z_index=&#8221;0&#8243; uncode_shortcode_id=&#8221;155669&#8243;][vc_column_inner width=&#8221;1\/2&#8243;][vc_single_image media=&#8221;10333&#8243; media_width_percent=&#8221;100&#8243; shape=&#8221;img-round&#8221; radius=&#8221;std&#8221; uncode_shortcode_id=&#8221;152541&#8243;][\/vc_column_inner][vc_column_inner column_width_percent=&#8221;100&#8243; position_vertical=&#8221;middle&#8221; align_horizontal=&#8221;align_center&#8221; gutter_size=&#8221;3&#8243; overlay_alpha=&#8221;50&#8243; shift_x=&#8221;0&#8243; shift_y=&#8221;-2&#8243; shift_y_down=&#8221;0&#8243; z_index=&#8221;0&#8243; medium_width=&#8221;0&#8243; mobile_width=&#8221;0&#8243; width=&#8221;1\/2&#8243; uncode_shortcode_id=&#8221;173646&#8243;][vc_custom_heading heading_semantic=&#8221;p&#8221; text_size=&#8221;&#8221; uncode_shortcode_id=&#8221;591545&#8243; el_class=&#8221;headermargin&#8221;]<\/p>\n<h2 style=\"text-align: left;\">Qeqertarsuatsiaat<\/h2>\n<p>[\/vc_custom_heading][vc_column_text uncode_shortcode_id=&#8221;130845&#8243;]<\/p>\n<p style=\"text-align: left;\">Bygden Qeqertarsuatsiaat ligger midt mellem Nuuk og Paamiut. Bygden ligger p\u00e5 en lille \u00f8 lige ud for kysten og har omkring 200 indbyggere, som prim\u00e6rt lever af jagt og fiskeri.<\/p>\n<p>[\/vc_column_text][vc_button border_width=&#8221;0&#8243; uncode_shortcode_id=&#8221;195136&#8243; link=&#8221;url:%2Fda%2Fudflugter%2F&#8221;]Udflugter[\/vc_button][\/vc_column_inner][\/vc_row_inner][vc_empty_space empty_h=&#8221;3&#8243;][vc_row_inner row_inner_height_percent=&#8221;0&#8243; overlay_alpha=&#8221;50&#8243; gutter_size=&#8221;4&#8243; shift_y=&#8221;0&#8243; z_index=&#8221;0&#8243; inverted_device_order=&#8221;yes&#8221; uncode_shortcode_id=&#8221;142167&#8243;][vc_column_inner column_width_percent=&#8221;100&#8243; position_vertical=&#8221;middle&#8221; align_horizontal=&#8221;align_center&#8221; gutter_size=&#8221;3&#8243; overlay_alpha=&#8221;50&#8243; shift_x=&#8221;0&#8243; shift_y=&#8221;-2&#8243; shift_y_down=&#8221;0&#8243; z_index=&#8221;0&#8243; medium_width=&#8221;0&#8243; mobile_width=&#8221;0&#8243; width=&#8221;1\/2&#8243; uncode_shortcode_id=&#8221;187572&#8243;][vc_custom_heading heading_semantic=&#8221;p&#8221; text_size=&#8221;&#8221; uncode_shortcode_id=&#8221;587088&#8243; el_class=&#8221;headermargin&#8221;]<\/p>\n<h2 style=\"text-align: left;\">Kapisillit<\/h2>\n<p>[\/vc_custom_heading][vc_column_text uncode_shortcode_id=&#8221;560748&#8243;]<\/p>\n<p style=\"text-align: left;\">Selvom Kapisillit er den st\u00f8rste bygd i Gr\u00f8nland, er den det perfekte sted at slappe af og lade tankerne vandre. Kapisillit ligger i den fjerne ende af Nuuk Fjord, og udsigten ud over isbjergene i fjorden er helt enest\u00e5ende. Der er mange smukke vandreruter i omr\u00e5det, og i l\u00f8bet af august og september kan du fiske efter den s\u00e6rlige slags laks, der lever i floden lige uden for byen.<\/p>\n<p>[\/vc_column_text][vc_button border_width=&#8221;0&#8243; uncode_shortcode_id=&#8221;189720&#8243; link=&#8221;url:%2Fda%2Fudflugter%2F&#8221;]Udflugter[\/vc_button][\/vc_column_inner][vc_column_inner width=&#8221;1\/2&#8243;][vc_single_image media=&#8221;10335&#8243; media_width_percent=&#8221;100&#8243; alignment=&#8221;right&#8221; shape=&#8221;img-round&#8221; radius=&#8221;std&#8221; uncode_shortcode_id=&#8221;184757&#8243;][\/vc_column_inner][\/vc_row_inner][\/vc_column][\/vc_row]<\/p>\n<\/div>","protected":false},"excerpt":{"rendered":"<p>[vc_row unlock_row_content=&#8221;yes&#8221; row_height_percent=&#8221;50&#8243; override_padding=&#8221;yes&#8221; h_padding=&#8221;7&#8243; top_padding=&#8221;4&#8243; bottom_padding=&#8221;4&#8243; back_image=&#8221;10325&#8243; overlay_alpha=&#8221;50&#8243; gutter_size=&#8221;3&#8243; column_width_percent=&#8221;100&#8243; shift_y=&#8221;0&#8243; z_index=&#8221;0&#8243; uncode_shortcode_id=&#8221;211894&#8243;][vc_column width=&#8221;1\/1&#8243;][\/vc_column][\/vc_row][vc_row row_height_percent=&#8221;0&#8243; override_padding=&#8221;yes&#8221; h_padding=&#8221;3&#8243; top_padding=&#8221;3&#8243; bottom_padding=&#8221;3&#8243; [&hellip;]<\/p>\n","protected":false},"author":55,"featured_media":0,"parent":0,"menu_order":0,"comment_status":"closed","ping_status":"closed","template":"","meta":{"_acf_changed":false,"footnotes":""},"class_list":["post-12692","page","type-page","status-publish","hentry"],"acf":[],"yoast_head":"<!-- This site is optimized with the Yoast SEO plugin v25.2 - https:\/\/yoast.com\/wordpress\/plugins\/seo\/ -->\n<title>Arctic Excursions<\/title>\n<meta name=\"robots\" content=\"index, follow, max-snippet:-1, max-image-preview:large, max-video-preview:-1\" \/>\n<link rel=\"canonical\" href=\"https:\/\/test.arctic.klean.it\/da\/hovedstadsomraadets-byer-og-logdes\/\" \/>\n<meta property=\"og:locale\" content=\"da_DK\" \/>\n<meta property=\"og:type\" content=\"article\" \/>\n<meta property=\"og:title\" content=\"Hovedstadsomr\u00e5det - Byer og lodges - Arctic Excursions\" \/>\n<meta property=\"og:description\" content=\"[vc_row unlock_row_content=&#8221;yes&#8221; row_height_percent=&#8221;50&#8243; override_padding=&#8221;yes&#8221; h_padding=&#8221;7&#8243; top_padding=&#8221;4&#8243; bottom_padding=&#8221;4&#8243; back_image=&#8221;10325&#8243; overlay_alpha=&#8221;50&#8243; gutter_size=&#8221;3&#8243; column_width_percent=&#8221;100&#8243; shift_y=&#8221;0&#8243; z_index=&#8221;0&#8243; uncode_shortcode_id=&#8221;211894&#8243;][vc_column width=&#8221;1\/1&#8243;][\/vc_column][\/vc_row][vc_row row_height_percent=&#8221;0&#8243; override_padding=&#8221;yes&#8221; h_padding=&#8221;3&#8243; top_padding=&#8221;3&#8243; bottom_padding=&#8221;3&#8243; [&hellip;]\" \/>\n<meta property=\"og:url\" content=\"https:\/\/test.arctic.klean.it\/da\/hovedstadsomraadets-byer-og-logdes\/\" \/>\n<meta property=\"og:site_name\" content=\"Arctic Excursions\" \/>\n<meta property=\"article:modified_time\" content=\"2023-04-19T12:39:01+00:00\" \/>\n<meta name=\"twitter:card\" content=\"summary_large_image\" \/>\n<meta name=\"twitter:label1\" content=\"Estimeret l\u00e6setid\" \/>\n\t<meta name=\"twitter:data1\" content=\"3 minutter\" \/>\n<script type=\"application\/ld+json\" class=\"yoast-schema-graph\">{\"@context\":\"https:\/\/schema.org\",\"@graph\":[{\"@type\":\"WebPage\",\"@id\":\"https:\/\/test.arctic.klean.it\/da\/hovedstadsomraadets-byer-og-logdes\/\",\"url\":\"https:\/\/test.arctic.klean.it\/da\/hovedstadsomraadets-byer-og-logdes\/\",\"name\":\"Hovedstadsomr\u00e5det - Byer og lodges - Arctic Excursions\",\"isPartOf\":{\"@id\":\"https:\/\/test.arctic.klean.it\/#website\"},\"datePublished\":\"2022-05-23T13:31:09+00:00\",\"dateModified\":\"2023-04-19T12:39:01+00:00\",\"inLanguage\":\"da-DK\",\"potentialAction\":[{\"@type\":\"ReadAction\",\"target\":[\"https:\/\/test.arctic.klean.it\/da\/hovedstadsomraadets-byer-og-logdes\/\"]}]},{\"@type\":\"WebSite\",\"@id\":\"https:\/\/test.arctic.klean.it\/#website\",\"url\":\"https:\/\/test.arctic.klean.it\/\",\"name\":\"Arctic Excursions\",\"description\":\"New adventures. Every day.\",\"potentialAction\":[{\"@type\":\"SearchAction\",\"target\":{\"@type\":\"EntryPoint\",\"urlTemplate\":\"https:\/\/test.arctic.klean.it\/?s={search_term_string}\"},\"query-input\":{\"@type\":\"PropertyValueSpecification\",\"valueRequired\":true,\"valueName\":\"search_term_string\"}}],\"inLanguage\":\"da-DK\"}]}<\/script>\n<!-- \/ Yoast SEO plugin. -->","yoast_head_json":{"title":"Arctic Excursions","robots":{"index":"index","follow":"follow","max-snippet":"max-snippet:-1","max-image-preview":"max-image-preview:large","max-video-preview":"max-video-preview:-1"},"canonical":"https:\/\/test.arctic.klean.it\/da\/hovedstadsomraadets-byer-og-logdes\/","og_locale":"da_DK","og_type":"article","og_title":"Hovedstadsomr\u00e5det - Byer og lodges - Arctic Excursions","og_description":"[vc_row unlock_row_content=&#8221;yes&#8221; row_height_percent=&#8221;50&#8243; override_padding=&#8221;yes&#8221; h_padding=&#8221;7&#8243; top_padding=&#8221;4&#8243; bottom_padding=&#8221;4&#8243; back_image=&#8221;10325&#8243; overlay_alpha=&#8221;50&#8243; gutter_size=&#8221;3&#8243; column_width_percent=&#8221;100&#8243; shift_y=&#8221;0&#8243; z_index=&#8221;0&#8243; uncode_shortcode_id=&#8221;211894&#8243;][vc_column width=&#8221;1\/1&#8243;][\/vc_column][\/vc_row][vc_row row_height_percent=&#8221;0&#8243; override_padding=&#8221;yes&#8221; h_padding=&#8221;3&#8243; top_padding=&#8221;3&#8243; bottom_padding=&#8221;3&#8243; [&hellip;]","og_url":"https:\/\/test.arctic.klean.it\/da\/hovedstadsomraadets-byer-og-logdes\/","og_site_name":"Arctic Excursions","article_modified_time":"2023-04-19T12:39:01+00:00","twitter_card":"summary_large_image","twitter_misc":{"Estimeret l\u00e6setid":"3 minutter"},"schema":{"@context":"https:\/\/schema.org","@graph":[{"@type":"WebPage","@id":"https:\/\/test.arctic.klean.it\/da\/hovedstadsomraadets-byer-og-logdes\/","url":"https:\/\/test.arctic.klean.it\/da\/hovedstadsomraadets-byer-og-logdes\/","name":"Hovedstadsomr\u00e5det - Byer og lodges - Arctic Excursions","isPartOf":{"@id":"https:\/\/test.arctic.klean.it\/#website"},"datePublished":"2022-05-23T13:31:09+00:00","dateModified":"2023-04-19T12:39:01+00:00","inLanguage":"da-DK","potentialAction":[{"@type":"ReadAction","target":["https:\/\/test.arctic.klean.it\/da\/hovedstadsomraadets-byer-og-logdes\/"]}]},{"@type":"WebSite","@id":"https:\/\/test.arctic.klean.it\/#website","url":"https:\/\/test.arctic.klean.it\/","name":"Arctic Excursions","description":"New adventures. Every day.","potentialAction":[{"@type":"SearchAction","target":{"@type":"EntryPoint","urlTemplate":"https:\/\/test.arctic.klean.it\/?s={search_term_string}"},"query-input":{"@type":"PropertyValueSpecification","valueRequired":true,"valueName":"search_term_string"}}],"inLanguage":"da-DK"}]}},"_links":{"self":[{"href":"https:\/\/test.arctic.klean.it\/da\/wp-json\/wp\/v2\/pages\/12692","targetHints":{"allow":["GET"]}}],"collection":[{"href":"https:\/\/test.arctic.klean.it\/da\/wp-json\/wp\/v2\/pages"}],"about":[{"href":"https:\/\/test.arctic.klean.it\/da\/wp-json\/wp\/v2\/types\/page"}],"author":[{"embeddable":true,"href":"https:\/\/test.arctic.klean.it\/da\/wp-json\/wp\/v2\/users\/55"}],"replies":[{"embeddable":true,"href":"https:\/\/test.arctic.klean.it\/da\/wp-json\/wp\/v2\/comments?post=12692"}],"version-history":[{"count":4,"href":"https:\/\/test.arctic.klean.it\/da\/wp-json\/wp\/v2\/pages\/12692\/revisions"}],"predecessor-version":[{"id":12696,"href":"https:\/\/test.arctic.klean.it\/da\/wp-json\/wp\/v2\/pages\/12692\/revisions\/12696"}],"wp:attachment":[{"href":"https:\/\/test.arctic.klean.it\/da\/wp-json\/wp\/v2\/media?parent=12692"}],"curies":[{"name":"wp","href":"https:\/\/api.w.org\/{rel}","templated":true}]}}