{"id":1002,"date":"2022-05-12T12:36:45","date_gmt":"2022-05-12T10:36:45","guid":{"rendered":"https:\/\/test.arctic.klean.it\/?post_type=product&#038;p=1002"},"modified":"2022-10-27T17:29:49","modified_gmt":"2022-10-27T15:29:49","slug":"vandretur-til-toppen-af-qaqqarsuaq","status":"publish","type":"product","link":"https:\/\/test.arctic.klean.it\/da\/udflugter\/vandretur-til-toppen-af-qaqqarsuaq\/","title":{"rendered":"Vandretur til toppen af Qaqqarsuaq"},"content":{"rendered":"<p><strong>Lokation:<\/strong> Qasigiannguit<\/p>\n<p>Det h\u00f8je bjerg Qaqqarsuaq rejser sig over Qasigiannguit. Qaqqarsuaq betyder bogstaveligt talt &#8220;det store bjerg&#8221; p\u00e5 gr\u00f8nlandsk. Vi f\u00f8lger stien syd om bjerget og vandrer herefter op langs bagsiden. Det tager os omkring tre timer, men s\u00e5 f\u00e5r du ogs\u00e5 en fantastisk udsigt over Diskobugten, n\u00e5r vi n\u00e5r toppen 450 meter over havets overflade.<\/p>\n<p>Heroppe finder vi et sted med l\u00e6, s\u00e5 vi kan nyde vores medbragte madpakke, og s\u00e5 g\u00e5r det ned igen.<\/p>\n<p><strong>Bem\u00e6rk venligst<\/strong><br \/>\n&#8211; Husk en vandflaske<br \/>\n&#8211; Kl\u00e6d dig lag-p\u00e5-lag, s\u00e5 du kan tilpasse dit t\u00f8j til vejret<br \/>\n&#8211; Kaffe og te inkluderet<\/p>\n<p><strong>Varighed:\u00a0<\/strong>6 timer<br \/>\n<strong>S\u00e6son:\u00a0<\/strong>Sommer<br \/>\n<strong>Deltagere:\u00a0<\/strong>Min. 3<br \/>\n<strong>Sv\u00e6rhedsgrad:\u00a0<\/strong>Level 3<\/p>\n","protected":false},"excerpt":{"rendered":"<p>Tag din frokost med p\u00e5 denne smukke, guidede vandretur op p\u00e5 bjerget Qaqqarsuaq, det 450 meter h\u00f8je bjerg n\u00e6r Qasigiannguit<\/p>\n","protected":false},"featured_media":2287,"comment_status":"open","ping_status":"closed","template":"","meta":{"_acf_changed":false},"product_brand":[],"product_cat":[170],"product_tag":[161],"class_list":{"0":"post-1002","1":"product","2":"type-product","3":"status-publish","4":"has-post-thumbnail","6":"product_cat-udflugt","7":"product_tag-3-da","8":"pa_dato-172","9":"pa_dato-215","10":"pa_tidspunkt-70","11":"pa_tidspunkt-61","12":"pa_tidspunkt-231","13":"tour_location-qasigiannguit-da","14":"tour_type-vandreture","15":"tour_operator-diskobay-tours","17":"first","18":"outofstock","19":"shipping-taxable","20":"purchasable","21":"product-type-variable"},"acf":[],"yoast_head":"<!-- This site is optimized with the Yoast SEO plugin v25.2 - https:\/\/yoast.com\/wordpress\/plugins\/seo\/ -->\n<title>Arctic Excursions<\/title>\n<meta name=\"robots\" content=\"index, follow, max-snippet:-1, max-image-preview:large, max-video-preview:-1\" \/>\n<link rel=\"canonical\" href=\"https:\/\/test.arctic.klean.it\/udflugter\/qaqqarsuaq-hike\/\" \/>\n<meta property=\"og:locale\" content=\"da_DK\" \/>\n<meta property=\"og:type\" content=\"article\" \/>\n<meta property=\"og:title\" content=\"Vandretur til toppen af Qaqqarsuaq - Arctic Excursions\" \/>\n<meta property=\"og:description\" content=\"Tag din frokost med p\u00e5 denne smukke, guidede vandretur op p\u00e5 bjerget Qaqqarsuaq, det 450 meter h\u00f8je bjerg n\u00e6r Qasigiannguit\" \/>\n<meta property=\"og:url\" content=\"https:\/\/test.arctic.klean.it\/udflugter\/qaqqarsuaq-hike\/\" \/>\n<meta property=\"og:site_name\" content=\"Arctic Excursions\" \/>\n<meta property=\"article:modified_time\" content=\"2022-10-27T15:29:49+00:00\" \/>\n<meta property=\"og:image\" content=\"https:\/\/test.arctic.klean.it\/wp-content\/uploads\/2022\/06\/Qasigiannguit-qaqqarsuaq-erwin-reinthaler-1.jpg\" \/>\n\t<meta property=\"og:image:width\" content=\"1920\" \/>\n\t<meta property=\"og:image:height\" content=\"1080\" \/>\n\t<meta property=\"og:image:type\" content=\"image\/jpeg\" \/>\n<meta name=\"twitter:card\" content=\"summary_large_image\" \/>\n<meta name=\"twitter:label1\" content=\"Estimeret l\u00e6setid\" \/>\n\t<meta name=\"twitter:data1\" content=\"1 minut\" \/>\n<script type=\"application\/ld+json\" class=\"yoast-schema-graph\">{\"@context\":\"https:\/\/schema.org\",\"@graph\":[{\"@type\":\"WebPage\",\"@id\":\"https:\/\/test.arctic.klean.it\/udflugter\/qaqqarsuaq-hike\/\",\"url\":\"https:\/\/test.arctic.klean.it\/udflugter\/qaqqarsuaq-hike\/\",\"name\":\"Vandretur til toppen af Qaqqarsuaq - Arctic Excursions\",\"isPartOf\":{\"@id\":\"https:\/\/test.arctic.klean.it\/#website\"},\"primaryImageOfPage\":{\"@id\":\"https:\/\/test.arctic.klean.it\/udflugter\/qaqqarsuaq-hike\/#primaryimage\"},\"image\":{\"@id\":\"https:\/\/test.arctic.klean.it\/udflugter\/qaqqarsuaq-hike\/#primaryimage\"},\"thumbnailUrl\":\"https:\/\/test.arctic.klean.it\/wp-content\/uploads\/2022\/06\/Qasigiannguit-qaqqarsuaq-erwin-reinthaler-1.jpg\",\"datePublished\":\"2022-05-12T10:36:45+00:00\",\"dateModified\":\"2022-10-27T15:29:49+00:00\",\"breadcrumb\":{\"@id\":\"https:\/\/test.arctic.klean.it\/udflugter\/qaqqarsuaq-hike\/#breadcrumb\"},\"inLanguage\":\"da-DK\",\"potentialAction\":[{\"@type\":\"ReadAction\",\"target\":[\"https:\/\/test.arctic.klean.it\/udflugter\/qaqqarsuaq-hike\/\"]}]},{\"@type\":\"ImageObject\",\"inLanguage\":\"da-DK\",\"@id\":\"https:\/\/test.arctic.klean.it\/udflugter\/qaqqarsuaq-hike\/#primaryimage\",\"url\":\"https:\/\/test.arctic.klean.it\/wp-content\/uploads\/2022\/06\/Qasigiannguit-qaqqarsuaq-erwin-reinthaler-1.jpg\",\"contentUrl\":\"https:\/\/test.arctic.klean.it\/wp-content\/uploads\/2022\/06\/Qasigiannguit-qaqqarsuaq-erwin-reinthaler-1.jpg\",\"width\":1920,\"height\":1080},{\"@type\":\"BreadcrumbList\",\"@id\":\"https:\/\/test.arctic.klean.it\/udflugter\/qaqqarsuaq-hike\/#breadcrumb\",\"itemListElement\":[{\"@type\":\"ListItem\",\"position\":1,\"name\":\"Udflugter i Gr\u00f8nland\",\"item\":\"https:\/\/test.arctic.klean.it\/da\/udflugter\/\"},{\"@type\":\"ListItem\",\"position\":2,\"name\":\"Vandretur til toppen af Qaqqarsuaq\"}]},{\"@type\":\"WebSite\",\"@id\":\"https:\/\/test.arctic.klean.it\/#website\",\"url\":\"https:\/\/test.arctic.klean.it\/\",\"name\":\"Arctic Excursions\",\"description\":\"New adventures. Every day.\",\"potentialAction\":[{\"@type\":\"SearchAction\",\"target\":{\"@type\":\"EntryPoint\",\"urlTemplate\":\"https:\/\/test.arctic.klean.it\/?s={search_term_string}\"},\"query-input\":{\"@type\":\"PropertyValueSpecification\",\"valueRequired\":true,\"valueName\":\"search_term_string\"}}],\"inLanguage\":\"da-DK\"}]}<\/script>\n<!-- \/ Yoast SEO plugin. -->","yoast_head_json":{"title":"Arctic Excursions","robots":{"index":"index","follow":"follow","max-snippet":"max-snippet:-1","max-image-preview":"max-image-preview:large","max-video-preview":"max-video-preview:-1"},"canonical":"https:\/\/test.arctic.klean.it\/udflugter\/qaqqarsuaq-hike\/","og_locale":"da_DK","og_type":"article","og_title":"Vandretur til toppen af Qaqqarsuaq - Arctic Excursions","og_description":"Tag din frokost med p\u00e5 denne smukke, guidede vandretur op p\u00e5 bjerget Qaqqarsuaq, det 450 meter h\u00f8je bjerg n\u00e6r Qasigiannguit","og_url":"https:\/\/test.arctic.klean.it\/udflugter\/qaqqarsuaq-hike\/","og_site_name":"Arctic Excursions","article_modified_time":"2022-10-27T15:29:49+00:00","og_image":[{"width":1920,"height":1080,"url":"https:\/\/test.arctic.klean.it\/wp-content\/uploads\/2022\/06\/Qasigiannguit-qaqqarsuaq-erwin-reinthaler-1.jpg","type":"image\/jpeg"}],"twitter_card":"summary_large_image","twitter_misc":{"Estimeret l\u00e6setid":"1 minut"},"schema":{"@context":"https:\/\/schema.org","@graph":[{"@type":"WebPage","@id":"https:\/\/test.arctic.klean.it\/udflugter\/qaqqarsuaq-hike\/","url":"https:\/\/test.arctic.klean.it\/udflugter\/qaqqarsuaq-hike\/","name":"Vandretur til toppen af Qaqqarsuaq - Arctic Excursions","isPartOf":{"@id":"https:\/\/test.arctic.klean.it\/#website"},"primaryImageOfPage":{"@id":"https:\/\/test.arctic.klean.it\/udflugter\/qaqqarsuaq-hike\/#primaryimage"},"image":{"@id":"https:\/\/test.arctic.klean.it\/udflugter\/qaqqarsuaq-hike\/#primaryimage"},"thumbnailUrl":"https:\/\/test.arctic.klean.it\/wp-content\/uploads\/2022\/06\/Qasigiannguit-qaqqarsuaq-erwin-reinthaler-1.jpg","datePublished":"2022-05-12T10:36:45+00:00","dateModified":"2022-10-27T15:29:49+00:00","breadcrumb":{"@id":"https:\/\/test.arctic.klean.it\/udflugter\/qaqqarsuaq-hike\/#breadcrumb"},"inLanguage":"da-DK","potentialAction":[{"@type":"ReadAction","target":["https:\/\/test.arctic.klean.it\/udflugter\/qaqqarsuaq-hike\/"]}]},{"@type":"ImageObject","inLanguage":"da-DK","@id":"https:\/\/test.arctic.klean.it\/udflugter\/qaqqarsuaq-hike\/#primaryimage","url":"https:\/\/test.arctic.klean.it\/wp-content\/uploads\/2022\/06\/Qasigiannguit-qaqqarsuaq-erwin-reinthaler-1.jpg","contentUrl":"https:\/\/test.arctic.klean.it\/wp-content\/uploads\/2022\/06\/Qasigiannguit-qaqqarsuaq-erwin-reinthaler-1.jpg","width":1920,"height":1080},{"@type":"BreadcrumbList","@id":"https:\/\/test.arctic.klean.it\/udflugter\/qaqqarsuaq-hike\/#breadcrumb","itemListElement":[{"@type":"ListItem","position":1,"name":"Udflugter i Gr\u00f8nland","item":"https:\/\/test.arctic.klean.it\/da\/udflugter\/"},{"@type":"ListItem","position":2,"name":"Vandretur til toppen af Qaqqarsuaq"}]},{"@type":"WebSite","@id":"https:\/\/test.arctic.klean.it\/#website","url":"https:\/\/test.arctic.klean.it\/","name":"Arctic Excursions","description":"New adventures. Every day.","potentialAction":[{"@type":"SearchAction","target":{"@type":"EntryPoint","urlTemplate":"https:\/\/test.arctic.klean.it\/?s={search_term_string}"},"query-input":{"@type":"PropertyValueSpecification","valueRequired":true,"valueName":"search_term_string"}}],"inLanguage":"da-DK"}]}},"_links":{"self":[{"href":"https:\/\/test.arctic.klean.it\/da\/wp-json\/wp\/v2\/product\/1002","targetHints":{"allow":["GET"]}}],"collection":[{"href":"https:\/\/test.arctic.klean.it\/da\/wp-json\/wp\/v2\/product"}],"about":[{"href":"https:\/\/test.arctic.klean.it\/da\/wp-json\/wp\/v2\/types\/product"}],"replies":[{"embeddable":true,"href":"https:\/\/test.arctic.klean.it\/da\/wp-json\/wp\/v2\/comments?post=1002"}],"wp:featuredmedia":[{"embeddable":true,"href":"https:\/\/test.arctic.klean.it\/da\/wp-json\/wp\/v2\/media\/2287"}],"wp:attachment":[{"href":"https:\/\/test.arctic.klean.it\/da\/wp-json\/wp\/v2\/media?parent=1002"}],"wp:term":[{"taxonomy":"product_brand","embeddable":true,"href":"https:\/\/test.arctic.klean.it\/da\/wp-json\/wp\/v2\/product_brand?post=1002"},{"taxonomy":"product_cat","embeddable":true,"href":"https:\/\/test.arctic.klean.it\/da\/wp-json\/wp\/v2\/product_cat?post=1002"},{"taxonomy":"product_tag","embeddable":true,"href":"https:\/\/test.arctic.klean.it\/da\/wp-json\/wp\/v2\/product_tag?post=1002"}],"curies":[{"name":"wp","href":"https:\/\/api.w.org\/{rel}","templated":true}]}}