{"id":10190,"date":"2023-02-28T11:24:47","date_gmt":"2023-02-28T09:24:47","guid":{"rendered":"https:\/\/test.arctic.klean.it\/?post_type=product&#038;p=10190"},"modified":"2023-04-11T12:14:56","modified_gmt":"2023-04-11T10:14:56","slug":"stjerne-nordlys-tur-vol-2","status":"publish","type":"product","link":"https:\/\/test.arctic.klean.it\/da\/udflugter\/stjerne-nordlys-tur-vol-2\/","title":{"rendered":"Stjerne &#038; Nordlys tur"},"content":{"rendered":"<p>Kom med p\u00e5 tur og oplev jagten efter nordlys. <\/p>\n<p>Vi k\u00f8rer v\u00e6k fra al lysforurening i UTV og ud i det m\u00f8rke bagland bag Sisimiut. <\/p>\n<p>Der vil v\u00e6re flere gode stops undervejs, hvor vi vil se op mod himlen i h\u00e5b om at se nordlys. Forh\u00e5bentligt danser det gr\u00f8nlandske nordlys for os. <\/p>\n<p>Der vil v\u00e6re mulighed for at tage nogle gode billeder undervejs. Hvis heldet er med os, vil det v\u00e6re et evigt minde, du tager med dig hjem. <\/p>\n<p>V\u00e6r venligst opm\u00e6rksom p\u00e5, at vejret bestemmer her, og derfor kan der forekomme \u00e6ndringer ift. afgangstidspunktet p\u00e5 denne tur.<\/p>\n","protected":false},"excerpt":{"rendered":"<p>Kom med p\u00e5 jagt efter den arktiske nats gr\u00f8nne vidunder. <\/p>\n","protected":false},"featured_media":3294,"comment_status":"open","ping_status":"closed","template":"","meta":{"_acf_changed":false},"product_brand":[],"product_cat":[170],"product_tag":[],"class_list":{"0":"post-10190","1":"product","2":"type-product","3":"status-publish","4":"has-post-thumbnail","6":"product_cat-udflugt","7":"pa_dato-343","8":"pa_dato-344","9":"pa_dato-345","10":"pa_dato-346","11":"pa_dato-347","12":"pa_dato-348","13":"pa_dato-349","14":"pa_dato-350","15":"pa_dato-351","16":"pa_dato-352","17":"pa_dato-353","18":"pa_dato-354","19":"pa_dato-355","20":"pa_dato-356","21":"pa_dato-357","22":"pa_dato-358","23":"pa_dato-359","24":"pa_dato-396","25":"pa_tidspunkt-178","26":"pa_tidspunkt-86","27":"tour_location-sisimiut-da","28":"tour_type-nordlys","29":"tour_operator-hotel-sisimiut-tours","31":"first","32":"outofstock","33":"shipping-taxable","34":"product-type-variable"},"acf":[],"yoast_head":"<!-- This site is optimized with the Yoast SEO plugin v25.2 - https:\/\/yoast.com\/wordpress\/plugins\/seo\/ -->\n<title>Arctic Excursions<\/title>\n<meta name=\"robots\" content=\"index, follow, max-snippet:-1, max-image-preview:large, max-video-preview:-1\" \/>\n<link rel=\"canonical\" href=\"https:\/\/test.arctic.klean.it\/udflugter\/star-northern-lights-tour\/\" \/>\n<meta property=\"og:locale\" content=\"da_DK\" \/>\n<meta property=\"og:type\" content=\"article\" \/>\n<meta property=\"og:title\" content=\"Stjerne &amp; Nordlys tur - Arctic Excursions\" \/>\n<meta property=\"og:description\" content=\"Kom med p\u00e5 jagt efter den arktiske nats gr\u00f8nne vidunder.\" \/>\n<meta property=\"og:url\" content=\"https:\/\/test.arctic.klean.it\/udflugter\/star-northern-lights-tour\/\" \/>\n<meta property=\"og:site_name\" content=\"Arctic Excursions\" \/>\n<meta property=\"article:modified_time\" content=\"2023-04-11T10:14:56+00:00\" \/>\n<meta property=\"og:image\" content=\"https:\/\/test.arctic.klean.it\/wp-content\/uploads\/2022\/10\/F815A309-3A95-4620-BAAD-CFC0A964DFF2-scaled.jpg\" \/>\n\t<meta property=\"og:image:width\" content=\"2560\" \/>\n\t<meta property=\"og:image:height\" content=\"1918\" \/>\n\t<meta property=\"og:image:type\" content=\"image\/jpeg\" \/>\n<meta name=\"twitter:card\" content=\"summary_large_image\" \/>\n<meta name=\"twitter:label1\" content=\"Estimeret l\u00e6setid\" \/>\n\t<meta name=\"twitter:data1\" content=\"1 minut\" \/>\n<script type=\"application\/ld+json\" class=\"yoast-schema-graph\">{\"@context\":\"https:\/\/schema.org\",\"@graph\":[{\"@type\":\"WebPage\",\"@id\":\"https:\/\/test.arctic.klean.it\/udflugter\/star-northern-lights-tour\/\",\"url\":\"https:\/\/test.arctic.klean.it\/udflugter\/star-northern-lights-tour\/\",\"name\":\"Stjerne & Nordlys tur - Arctic Excursions\",\"isPartOf\":{\"@id\":\"https:\/\/test.arctic.klean.it\/#website\"},\"primaryImageOfPage\":{\"@id\":\"https:\/\/test.arctic.klean.it\/udflugter\/star-northern-lights-tour\/#primaryimage\"},\"image\":{\"@id\":\"https:\/\/test.arctic.klean.it\/udflugter\/star-northern-lights-tour\/#primaryimage\"},\"thumbnailUrl\":\"https:\/\/test.arctic.klean.it\/wp-content\/uploads\/2022\/10\/F815A309-3A95-4620-BAAD-CFC0A964DFF2-scaled.jpg\",\"datePublished\":\"2023-02-28T09:24:47+00:00\",\"dateModified\":\"2023-04-11T10:14:56+00:00\",\"breadcrumb\":{\"@id\":\"https:\/\/test.arctic.klean.it\/udflugter\/star-northern-lights-tour\/#breadcrumb\"},\"inLanguage\":\"da-DK\",\"potentialAction\":[{\"@type\":\"ReadAction\",\"target\":[\"https:\/\/test.arctic.klean.it\/udflugter\/star-northern-lights-tour\/\"]}]},{\"@type\":\"ImageObject\",\"inLanguage\":\"da-DK\",\"@id\":\"https:\/\/test.arctic.klean.it\/udflugter\/star-northern-lights-tour\/#primaryimage\",\"url\":\"https:\/\/test.arctic.klean.it\/wp-content\/uploads\/2022\/10\/F815A309-3A95-4620-BAAD-CFC0A964DFF2-scaled.jpg\",\"contentUrl\":\"https:\/\/test.arctic.klean.it\/wp-content\/uploads\/2022\/10\/F815A309-3A95-4620-BAAD-CFC0A964DFF2-scaled.jpg\",\"width\":2560,\"height\":1918},{\"@type\":\"BreadcrumbList\",\"@id\":\"https:\/\/test.arctic.klean.it\/udflugter\/star-northern-lights-tour\/#breadcrumb\",\"itemListElement\":[{\"@type\":\"ListItem\",\"position\":1,\"name\":\"Udflugter i Gr\u00f8nland\",\"item\":\"https:\/\/test.arctic.klean.it\/da\/udflugter\/\"},{\"@type\":\"ListItem\",\"position\":2,\"name\":\"Stjerne &#038; Nordlys tur\"}]},{\"@type\":\"WebSite\",\"@id\":\"https:\/\/test.arctic.klean.it\/#website\",\"url\":\"https:\/\/test.arctic.klean.it\/\",\"name\":\"Arctic Excursions\",\"description\":\"New adventures. Every day.\",\"potentialAction\":[{\"@type\":\"SearchAction\",\"target\":{\"@type\":\"EntryPoint\",\"urlTemplate\":\"https:\/\/test.arctic.klean.it\/?s={search_term_string}\"},\"query-input\":{\"@type\":\"PropertyValueSpecification\",\"valueRequired\":true,\"valueName\":\"search_term_string\"}}],\"inLanguage\":\"da-DK\"}]}<\/script>\n<!-- \/ Yoast SEO plugin. -->","yoast_head_json":{"title":"Arctic Excursions","robots":{"index":"index","follow":"follow","max-snippet":"max-snippet:-1","max-image-preview":"max-image-preview:large","max-video-preview":"max-video-preview:-1"},"canonical":"https:\/\/test.arctic.klean.it\/udflugter\/star-northern-lights-tour\/","og_locale":"da_DK","og_type":"article","og_title":"Stjerne & Nordlys tur - Arctic Excursions","og_description":"Kom med p\u00e5 jagt efter den arktiske nats gr\u00f8nne vidunder.","og_url":"https:\/\/test.arctic.klean.it\/udflugter\/star-northern-lights-tour\/","og_site_name":"Arctic Excursions","article_modified_time":"2023-04-11T10:14:56+00:00","og_image":[{"width":2560,"height":1918,"url":"https:\/\/test.arctic.klean.it\/wp-content\/uploads\/2022\/10\/F815A309-3A95-4620-BAAD-CFC0A964DFF2-scaled.jpg","type":"image\/jpeg"}],"twitter_card":"summary_large_image","twitter_misc":{"Estimeret l\u00e6setid":"1 minut"},"schema":{"@context":"https:\/\/schema.org","@graph":[{"@type":"WebPage","@id":"https:\/\/test.arctic.klean.it\/udflugter\/star-northern-lights-tour\/","url":"https:\/\/test.arctic.klean.it\/udflugter\/star-northern-lights-tour\/","name":"Stjerne & Nordlys tur - Arctic Excursions","isPartOf":{"@id":"https:\/\/test.arctic.klean.it\/#website"},"primaryImageOfPage":{"@id":"https:\/\/test.arctic.klean.it\/udflugter\/star-northern-lights-tour\/#primaryimage"},"image":{"@id":"https:\/\/test.arctic.klean.it\/udflugter\/star-northern-lights-tour\/#primaryimage"},"thumbnailUrl":"https:\/\/test.arctic.klean.it\/wp-content\/uploads\/2022\/10\/F815A309-3A95-4620-BAAD-CFC0A964DFF2-scaled.jpg","datePublished":"2023-02-28T09:24:47+00:00","dateModified":"2023-04-11T10:14:56+00:00","breadcrumb":{"@id":"https:\/\/test.arctic.klean.it\/udflugter\/star-northern-lights-tour\/#breadcrumb"},"inLanguage":"da-DK","potentialAction":[{"@type":"ReadAction","target":["https:\/\/test.arctic.klean.it\/udflugter\/star-northern-lights-tour\/"]}]},{"@type":"ImageObject","inLanguage":"da-DK","@id":"https:\/\/test.arctic.klean.it\/udflugter\/star-northern-lights-tour\/#primaryimage","url":"https:\/\/test.arctic.klean.it\/wp-content\/uploads\/2022\/10\/F815A309-3A95-4620-BAAD-CFC0A964DFF2-scaled.jpg","contentUrl":"https:\/\/test.arctic.klean.it\/wp-content\/uploads\/2022\/10\/F815A309-3A95-4620-BAAD-CFC0A964DFF2-scaled.jpg","width":2560,"height":1918},{"@type":"BreadcrumbList","@id":"https:\/\/test.arctic.klean.it\/udflugter\/star-northern-lights-tour\/#breadcrumb","itemListElement":[{"@type":"ListItem","position":1,"name":"Udflugter i Gr\u00f8nland","item":"https:\/\/test.arctic.klean.it\/da\/udflugter\/"},{"@type":"ListItem","position":2,"name":"Stjerne &#038; Nordlys tur"}]},{"@type":"WebSite","@id":"https:\/\/test.arctic.klean.it\/#website","url":"https:\/\/test.arctic.klean.it\/","name":"Arctic Excursions","description":"New adventures. Every day.","potentialAction":[{"@type":"SearchAction","target":{"@type":"EntryPoint","urlTemplate":"https:\/\/test.arctic.klean.it\/?s={search_term_string}"},"query-input":{"@type":"PropertyValueSpecification","valueRequired":true,"valueName":"search_term_string"}}],"inLanguage":"da-DK"}]}},"_links":{"self":[{"href":"https:\/\/test.arctic.klean.it\/da\/wp-json\/wp\/v2\/product\/10190","targetHints":{"allow":["GET"]}}],"collection":[{"href":"https:\/\/test.arctic.klean.it\/da\/wp-json\/wp\/v2\/product"}],"about":[{"href":"https:\/\/test.arctic.klean.it\/da\/wp-json\/wp\/v2\/types\/product"}],"replies":[{"embeddable":true,"href":"https:\/\/test.arctic.klean.it\/da\/wp-json\/wp\/v2\/comments?post=10190"}],"wp:featuredmedia":[{"embeddable":true,"href":"https:\/\/test.arctic.klean.it\/da\/wp-json\/wp\/v2\/media\/3294"}],"wp:attachment":[{"href":"https:\/\/test.arctic.klean.it\/da\/wp-json\/wp\/v2\/media?parent=10190"}],"wp:term":[{"taxonomy":"product_brand","embeddable":true,"href":"https:\/\/test.arctic.klean.it\/da\/wp-json\/wp\/v2\/product_brand?post=10190"},{"taxonomy":"product_cat","embeddable":true,"href":"https:\/\/test.arctic.klean.it\/da\/wp-json\/wp\/v2\/product_cat?post=10190"},{"taxonomy":"product_tag","embeddable":true,"href":"https:\/\/test.arctic.klean.it\/da\/wp-json\/wp\/v2\/product_tag?post=10190"}],"curies":[{"name":"wp","href":"https:\/\/api.w.org\/{rel}","templated":true}]}}