{"id":10227,"date":"2023-02-28T14:44:05","date_gmt":"2023-02-28T12:44:05","guid":{"rendered":"https:\/\/test.arctic.klean.it\/?post_type=product&#038;p=10227"},"modified":"2023-04-30T14:05:18","modified_gmt":"2023-04-30T12:05:18","slug":"vinter-safari-v2","status":"publish","type":"product","link":"https:\/\/test.arctic.klean.it\/da\/udflugter\/vinter-safari-v2\/","title":{"rendered":"Vinter Safari"},"content":{"rendered":"<p>Kom helt t\u00e6t p\u00e5 vinterlandskabet p\u00e5 denne vinter safari med UTV i Sisimiut. <\/p>\n<p>Turen starter fra byen og vi k\u00f8rer mod det smukke bagland gennem hundebyen, hvor man for muligheden for at opleve og se den gr\u00f8nlandske sl\u00e6dehund, som har v\u00e6ret en vigtig del af den gr\u00f8nlandske kultur i mange \u00e5r og generationer. <\/p>\n<p>Vi k\u00f8rer videre mod baglandet \u00f8st for Sisimiut og ser elven kaldt Kisaq, her ser man det betagende, frosne vandfald.  <\/p>\n<p>Stedet er det perfekte sted til at tage nogle gode billeder af Sisimiut og turen kan nydes af alle. <\/p>\n<p>Hele familien kan deltage p\u00e5 turen.<\/p>\n","protected":false},"excerpt":{"rendered":"<p>Oplev vinterlandskabet p\u00e5 en helt ny m\u00e5de.<\/p>\n","protected":false},"featured_media":3275,"comment_status":"open","ping_status":"closed","template":"","meta":{"_acf_changed":false},"product_brand":[],"product_cat":[170],"product_tag":[],"class_list":{"0":"post-10227","1":"product","2":"type-product","3":"status-publish","4":"has-post-thumbnail","6":"product_cat-udflugt","7":"pa_dato-729","8":"pa_dato-343","9":"pa_dato-371","10":"pa_dato-344","11":"pa_dato-412","12":"pa_dato-346","13":"pa_dato-372","14":"pa_dato-373","15":"pa_dato-374","16":"pa_dato-347","17":"pa_dato-413","18":"pa_dato-349","19":"pa_dato-350","20":"pa_dato-414","21":"pa_dato-352","22":"pa_dato-380","23":"pa_dato-353","24":"pa_dato-415","25":"pa_dato-355","26":"pa_dato-383","27":"pa_dato-356","28":"pa_dato-416","29":"pa_dato-358","30":"pa_dato-386","31":"pa_dato-417","32":"pa_dato-418","33":"pa_dato-390","34":"pa_dato-405","35":"pa_dato-419","36":"pa_dato-420","37":"pa_dato-394","38":"pa_dato-406","39":"pa_dato-421","40":"pa_dato-422","41":"pa_dato-398","42":"pa_dato-407","43":"pa_dato-728","44":"pa_tidspunkt-40","45":"pa_tidspunkt-308","46":"pa_tidspunkt-110","47":"tour_location-sisimiut-da","48":"tour_type-outdoor-da","49":"tour_operator-hotel-sisimiut-tours","51":"first","52":"outofstock","53":"shipping-taxable","54":"product-type-variable"},"acf":[],"yoast_head":"<!-- This site is optimized with the Yoast SEO plugin v25.2 - https:\/\/yoast.com\/wordpress\/plugins\/seo\/ -->\n<title>Arctic Excursions<\/title>\n<meta name=\"robots\" content=\"index, follow, max-snippet:-1, max-image-preview:large, max-video-preview:-1\" \/>\n<link rel=\"canonical\" href=\"https:\/\/test.arctic.klean.it\/udflugter\/winter-safari-v2\/\" \/>\n<meta property=\"og:locale\" content=\"da_DK\" \/>\n<meta property=\"og:type\" content=\"article\" \/>\n<meta property=\"og:title\" content=\"Vinter Safari - Arctic Excursions\" \/>\n<meta property=\"og:description\" content=\"Oplev vinterlandskabet p\u00e5 en helt ny m\u00e5de.\" \/>\n<meta property=\"og:url\" content=\"https:\/\/test.arctic.klean.it\/udflugter\/winter-safari-v2\/\" \/>\n<meta property=\"og:site_name\" content=\"Arctic Excursions\" \/>\n<meta property=\"article:modified_time\" content=\"2023-04-30T12:05:18+00:00\" \/>\n<meta property=\"og:image\" content=\"https:\/\/test.arctic.klean.it\/wp-content\/uploads\/2022\/10\/Vinter-Safari-4-scaled.jpg\" \/>\n\t<meta property=\"og:image:width\" content=\"2560\" \/>\n\t<meta property=\"og:image:height\" content=\"1707\" \/>\n\t<meta property=\"og:image:type\" content=\"image\/jpeg\" \/>\n<meta name=\"twitter:card\" content=\"summary_large_image\" \/>\n<meta name=\"twitter:label1\" content=\"Estimeret l\u00e6setid\" \/>\n\t<meta name=\"twitter:data1\" content=\"1 minut\" \/>\n<script type=\"application\/ld+json\" class=\"yoast-schema-graph\">{\"@context\":\"https:\/\/schema.org\",\"@graph\":[{\"@type\":\"WebPage\",\"@id\":\"https:\/\/test.arctic.klean.it\/udflugter\/winter-safari-v2\/\",\"url\":\"https:\/\/test.arctic.klean.it\/udflugter\/winter-safari-v2\/\",\"name\":\"Vinter Safari - Arctic Excursions\",\"isPartOf\":{\"@id\":\"https:\/\/test.arctic.klean.it\/#website\"},\"primaryImageOfPage\":{\"@id\":\"https:\/\/test.arctic.klean.it\/udflugter\/winter-safari-v2\/#primaryimage\"},\"image\":{\"@id\":\"https:\/\/test.arctic.klean.it\/udflugter\/winter-safari-v2\/#primaryimage\"},\"thumbnailUrl\":\"https:\/\/test.arctic.klean.it\/wp-content\/uploads\/2022\/10\/Vinter-Safari-4-scaled.jpg\",\"datePublished\":\"2023-02-28T12:44:05+00:00\",\"dateModified\":\"2023-04-30T12:05:18+00:00\",\"breadcrumb\":{\"@id\":\"https:\/\/test.arctic.klean.it\/udflugter\/winter-safari-v2\/#breadcrumb\"},\"inLanguage\":\"da-DK\",\"potentialAction\":[{\"@type\":\"ReadAction\",\"target\":[\"https:\/\/test.arctic.klean.it\/udflugter\/winter-safari-v2\/\"]}]},{\"@type\":\"ImageObject\",\"inLanguage\":\"da-DK\",\"@id\":\"https:\/\/test.arctic.klean.it\/udflugter\/winter-safari-v2\/#primaryimage\",\"url\":\"https:\/\/test.arctic.klean.it\/wp-content\/uploads\/2022\/10\/Vinter-Safari-4-scaled.jpg\",\"contentUrl\":\"https:\/\/test.arctic.klean.it\/wp-content\/uploads\/2022\/10\/Vinter-Safari-4-scaled.jpg\",\"width\":2560,\"height\":1707},{\"@type\":\"BreadcrumbList\",\"@id\":\"https:\/\/test.arctic.klean.it\/udflugter\/winter-safari-v2\/#breadcrumb\",\"itemListElement\":[{\"@type\":\"ListItem\",\"position\":1,\"name\":\"Udflugter i Gr\u00f8nland\",\"item\":\"https:\/\/test.arctic.klean.it\/da\/udflugter\/\"},{\"@type\":\"ListItem\",\"position\":2,\"name\":\"Vinter Safari\"}]},{\"@type\":\"WebSite\",\"@id\":\"https:\/\/test.arctic.klean.it\/#website\",\"url\":\"https:\/\/test.arctic.klean.it\/\",\"name\":\"Arctic Excursions\",\"description\":\"New adventures. Every day.\",\"potentialAction\":[{\"@type\":\"SearchAction\",\"target\":{\"@type\":\"EntryPoint\",\"urlTemplate\":\"https:\/\/test.arctic.klean.it\/?s={search_term_string}\"},\"query-input\":{\"@type\":\"PropertyValueSpecification\",\"valueRequired\":true,\"valueName\":\"search_term_string\"}}],\"inLanguage\":\"da-DK\"}]}<\/script>\n<!-- \/ Yoast SEO plugin. -->","yoast_head_json":{"title":"Arctic Excursions","robots":{"index":"index","follow":"follow","max-snippet":"max-snippet:-1","max-image-preview":"max-image-preview:large","max-video-preview":"max-video-preview:-1"},"canonical":"https:\/\/test.arctic.klean.it\/udflugter\/winter-safari-v2\/","og_locale":"da_DK","og_type":"article","og_title":"Vinter Safari - Arctic Excursions","og_description":"Oplev vinterlandskabet p\u00e5 en helt ny m\u00e5de.","og_url":"https:\/\/test.arctic.klean.it\/udflugter\/winter-safari-v2\/","og_site_name":"Arctic Excursions","article_modified_time":"2023-04-30T12:05:18+00:00","og_image":[{"width":2560,"height":1707,"url":"https:\/\/test.arctic.klean.it\/wp-content\/uploads\/2022\/10\/Vinter-Safari-4-scaled.jpg","type":"image\/jpeg"}],"twitter_card":"summary_large_image","twitter_misc":{"Estimeret l\u00e6setid":"1 minut"},"schema":{"@context":"https:\/\/schema.org","@graph":[{"@type":"WebPage","@id":"https:\/\/test.arctic.klean.it\/udflugter\/winter-safari-v2\/","url":"https:\/\/test.arctic.klean.it\/udflugter\/winter-safari-v2\/","name":"Vinter Safari - Arctic Excursions","isPartOf":{"@id":"https:\/\/test.arctic.klean.it\/#website"},"primaryImageOfPage":{"@id":"https:\/\/test.arctic.klean.it\/udflugter\/winter-safari-v2\/#primaryimage"},"image":{"@id":"https:\/\/test.arctic.klean.it\/udflugter\/winter-safari-v2\/#primaryimage"},"thumbnailUrl":"https:\/\/test.arctic.klean.it\/wp-content\/uploads\/2022\/10\/Vinter-Safari-4-scaled.jpg","datePublished":"2023-02-28T12:44:05+00:00","dateModified":"2023-04-30T12:05:18+00:00","breadcrumb":{"@id":"https:\/\/test.arctic.klean.it\/udflugter\/winter-safari-v2\/#breadcrumb"},"inLanguage":"da-DK","potentialAction":[{"@type":"ReadAction","target":["https:\/\/test.arctic.klean.it\/udflugter\/winter-safari-v2\/"]}]},{"@type":"ImageObject","inLanguage":"da-DK","@id":"https:\/\/test.arctic.klean.it\/udflugter\/winter-safari-v2\/#primaryimage","url":"https:\/\/test.arctic.klean.it\/wp-content\/uploads\/2022\/10\/Vinter-Safari-4-scaled.jpg","contentUrl":"https:\/\/test.arctic.klean.it\/wp-content\/uploads\/2022\/10\/Vinter-Safari-4-scaled.jpg","width":2560,"height":1707},{"@type":"BreadcrumbList","@id":"https:\/\/test.arctic.klean.it\/udflugter\/winter-safari-v2\/#breadcrumb","itemListElement":[{"@type":"ListItem","position":1,"name":"Udflugter i Gr\u00f8nland","item":"https:\/\/test.arctic.klean.it\/da\/udflugter\/"},{"@type":"ListItem","position":2,"name":"Vinter Safari"}]},{"@type":"WebSite","@id":"https:\/\/test.arctic.klean.it\/#website","url":"https:\/\/test.arctic.klean.it\/","name":"Arctic Excursions","description":"New adventures. Every day.","potentialAction":[{"@type":"SearchAction","target":{"@type":"EntryPoint","urlTemplate":"https:\/\/test.arctic.klean.it\/?s={search_term_string}"},"query-input":{"@type":"PropertyValueSpecification","valueRequired":true,"valueName":"search_term_string"}}],"inLanguage":"da-DK"}]}},"_links":{"self":[{"href":"https:\/\/test.arctic.klean.it\/da\/wp-json\/wp\/v2\/product\/10227","targetHints":{"allow":["GET"]}}],"collection":[{"href":"https:\/\/test.arctic.klean.it\/da\/wp-json\/wp\/v2\/product"}],"about":[{"href":"https:\/\/test.arctic.klean.it\/da\/wp-json\/wp\/v2\/types\/product"}],"replies":[{"embeddable":true,"href":"https:\/\/test.arctic.klean.it\/da\/wp-json\/wp\/v2\/comments?post=10227"}],"wp:featuredmedia":[{"embeddable":true,"href":"https:\/\/test.arctic.klean.it\/da\/wp-json\/wp\/v2\/media\/3275"}],"wp:attachment":[{"href":"https:\/\/test.arctic.klean.it\/da\/wp-json\/wp\/v2\/media?parent=10227"}],"wp:term":[{"taxonomy":"product_brand","embeddable":true,"href":"https:\/\/test.arctic.klean.it\/da\/wp-json\/wp\/v2\/product_brand?post=10227"},{"taxonomy":"product_cat","embeddable":true,"href":"https:\/\/test.arctic.klean.it\/da\/wp-json\/wp\/v2\/product_cat?post=10227"},{"taxonomy":"product_tag","embeddable":true,"href":"https:\/\/test.arctic.klean.it\/da\/wp-json\/wp\/v2\/product_tag?post=10227"}],"curies":[{"name":"wp","href":"https:\/\/api.w.org\/{rel}","templated":true}]}}