{"id":10232,"date":"2023-03-01T12:41:30","date_gmt":"2023-03-01T10:41:30","guid":{"rendered":"https:\/\/test.arctic.klean.it\/?post_type=product&#038;p=10232"},"modified":"2023-08-15T10:45:33","modified_gmt":"2023-08-15T08:45:33","slug":"iceberg-tour","status":"publish","type":"product","link":"https:\/\/test.arctic.klean.it\/da\/udflugter\/iceberg-tour\/","title":{"rendered":"Isbjergstur p\u00e5 hesteryg"},"content":{"rendered":"<p><b>Dag 1:<\/b><br \/>\nVed ankomst til Narsarsuaq Internationale Lufthavn skal du melde din ankomst i Blue Ice Explorers&#8217; reception i lufthavnen. Blue Ice s\u00f8rger for din transport til havnen og sejler dig til landsbyen Qassiarsuk, hvor et teammedlem fra Riding Greenland vil byde dig velkommen. Din bagage vil blive k\u00f8rt til Riding Greenland Hostel, og du vil blive vist vej til vandrehjemmet, da havnen ligger t\u00e6t p\u00e5. Et medlem af Riding Greenlands team vil vise dig dit v\u00e6relse ved ankomsten til vandrehjemmet, og du vil blive informeret om, hvorn\u00e5r middagen vil blive serveret.<\/p>\n<p><b>Dag 2:<\/b><br \/>\nMorgenmad i spisestuen, og n\u00e5r alle er f\u00e6rdige, g\u00e5r alle udenfor og m\u00f8der hestene. Efter en introduktion af hestene vil guiderne matche g\u00e6st og hest. Den f\u00f8rste tur vil v\u00e6re kort og i et langsomt tempo &#8211; denne tid er prim\u00e6rt for at sikre, at alle er trygge ved deres hest. Hele introen tager ca. 3 timer. Frokosten vil blive serveret i spisesalen, og resten af dagen er g\u00e6sterne frie til at slappe af eller g\u00e5 p\u00e5 opdagelse. Middagen serveres kl. 18.00 efterfulgt af dessert.<\/p>\n<p><b>Dag 3:<\/b><br \/>\nMorgenmad i spisestuen, og efterf\u00f8lgende laver alle en madpakke til rideturen og pakker en lille taske til de to dages ophold p\u00e5 nabog\u00e5rden Tasiusaq. N\u00e5r alle er f\u00e6rdige, g\u00e5r vi til hestene og rider ca. 17 km. I l\u00f8bet af dagen stopper vi for at spise frokost i bjergene. Vi rider gennem en g\u00e5rd, der hedder Qorlortup Itinnera, og derefter kommer vi til en anden g\u00e5rd, der hedder Tasiusaq. Vi vil overnatte to n\u00e6tter i Tasiusaq.<\/p>\n<p><b>Dag 4:<\/b><br \/>\nSamme morgenmadsprocedure, og alle laver madpakke, og s\u00e5 g\u00e5r vi ud til hestene. Vi rider p\u00e5 en strand og spiser frokost med udsigt over gletsjeren. Vi rider tilbage til g\u00e5rden Tasiusaq, og hele dagens ridt vil v\u00e6re p\u00e5 ca. 22 km. Middagen vil blive serveret kl. 18.00 efterfulgt af dessert.<\/p>\n<p><b>Dag 5:<\/b><br \/>\nMorgenmad om morgenen, og vi g\u00e5r ud til hestene. Vi rider fra g\u00e5rden Tasiusaq til landsbyen Qassiarsuk, turen er ca. 10 km. Ved ankomsten til landsbyen Qassiarsuk g\u00e5r vi til frokost p\u00e5 vandrehjemmet. Efter frokosten vil den gr\u00f8nlandske nationaldragt blive vist frem for g\u00e6sterne i spisestuen. Middagen serveres kl. 18.00 efterfulgt af dessert.<\/p>\n<p><b>Dag 6:<\/b><br \/>\nMorgenmad om morgenen, og n\u00e5r alle er klar, g\u00e5r vi til havnen og sejler 1-2 timer til den n\u00e6rliggende gletsjer Qooqqut. Efter sejlturen g\u00e5r vi tilbage til frokost p\u00e5 vandrehjemmet. Efter frokost tager vi ud til nogle vikingeruiner for at f\u00e5 en guidet tur om vikingerne. Middagen serveres kl. 18.00 efterfulgt af dessert.<\/p>\n<p><b>Dag 7:<\/b><br \/>\nMorgenmad om morgenen, og n\u00e5r alle er klar, g\u00e5r vi til hestene og rider til ejerens g\u00e5rd Inneruulalik for at spise frokost. Under frokosten vil vi fort\u00e6lle om livet som f\u00e5reavler i Sydgr\u00f8nland. Efter frokost g\u00e5r vi tilbage til hestene og rider tilbage til landsbyen Qassiarsuk. Hele turen er p\u00e5 ca. 14 km. Middagen vil blive serveret kl. 18.00 efterfulgt af dessert.<\/p>\n<p><b>Dag 8:<\/b><br \/>\nMorgenmad om morgenen, og g\u00e6sterne g\u00e5r til fods til havnen. Lastbilen med baggagen vil blive k\u00f8rt af et holdmedlem til havnen. Ved ankomsten til havnen i Narsarsuaq vil du blive k\u00f8rt til lufthavnen. Du kan tjekke din bagage ind ved ankomsten og bes\u00f8ge det n\u00e6rliggende museum og to caf\u00e9er inden din afrejse.<\/p>\n","protected":false},"excerpt":{"rendered":"<p>Denne isbjergstur tager dig gennem f\u00e5reavlsomr\u00e5derne i Sydgr\u00f8nland. Du vil se mange nordiske og inuit-ruiner p\u00e5 din vej. <\/p>\n<p>Alle heste er islandske heste, som er veltr\u00e6nede og vant til det vanskelige terr\u00e6n.<\/p>\n<p>Isbjergsturen er en 8 dages tur med 5 dages ridning. Al indkvartering, alle m\u00e5ltider, aktiviteter og transport i de 8 dage er inkluderet i prisen.<\/p>\n<p>Flyrejse til\/fra Narsarsuaq er ikke inkluderet i prisen.<\/p>\n<p>Turen omfatter en b\u00e5dtur til den n\u00e6rliggende gletsjer Qooqqut, fort\u00e6llinger om livet som f\u00e5reavler i Arktis, fremvisning af den gr\u00f8nlandske nationaldragt og en times guidet tur med en certificeret guide ved rekonstruktioner af to nordiske ruiner.<\/p>\n","protected":false},"featured_media":10150,"comment_status":"open","ping_status":"closed","template":"","meta":{"_acf_changed":false},"product_brand":[],"product_cat":[101,170],"product_tag":[],"class_list":{"0":"post-10232","1":"product","2":"type-product","3":"status-publish","4":"has-post-thumbnail","6":"product_cat-tour","7":"product_cat-udflugt","8":"pa_dato-534","9":"pa_dato-543","10":"pa_dato-587","11":"pa_dato-594","12":"pa_tidspunkt-187","13":"tour_location-qassiarsuk-da","14":"tour_type-outdoor-da","15":"tour_operator-riding-greenland","17":"first","18":"outofstock","19":"shipping-taxable","20":"product-type-variable"},"acf":[],"yoast_head":"<!-- This site is optimized with the Yoast SEO plugin v25.2 - https:\/\/yoast.com\/wordpress\/plugins\/seo\/ -->\n<title>Arctic Excursions<\/title>\n<meta name=\"robots\" content=\"index, follow, max-snippet:-1, max-image-preview:large, max-video-preview:-1\" \/>\n<link rel=\"canonical\" href=\"https:\/\/test.arctic.klean.it\/udflugter\/iceberg-tour\/\" \/>\n<meta property=\"og:locale\" content=\"da_DK\" \/>\n<meta property=\"og:type\" content=\"article\" \/>\n<meta property=\"og:title\" content=\"Isbjergstur p\u00e5 hesteryg - Arctic Excursions\" \/>\n<meta property=\"og:description\" content=\"Denne isbjergstur tager dig gennem f\u00e5reavlsomr\u00e5derne i Sydgr\u00f8nland. Du vil se mange nordiske og inuit-ruiner p\u00e5 din vej.   Alle heste er islandske heste, som er veltr\u00e6nede og vant til det vanskelige terr\u00e6n.  Isbjergsturen er en 8 dages tur med 5 dages ridning. Al indkvartering, alle m\u00e5ltider, aktiviteter og transport i de 8 dage er inkluderet i prisen.   Flyrejse til\/fra Narsarsuaq er ikke inkluderet i prisen.  Turen omfatter en b\u00e5dtur til den n\u00e6rliggende gletsjer Qooqqut, fort\u00e6llinger om livet som f\u00e5reavler i Arktis, fremvisning af den gr\u00f8nlandske nationaldragt og en times guidet tur med en certificeret guide ved rekonstruktioner af to nordiske ruiner.\" \/>\n<meta property=\"og:url\" content=\"https:\/\/test.arctic.klean.it\/udflugter\/iceberg-tour\/\" \/>\n<meta property=\"og:site_name\" content=\"Arctic Excursions\" \/>\n<meta property=\"article:modified_time\" content=\"2023-08-15T08:45:33+00:00\" \/>\n<meta property=\"og:image\" content=\"https:\/\/test.arctic.klean.it\/wp-content\/uploads\/2023\/02\/glacier-Ipiitat2.jpg\" \/>\n\t<meta property=\"og:image:width\" content=\"2048\" \/>\n\t<meta property=\"og:image:height\" content=\"1536\" \/>\n\t<meta property=\"og:image:type\" content=\"image\/jpeg\" \/>\n<meta name=\"twitter:card\" content=\"summary_large_image\" \/>\n<meta name=\"twitter:label1\" content=\"Estimeret l\u00e6setid\" \/>\n\t<meta name=\"twitter:data1\" content=\"3 minutter\" \/>\n<script type=\"application\/ld+json\" class=\"yoast-schema-graph\">{\"@context\":\"https:\/\/schema.org\",\"@graph\":[{\"@type\":\"WebPage\",\"@id\":\"https:\/\/test.arctic.klean.it\/udflugter\/iceberg-tour\/\",\"url\":\"https:\/\/test.arctic.klean.it\/udflugter\/iceberg-tour\/\",\"name\":\"Isbjergstur p\u00e5 hesteryg - Arctic Excursions\",\"isPartOf\":{\"@id\":\"https:\/\/test.arctic.klean.it\/#website\"},\"primaryImageOfPage\":{\"@id\":\"https:\/\/test.arctic.klean.it\/udflugter\/iceberg-tour\/#primaryimage\"},\"image\":{\"@id\":\"https:\/\/test.arctic.klean.it\/udflugter\/iceberg-tour\/#primaryimage\"},\"thumbnailUrl\":\"https:\/\/test.arctic.klean.it\/wp-content\/uploads\/2023\/02\/glacier-Ipiitat2.jpg\",\"datePublished\":\"2023-03-01T10:41:30+00:00\",\"dateModified\":\"2023-08-15T08:45:33+00:00\",\"breadcrumb\":{\"@id\":\"https:\/\/test.arctic.klean.it\/udflugter\/iceberg-tour\/#breadcrumb\"},\"inLanguage\":\"da-DK\",\"potentialAction\":[{\"@type\":\"ReadAction\",\"target\":[\"https:\/\/test.arctic.klean.it\/udflugter\/iceberg-tour\/\"]}]},{\"@type\":\"ImageObject\",\"inLanguage\":\"da-DK\",\"@id\":\"https:\/\/test.arctic.klean.it\/udflugter\/iceberg-tour\/#primaryimage\",\"url\":\"https:\/\/test.arctic.klean.it\/wp-content\/uploads\/2023\/02\/glacier-Ipiitat2.jpg\",\"contentUrl\":\"https:\/\/test.arctic.klean.it\/wp-content\/uploads\/2023\/02\/glacier-Ipiitat2.jpg\",\"width\":2048,\"height\":1536},{\"@type\":\"BreadcrumbList\",\"@id\":\"https:\/\/test.arctic.klean.it\/udflugter\/iceberg-tour\/#breadcrumb\",\"itemListElement\":[{\"@type\":\"ListItem\",\"position\":1,\"name\":\"Udflugter i Gr\u00f8nland\",\"item\":\"https:\/\/test.arctic.klean.it\/da\/udflugter\/\"},{\"@type\":\"ListItem\",\"position\":2,\"name\":\"Isbjergstur p\u00e5 hesteryg\"}]},{\"@type\":\"WebSite\",\"@id\":\"https:\/\/test.arctic.klean.it\/#website\",\"url\":\"https:\/\/test.arctic.klean.it\/\",\"name\":\"Arctic Excursions\",\"description\":\"New adventures. Every day.\",\"potentialAction\":[{\"@type\":\"SearchAction\",\"target\":{\"@type\":\"EntryPoint\",\"urlTemplate\":\"https:\/\/test.arctic.klean.it\/?s={search_term_string}\"},\"query-input\":{\"@type\":\"PropertyValueSpecification\",\"valueRequired\":true,\"valueName\":\"search_term_string\"}}],\"inLanguage\":\"da-DK\"}]}<\/script>\n<!-- \/ Yoast SEO plugin. -->","yoast_head_json":{"title":"Arctic Excursions","robots":{"index":"index","follow":"follow","max-snippet":"max-snippet:-1","max-image-preview":"max-image-preview:large","max-video-preview":"max-video-preview:-1"},"canonical":"https:\/\/test.arctic.klean.it\/udflugter\/iceberg-tour\/","og_locale":"da_DK","og_type":"article","og_title":"Isbjergstur p\u00e5 hesteryg - Arctic Excursions","og_description":"Denne isbjergstur tager dig gennem f\u00e5reavlsomr\u00e5derne i Sydgr\u00f8nland. Du vil se mange nordiske og inuit-ruiner p\u00e5 din vej.   Alle heste er islandske heste, som er veltr\u00e6nede og vant til det vanskelige terr\u00e6n.  Isbjergsturen er en 8 dages tur med 5 dages ridning. Al indkvartering, alle m\u00e5ltider, aktiviteter og transport i de 8 dage er inkluderet i prisen.   Flyrejse til\/fra Narsarsuaq er ikke inkluderet i prisen.  Turen omfatter en b\u00e5dtur til den n\u00e6rliggende gletsjer Qooqqut, fort\u00e6llinger om livet som f\u00e5reavler i Arktis, fremvisning af den gr\u00f8nlandske nationaldragt og en times guidet tur med en certificeret guide ved rekonstruktioner af to nordiske ruiner.","og_url":"https:\/\/test.arctic.klean.it\/udflugter\/iceberg-tour\/","og_site_name":"Arctic Excursions","article_modified_time":"2023-08-15T08:45:33+00:00","og_image":[{"width":2048,"height":1536,"url":"https:\/\/test.arctic.klean.it\/wp-content\/uploads\/2023\/02\/glacier-Ipiitat2.jpg","type":"image\/jpeg"}],"twitter_card":"summary_large_image","twitter_misc":{"Estimeret l\u00e6setid":"3 minutter"},"schema":{"@context":"https:\/\/schema.org","@graph":[{"@type":"WebPage","@id":"https:\/\/test.arctic.klean.it\/udflugter\/iceberg-tour\/","url":"https:\/\/test.arctic.klean.it\/udflugter\/iceberg-tour\/","name":"Isbjergstur p\u00e5 hesteryg - Arctic Excursions","isPartOf":{"@id":"https:\/\/test.arctic.klean.it\/#website"},"primaryImageOfPage":{"@id":"https:\/\/test.arctic.klean.it\/udflugter\/iceberg-tour\/#primaryimage"},"image":{"@id":"https:\/\/test.arctic.klean.it\/udflugter\/iceberg-tour\/#primaryimage"},"thumbnailUrl":"https:\/\/test.arctic.klean.it\/wp-content\/uploads\/2023\/02\/glacier-Ipiitat2.jpg","datePublished":"2023-03-01T10:41:30+00:00","dateModified":"2023-08-15T08:45:33+00:00","breadcrumb":{"@id":"https:\/\/test.arctic.klean.it\/udflugter\/iceberg-tour\/#breadcrumb"},"inLanguage":"da-DK","potentialAction":[{"@type":"ReadAction","target":["https:\/\/test.arctic.klean.it\/udflugter\/iceberg-tour\/"]}]},{"@type":"ImageObject","inLanguage":"da-DK","@id":"https:\/\/test.arctic.klean.it\/udflugter\/iceberg-tour\/#primaryimage","url":"https:\/\/test.arctic.klean.it\/wp-content\/uploads\/2023\/02\/glacier-Ipiitat2.jpg","contentUrl":"https:\/\/test.arctic.klean.it\/wp-content\/uploads\/2023\/02\/glacier-Ipiitat2.jpg","width":2048,"height":1536},{"@type":"BreadcrumbList","@id":"https:\/\/test.arctic.klean.it\/udflugter\/iceberg-tour\/#breadcrumb","itemListElement":[{"@type":"ListItem","position":1,"name":"Udflugter i Gr\u00f8nland","item":"https:\/\/test.arctic.klean.it\/da\/udflugter\/"},{"@type":"ListItem","position":2,"name":"Isbjergstur p\u00e5 hesteryg"}]},{"@type":"WebSite","@id":"https:\/\/test.arctic.klean.it\/#website","url":"https:\/\/test.arctic.klean.it\/","name":"Arctic Excursions","description":"New adventures. Every day.","potentialAction":[{"@type":"SearchAction","target":{"@type":"EntryPoint","urlTemplate":"https:\/\/test.arctic.klean.it\/?s={search_term_string}"},"query-input":{"@type":"PropertyValueSpecification","valueRequired":true,"valueName":"search_term_string"}}],"inLanguage":"da-DK"}]}},"_links":{"self":[{"href":"https:\/\/test.arctic.klean.it\/da\/wp-json\/wp\/v2\/product\/10232","targetHints":{"allow":["GET"]}}],"collection":[{"href":"https:\/\/test.arctic.klean.it\/da\/wp-json\/wp\/v2\/product"}],"about":[{"href":"https:\/\/test.arctic.klean.it\/da\/wp-json\/wp\/v2\/types\/product"}],"replies":[{"embeddable":true,"href":"https:\/\/test.arctic.klean.it\/da\/wp-json\/wp\/v2\/comments?post=10232"}],"wp:featuredmedia":[{"embeddable":true,"href":"https:\/\/test.arctic.klean.it\/da\/wp-json\/wp\/v2\/media\/10150"}],"wp:attachment":[{"href":"https:\/\/test.arctic.klean.it\/da\/wp-json\/wp\/v2\/media?parent=10232"}],"wp:term":[{"taxonomy":"product_brand","embeddable":true,"href":"https:\/\/test.arctic.klean.it\/da\/wp-json\/wp\/v2\/product_brand?post=10232"},{"taxonomy":"product_cat","embeddable":true,"href":"https:\/\/test.arctic.klean.it\/da\/wp-json\/wp\/v2\/product_cat?post=10232"},{"taxonomy":"product_tag","embeddable":true,"href":"https:\/\/test.arctic.klean.it\/da\/wp-json\/wp\/v2\/product_tag?post=10232"}],"curies":[{"name":"wp","href":"https:\/\/api.w.org\/{rel}","templated":true}]}}