{"id":10503,"date":"2023-03-02T15:30:10","date_gmt":"2023-03-02T13:30:10","guid":{"rendered":"https:\/\/test.arctic.klean.it\/?post_type=product&#038;p=10503"},"modified":"2023-10-10T11:08:18","modified_gmt":"2023-10-10T09:08:18","slug":"eqi","status":"publish","type":"product","link":"https:\/\/test.arctic.klean.it\/da\/udflugter\/eqi\/","title":{"rendered":"Eqi"},"content":{"rendered":"<p>Vi sejler fra Ilulissat om morgenen og ankommer til Eqi ca. 2 timer efter. Undervejs sejler vi forbi bygden Oqaatsut, hvor vi g\u00f8r et kort stop ud for bygden.<\/p>\n<p>P\u00e5 turen er der stor chance for at se hvaler og majest\u00e6tiske isfjelde, der er mange gange st\u00f8rre end b\u00e5den. Vi stopper selvf\u00f8lgelig og nyder synet. <\/p>\n<p>Ved ankomst til Eqi finder vi et godt sted, hvor vi kan slukke motorerne og lytte til gletsjeren bev\u00e6ge sig. Hvis vi er heldige, ser og h\u00f8rer vi nogle store stykker falde af. Det lyder som tordenvejr og er en oplevelse for livet.<\/p>\n<p>N\u00e5r den medbragte frokost og kaffe\/te er nydt, vender vi b\u00e5den retur mod Ilulissat. Dog vil der f\u00f8rst v\u00e6re mulighed for at bade i det kolde vand. S\u00e5 husk h\u00e5ndkl\u00e6de og badet\u00f8j.<\/p>\n<p><b>Varighed:<\/b> 6 timer<\/p>\n<p><b>Deltagere:<\/b> Minimum 3 \/ Max 12<\/p>\n<p><b>Inkluderer:<\/b> Sandwich og kaffe\/te<\/p>\n<p><b>Bem\u00e6rk:<\/b> Vi anbefaler, at man tager godt med t\u00f8j med, s\u00e5 man kan sidde udenfor og nyde naturen<\/p>\n<p><iframe title=\"Eqi Glaicer\" width=\"840\" height=\"473\" src=\"https:\/\/www.youtube.com\/embed\/Yr_GeBH6ocY?feature=oembed&#038;width=840&#038;height=1000&#038;discover=1\" frameborder=\"0\" allow=\"accelerometer; autoplay; clipboard-write; encrypted-media; gyroscope; picture-in-picture; web-share\" allowfullscreen><\/iframe><\/p>\n","protected":false},"excerpt":{"rendered":"<p>Eqi gletsjeren &#8211; en oplevelse for livet<\/p>\n","protected":false},"featured_media":10493,"comment_status":"open","ping_status":"closed","template":"","meta":{"_acf_changed":false},"product_brand":[],"product_cat":[170],"product_tag":[],"class_list":{"0":"post-10503","1":"product","2":"type-product","3":"status-publish","4":"has-post-thumbnail","6":"product_cat-udflugt","7":"pa_dato-672","8":"pa_dato-502","9":"pa_dato-535","10":"pa_dato-534","11":"pa_dato-536","12":"pa_dato-539","13":"pa_dato-540","14":"pa_dato-541","15":"pa_dato-542","16":"pa_dato-543","17":"pa_dato-554","18":"pa_dato-555","19":"pa_dato-557","20":"pa_dato-522","21":"pa_dato-559","22":"pa_dato-587","23":"pa_dato-588","24":"pa_dato-687","25":"pa_dato-593","26":"pa_dato-594","27":"pa_dato-510","28":"pa_dato-511","29":"pa_dato-512","30":"pa_dato-737","31":"pa_dato-597","32":"pa_dato-598","33":"pa_dato-599","34":"pa_dato-602","35":"pa_dato-603","36":"pa_tidspunkt-72","37":"pa_tidspunkt-60","38":"tour_location-ilulissat-da","39":"tour_type-baadture","40":"tour_operator-greenland-cruises","42":"first","43":"outofstock","44":"shipping-taxable","45":"product-type-variable"},"acf":[],"yoast_head":"<!-- This site is optimized with the Yoast SEO plugin v25.2 - https:\/\/yoast.com\/wordpress\/plugins\/seo\/ -->\n<title>Arctic Excursions<\/title>\n<meta name=\"robots\" content=\"index, follow, max-snippet:-1, max-image-preview:large, max-video-preview:-1\" \/>\n<link rel=\"canonical\" href=\"https:\/\/test.arctic.klean.it\/udflugter\/eqi\/\" \/>\n<meta property=\"og:locale\" content=\"da_DK\" \/>\n<meta property=\"og:type\" content=\"article\" \/>\n<meta property=\"og:title\" content=\"Eqi - Arctic Excursions\" \/>\n<meta property=\"og:description\" content=\"Eqi gletsjeren - en oplevelse for livet\" \/>\n<meta property=\"og:url\" content=\"https:\/\/test.arctic.klean.it\/udflugter\/eqi\/\" \/>\n<meta property=\"og:site_name\" content=\"Arctic Excursions\" \/>\n<meta property=\"article:modified_time\" content=\"2023-10-10T09:08:18+00:00\" \/>\n<meta property=\"og:image\" content=\"https:\/\/test.arctic.klean.it\/wp-content\/uploads\/2023\/03\/DJI_0080-scaled.jpg\" \/>\n\t<meta property=\"og:image:width\" content=\"2560\" \/>\n\t<meta property=\"og:image:height\" content=\"1707\" \/>\n\t<meta property=\"og:image:type\" content=\"image\/jpeg\" \/>\n<meta name=\"twitter:card\" content=\"summary_large_image\" \/>\n<meta name=\"twitter:label1\" content=\"Estimeret l\u00e6setid\" \/>\n\t<meta name=\"twitter:data1\" content=\"1 minut\" \/>\n<script type=\"application\/ld+json\" class=\"yoast-schema-graph\">{\"@context\":\"https:\/\/schema.org\",\"@graph\":[{\"@type\":\"WebPage\",\"@id\":\"https:\/\/test.arctic.klean.it\/udflugter\/eqi\/\",\"url\":\"https:\/\/test.arctic.klean.it\/udflugter\/eqi\/\",\"name\":\"Eqi - Arctic Excursions\",\"isPartOf\":{\"@id\":\"https:\/\/test.arctic.klean.it\/#website\"},\"primaryImageOfPage\":{\"@id\":\"https:\/\/test.arctic.klean.it\/udflugter\/eqi\/#primaryimage\"},\"image\":{\"@id\":\"https:\/\/test.arctic.klean.it\/udflugter\/eqi\/#primaryimage\"},\"thumbnailUrl\":\"https:\/\/test.arctic.klean.it\/wp-content\/uploads\/2023\/03\/DJI_0080-scaled.jpg\",\"datePublished\":\"2023-03-02T13:30:10+00:00\",\"dateModified\":\"2023-10-10T09:08:18+00:00\",\"breadcrumb\":{\"@id\":\"https:\/\/test.arctic.klean.it\/udflugter\/eqi\/#breadcrumb\"},\"inLanguage\":\"da-DK\",\"potentialAction\":[{\"@type\":\"ReadAction\",\"target\":[\"https:\/\/test.arctic.klean.it\/udflugter\/eqi\/\"]}]},{\"@type\":\"ImageObject\",\"inLanguage\":\"da-DK\",\"@id\":\"https:\/\/test.arctic.klean.it\/udflugter\/eqi\/#primaryimage\",\"url\":\"https:\/\/test.arctic.klean.it\/wp-content\/uploads\/2023\/03\/DJI_0080-scaled.jpg\",\"contentUrl\":\"https:\/\/test.arctic.klean.it\/wp-content\/uploads\/2023\/03\/DJI_0080-scaled.jpg\",\"width\":2160,\"height\":1440,\"caption\":\"default\"},{\"@type\":\"BreadcrumbList\",\"@id\":\"https:\/\/test.arctic.klean.it\/udflugter\/eqi\/#breadcrumb\",\"itemListElement\":[{\"@type\":\"ListItem\",\"position\":1,\"name\":\"Udflugter i Gr\u00f8nland\",\"item\":\"https:\/\/test.arctic.klean.it\/da\/udflugter\/\"},{\"@type\":\"ListItem\",\"position\":2,\"name\":\"Eqi\"}]},{\"@type\":\"WebSite\",\"@id\":\"https:\/\/test.arctic.klean.it\/#website\",\"url\":\"https:\/\/test.arctic.klean.it\/\",\"name\":\"Arctic Excursions\",\"description\":\"New adventures. Every day.\",\"potentialAction\":[{\"@type\":\"SearchAction\",\"target\":{\"@type\":\"EntryPoint\",\"urlTemplate\":\"https:\/\/test.arctic.klean.it\/?s={search_term_string}\"},\"query-input\":{\"@type\":\"PropertyValueSpecification\",\"valueRequired\":true,\"valueName\":\"search_term_string\"}}],\"inLanguage\":\"da-DK\"}]}<\/script>\n<!-- \/ Yoast SEO plugin. -->","yoast_head_json":{"title":"Arctic Excursions","robots":{"index":"index","follow":"follow","max-snippet":"max-snippet:-1","max-image-preview":"max-image-preview:large","max-video-preview":"max-video-preview:-1"},"canonical":"https:\/\/test.arctic.klean.it\/udflugter\/eqi\/","og_locale":"da_DK","og_type":"article","og_title":"Eqi - Arctic Excursions","og_description":"Eqi gletsjeren - en oplevelse for livet","og_url":"https:\/\/test.arctic.klean.it\/udflugter\/eqi\/","og_site_name":"Arctic Excursions","article_modified_time":"2023-10-10T09:08:18+00:00","og_image":[{"width":2560,"height":1707,"url":"https:\/\/test.arctic.klean.it\/wp-content\/uploads\/2023\/03\/DJI_0080-scaled.jpg","type":"image\/jpeg"}],"twitter_card":"summary_large_image","twitter_misc":{"Estimeret l\u00e6setid":"1 minut"},"schema":{"@context":"https:\/\/schema.org","@graph":[{"@type":"WebPage","@id":"https:\/\/test.arctic.klean.it\/udflugter\/eqi\/","url":"https:\/\/test.arctic.klean.it\/udflugter\/eqi\/","name":"Eqi - Arctic Excursions","isPartOf":{"@id":"https:\/\/test.arctic.klean.it\/#website"},"primaryImageOfPage":{"@id":"https:\/\/test.arctic.klean.it\/udflugter\/eqi\/#primaryimage"},"image":{"@id":"https:\/\/test.arctic.klean.it\/udflugter\/eqi\/#primaryimage"},"thumbnailUrl":"https:\/\/test.arctic.klean.it\/wp-content\/uploads\/2023\/03\/DJI_0080-scaled.jpg","datePublished":"2023-03-02T13:30:10+00:00","dateModified":"2023-10-10T09:08:18+00:00","breadcrumb":{"@id":"https:\/\/test.arctic.klean.it\/udflugter\/eqi\/#breadcrumb"},"inLanguage":"da-DK","potentialAction":[{"@type":"ReadAction","target":["https:\/\/test.arctic.klean.it\/udflugter\/eqi\/"]}]},{"@type":"ImageObject","inLanguage":"da-DK","@id":"https:\/\/test.arctic.klean.it\/udflugter\/eqi\/#primaryimage","url":"https:\/\/test.arctic.klean.it\/wp-content\/uploads\/2023\/03\/DJI_0080-scaled.jpg","contentUrl":"https:\/\/test.arctic.klean.it\/wp-content\/uploads\/2023\/03\/DJI_0080-scaled.jpg","width":2160,"height":1440,"caption":"default"},{"@type":"BreadcrumbList","@id":"https:\/\/test.arctic.klean.it\/udflugter\/eqi\/#breadcrumb","itemListElement":[{"@type":"ListItem","position":1,"name":"Udflugter i Gr\u00f8nland","item":"https:\/\/test.arctic.klean.it\/da\/udflugter\/"},{"@type":"ListItem","position":2,"name":"Eqi"}]},{"@type":"WebSite","@id":"https:\/\/test.arctic.klean.it\/#website","url":"https:\/\/test.arctic.klean.it\/","name":"Arctic Excursions","description":"New adventures. Every day.","potentialAction":[{"@type":"SearchAction","target":{"@type":"EntryPoint","urlTemplate":"https:\/\/test.arctic.klean.it\/?s={search_term_string}"},"query-input":{"@type":"PropertyValueSpecification","valueRequired":true,"valueName":"search_term_string"}}],"inLanguage":"da-DK"}]}},"_links":{"self":[{"href":"https:\/\/test.arctic.klean.it\/da\/wp-json\/wp\/v2\/product\/10503","targetHints":{"allow":["GET"]}}],"collection":[{"href":"https:\/\/test.arctic.klean.it\/da\/wp-json\/wp\/v2\/product"}],"about":[{"href":"https:\/\/test.arctic.klean.it\/da\/wp-json\/wp\/v2\/types\/product"}],"replies":[{"embeddable":true,"href":"https:\/\/test.arctic.klean.it\/da\/wp-json\/wp\/v2\/comments?post=10503"}],"wp:featuredmedia":[{"embeddable":true,"href":"https:\/\/test.arctic.klean.it\/da\/wp-json\/wp\/v2\/media\/10493"}],"wp:attachment":[{"href":"https:\/\/test.arctic.klean.it\/da\/wp-json\/wp\/v2\/media?parent=10503"}],"wp:term":[{"taxonomy":"product_brand","embeddable":true,"href":"https:\/\/test.arctic.klean.it\/da\/wp-json\/wp\/v2\/product_brand?post=10503"},{"taxonomy":"product_cat","embeddable":true,"href":"https:\/\/test.arctic.klean.it\/da\/wp-json\/wp\/v2\/product_cat?post=10503"},{"taxonomy":"product_tag","embeddable":true,"href":"https:\/\/test.arctic.klean.it\/da\/wp-json\/wp\/v2\/product_tag?post=10503"}],"curies":[{"name":"wp","href":"https:\/\/api.w.org\/{rel}","templated":true}]}}