{"id":10617,"date":"2023-03-06T16:30:20","date_gmt":"2023-03-06T14:30:20","guid":{"rendered":"https:\/\/test.arctic.klean.it\/?post_type=product&#038;p=10617"},"modified":"2023-10-10T11:08:18","modified_gmt":"2023-10-10T09:08:18","slug":"take-a-time-capsule-and-visit-the-house-of-niels-lynge-incl-entrence-to-the-local-museum-incl-coffee-or-thee","status":"publish","type":"product","link":"https:\/\/test.arctic.klean.it\/da\/udflugter\/take-a-time-capsule-and-visit-the-house-of-niels-lynge-incl-entrence-to-the-local-museum-incl-coffee-or-thee\/","title":{"rendered":"Nuuk Lokalmuseum &#8211; Bes\u00f8g Niels Lynges Hus"},"content":{"rendered":"<p>At bes\u00f8ge Niels Lynges Hus p\u00e5 Gertrud Raskvej 24 er en unik mulighed for at opleve et af de fineste hjem i Nuuk fra 50&#8217;erne og 60\u00b4erne &#8211; huset var et stort hus i forhold til perioden, med god plads til Pastor Niels Lynge (1880- 1965), hans anden hustru Karoline (1906-1989) (efter Niels Lynges f\u00f8rste hustrus d\u00f8d i 1940), og parrets to yngste d\u00f8tre.<\/p>\n<p>Du f\u00e5r en rundvisning i Pastor Niels Lynges Hus samt indgang til Lokalmuseet og en kop kaffe eller te. <\/p>\n<p>Niels Lynge var en lokalt og landskendt maler, tegner, digter og pr\u00e6st, og mange nyder stadig godt af Lynges kunstneriske arv.<\/p>\n<p>Lynge har gennem sit virke som pr\u00e6st, og for foreningen Peqatigiinniat og Tjenerforeningen gjort sig bem\u00e6rket som en mand, der ville fremme f\u00e6llesskab og kristendom i Gr\u00f8nland.<\/p>\n<p>Tid: 13- ca. 15.00<\/p>\n<p>Inkluderer: Rundvisningen inkluderer ogs\u00e5 adgang til Nuuk Lokalmuseum, som rummer en udstilling om Nuuks historie. Her vil du blive budt p\u00e5 kaffe eller te.<\/p>\n","protected":false},"excerpt":{"rendered":"<p>Bes\u00f8g Niels Lynges hus og f\u00e5 samtidig adgang til Nuuk Lokalmuseum <\/p>\n","protected":false},"featured_media":10030,"comment_status":"open","ping_status":"closed","template":"","meta":{"_acf_changed":false},"product_brand":[],"product_cat":[170],"product_tag":[],"class_list":{"0":"post-10617","1":"product","2":"type-product","3":"status-publish","4":"has-post-thumbnail","6":"product_cat-udflugt","7":"pa_dato-422","8":"pa_dato-630","9":"pa_dato-645","10":"pa_dato-657","11":"pa_dato-633","12":"pa_dato-667","13":"pa_dato-536","14":"pa_dato-551","15":"pa_dato-588","16":"pa_dato-513","17":"pa_dato-603","18":"pa_tidspunkt-304","19":"pa_tidspunkt-314","20":"pa_tidspunkt-308","21":"tour_location-nuuk-da","22":"tour_type-kultur","23":"tour_operator-nuuk-lokalmuseum","25":"first","26":"outofstock","27":"shipping-taxable","28":"product-type-variable"},"acf":[],"yoast_head":"<!-- This site is optimized with the Yoast SEO plugin v25.2 - https:\/\/yoast.com\/wordpress\/plugins\/seo\/ -->\n<title>Arctic Excursions<\/title>\n<meta name=\"robots\" content=\"index, follow, max-snippet:-1, max-image-preview:large, max-video-preview:-1\" \/>\n<link rel=\"canonical\" href=\"https:\/\/test.arctic.klean.it\/udflugter\/nuuk-lokalmuseum-visit-the-house-of-niels-lynge\/\" \/>\n<meta property=\"og:locale\" content=\"da_DK\" \/>\n<meta property=\"og:type\" content=\"article\" \/>\n<meta property=\"og:title\" content=\"Nuuk Lokalmuseum - Bes\u00f8g Niels Lynges Hus - Arctic Excursions\" \/>\n<meta property=\"og:description\" content=\"Bes\u00f8g Niels Lynges hus og f\u00e5 samtidig adgang til Nuuk Lokalmuseum\" \/>\n<meta property=\"og:url\" content=\"https:\/\/test.arctic.klean.it\/udflugter\/nuuk-lokalmuseum-visit-the-house-of-niels-lynge\/\" \/>\n<meta property=\"og:site_name\" content=\"Arctic Excursions\" \/>\n<meta property=\"article:modified_time\" content=\"2023-10-10T09:08:18+00:00\" \/>\n<meta property=\"og:image\" content=\"https:\/\/test.arctic.klean.it\/wp-content\/uploads\/2023\/02\/NLH-inde-1.png\" \/>\n\t<meta property=\"og:image:width\" content=\"680\" \/>\n\t<meta property=\"og:image:height\" content=\"510\" \/>\n\t<meta property=\"og:image:type\" content=\"image\/png\" \/>\n<meta name=\"twitter:card\" content=\"summary_large_image\" \/>\n<script type=\"application\/ld+json\" class=\"yoast-schema-graph\">{\"@context\":\"https:\/\/schema.org\",\"@graph\":[{\"@type\":\"WebPage\",\"@id\":\"https:\/\/test.arctic.klean.it\/udflugter\/nuuk-lokalmuseum-visit-the-house-of-niels-lynge\/\",\"url\":\"https:\/\/test.arctic.klean.it\/udflugter\/nuuk-lokalmuseum-visit-the-house-of-niels-lynge\/\",\"name\":\"Nuuk Lokalmuseum - Bes\u00f8g Niels Lynges Hus - Arctic Excursions\",\"isPartOf\":{\"@id\":\"https:\/\/test.arctic.klean.it\/#website\"},\"primaryImageOfPage\":{\"@id\":\"https:\/\/test.arctic.klean.it\/udflugter\/nuuk-lokalmuseum-visit-the-house-of-niels-lynge\/#primaryimage\"},\"image\":{\"@id\":\"https:\/\/test.arctic.klean.it\/udflugter\/nuuk-lokalmuseum-visit-the-house-of-niels-lynge\/#primaryimage\"},\"thumbnailUrl\":\"https:\/\/test.arctic.klean.it\/wp-content\/uploads\/2023\/02\/NLH-inde-1.png\",\"datePublished\":\"2023-03-06T14:30:20+00:00\",\"dateModified\":\"2023-10-10T09:08:18+00:00\",\"breadcrumb\":{\"@id\":\"https:\/\/test.arctic.klean.it\/udflugter\/nuuk-lokalmuseum-visit-the-house-of-niels-lynge\/#breadcrumb\"},\"inLanguage\":\"da-DK\",\"potentialAction\":[{\"@type\":\"ReadAction\",\"target\":[\"https:\/\/test.arctic.klean.it\/udflugter\/nuuk-lokalmuseum-visit-the-house-of-niels-lynge\/\"]}]},{\"@type\":\"ImageObject\",\"inLanguage\":\"da-DK\",\"@id\":\"https:\/\/test.arctic.klean.it\/udflugter\/nuuk-lokalmuseum-visit-the-house-of-niels-lynge\/#primaryimage\",\"url\":\"https:\/\/test.arctic.klean.it\/wp-content\/uploads\/2023\/02\/NLH-inde-1.png\",\"contentUrl\":\"https:\/\/test.arctic.klean.it\/wp-content\/uploads\/2023\/02\/NLH-inde-1.png\",\"width\":680,\"height\":510},{\"@type\":\"BreadcrumbList\",\"@id\":\"https:\/\/test.arctic.klean.it\/udflugter\/nuuk-lokalmuseum-visit-the-house-of-niels-lynge\/#breadcrumb\",\"itemListElement\":[{\"@type\":\"ListItem\",\"position\":1,\"name\":\"Udflugter i Gr\u00f8nland\",\"item\":\"https:\/\/test.arctic.klean.it\/da\/udflugter\/\"},{\"@type\":\"ListItem\",\"position\":2,\"name\":\"Nuuk Lokalmuseum &#8211; Bes\u00f8g Niels Lynges Hus\"}]},{\"@type\":\"WebSite\",\"@id\":\"https:\/\/test.arctic.klean.it\/#website\",\"url\":\"https:\/\/test.arctic.klean.it\/\",\"name\":\"Arctic Excursions\",\"description\":\"New adventures. Every day.\",\"potentialAction\":[{\"@type\":\"SearchAction\",\"target\":{\"@type\":\"EntryPoint\",\"urlTemplate\":\"https:\/\/test.arctic.klean.it\/?s={search_term_string}\"},\"query-input\":{\"@type\":\"PropertyValueSpecification\",\"valueRequired\":true,\"valueName\":\"search_term_string\"}}],\"inLanguage\":\"da-DK\"}]}<\/script>\n<!-- \/ Yoast SEO plugin. -->","yoast_head_json":{"title":"Arctic Excursions","robots":{"index":"index","follow":"follow","max-snippet":"max-snippet:-1","max-image-preview":"max-image-preview:large","max-video-preview":"max-video-preview:-1"},"canonical":"https:\/\/test.arctic.klean.it\/udflugter\/nuuk-lokalmuseum-visit-the-house-of-niels-lynge\/","og_locale":"da_DK","og_type":"article","og_title":"Nuuk Lokalmuseum - Bes\u00f8g Niels Lynges Hus - Arctic Excursions","og_description":"Bes\u00f8g Niels Lynges hus og f\u00e5 samtidig adgang til Nuuk Lokalmuseum","og_url":"https:\/\/test.arctic.klean.it\/udflugter\/nuuk-lokalmuseum-visit-the-house-of-niels-lynge\/","og_site_name":"Arctic Excursions","article_modified_time":"2023-10-10T09:08:18+00:00","og_image":[{"width":680,"height":510,"url":"https:\/\/test.arctic.klean.it\/wp-content\/uploads\/2023\/02\/NLH-inde-1.png","type":"image\/png"}],"twitter_card":"summary_large_image","schema":{"@context":"https:\/\/schema.org","@graph":[{"@type":"WebPage","@id":"https:\/\/test.arctic.klean.it\/udflugter\/nuuk-lokalmuseum-visit-the-house-of-niels-lynge\/","url":"https:\/\/test.arctic.klean.it\/udflugter\/nuuk-lokalmuseum-visit-the-house-of-niels-lynge\/","name":"Nuuk Lokalmuseum - Bes\u00f8g Niels Lynges Hus - Arctic Excursions","isPartOf":{"@id":"https:\/\/test.arctic.klean.it\/#website"},"primaryImageOfPage":{"@id":"https:\/\/test.arctic.klean.it\/udflugter\/nuuk-lokalmuseum-visit-the-house-of-niels-lynge\/#primaryimage"},"image":{"@id":"https:\/\/test.arctic.klean.it\/udflugter\/nuuk-lokalmuseum-visit-the-house-of-niels-lynge\/#primaryimage"},"thumbnailUrl":"https:\/\/test.arctic.klean.it\/wp-content\/uploads\/2023\/02\/NLH-inde-1.png","datePublished":"2023-03-06T14:30:20+00:00","dateModified":"2023-10-10T09:08:18+00:00","breadcrumb":{"@id":"https:\/\/test.arctic.klean.it\/udflugter\/nuuk-lokalmuseum-visit-the-house-of-niels-lynge\/#breadcrumb"},"inLanguage":"da-DK","potentialAction":[{"@type":"ReadAction","target":["https:\/\/test.arctic.klean.it\/udflugter\/nuuk-lokalmuseum-visit-the-house-of-niels-lynge\/"]}]},{"@type":"ImageObject","inLanguage":"da-DK","@id":"https:\/\/test.arctic.klean.it\/udflugter\/nuuk-lokalmuseum-visit-the-house-of-niels-lynge\/#primaryimage","url":"https:\/\/test.arctic.klean.it\/wp-content\/uploads\/2023\/02\/NLH-inde-1.png","contentUrl":"https:\/\/test.arctic.klean.it\/wp-content\/uploads\/2023\/02\/NLH-inde-1.png","width":680,"height":510},{"@type":"BreadcrumbList","@id":"https:\/\/test.arctic.klean.it\/udflugter\/nuuk-lokalmuseum-visit-the-house-of-niels-lynge\/#breadcrumb","itemListElement":[{"@type":"ListItem","position":1,"name":"Udflugter i Gr\u00f8nland","item":"https:\/\/test.arctic.klean.it\/da\/udflugter\/"},{"@type":"ListItem","position":2,"name":"Nuuk Lokalmuseum &#8211; Bes\u00f8g Niels Lynges Hus"}]},{"@type":"WebSite","@id":"https:\/\/test.arctic.klean.it\/#website","url":"https:\/\/test.arctic.klean.it\/","name":"Arctic Excursions","description":"New adventures. Every day.","potentialAction":[{"@type":"SearchAction","target":{"@type":"EntryPoint","urlTemplate":"https:\/\/test.arctic.klean.it\/?s={search_term_string}"},"query-input":{"@type":"PropertyValueSpecification","valueRequired":true,"valueName":"search_term_string"}}],"inLanguage":"da-DK"}]}},"_links":{"self":[{"href":"https:\/\/test.arctic.klean.it\/da\/wp-json\/wp\/v2\/product\/10617","targetHints":{"allow":["GET"]}}],"collection":[{"href":"https:\/\/test.arctic.klean.it\/da\/wp-json\/wp\/v2\/product"}],"about":[{"href":"https:\/\/test.arctic.klean.it\/da\/wp-json\/wp\/v2\/types\/product"}],"replies":[{"embeddable":true,"href":"https:\/\/test.arctic.klean.it\/da\/wp-json\/wp\/v2\/comments?post=10617"}],"wp:featuredmedia":[{"embeddable":true,"href":"https:\/\/test.arctic.klean.it\/da\/wp-json\/wp\/v2\/media\/10030"}],"wp:attachment":[{"href":"https:\/\/test.arctic.klean.it\/da\/wp-json\/wp\/v2\/media?parent=10617"}],"wp:term":[{"taxonomy":"product_brand","embeddable":true,"href":"https:\/\/test.arctic.klean.it\/da\/wp-json\/wp\/v2\/product_brand?post=10617"},{"taxonomy":"product_cat","embeddable":true,"href":"https:\/\/test.arctic.klean.it\/da\/wp-json\/wp\/v2\/product_cat?post=10617"},{"taxonomy":"product_tag","embeddable":true,"href":"https:\/\/test.arctic.klean.it\/da\/wp-json\/wp\/v2\/product_tag?post=10617"}],"curies":[{"name":"wp","href":"https:\/\/api.w.org\/{rel}","templated":true}]}}