{"id":10767,"date":"2023-03-27T09:54:11","date_gmt":"2023-03-27T07:54:11","guid":{"rendered":"https:\/\/test.arctic.klean.it\/?post_type=product&#038;p=10767"},"modified":"2025-02-28T13:59:00","modified_gmt":"2025-02-28T11:59:00","slug":"city-walk-with-brew-tour-and-dinner","status":"publish","type":"product","link":"https:\/\/test.arctic.klean.it\/da\/udflugter\/city-walk-with-brew-tour-and-dinner\/","title":{"rendered":"Byvandring &#8211; Med rundvisning p\u00e5 Godth\u00e5b Bryghus &#038; aftensmad"},"content":{"rendered":"<p>Tag med p\u00e5 en byvandring i Nuuk centrum. Vi slutter af p\u00e5 Godth\u00e5b Bryghus med en rundvisning p\u00e5 vores lokale bryggeri, hvor der vil v\u00e6re smagspr\u00f8ver p\u00e5 vores lokale \u00f8l. Efter rundvisningen vil der blive serveret aftensmad p\u00e5 bryghusets restaurant. <\/p>\n<p><b>Varighed, byvandring:<\/b> 3 timer<\/p>\n<p><b>Bryggeri, rundvisning<\/b>: 2 timer<\/p>\n<p><b>Aftensmad:<\/b> Til I ikke gider mere (baren lukker klokken 03:00)<\/p>\n<p><b>S\u00e6son: Hele \u00e5ret<\/b><\/p>\n<p><b>Sprog: Engelsk og dansk<\/b><\/p>\n<p><b>Inkluderet:<\/b> Byvandring med guide, &#8220;brew tour&#8221; med smagspr\u00f8ver, aftensmad (drikkevarer under spisningen er ikke inkluderet)<\/p>\n","protected":false},"excerpt":{"rendered":"<p>Byvandring med &#8220;brew tour&#8221; og aftensmad<\/p>\n","protected":false},"featured_media":11244,"comment_status":"open","ping_status":"closed","template":"","meta":{"_acf_changed":false},"product_brand":[],"product_cat":[170],"product_tag":[],"class_list":{"0":"post-10767","1":"product","2":"type-product","3":"status-publish","4":"has-post-thumbnail","6":"product_cat-udflugt","7":"pa_dato-942","8":"pa_dato-774","9":"pa_dato-941","10":"pa_dato-939","11":"pa_dato-949","12":"pa_tidspunkt-431","13":"pa_tidspunkt-61","14":"pa_tidspunkt-463","15":"tour_location-nuuk-da","16":"tour_type-vandreture","17":"tour_operator-review","19":"first","20":"outofstock","21":"shipping-taxable","22":"product-type-variable"},"acf":[],"yoast_head":"<!-- This site is optimized with the Yoast SEO plugin v25.2 - https:\/\/yoast.com\/wordpress\/plugins\/seo\/ -->\n<title>Arctic Excursions<\/title>\n<meta name=\"robots\" content=\"index, follow, max-snippet:-1, max-image-preview:large, max-video-preview:-1\" \/>\n<link rel=\"canonical\" href=\"https:\/\/test.arctic.klean.it\/udflugter\/city-walk-with-brew-tour-and-dinner\/\" \/>\n<meta property=\"og:locale\" content=\"da_DK\" \/>\n<meta property=\"og:type\" content=\"article\" \/>\n<meta property=\"og:title\" content=\"Byvandring - Med rundvisning p\u00e5 Godth\u00e5b Bryghus &amp; aftensmad - Arctic Excursions\" \/>\n<meta property=\"og:description\" content=\"Byvandring med &quot;brew tour&quot; og aftensmad\" \/>\n<meta property=\"og:url\" content=\"https:\/\/test.arctic.klean.it\/udflugter\/city-walk-with-brew-tour-and-dinner\/\" \/>\n<meta property=\"og:site_name\" content=\"Arctic Excursions\" \/>\n<meta property=\"article:modified_time\" content=\"2025-02-28T11:59:00+00:00\" \/>\n<meta property=\"og:image\" content=\"https:\/\/test.arctic.klean.it\/wp-content\/uploads\/2023\/03\/kang2-by-freddy-christensen-min-1400x933-1.jpg\" \/>\n\t<meta property=\"og:image:width\" content=\"1400\" \/>\n\t<meta property=\"og:image:height\" content=\"933\" \/>\n\t<meta property=\"og:image:type\" content=\"image\/jpeg\" \/>\n<meta name=\"twitter:card\" content=\"summary_large_image\" \/>\n<script type=\"application\/ld+json\" class=\"yoast-schema-graph\">{\"@context\":\"https:\/\/schema.org\",\"@graph\":[{\"@type\":\"WebPage\",\"@id\":\"https:\/\/test.arctic.klean.it\/udflugter\/city-walk-with-brew-tour-and-dinner\/\",\"url\":\"https:\/\/test.arctic.klean.it\/udflugter\/city-walk-with-brew-tour-and-dinner\/\",\"name\":\"Byvandring - Med rundvisning p\u00e5 Godth\u00e5b Bryghus & aftensmad - Arctic Excursions\",\"isPartOf\":{\"@id\":\"https:\/\/test.arctic.klean.it\/#website\"},\"primaryImageOfPage\":{\"@id\":\"https:\/\/test.arctic.klean.it\/udflugter\/city-walk-with-brew-tour-and-dinner\/#primaryimage\"},\"image\":{\"@id\":\"https:\/\/test.arctic.klean.it\/udflugter\/city-walk-with-brew-tour-and-dinner\/#primaryimage\"},\"thumbnailUrl\":\"https:\/\/test.arctic.klean.it\/wp-content\/uploads\/2023\/03\/kang2-by-freddy-christensen-min-1400x933-1.jpg\",\"datePublished\":\"2023-03-27T07:54:11+00:00\",\"dateModified\":\"2025-02-28T11:59:00+00:00\",\"breadcrumb\":{\"@id\":\"https:\/\/test.arctic.klean.it\/udflugter\/city-walk-with-brew-tour-and-dinner\/#breadcrumb\"},\"inLanguage\":\"da-DK\",\"potentialAction\":[{\"@type\":\"ReadAction\",\"target\":[\"https:\/\/test.arctic.klean.it\/udflugter\/city-walk-with-brew-tour-and-dinner\/\"]}]},{\"@type\":\"ImageObject\",\"inLanguage\":\"da-DK\",\"@id\":\"https:\/\/test.arctic.klean.it\/udflugter\/city-walk-with-brew-tour-and-dinner\/#primaryimage\",\"url\":\"https:\/\/test.arctic.klean.it\/wp-content\/uploads\/2023\/03\/kang2-by-freddy-christensen-min-1400x933-1.jpg\",\"contentUrl\":\"https:\/\/test.arctic.klean.it\/wp-content\/uploads\/2023\/03\/kang2-by-freddy-christensen-min-1400x933-1.jpg\",\"width\":1400,\"height\":933},{\"@type\":\"BreadcrumbList\",\"@id\":\"https:\/\/test.arctic.klean.it\/udflugter\/city-walk-with-brew-tour-and-dinner\/#breadcrumb\",\"itemListElement\":[{\"@type\":\"ListItem\",\"position\":1,\"name\":\"Udflugter i Gr\u00f8nland\",\"item\":\"https:\/\/test.arctic.klean.it\/da\/udflugter\/\"},{\"@type\":\"ListItem\",\"position\":2,\"name\":\"Byvandring &#8211; Med rundvisning p\u00e5 Godth\u00e5b Bryghus &#038; aftensmad\"}]},{\"@type\":\"WebSite\",\"@id\":\"https:\/\/test.arctic.klean.it\/#website\",\"url\":\"https:\/\/test.arctic.klean.it\/\",\"name\":\"Arctic Excursions\",\"description\":\"New adventures. Every day.\",\"potentialAction\":[{\"@type\":\"SearchAction\",\"target\":{\"@type\":\"EntryPoint\",\"urlTemplate\":\"https:\/\/test.arctic.klean.it\/?s={search_term_string}\"},\"query-input\":{\"@type\":\"PropertyValueSpecification\",\"valueRequired\":true,\"valueName\":\"search_term_string\"}}],\"inLanguage\":\"da-DK\"}]}<\/script>\n<!-- \/ Yoast SEO plugin. -->","yoast_head_json":{"title":"Arctic Excursions","robots":{"index":"index","follow":"follow","max-snippet":"max-snippet:-1","max-image-preview":"max-image-preview:large","max-video-preview":"max-video-preview:-1"},"canonical":"https:\/\/test.arctic.klean.it\/udflugter\/city-walk-with-brew-tour-and-dinner\/","og_locale":"da_DK","og_type":"article","og_title":"Byvandring - Med rundvisning p\u00e5 Godth\u00e5b Bryghus & aftensmad - Arctic Excursions","og_description":"Byvandring med \"brew tour\" og aftensmad","og_url":"https:\/\/test.arctic.klean.it\/udflugter\/city-walk-with-brew-tour-and-dinner\/","og_site_name":"Arctic Excursions","article_modified_time":"2025-02-28T11:59:00+00:00","og_image":[{"width":1400,"height":933,"url":"https:\/\/test.arctic.klean.it\/wp-content\/uploads\/2023\/03\/kang2-by-freddy-christensen-min-1400x933-1.jpg","type":"image\/jpeg"}],"twitter_card":"summary_large_image","schema":{"@context":"https:\/\/schema.org","@graph":[{"@type":"WebPage","@id":"https:\/\/test.arctic.klean.it\/udflugter\/city-walk-with-brew-tour-and-dinner\/","url":"https:\/\/test.arctic.klean.it\/udflugter\/city-walk-with-brew-tour-and-dinner\/","name":"Byvandring - Med rundvisning p\u00e5 Godth\u00e5b Bryghus & aftensmad - Arctic Excursions","isPartOf":{"@id":"https:\/\/test.arctic.klean.it\/#website"},"primaryImageOfPage":{"@id":"https:\/\/test.arctic.klean.it\/udflugter\/city-walk-with-brew-tour-and-dinner\/#primaryimage"},"image":{"@id":"https:\/\/test.arctic.klean.it\/udflugter\/city-walk-with-brew-tour-and-dinner\/#primaryimage"},"thumbnailUrl":"https:\/\/test.arctic.klean.it\/wp-content\/uploads\/2023\/03\/kang2-by-freddy-christensen-min-1400x933-1.jpg","datePublished":"2023-03-27T07:54:11+00:00","dateModified":"2025-02-28T11:59:00+00:00","breadcrumb":{"@id":"https:\/\/test.arctic.klean.it\/udflugter\/city-walk-with-brew-tour-and-dinner\/#breadcrumb"},"inLanguage":"da-DK","potentialAction":[{"@type":"ReadAction","target":["https:\/\/test.arctic.klean.it\/udflugter\/city-walk-with-brew-tour-and-dinner\/"]}]},{"@type":"ImageObject","inLanguage":"da-DK","@id":"https:\/\/test.arctic.klean.it\/udflugter\/city-walk-with-brew-tour-and-dinner\/#primaryimage","url":"https:\/\/test.arctic.klean.it\/wp-content\/uploads\/2023\/03\/kang2-by-freddy-christensen-min-1400x933-1.jpg","contentUrl":"https:\/\/test.arctic.klean.it\/wp-content\/uploads\/2023\/03\/kang2-by-freddy-christensen-min-1400x933-1.jpg","width":1400,"height":933},{"@type":"BreadcrumbList","@id":"https:\/\/test.arctic.klean.it\/udflugter\/city-walk-with-brew-tour-and-dinner\/#breadcrumb","itemListElement":[{"@type":"ListItem","position":1,"name":"Udflugter i Gr\u00f8nland","item":"https:\/\/test.arctic.klean.it\/da\/udflugter\/"},{"@type":"ListItem","position":2,"name":"Byvandring &#8211; Med rundvisning p\u00e5 Godth\u00e5b Bryghus &#038; aftensmad"}]},{"@type":"WebSite","@id":"https:\/\/test.arctic.klean.it\/#website","url":"https:\/\/test.arctic.klean.it\/","name":"Arctic Excursions","description":"New adventures. Every day.","potentialAction":[{"@type":"SearchAction","target":{"@type":"EntryPoint","urlTemplate":"https:\/\/test.arctic.klean.it\/?s={search_term_string}"},"query-input":{"@type":"PropertyValueSpecification","valueRequired":true,"valueName":"search_term_string"}}],"inLanguage":"da-DK"}]}},"_links":{"self":[{"href":"https:\/\/test.arctic.klean.it\/da\/wp-json\/wp\/v2\/product\/10767","targetHints":{"allow":["GET"]}}],"collection":[{"href":"https:\/\/test.arctic.klean.it\/da\/wp-json\/wp\/v2\/product"}],"about":[{"href":"https:\/\/test.arctic.klean.it\/da\/wp-json\/wp\/v2\/types\/product"}],"replies":[{"embeddable":true,"href":"https:\/\/test.arctic.klean.it\/da\/wp-json\/wp\/v2\/comments?post=10767"}],"wp:featuredmedia":[{"embeddable":true,"href":"https:\/\/test.arctic.klean.it\/da\/wp-json\/wp\/v2\/media\/11244"}],"wp:attachment":[{"href":"https:\/\/test.arctic.klean.it\/da\/wp-json\/wp\/v2\/media?parent=10767"}],"wp:term":[{"taxonomy":"product_brand","embeddable":true,"href":"https:\/\/test.arctic.klean.it\/da\/wp-json\/wp\/v2\/product_brand?post=10767"},{"taxonomy":"product_cat","embeddable":true,"href":"https:\/\/test.arctic.klean.it\/da\/wp-json\/wp\/v2\/product_cat?post=10767"},{"taxonomy":"product_tag","embeddable":true,"href":"https:\/\/test.arctic.klean.it\/da\/wp-json\/wp\/v2\/product_tag?post=10767"}],"curies":[{"name":"wp","href":"https:\/\/api.w.org\/{rel}","templated":true}]}}