{"id":10857,"date":"2023-03-15T16:54:00","date_gmt":"2023-03-15T14:54:00","guid":{"rendered":"https:\/\/test.arctic.klean.it\/?post_type=product&#038;p=10857"},"modified":"2023-03-15T17:03:53","modified_gmt":"2023-03-15T15:03:53","slug":"oplev-den-groenlandske-hunds-kraft-i-en-stor-hundeslaede-vol2","status":"publish","type":"product","link":"https:\/\/test.arctic.klean.it\/da\/udflugter\/oplev-den-groenlandske-hunds-kraft-i-en-stor-hundeslaede-vol2\/","title":{"rendered":"Oplev den gr\u00f8nlandske hunds kraft i en stor hundesl\u00e6de"},"content":{"rendered":"<p>Oplev en speciallavet hundesl\u00e6de, n\u00e5r du tager p\u00e5 tur sammen med os.<br \/>\nP\u00e5 denne tur kan I opleve kr\u00e6fterne p\u00e5 en gr\u00f8nlandsk hund.<br \/>\nGr\u00f8nlandske hunde er arbejderhunde, som er en meget vigtig del er vores kultur. P\u00e5 denne tur f\u00e5r man lov at opleve samarbejdet mellem mennesket og hunden.<br \/>\nM\u00e5let for sl\u00e6deturen er stedet, hvor vi fodrer hundene, og her vil vi fort\u00e6lle om selve opdragelsen af sl\u00e6dehundene.<br \/>\nVi har bygget sl\u00e6den selv, og alle kan v\u00e6re med p\u00e5 denne tur.<br \/>\nSl\u00e6den er stor og har indbyggede s\u00e6der.<\/p>\n","protected":false},"excerpt":{"rendered":"<p>Oplev en anderledes sl\u00e6de, n\u00e5r vi s\u00e6tter den gr\u00f8nlandske hund i fokus. <\/p>\n","protected":false},"featured_media":10853,"comment_status":"open","ping_status":"closed","template":"","meta":{"_acf_changed":false},"product_brand":[],"product_cat":[170],"product_tag":[],"class_list":{"0":"post-10857","1":"product","2":"type-product","3":"status-publish","4":"has-post-thumbnail","6":"product_cat-udflugt","7":"tour_location-ilulissat-da","8":"tour_type-hundeslaede","9":"tour_operator-wonderful-ilulissat","11":"first","12":"outofstock","13":"shipping-taxable","14":"product-type-variable"},"acf":[],"yoast_head":"<!-- This site is optimized with the Yoast SEO plugin v25.2 - https:\/\/yoast.com\/wordpress\/plugins\/seo\/ -->\n<title>Arctic Excursions<\/title>\n<meta name=\"robots\" content=\"index, follow, max-snippet:-1, max-image-preview:large, max-video-preview:-1\" \/>\n<link rel=\"canonical\" href=\"https:\/\/test.arctic.klean.it\/udflugter\/experience-the-power-of-the-greenlandic-dog-in-a-large-dog-sled-2\/\" \/>\n<meta property=\"og:locale\" content=\"da_DK\" \/>\n<meta property=\"og:type\" content=\"article\" \/>\n<meta property=\"og:title\" content=\"Oplev den gr\u00f8nlandske hunds kraft i en stor hundesl\u00e6de - Arctic Excursions\" \/>\n<meta property=\"og:description\" content=\"Oplev en anderledes sl\u00e6de, n\u00e5r vi s\u00e6tter den gr\u00f8nlandske hund i fokus.\" \/>\n<meta property=\"og:url\" content=\"https:\/\/test.arctic.klean.it\/udflugter\/experience-the-power-of-the-greenlandic-dog-in-a-large-dog-sled-2\/\" \/>\n<meta property=\"og:site_name\" content=\"Arctic Excursions\" \/>\n<meta property=\"article:modified_time\" content=\"2023-03-15T15:03:53+00:00\" \/>\n<meta property=\"og:image\" content=\"https:\/\/test.arctic.klean.it\/wp-content\/uploads\/2023\/03\/bb2ff0_9cef5d396a6c48768bda49ac452c4245_mv2.webp\" \/>\n\t<meta property=\"og:image:width\" content=\"952\" \/>\n\t<meta property=\"og:image:height\" content=\"820\" \/>\n\t<meta property=\"og:image:type\" content=\"image\/webp\" \/>\n<meta name=\"twitter:card\" content=\"summary_large_image\" \/>\n<meta name=\"twitter:label1\" content=\"Estimeret l\u00e6setid\" \/>\n\t<meta name=\"twitter:data1\" content=\"1 minut\" \/>\n<script type=\"application\/ld+json\" class=\"yoast-schema-graph\">{\"@context\":\"https:\/\/schema.org\",\"@graph\":[{\"@type\":\"WebPage\",\"@id\":\"https:\/\/test.arctic.klean.it\/udflugter\/experience-the-power-of-the-greenlandic-dog-in-a-large-dog-sled-2\/\",\"url\":\"https:\/\/test.arctic.klean.it\/udflugter\/experience-the-power-of-the-greenlandic-dog-in-a-large-dog-sled-2\/\",\"name\":\"Oplev den gr\u00f8nlandske hunds kraft i en stor hundesl\u00e6de - Arctic Excursions\",\"isPartOf\":{\"@id\":\"https:\/\/test.arctic.klean.it\/#website\"},\"primaryImageOfPage\":{\"@id\":\"https:\/\/test.arctic.klean.it\/udflugter\/experience-the-power-of-the-greenlandic-dog-in-a-large-dog-sled-2\/#primaryimage\"},\"image\":{\"@id\":\"https:\/\/test.arctic.klean.it\/udflugter\/experience-the-power-of-the-greenlandic-dog-in-a-large-dog-sled-2\/#primaryimage\"},\"thumbnailUrl\":\"https:\/\/test.arctic.klean.it\/wp-content\/uploads\/2023\/03\/bb2ff0_9cef5d396a6c48768bda49ac452c4245_mv2.webp\",\"datePublished\":\"2023-03-15T14:54:00+00:00\",\"dateModified\":\"2023-03-15T15:03:53+00:00\",\"breadcrumb\":{\"@id\":\"https:\/\/test.arctic.klean.it\/udflugter\/experience-the-power-of-the-greenlandic-dog-in-a-large-dog-sled-2\/#breadcrumb\"},\"inLanguage\":\"da-DK\",\"potentialAction\":[{\"@type\":\"ReadAction\",\"target\":[\"https:\/\/test.arctic.klean.it\/udflugter\/experience-the-power-of-the-greenlandic-dog-in-a-large-dog-sled-2\/\"]}]},{\"@type\":\"ImageObject\",\"inLanguage\":\"da-DK\",\"@id\":\"https:\/\/test.arctic.klean.it\/udflugter\/experience-the-power-of-the-greenlandic-dog-in-a-large-dog-sled-2\/#primaryimage\",\"url\":\"https:\/\/test.arctic.klean.it\/wp-content\/uploads\/2023\/03\/bb2ff0_9cef5d396a6c48768bda49ac452c4245_mv2.webp\",\"contentUrl\":\"https:\/\/test.arctic.klean.it\/wp-content\/uploads\/2023\/03\/bb2ff0_9cef5d396a6c48768bda49ac452c4245_mv2.webp\",\"width\":952,\"height\":820},{\"@type\":\"BreadcrumbList\",\"@id\":\"https:\/\/test.arctic.klean.it\/udflugter\/experience-the-power-of-the-greenlandic-dog-in-a-large-dog-sled-2\/#breadcrumb\",\"itemListElement\":[{\"@type\":\"ListItem\",\"position\":1,\"name\":\"Udflugter i Gr\u00f8nland\",\"item\":\"https:\/\/test.arctic.klean.it\/da\/udflugter\/\"},{\"@type\":\"ListItem\",\"position\":2,\"name\":\"Oplev den gr\u00f8nlandske hunds kraft i en stor hundesl\u00e6de\"}]},{\"@type\":\"WebSite\",\"@id\":\"https:\/\/test.arctic.klean.it\/#website\",\"url\":\"https:\/\/test.arctic.klean.it\/\",\"name\":\"Arctic Excursions\",\"description\":\"New adventures. Every day.\",\"potentialAction\":[{\"@type\":\"SearchAction\",\"target\":{\"@type\":\"EntryPoint\",\"urlTemplate\":\"https:\/\/test.arctic.klean.it\/?s={search_term_string}\"},\"query-input\":{\"@type\":\"PropertyValueSpecification\",\"valueRequired\":true,\"valueName\":\"search_term_string\"}}],\"inLanguage\":\"da-DK\"}]}<\/script>\n<!-- \/ Yoast SEO plugin. -->","yoast_head_json":{"title":"Arctic Excursions","robots":{"index":"index","follow":"follow","max-snippet":"max-snippet:-1","max-image-preview":"max-image-preview:large","max-video-preview":"max-video-preview:-1"},"canonical":"https:\/\/test.arctic.klean.it\/udflugter\/experience-the-power-of-the-greenlandic-dog-in-a-large-dog-sled-2\/","og_locale":"da_DK","og_type":"article","og_title":"Oplev den gr\u00f8nlandske hunds kraft i en stor hundesl\u00e6de - Arctic Excursions","og_description":"Oplev en anderledes sl\u00e6de, n\u00e5r vi s\u00e6tter den gr\u00f8nlandske hund i fokus.","og_url":"https:\/\/test.arctic.klean.it\/udflugter\/experience-the-power-of-the-greenlandic-dog-in-a-large-dog-sled-2\/","og_site_name":"Arctic Excursions","article_modified_time":"2023-03-15T15:03:53+00:00","og_image":[{"width":952,"height":820,"url":"https:\/\/test.arctic.klean.it\/wp-content\/uploads\/2023\/03\/bb2ff0_9cef5d396a6c48768bda49ac452c4245_mv2.webp","type":"image\/webp"}],"twitter_card":"summary_large_image","twitter_misc":{"Estimeret l\u00e6setid":"1 minut"},"schema":{"@context":"https:\/\/schema.org","@graph":[{"@type":"WebPage","@id":"https:\/\/test.arctic.klean.it\/udflugter\/experience-the-power-of-the-greenlandic-dog-in-a-large-dog-sled-2\/","url":"https:\/\/test.arctic.klean.it\/udflugter\/experience-the-power-of-the-greenlandic-dog-in-a-large-dog-sled-2\/","name":"Oplev den gr\u00f8nlandske hunds kraft i en stor hundesl\u00e6de - Arctic Excursions","isPartOf":{"@id":"https:\/\/test.arctic.klean.it\/#website"},"primaryImageOfPage":{"@id":"https:\/\/test.arctic.klean.it\/udflugter\/experience-the-power-of-the-greenlandic-dog-in-a-large-dog-sled-2\/#primaryimage"},"image":{"@id":"https:\/\/test.arctic.klean.it\/udflugter\/experience-the-power-of-the-greenlandic-dog-in-a-large-dog-sled-2\/#primaryimage"},"thumbnailUrl":"https:\/\/test.arctic.klean.it\/wp-content\/uploads\/2023\/03\/bb2ff0_9cef5d396a6c48768bda49ac452c4245_mv2.webp","datePublished":"2023-03-15T14:54:00+00:00","dateModified":"2023-03-15T15:03:53+00:00","breadcrumb":{"@id":"https:\/\/test.arctic.klean.it\/udflugter\/experience-the-power-of-the-greenlandic-dog-in-a-large-dog-sled-2\/#breadcrumb"},"inLanguage":"da-DK","potentialAction":[{"@type":"ReadAction","target":["https:\/\/test.arctic.klean.it\/udflugter\/experience-the-power-of-the-greenlandic-dog-in-a-large-dog-sled-2\/"]}]},{"@type":"ImageObject","inLanguage":"da-DK","@id":"https:\/\/test.arctic.klean.it\/udflugter\/experience-the-power-of-the-greenlandic-dog-in-a-large-dog-sled-2\/#primaryimage","url":"https:\/\/test.arctic.klean.it\/wp-content\/uploads\/2023\/03\/bb2ff0_9cef5d396a6c48768bda49ac452c4245_mv2.webp","contentUrl":"https:\/\/test.arctic.klean.it\/wp-content\/uploads\/2023\/03\/bb2ff0_9cef5d396a6c48768bda49ac452c4245_mv2.webp","width":952,"height":820},{"@type":"BreadcrumbList","@id":"https:\/\/test.arctic.klean.it\/udflugter\/experience-the-power-of-the-greenlandic-dog-in-a-large-dog-sled-2\/#breadcrumb","itemListElement":[{"@type":"ListItem","position":1,"name":"Udflugter i Gr\u00f8nland","item":"https:\/\/test.arctic.klean.it\/da\/udflugter\/"},{"@type":"ListItem","position":2,"name":"Oplev den gr\u00f8nlandske hunds kraft i en stor hundesl\u00e6de"}]},{"@type":"WebSite","@id":"https:\/\/test.arctic.klean.it\/#website","url":"https:\/\/test.arctic.klean.it\/","name":"Arctic Excursions","description":"New adventures. Every day.","potentialAction":[{"@type":"SearchAction","target":{"@type":"EntryPoint","urlTemplate":"https:\/\/test.arctic.klean.it\/?s={search_term_string}"},"query-input":{"@type":"PropertyValueSpecification","valueRequired":true,"valueName":"search_term_string"}}],"inLanguage":"da-DK"}]}},"_links":{"self":[{"href":"https:\/\/test.arctic.klean.it\/da\/wp-json\/wp\/v2\/product\/10857","targetHints":{"allow":["GET"]}}],"collection":[{"href":"https:\/\/test.arctic.klean.it\/da\/wp-json\/wp\/v2\/product"}],"about":[{"href":"https:\/\/test.arctic.klean.it\/da\/wp-json\/wp\/v2\/types\/product"}],"replies":[{"embeddable":true,"href":"https:\/\/test.arctic.klean.it\/da\/wp-json\/wp\/v2\/comments?post=10857"}],"wp:featuredmedia":[{"embeddable":true,"href":"https:\/\/test.arctic.klean.it\/da\/wp-json\/wp\/v2\/media\/10853"}],"wp:attachment":[{"href":"https:\/\/test.arctic.klean.it\/da\/wp-json\/wp\/v2\/media?parent=10857"}],"wp:term":[{"taxonomy":"product_brand","embeddable":true,"href":"https:\/\/test.arctic.klean.it\/da\/wp-json\/wp\/v2\/product_brand?post=10857"},{"taxonomy":"product_cat","embeddable":true,"href":"https:\/\/test.arctic.klean.it\/da\/wp-json\/wp\/v2\/product_cat?post=10857"},{"taxonomy":"product_tag","embeddable":true,"href":"https:\/\/test.arctic.klean.it\/da\/wp-json\/wp\/v2\/product_tag?post=10857"}],"curies":[{"name":"wp","href":"https:\/\/api.w.org\/{rel}","templated":true}]}}