{"id":10873,"date":"2023-03-16T11:11:11","date_gmt":"2023-03-16T09:11:11","guid":{"rendered":"https:\/\/test.arctic.klean.it\/?post_type=product&#038;p=10873"},"modified":"2023-05-01T12:39:33","modified_gmt":"2023-05-01T10:39:33","slug":"bygdebesoeg-med-restaurant-h8-isfiskeri-vol-2","status":"publish","type":"product","link":"https:\/\/test.arctic.klean.it\/da\/udflugter\/bygdebesoeg-med-restaurant-h8-isfiskeri-vol-2\/","title":{"rendered":"Bygdebes\u00f8g med Restaurant H8 &#038; Isfiskeri"},"content":{"rendered":"<p>Tag med os p\u00e5 en tur ud af Ilulissat, hvor vi sejler mod den nordlige bygd Oqaatsut. Vi sejler langs kysten fra Ilulissat, og f\u00f8lger de drivende isbjerges rute. Ved ankomst til Oqaatsut stiger vi af b\u00e5den ned p\u00e5 den tykke havis, der har lagt sig i bugten foran Oqaatsut. Herfra kan vi trygt vandre ind til Oqaasut &#8211; ca 150 meter i selskab med v\u00e6rtsparret i H8, der modtager os ved b\u00e5den. <\/p>\n<p>Ved H8 Explorer tr\u00e6kker vi &#8220;fangerdragten&#8221;, s\u00e5 vi kan holde varmen ude p\u00e5 isen. Sammen med vores guide drager vi ud p\u00e5 isen, og fors\u00f8ger vores held med at indhente dagens fangst gennem den tykke is. Undervejs vil det v\u00e6re muligt at f\u00e5 varmen ved lidt kaffe eller the. <\/p>\n<p>Efter fangstturen p\u00e5 isen, vandrer vi tilbage til Restaurant H8, hvor vi t\u00f8r op igen med udsigt til det snekl\u00e6dte landskab og frosten udenfor vinduet. Der bliver serveret frokost eller aftensmad i restauranten, hvor vi kan dele historier, fort\u00e6llinger eller blot nyde udsigten. <\/p>\n<p>Der vil v\u00e6re mulighed for at vandre lidt i bygden og g\u00e5 p\u00e5 opdagelse i omr\u00e5det inden vi igen sejler mod Ilulissat efter en begivenhedsrig dag i Oqaatsut sk\u00f8nne natur og Restaurant H8. <\/p>\n<p>Udflugten varer ca. 6 timer totalt. B\u00e5dtur til\/fra Oqaatsut, isfiskeri og frokost\/aftensmad i H8 er inkluderet i prisen. <\/p>\n<p>Vi gl\u00e6der os til at se jer i Oqaatsut! <\/p>\n<p>Foto (isfiskeri): Aningaaq R. Carlsen, Visit Greenland<\/p>\n","protected":false},"excerpt":{"rendered":"<p>Bes\u00f8g Oqaatsut, en bygd med kun 30 indbyggere, pr\u00f8v kr\u00e6fter med den traditionelle fiskemetode isfiskeri og lad roen s\u00e6nke sig over et sk\u00f8nt m\u00e5ltid i de historiske bygninger, der udg\u00f8r Restaurant H8!<\/p>\n","protected":false},"featured_media":5081,"comment_status":"open","ping_status":"closed","template":"","meta":{"_acf_changed":false},"product_brand":[],"product_cat":[170],"product_tag":[],"class_list":{"0":"post-10873","1":"product","2":"type-product","3":"status-publish","4":"has-post-thumbnail","6":"product_cat-udflugt","7":"pa_dato-376","8":"pa_dato-377","9":"pa_dato-350","10":"pa_dato-352","11":"pa_dato-379","12":"pa_dato-380","13":"pa_dato-353","14":"pa_dato-355","15":"pa_dato-381","16":"pa_dato-382","17":"pa_dato-356","18":"pa_dato-357","19":"pa_dato-358","20":"pa_dato-359","21":"pa_dato-389","22":"pa_tidspunkt-178","23":"pa_tidspunkt-38","24":"pa_tidspunkt-308","25":"tour_location-ilulissat-da","26":"tour_type-baadture","27":"tour_operator-albatros-arctic-circle","29":"first","30":"outofstock","31":"shipping-taxable","32":"product-type-variable"},"acf":[],"yoast_head":"<!-- This site is optimized with the Yoast SEO plugin v25.2 - https:\/\/yoast.com\/wordpress\/plugins\/seo\/ -->\n<title>Arctic Excursions<\/title>\n<meta name=\"robots\" content=\"index, follow, max-snippet:-1, max-image-preview:large, max-video-preview:-1\" \/>\n<link rel=\"canonical\" href=\"https:\/\/test.arctic.klean.it\/udflugter\/village-visit-with-restaurant-h8-ice-fishing\/\" \/>\n<meta property=\"og:locale\" content=\"da_DK\" \/>\n<meta property=\"og:type\" content=\"article\" \/>\n<meta property=\"og:title\" content=\"Bygdebes\u00f8g med Restaurant H8 &amp; Isfiskeri - Arctic Excursions\" \/>\n<meta property=\"og:description\" content=\"Bes\u00f8g Oqaatsut, en bygd med kun 30 indbyggere, pr\u00f8v kr\u00e6fter med den traditionelle fiskemetode isfiskeri og lad roen s\u00e6nke sig over et sk\u00f8nt m\u00e5ltid i de historiske bygninger, der udg\u00f8r Restaurant H8!\" \/>\n<meta property=\"og:url\" content=\"https:\/\/test.arctic.klean.it\/udflugter\/village-visit-with-restaurant-h8-ice-fishing\/\" \/>\n<meta property=\"og:site_name\" content=\"Arctic Excursions\" \/>\n<meta property=\"article:modified_time\" content=\"2023-05-01T10:39:33+00:00\" \/>\n<meta property=\"og:image\" content=\"https:\/\/test.arctic.klean.it\/wp-content\/uploads\/2022\/11\/DJI_0166-scaled.jpg\" \/>\n\t<meta property=\"og:image:width\" content=\"2560\" \/>\n\t<meta property=\"og:image:height\" content=\"1440\" \/>\n\t<meta property=\"og:image:type\" content=\"image\/jpeg\" \/>\n<meta name=\"twitter:card\" content=\"summary_large_image\" \/>\n<meta name=\"twitter:label1\" content=\"Estimeret l\u00e6setid\" \/>\n\t<meta name=\"twitter:data1\" content=\"1 minut\" \/>\n<script type=\"application\/ld+json\" class=\"yoast-schema-graph\">{\"@context\":\"https:\/\/schema.org\",\"@graph\":[{\"@type\":\"WebPage\",\"@id\":\"https:\/\/test.arctic.klean.it\/udflugter\/village-visit-with-restaurant-h8-ice-fishing\/\",\"url\":\"https:\/\/test.arctic.klean.it\/udflugter\/village-visit-with-restaurant-h8-ice-fishing\/\",\"name\":\"Bygdebes\u00f8g med Restaurant H8 & Isfiskeri - Arctic Excursions\",\"isPartOf\":{\"@id\":\"https:\/\/test.arctic.klean.it\/#website\"},\"primaryImageOfPage\":{\"@id\":\"https:\/\/test.arctic.klean.it\/udflugter\/village-visit-with-restaurant-h8-ice-fishing\/#primaryimage\"},\"image\":{\"@id\":\"https:\/\/test.arctic.klean.it\/udflugter\/village-visit-with-restaurant-h8-ice-fishing\/#primaryimage\"},\"thumbnailUrl\":\"https:\/\/test.arctic.klean.it\/wp-content\/uploads\/2022\/11\/DJI_0166-scaled.jpg\",\"datePublished\":\"2023-03-16T09:11:11+00:00\",\"dateModified\":\"2023-05-01T10:39:33+00:00\",\"breadcrumb\":{\"@id\":\"https:\/\/test.arctic.klean.it\/udflugter\/village-visit-with-restaurant-h8-ice-fishing\/#breadcrumb\"},\"inLanguage\":\"da-DK\",\"potentialAction\":[{\"@type\":\"ReadAction\",\"target\":[\"https:\/\/test.arctic.klean.it\/udflugter\/village-visit-with-restaurant-h8-ice-fishing\/\"]}]},{\"@type\":\"ImageObject\",\"inLanguage\":\"da-DK\",\"@id\":\"https:\/\/test.arctic.klean.it\/udflugter\/village-visit-with-restaurant-h8-ice-fishing\/#primaryimage\",\"url\":\"https:\/\/test.arctic.klean.it\/wp-content\/uploads\/2022\/11\/DJI_0166-scaled.jpg\",\"contentUrl\":\"https:\/\/test.arctic.klean.it\/wp-content\/uploads\/2022\/11\/DJI_0166-scaled.jpg\",\"width\":2560,\"height\":1440,\"caption\":\"DCIM100MEDIADJI_0166.JPG\"},{\"@type\":\"BreadcrumbList\",\"@id\":\"https:\/\/test.arctic.klean.it\/udflugter\/village-visit-with-restaurant-h8-ice-fishing\/#breadcrumb\",\"itemListElement\":[{\"@type\":\"ListItem\",\"position\":1,\"name\":\"Udflugter i Gr\u00f8nland\",\"item\":\"https:\/\/test.arctic.klean.it\/da\/udflugter\/\"},{\"@type\":\"ListItem\",\"position\":2,\"name\":\"Bygdebes\u00f8g med Restaurant H8 &#038; Isfiskeri\"}]},{\"@type\":\"WebSite\",\"@id\":\"https:\/\/test.arctic.klean.it\/#website\",\"url\":\"https:\/\/test.arctic.klean.it\/\",\"name\":\"Arctic Excursions\",\"description\":\"New adventures. Every day.\",\"potentialAction\":[{\"@type\":\"SearchAction\",\"target\":{\"@type\":\"EntryPoint\",\"urlTemplate\":\"https:\/\/test.arctic.klean.it\/?s={search_term_string}\"},\"query-input\":{\"@type\":\"PropertyValueSpecification\",\"valueRequired\":true,\"valueName\":\"search_term_string\"}}],\"inLanguage\":\"da-DK\"}]}<\/script>\n<!-- \/ Yoast SEO plugin. -->","yoast_head_json":{"title":"Arctic Excursions","robots":{"index":"index","follow":"follow","max-snippet":"max-snippet:-1","max-image-preview":"max-image-preview:large","max-video-preview":"max-video-preview:-1"},"canonical":"https:\/\/test.arctic.klean.it\/udflugter\/village-visit-with-restaurant-h8-ice-fishing\/","og_locale":"da_DK","og_type":"article","og_title":"Bygdebes\u00f8g med Restaurant H8 & Isfiskeri - Arctic Excursions","og_description":"Bes\u00f8g Oqaatsut, en bygd med kun 30 indbyggere, pr\u00f8v kr\u00e6fter med den traditionelle fiskemetode isfiskeri og lad roen s\u00e6nke sig over et sk\u00f8nt m\u00e5ltid i de historiske bygninger, der udg\u00f8r Restaurant H8!","og_url":"https:\/\/test.arctic.klean.it\/udflugter\/village-visit-with-restaurant-h8-ice-fishing\/","og_site_name":"Arctic Excursions","article_modified_time":"2023-05-01T10:39:33+00:00","og_image":[{"width":2560,"height":1440,"url":"https:\/\/test.arctic.klean.it\/wp-content\/uploads\/2022\/11\/DJI_0166-scaled.jpg","type":"image\/jpeg"}],"twitter_card":"summary_large_image","twitter_misc":{"Estimeret l\u00e6setid":"1 minut"},"schema":{"@context":"https:\/\/schema.org","@graph":[{"@type":"WebPage","@id":"https:\/\/test.arctic.klean.it\/udflugter\/village-visit-with-restaurant-h8-ice-fishing\/","url":"https:\/\/test.arctic.klean.it\/udflugter\/village-visit-with-restaurant-h8-ice-fishing\/","name":"Bygdebes\u00f8g med Restaurant H8 & Isfiskeri - Arctic Excursions","isPartOf":{"@id":"https:\/\/test.arctic.klean.it\/#website"},"primaryImageOfPage":{"@id":"https:\/\/test.arctic.klean.it\/udflugter\/village-visit-with-restaurant-h8-ice-fishing\/#primaryimage"},"image":{"@id":"https:\/\/test.arctic.klean.it\/udflugter\/village-visit-with-restaurant-h8-ice-fishing\/#primaryimage"},"thumbnailUrl":"https:\/\/test.arctic.klean.it\/wp-content\/uploads\/2022\/11\/DJI_0166-scaled.jpg","datePublished":"2023-03-16T09:11:11+00:00","dateModified":"2023-05-01T10:39:33+00:00","breadcrumb":{"@id":"https:\/\/test.arctic.klean.it\/udflugter\/village-visit-with-restaurant-h8-ice-fishing\/#breadcrumb"},"inLanguage":"da-DK","potentialAction":[{"@type":"ReadAction","target":["https:\/\/test.arctic.klean.it\/udflugter\/village-visit-with-restaurant-h8-ice-fishing\/"]}]},{"@type":"ImageObject","inLanguage":"da-DK","@id":"https:\/\/test.arctic.klean.it\/udflugter\/village-visit-with-restaurant-h8-ice-fishing\/#primaryimage","url":"https:\/\/test.arctic.klean.it\/wp-content\/uploads\/2022\/11\/DJI_0166-scaled.jpg","contentUrl":"https:\/\/test.arctic.klean.it\/wp-content\/uploads\/2022\/11\/DJI_0166-scaled.jpg","width":2560,"height":1440,"caption":"DCIM100MEDIADJI_0166.JPG"},{"@type":"BreadcrumbList","@id":"https:\/\/test.arctic.klean.it\/udflugter\/village-visit-with-restaurant-h8-ice-fishing\/#breadcrumb","itemListElement":[{"@type":"ListItem","position":1,"name":"Udflugter i Gr\u00f8nland","item":"https:\/\/test.arctic.klean.it\/da\/udflugter\/"},{"@type":"ListItem","position":2,"name":"Bygdebes\u00f8g med Restaurant H8 &#038; Isfiskeri"}]},{"@type":"WebSite","@id":"https:\/\/test.arctic.klean.it\/#website","url":"https:\/\/test.arctic.klean.it\/","name":"Arctic Excursions","description":"New adventures. Every day.","potentialAction":[{"@type":"SearchAction","target":{"@type":"EntryPoint","urlTemplate":"https:\/\/test.arctic.klean.it\/?s={search_term_string}"},"query-input":{"@type":"PropertyValueSpecification","valueRequired":true,"valueName":"search_term_string"}}],"inLanguage":"da-DK"}]}},"_links":{"self":[{"href":"https:\/\/test.arctic.klean.it\/da\/wp-json\/wp\/v2\/product\/10873","targetHints":{"allow":["GET"]}}],"collection":[{"href":"https:\/\/test.arctic.klean.it\/da\/wp-json\/wp\/v2\/product"}],"about":[{"href":"https:\/\/test.arctic.klean.it\/da\/wp-json\/wp\/v2\/types\/product"}],"replies":[{"embeddable":true,"href":"https:\/\/test.arctic.klean.it\/da\/wp-json\/wp\/v2\/comments?post=10873"}],"wp:featuredmedia":[{"embeddable":true,"href":"https:\/\/test.arctic.klean.it\/da\/wp-json\/wp\/v2\/media\/5081"}],"wp:attachment":[{"href":"https:\/\/test.arctic.klean.it\/da\/wp-json\/wp\/v2\/media?parent=10873"}],"wp:term":[{"taxonomy":"product_brand","embeddable":true,"href":"https:\/\/test.arctic.klean.it\/da\/wp-json\/wp\/v2\/product_brand?post=10873"},{"taxonomy":"product_cat","embeddable":true,"href":"https:\/\/test.arctic.klean.it\/da\/wp-json\/wp\/v2\/product_cat?post=10873"},{"taxonomy":"product_tag","embeddable":true,"href":"https:\/\/test.arctic.klean.it\/da\/wp-json\/wp\/v2\/product_tag?post=10873"}],"curies":[{"name":"wp","href":"https:\/\/api.w.org\/{rel}","templated":true}]}}