{"id":12466,"date":"2023-04-17T16:11:39","date_gmt":"2023-04-17T14:11:39","guid":{"rendered":"https:\/\/test.arctic.klean.it\/?post_type=product&#038;p=12466"},"modified":"2023-08-15T10:45:39","modified_gmt":"2023-08-15T08:45:39","slug":"uummannaq-360","status":"publish","type":"product","link":"https:\/\/test.arctic.klean.it\/da\/udflugter\/uummannaq-360\/","title":{"rendered":"Uummannaq 360\u00b0"},"content":{"rendered":"<p>Sejl med rundt rundt om det kendte, hjerteformede Uummannaq fjeld. N\u00e5r du har bes\u00f8gt Uummannaq \u00e9n gang, siges det, at man efterlader et stykke af sit hjerte p\u00e5 \u00f8en for evigt.<\/p>\n<p><b>Varighed:<\/b> 2 timer<\/p>\n<p><b>Minimum antal deltagere:<\/b> 2<\/p>\n<p><b>Maks antal deltagere:<\/b> 6<\/p>\n<p><\/b>Inkluderet:<\/b> Kaffe\/te og en guide<\/p>\n<p><b>Sv\u00e6rhedsgrad:<\/b> Let<\/p>\n","protected":false},"excerpt":{"rendered":"<p>Kom med p\u00e5 en sejltur rundt om den ikoniske, hjerteformede \u00f8 Uummannaq<\/p>\n","protected":false},"featured_media":12416,"comment_status":"open","ping_status":"closed","template":"","meta":{"_acf_changed":false},"product_brand":[],"product_cat":[101,170],"product_tag":[],"class_list":{"0":"post-12466","1":"product","2":"type-product","3":"status-publish","4":"has-post-thumbnail","6":"product_cat-tour","7":"product_cat-udflugt","8":"pa_dato-653","9":"pa_dato-658","10":"pa_dato-668","11":"pa_tidspunkt-40","12":"pa_tidspunkt-314","13":"tour_location-uummannaq-da","14":"tour_type-baadture","15":"tour_operator-uummannaq-seasafaris","17":"first","18":"outofstock","19":"shipping-taxable","20":"product-type-variable"},"acf":[],"yoast_head":"<!-- This site is optimized with the Yoast SEO plugin v25.2 - https:\/\/yoast.com\/wordpress\/plugins\/seo\/ -->\n<title>Arctic Excursions<\/title>\n<meta name=\"robots\" content=\"index, follow, max-snippet:-1, max-image-preview:large, max-video-preview:-1\" \/>\n<link rel=\"canonical\" href=\"https:\/\/test.arctic.klean.it\/udflugter\/uummannaq-360\/\" \/>\n<meta property=\"og:locale\" content=\"da_DK\" \/>\n<meta property=\"og:type\" content=\"article\" \/>\n<meta property=\"og:title\" content=\"Uummannaq 360\u00b0 - Arctic Excursions\" \/>\n<meta property=\"og:description\" content=\"Kom med p\u00e5 en sejltur rundt om den ikoniske, hjerteformede \u00f8 Uummannaq\" \/>\n<meta property=\"og:url\" content=\"https:\/\/test.arctic.klean.it\/udflugter\/uummannaq-360\/\" \/>\n<meta property=\"og:site_name\" content=\"Arctic Excursions\" \/>\n<meta property=\"article:modified_time\" content=\"2023-08-15T08:45:39+00:00\" \/>\n<meta property=\"og:image\" content=\"https:\/\/test.arctic.klean.it\/wp-content\/uploads\/2023\/04\/DJI_0652-scaled.jpg\" \/>\n\t<meta property=\"og:image:width\" content=\"2560\" \/>\n\t<meta property=\"og:image:height\" content=\"1439\" \/>\n\t<meta property=\"og:image:type\" content=\"image\/jpeg\" \/>\n<meta name=\"twitter:card\" content=\"summary_large_image\" \/>\n<script type=\"application\/ld+json\" class=\"yoast-schema-graph\">{\"@context\":\"https:\/\/schema.org\",\"@graph\":[{\"@type\":\"WebPage\",\"@id\":\"https:\/\/test.arctic.klean.it\/udflugter\/uummannaq-360\/\",\"url\":\"https:\/\/test.arctic.klean.it\/udflugter\/uummannaq-360\/\",\"name\":\"Uummannaq 360\u00b0 - Arctic Excursions\",\"isPartOf\":{\"@id\":\"https:\/\/test.arctic.klean.it\/#website\"},\"primaryImageOfPage\":{\"@id\":\"https:\/\/test.arctic.klean.it\/udflugter\/uummannaq-360\/#primaryimage\"},\"image\":{\"@id\":\"https:\/\/test.arctic.klean.it\/udflugter\/uummannaq-360\/#primaryimage\"},\"thumbnailUrl\":\"https:\/\/test.arctic.klean.it\/wp-content\/uploads\/2023\/04\/DJI_0652-scaled.jpg\",\"datePublished\":\"2023-04-17T14:11:39+00:00\",\"dateModified\":\"2023-08-15T08:45:39+00:00\",\"breadcrumb\":{\"@id\":\"https:\/\/test.arctic.klean.it\/udflugter\/uummannaq-360\/#breadcrumb\"},\"inLanguage\":\"da-DK\",\"potentialAction\":[{\"@type\":\"ReadAction\",\"target\":[\"https:\/\/test.arctic.klean.it\/udflugter\/uummannaq-360\/\"]}]},{\"@type\":\"ImageObject\",\"inLanguage\":\"da-DK\",\"@id\":\"https:\/\/test.arctic.klean.it\/udflugter\/uummannaq-360\/#primaryimage\",\"url\":\"https:\/\/test.arctic.klean.it\/wp-content\/uploads\/2023\/04\/DJI_0652-scaled.jpg\",\"contentUrl\":\"https:\/\/test.arctic.klean.it\/wp-content\/uploads\/2023\/04\/DJI_0652-scaled.jpg\",\"width\":2560,\"height\":1439},{\"@type\":\"BreadcrumbList\",\"@id\":\"https:\/\/test.arctic.klean.it\/udflugter\/uummannaq-360\/#breadcrumb\",\"itemListElement\":[{\"@type\":\"ListItem\",\"position\":1,\"name\":\"Udflugter i Gr\u00f8nland\",\"item\":\"https:\/\/test.arctic.klean.it\/da\/udflugter\/\"},{\"@type\":\"ListItem\",\"position\":2,\"name\":\"Uummannaq 360\u00b0\"}]},{\"@type\":\"WebSite\",\"@id\":\"https:\/\/test.arctic.klean.it\/#website\",\"url\":\"https:\/\/test.arctic.klean.it\/\",\"name\":\"Arctic Excursions\",\"description\":\"New adventures. Every day.\",\"potentialAction\":[{\"@type\":\"SearchAction\",\"target\":{\"@type\":\"EntryPoint\",\"urlTemplate\":\"https:\/\/test.arctic.klean.it\/?s={search_term_string}\"},\"query-input\":{\"@type\":\"PropertyValueSpecification\",\"valueRequired\":true,\"valueName\":\"search_term_string\"}}],\"inLanguage\":\"da-DK\"}]}<\/script>\n<!-- \/ Yoast SEO plugin. -->","yoast_head_json":{"title":"Arctic Excursions","robots":{"index":"index","follow":"follow","max-snippet":"max-snippet:-1","max-image-preview":"max-image-preview:large","max-video-preview":"max-video-preview:-1"},"canonical":"https:\/\/test.arctic.klean.it\/udflugter\/uummannaq-360\/","og_locale":"da_DK","og_type":"article","og_title":"Uummannaq 360\u00b0 - Arctic Excursions","og_description":"Kom med p\u00e5 en sejltur rundt om den ikoniske, hjerteformede \u00f8 Uummannaq","og_url":"https:\/\/test.arctic.klean.it\/udflugter\/uummannaq-360\/","og_site_name":"Arctic Excursions","article_modified_time":"2023-08-15T08:45:39+00:00","og_image":[{"width":2560,"height":1439,"url":"https:\/\/test.arctic.klean.it\/wp-content\/uploads\/2023\/04\/DJI_0652-scaled.jpg","type":"image\/jpeg"}],"twitter_card":"summary_large_image","schema":{"@context":"https:\/\/schema.org","@graph":[{"@type":"WebPage","@id":"https:\/\/test.arctic.klean.it\/udflugter\/uummannaq-360\/","url":"https:\/\/test.arctic.klean.it\/udflugter\/uummannaq-360\/","name":"Uummannaq 360\u00b0 - Arctic Excursions","isPartOf":{"@id":"https:\/\/test.arctic.klean.it\/#website"},"primaryImageOfPage":{"@id":"https:\/\/test.arctic.klean.it\/udflugter\/uummannaq-360\/#primaryimage"},"image":{"@id":"https:\/\/test.arctic.klean.it\/udflugter\/uummannaq-360\/#primaryimage"},"thumbnailUrl":"https:\/\/test.arctic.klean.it\/wp-content\/uploads\/2023\/04\/DJI_0652-scaled.jpg","datePublished":"2023-04-17T14:11:39+00:00","dateModified":"2023-08-15T08:45:39+00:00","breadcrumb":{"@id":"https:\/\/test.arctic.klean.it\/udflugter\/uummannaq-360\/#breadcrumb"},"inLanguage":"da-DK","potentialAction":[{"@type":"ReadAction","target":["https:\/\/test.arctic.klean.it\/udflugter\/uummannaq-360\/"]}]},{"@type":"ImageObject","inLanguage":"da-DK","@id":"https:\/\/test.arctic.klean.it\/udflugter\/uummannaq-360\/#primaryimage","url":"https:\/\/test.arctic.klean.it\/wp-content\/uploads\/2023\/04\/DJI_0652-scaled.jpg","contentUrl":"https:\/\/test.arctic.klean.it\/wp-content\/uploads\/2023\/04\/DJI_0652-scaled.jpg","width":2560,"height":1439},{"@type":"BreadcrumbList","@id":"https:\/\/test.arctic.klean.it\/udflugter\/uummannaq-360\/#breadcrumb","itemListElement":[{"@type":"ListItem","position":1,"name":"Udflugter i Gr\u00f8nland","item":"https:\/\/test.arctic.klean.it\/da\/udflugter\/"},{"@type":"ListItem","position":2,"name":"Uummannaq 360\u00b0"}]},{"@type":"WebSite","@id":"https:\/\/test.arctic.klean.it\/#website","url":"https:\/\/test.arctic.klean.it\/","name":"Arctic Excursions","description":"New adventures. Every day.","potentialAction":[{"@type":"SearchAction","target":{"@type":"EntryPoint","urlTemplate":"https:\/\/test.arctic.klean.it\/?s={search_term_string}"},"query-input":{"@type":"PropertyValueSpecification","valueRequired":true,"valueName":"search_term_string"}}],"inLanguage":"da-DK"}]}},"_links":{"self":[{"href":"https:\/\/test.arctic.klean.it\/da\/wp-json\/wp\/v2\/product\/12466","targetHints":{"allow":["GET"]}}],"collection":[{"href":"https:\/\/test.arctic.klean.it\/da\/wp-json\/wp\/v2\/product"}],"about":[{"href":"https:\/\/test.arctic.klean.it\/da\/wp-json\/wp\/v2\/types\/product"}],"replies":[{"embeddable":true,"href":"https:\/\/test.arctic.klean.it\/da\/wp-json\/wp\/v2\/comments?post=12466"}],"wp:featuredmedia":[{"embeddable":true,"href":"https:\/\/test.arctic.klean.it\/da\/wp-json\/wp\/v2\/media\/12416"}],"wp:attachment":[{"href":"https:\/\/test.arctic.klean.it\/da\/wp-json\/wp\/v2\/media?parent=12466"}],"wp:term":[{"taxonomy":"product_brand","embeddable":true,"href":"https:\/\/test.arctic.klean.it\/da\/wp-json\/wp\/v2\/product_brand?post=12466"},{"taxonomy":"product_cat","embeddable":true,"href":"https:\/\/test.arctic.klean.it\/da\/wp-json\/wp\/v2\/product_cat?post=12466"},{"taxonomy":"product_tag","embeddable":true,"href":"https:\/\/test.arctic.klean.it\/da\/wp-json\/wp\/v2\/product_tag?post=12466"}],"curies":[{"name":"wp","href":"https:\/\/api.w.org\/{rel}","templated":true}]}}