{"id":12481,"date":"2023-04-17T16:12:31","date_gmt":"2023-04-17T14:12:31","guid":{"rendered":"https:\/\/test.arctic.klean.it\/?post_type=product&#038;p=12481"},"modified":"2023-08-15T10:45:39","modified_gmt":"2023-08-15T08:45:39","slug":"sejl-til-oerkenen","status":"publish","type":"product","link":"https:\/\/test.arctic.klean.it\/da\/udflugter\/sejl-til-oerkenen\/","title":{"rendered":"Sejltur til Gr\u00f8nlands \u00f8rken"},"content":{"rendered":"<p>Tag med p\u00e5 en sejltur igennem \u00e9n af de mange fjorde ved Uummannaq imellem de mange isfjelde. Der vil v\u00e6re rig mulighed for at se dyreliv. N\u00e5r I ankommer til \u00f8rkenen vil I se et unikt minerallandskab med et h\u00f8jt indhold af svovl og jern. I \u00f8rkenen kan I finde meget sj\u00e6ldne sten, nogen dateret 1.5 milliarder \u00e5r tilbage i tiden.<\/p>\n<p><b>Varighed:<\/b> 2,5 timer<\/p>\n<p><b>Minimum antal deltagere:<\/b> 2<\/p>\n<p><b>Maks antal deltageres:<\/b> 6 <\/p>\n<p><b>Inkluderet:<\/b> Kaffe\/te og en guide<\/p>\n<p><b>Sv\u00e6rhedsgrad:<\/b> Let<\/p>\n","protected":false},"excerpt":{"rendered":"<p>En \u00f8rken i Gr\u00f8nland? Du h\u00f8rte rigtigt! Kom med p\u00e5 en sejltur til \u00f8rkenen ved Uummannaq.<\/p>\n","protected":false},"featured_media":12524,"comment_status":"open","ping_status":"closed","template":"","meta":{"_acf_changed":false},"product_brand":[],"product_cat":[170],"product_tag":[],"class_list":{"0":"post-12481","1":"product","2":"type-product","3":"status-publish","4":"has-post-thumbnail","6":"product_cat-udflugt","7":"pa_dato-653","8":"pa_dato-575","9":"pa_dato-659","10":"pa_dato-491","11":"pa_tidspunkt-40","12":"pa_tidspunkt-314","13":"pa_tidspunkt-61","14":"pa_tidspunkt-426","15":"tour_location-uummannaq-da","16":"tour_type-baadture","17":"tour_operator-uummannaq-seasafaris","19":"first","20":"outofstock","21":"shipping-taxable","22":"product-type-variable"},"acf":[],"yoast_head":"<!-- This site is optimized with the Yoast SEO plugin v25.2 - https:\/\/yoast.com\/wordpress\/plugins\/seo\/ -->\n<title>Arctic Excursions<\/title>\n<meta name=\"robots\" content=\"index, follow, max-snippet:-1, max-image-preview:large, max-video-preview:-1\" \/>\n<link rel=\"canonical\" href=\"https:\/\/test.arctic.klean.it\/udflugter\/sejl-til-oerkenen\/\" \/>\n<meta property=\"og:locale\" content=\"da_DK\" \/>\n<meta property=\"og:type\" content=\"article\" \/>\n<meta property=\"og:title\" content=\"Sejltur til Gr\u00f8nlands \u00f8rken - Arctic Excursions\" \/>\n<meta property=\"og:description\" content=\"En \u00f8rken i Gr\u00f8nland? Du h\u00f8rte rigtigt! Kom med p\u00e5 en sejltur til \u00f8rkenen ved Uummannaq.\" \/>\n<meta property=\"og:url\" content=\"https:\/\/test.arctic.klean.it\/udflugter\/sejl-til-oerkenen\/\" \/>\n<meta property=\"og:site_name\" content=\"Arctic Excursions\" \/>\n<meta property=\"article:modified_time\" content=\"2023-08-15T08:45:39+00:00\" \/>\n<meta property=\"og:image\" content=\"https:\/\/test.arctic.klean.it\/wp-content\/uploads\/2023\/04\/PANO0001-Pano-67-1024x576.jpg\" \/>\n\t<meta property=\"og:image:width\" content=\"1024\" \/>\n\t<meta property=\"og:image:height\" content=\"576\" \/>\n\t<meta property=\"og:image:type\" content=\"image\/jpeg\" \/>\n<meta name=\"twitter:card\" content=\"summary_large_image\" \/>\n<script type=\"application\/ld+json\" class=\"yoast-schema-graph\">{\"@context\":\"https:\/\/schema.org\",\"@graph\":[{\"@type\":\"WebPage\",\"@id\":\"https:\/\/test.arctic.klean.it\/udflugter\/sejl-til-oerkenen\/\",\"url\":\"https:\/\/test.arctic.klean.it\/udflugter\/sejl-til-oerkenen\/\",\"name\":\"Sejltur til Gr\u00f8nlands \u00f8rken - Arctic Excursions\",\"isPartOf\":{\"@id\":\"https:\/\/test.arctic.klean.it\/#website\"},\"primaryImageOfPage\":{\"@id\":\"https:\/\/test.arctic.klean.it\/udflugter\/sejl-til-oerkenen\/#primaryimage\"},\"image\":{\"@id\":\"https:\/\/test.arctic.klean.it\/udflugter\/sejl-til-oerkenen\/#primaryimage\"},\"thumbnailUrl\":\"https:\/\/test.arctic.klean.it\/wp-content\/uploads\/2023\/04\/PANO0001-Pano-67.jpg\",\"datePublished\":\"2023-04-17T14:12:31+00:00\",\"dateModified\":\"2023-08-15T08:45:39+00:00\",\"breadcrumb\":{\"@id\":\"https:\/\/test.arctic.klean.it\/udflugter\/sejl-til-oerkenen\/#breadcrumb\"},\"inLanguage\":\"da-DK\",\"potentialAction\":[{\"@type\":\"ReadAction\",\"target\":[\"https:\/\/test.arctic.klean.it\/udflugter\/sejl-til-oerkenen\/\"]}]},{\"@type\":\"ImageObject\",\"inLanguage\":\"da-DK\",\"@id\":\"https:\/\/test.arctic.klean.it\/udflugter\/sejl-til-oerkenen\/#primaryimage\",\"url\":\"https:\/\/test.arctic.klean.it\/wp-content\/uploads\/2023\/04\/PANO0001-Pano-67.jpg\",\"contentUrl\":\"https:\/\/test.arctic.klean.it\/wp-content\/uploads\/2023\/04\/PANO0001-Pano-67.jpg\",\"width\":10821,\"height\":6087},{\"@type\":\"BreadcrumbList\",\"@id\":\"https:\/\/test.arctic.klean.it\/udflugter\/sejl-til-oerkenen\/#breadcrumb\",\"itemListElement\":[{\"@type\":\"ListItem\",\"position\":1,\"name\":\"Udflugter i Gr\u00f8nland\",\"item\":\"https:\/\/test.arctic.klean.it\/da\/udflugter\/\"},{\"@type\":\"ListItem\",\"position\":2,\"name\":\"Sejltur til Gr\u00f8nlands \u00f8rken\"}]},{\"@type\":\"WebSite\",\"@id\":\"https:\/\/test.arctic.klean.it\/#website\",\"url\":\"https:\/\/test.arctic.klean.it\/\",\"name\":\"Arctic Excursions\",\"description\":\"New adventures. Every day.\",\"potentialAction\":[{\"@type\":\"SearchAction\",\"target\":{\"@type\":\"EntryPoint\",\"urlTemplate\":\"https:\/\/test.arctic.klean.it\/?s={search_term_string}\"},\"query-input\":{\"@type\":\"PropertyValueSpecification\",\"valueRequired\":true,\"valueName\":\"search_term_string\"}}],\"inLanguage\":\"da-DK\"}]}<\/script>\n<!-- \/ Yoast SEO plugin. -->","yoast_head_json":{"title":"Arctic Excursions","robots":{"index":"index","follow":"follow","max-snippet":"max-snippet:-1","max-image-preview":"max-image-preview:large","max-video-preview":"max-video-preview:-1"},"canonical":"https:\/\/test.arctic.klean.it\/udflugter\/sejl-til-oerkenen\/","og_locale":"da_DK","og_type":"article","og_title":"Sejltur til Gr\u00f8nlands \u00f8rken - Arctic Excursions","og_description":"En \u00f8rken i Gr\u00f8nland? Du h\u00f8rte rigtigt! Kom med p\u00e5 en sejltur til \u00f8rkenen ved Uummannaq.","og_url":"https:\/\/test.arctic.klean.it\/udflugter\/sejl-til-oerkenen\/","og_site_name":"Arctic Excursions","article_modified_time":"2023-08-15T08:45:39+00:00","og_image":[{"width":1024,"height":576,"url":"https:\/\/test.arctic.klean.it\/wp-content\/uploads\/2023\/04\/PANO0001-Pano-67-1024x576.jpg","type":"image\/jpeg"}],"twitter_card":"summary_large_image","schema":{"@context":"https:\/\/schema.org","@graph":[{"@type":"WebPage","@id":"https:\/\/test.arctic.klean.it\/udflugter\/sejl-til-oerkenen\/","url":"https:\/\/test.arctic.klean.it\/udflugter\/sejl-til-oerkenen\/","name":"Sejltur til Gr\u00f8nlands \u00f8rken - Arctic Excursions","isPartOf":{"@id":"https:\/\/test.arctic.klean.it\/#website"},"primaryImageOfPage":{"@id":"https:\/\/test.arctic.klean.it\/udflugter\/sejl-til-oerkenen\/#primaryimage"},"image":{"@id":"https:\/\/test.arctic.klean.it\/udflugter\/sejl-til-oerkenen\/#primaryimage"},"thumbnailUrl":"https:\/\/test.arctic.klean.it\/wp-content\/uploads\/2023\/04\/PANO0001-Pano-67.jpg","datePublished":"2023-04-17T14:12:31+00:00","dateModified":"2023-08-15T08:45:39+00:00","breadcrumb":{"@id":"https:\/\/test.arctic.klean.it\/udflugter\/sejl-til-oerkenen\/#breadcrumb"},"inLanguage":"da-DK","potentialAction":[{"@type":"ReadAction","target":["https:\/\/test.arctic.klean.it\/udflugter\/sejl-til-oerkenen\/"]}]},{"@type":"ImageObject","inLanguage":"da-DK","@id":"https:\/\/test.arctic.klean.it\/udflugter\/sejl-til-oerkenen\/#primaryimage","url":"https:\/\/test.arctic.klean.it\/wp-content\/uploads\/2023\/04\/PANO0001-Pano-67.jpg","contentUrl":"https:\/\/test.arctic.klean.it\/wp-content\/uploads\/2023\/04\/PANO0001-Pano-67.jpg","width":10821,"height":6087},{"@type":"BreadcrumbList","@id":"https:\/\/test.arctic.klean.it\/udflugter\/sejl-til-oerkenen\/#breadcrumb","itemListElement":[{"@type":"ListItem","position":1,"name":"Udflugter i Gr\u00f8nland","item":"https:\/\/test.arctic.klean.it\/da\/udflugter\/"},{"@type":"ListItem","position":2,"name":"Sejltur til Gr\u00f8nlands \u00f8rken"}]},{"@type":"WebSite","@id":"https:\/\/test.arctic.klean.it\/#website","url":"https:\/\/test.arctic.klean.it\/","name":"Arctic Excursions","description":"New adventures. Every day.","potentialAction":[{"@type":"SearchAction","target":{"@type":"EntryPoint","urlTemplate":"https:\/\/test.arctic.klean.it\/?s={search_term_string}"},"query-input":{"@type":"PropertyValueSpecification","valueRequired":true,"valueName":"search_term_string"}}],"inLanguage":"da-DK"}]}},"_links":{"self":[{"href":"https:\/\/test.arctic.klean.it\/da\/wp-json\/wp\/v2\/product\/12481","targetHints":{"allow":["GET"]}}],"collection":[{"href":"https:\/\/test.arctic.klean.it\/da\/wp-json\/wp\/v2\/product"}],"about":[{"href":"https:\/\/test.arctic.klean.it\/da\/wp-json\/wp\/v2\/types\/product"}],"replies":[{"embeddable":true,"href":"https:\/\/test.arctic.klean.it\/da\/wp-json\/wp\/v2\/comments?post=12481"}],"wp:featuredmedia":[{"embeddable":true,"href":"https:\/\/test.arctic.klean.it\/da\/wp-json\/wp\/v2\/media\/12524"}],"wp:attachment":[{"href":"https:\/\/test.arctic.klean.it\/da\/wp-json\/wp\/v2\/media?parent=12481"}],"wp:term":[{"taxonomy":"product_brand","embeddable":true,"href":"https:\/\/test.arctic.klean.it\/da\/wp-json\/wp\/v2\/product_brand?post=12481"},{"taxonomy":"product_cat","embeddable":true,"href":"https:\/\/test.arctic.klean.it\/da\/wp-json\/wp\/v2\/product_cat?post=12481"},{"taxonomy":"product_tag","embeddable":true,"href":"https:\/\/test.arctic.klean.it\/da\/wp-json\/wp\/v2\/product_tag?post=12481"}],"curies":[{"name":"wp","href":"https:\/\/api.w.org\/{rel}","templated":true}]}}