{"id":12900,"date":"2023-04-21T16:15:15","date_gmt":"2023-04-21T14:15:15","guid":{"rendered":"https:\/\/test.arctic.klean.it\/?post_type=product&#038;p=12900"},"modified":"2023-08-15T10:45:39","modified_gmt":"2023-08-15T08:45:39","slug":"deep-sea-fishing-in-uummannaq","status":"publish","type":"product","link":"https:\/\/test.arctic.klean.it\/da\/udflugter\/deep-sea-fishing-in-uummannaq\/","title":{"rendered":"Dybhavsfiskeri i Uummannaq"},"content":{"rendered":"<p>De dybe fjorde I Uummannaq kan n\u00e5 helt ned p\u00e5 1.500 meter. Nede i de dybe r\u00e6kker kan man finde helleflynder, r\u00f8dfisk, havkatte, torsk, hellefisk og meget mere.<br \/>\nN\u00e5r lodderne ankommer i sommerm\u00e5nederne, vil der v\u00e6re masser af aktivitet omkring Uummannaq, store b\u00e5de og sm\u00e5 joller vil sejle rundt for at fange en masse lodder. <\/p>\n<p>Hvis du \u00f8nsker at pr\u00f8ve havfiskeri, s\u00e5 er vi mere end klar til at tage dig med ud. Fiskeudstyr og 24 timers fiskelicens er inkluderet til alle ombord. Hvis det \u00f8nskes, er I mere end velkomne til at tage jeres eget fiskeudstyr med.<\/p>\n<p><b>Varighed:<\/b> 4 timer<\/p>\n<p><b>Minimum deltagere:<\/b> 2<\/p>\n<p><b>Maximum deltagere:<\/b> 6<\/p>\n<p><b>Inkluderer:<\/b> Fiskeudstyr, fiskelicens, kaffe\/te<\/p>\n<p><b>Sv\u00e6rhedsgrad:<\/b> Let<\/p>\n","protected":false},"excerpt":{"rendered":"<p>Kom med os ud p\u00e5 dybhavsfiskeri!<\/p>\n","protected":false},"featured_media":12891,"comment_status":"open","ping_status":"closed","template":"","meta":{"_acf_changed":false},"product_brand":[],"product_cat":[101,170],"product_tag":[],"class_list":{"0":"post-12900","1":"product","2":"type-product","3":"status-publish","4":"has-post-thumbnail","6":"product_cat-tour","7":"product_cat-udflugt","8":"pa_dato-666","9":"pa_dato-600","10":"pa_tidspunkt-314","11":"pa_tidspunkt-61","12":"tour_location-uummannaq-da","13":"tour_type-baadture","14":"tour_operator-uummannaq-seasafaris","16":"first","17":"outofstock","18":"shipping-taxable","19":"product-type-variable"},"acf":[],"yoast_head":"<!-- This site is optimized with the Yoast SEO plugin v25.2 - https:\/\/yoast.com\/wordpress\/plugins\/seo\/ -->\n<title>Arctic Excursions<\/title>\n<meta name=\"robots\" content=\"index, follow, max-snippet:-1, max-image-preview:large, max-video-preview:-1\" \/>\n<link rel=\"canonical\" href=\"https:\/\/test.arctic.klean.it\/udflugter\/deep-sea-fishing-in-uummannaq\/\" \/>\n<meta property=\"og:locale\" content=\"da_DK\" \/>\n<meta property=\"og:type\" content=\"article\" \/>\n<meta property=\"og:title\" content=\"Dybhavsfiskeri i Uummannaq - Arctic Excursions\" \/>\n<meta property=\"og:description\" content=\"Kom med os ud p\u00e5 dybhavsfiskeri!\" \/>\n<meta property=\"og:url\" content=\"https:\/\/test.arctic.klean.it\/udflugter\/deep-sea-fishing-in-uummannaq\/\" \/>\n<meta property=\"og:site_name\" content=\"Arctic Excursions\" \/>\n<meta property=\"article:modified_time\" content=\"2023-08-15T08:45:39+00:00\" \/>\n<meta property=\"og:image\" content=\"https:\/\/test.arctic.klean.it\/wp-content\/uploads\/2023\/04\/IMG_3692.jpeg\" \/>\n\t<meta property=\"og:image:width\" content=\"2048\" \/>\n\t<meta property=\"og:image:height\" content=\"1536\" \/>\n\t<meta property=\"og:image:type\" content=\"image\/jpeg\" \/>\n<meta name=\"twitter:card\" content=\"summary_large_image\" \/>\n<meta name=\"twitter:label1\" content=\"Estimeret l\u00e6setid\" \/>\n\t<meta name=\"twitter:data1\" content=\"1 minut\" \/>\n<script type=\"application\/ld+json\" class=\"yoast-schema-graph\">{\"@context\":\"https:\/\/schema.org\",\"@graph\":[{\"@type\":\"WebPage\",\"@id\":\"https:\/\/test.arctic.klean.it\/udflugter\/deep-sea-fishing-in-uummannaq\/\",\"url\":\"https:\/\/test.arctic.klean.it\/udflugter\/deep-sea-fishing-in-uummannaq\/\",\"name\":\"Dybhavsfiskeri i Uummannaq - Arctic Excursions\",\"isPartOf\":{\"@id\":\"https:\/\/test.arctic.klean.it\/#website\"},\"primaryImageOfPage\":{\"@id\":\"https:\/\/test.arctic.klean.it\/udflugter\/deep-sea-fishing-in-uummannaq\/#primaryimage\"},\"image\":{\"@id\":\"https:\/\/test.arctic.klean.it\/udflugter\/deep-sea-fishing-in-uummannaq\/#primaryimage\"},\"thumbnailUrl\":\"https:\/\/test.arctic.klean.it\/wp-content\/uploads\/2023\/04\/IMG_3692.jpeg\",\"datePublished\":\"2023-04-21T14:15:15+00:00\",\"dateModified\":\"2023-08-15T08:45:39+00:00\",\"breadcrumb\":{\"@id\":\"https:\/\/test.arctic.klean.it\/udflugter\/deep-sea-fishing-in-uummannaq\/#breadcrumb\"},\"inLanguage\":\"da-DK\",\"potentialAction\":[{\"@type\":\"ReadAction\",\"target\":[\"https:\/\/test.arctic.klean.it\/udflugter\/deep-sea-fishing-in-uummannaq\/\"]}]},{\"@type\":\"ImageObject\",\"inLanguage\":\"da-DK\",\"@id\":\"https:\/\/test.arctic.klean.it\/udflugter\/deep-sea-fishing-in-uummannaq\/#primaryimage\",\"url\":\"https:\/\/test.arctic.klean.it\/wp-content\/uploads\/2023\/04\/IMG_3692.jpeg\",\"contentUrl\":\"https:\/\/test.arctic.klean.it\/wp-content\/uploads\/2023\/04\/IMG_3692.jpeg\",\"width\":2048,\"height\":1536},{\"@type\":\"BreadcrumbList\",\"@id\":\"https:\/\/test.arctic.klean.it\/udflugter\/deep-sea-fishing-in-uummannaq\/#breadcrumb\",\"itemListElement\":[{\"@type\":\"ListItem\",\"position\":1,\"name\":\"Udflugter i Gr\u00f8nland\",\"item\":\"https:\/\/test.arctic.klean.it\/da\/udflugter\/\"},{\"@type\":\"ListItem\",\"position\":2,\"name\":\"Dybhavsfiskeri i Uummannaq\"}]},{\"@type\":\"WebSite\",\"@id\":\"https:\/\/test.arctic.klean.it\/#website\",\"url\":\"https:\/\/test.arctic.klean.it\/\",\"name\":\"Arctic Excursions\",\"description\":\"New adventures. Every day.\",\"potentialAction\":[{\"@type\":\"SearchAction\",\"target\":{\"@type\":\"EntryPoint\",\"urlTemplate\":\"https:\/\/test.arctic.klean.it\/?s={search_term_string}\"},\"query-input\":{\"@type\":\"PropertyValueSpecification\",\"valueRequired\":true,\"valueName\":\"search_term_string\"}}],\"inLanguage\":\"da-DK\"}]}<\/script>\n<!-- \/ Yoast SEO plugin. -->","yoast_head_json":{"title":"Arctic Excursions","robots":{"index":"index","follow":"follow","max-snippet":"max-snippet:-1","max-image-preview":"max-image-preview:large","max-video-preview":"max-video-preview:-1"},"canonical":"https:\/\/test.arctic.klean.it\/udflugter\/deep-sea-fishing-in-uummannaq\/","og_locale":"da_DK","og_type":"article","og_title":"Dybhavsfiskeri i Uummannaq - Arctic Excursions","og_description":"Kom med os ud p\u00e5 dybhavsfiskeri!","og_url":"https:\/\/test.arctic.klean.it\/udflugter\/deep-sea-fishing-in-uummannaq\/","og_site_name":"Arctic Excursions","article_modified_time":"2023-08-15T08:45:39+00:00","og_image":[{"width":2048,"height":1536,"url":"https:\/\/test.arctic.klean.it\/wp-content\/uploads\/2023\/04\/IMG_3692.jpeg","type":"image\/jpeg"}],"twitter_card":"summary_large_image","twitter_misc":{"Estimeret l\u00e6setid":"1 minut"},"schema":{"@context":"https:\/\/schema.org","@graph":[{"@type":"WebPage","@id":"https:\/\/test.arctic.klean.it\/udflugter\/deep-sea-fishing-in-uummannaq\/","url":"https:\/\/test.arctic.klean.it\/udflugter\/deep-sea-fishing-in-uummannaq\/","name":"Dybhavsfiskeri i Uummannaq - Arctic Excursions","isPartOf":{"@id":"https:\/\/test.arctic.klean.it\/#website"},"primaryImageOfPage":{"@id":"https:\/\/test.arctic.klean.it\/udflugter\/deep-sea-fishing-in-uummannaq\/#primaryimage"},"image":{"@id":"https:\/\/test.arctic.klean.it\/udflugter\/deep-sea-fishing-in-uummannaq\/#primaryimage"},"thumbnailUrl":"https:\/\/test.arctic.klean.it\/wp-content\/uploads\/2023\/04\/IMG_3692.jpeg","datePublished":"2023-04-21T14:15:15+00:00","dateModified":"2023-08-15T08:45:39+00:00","breadcrumb":{"@id":"https:\/\/test.arctic.klean.it\/udflugter\/deep-sea-fishing-in-uummannaq\/#breadcrumb"},"inLanguage":"da-DK","potentialAction":[{"@type":"ReadAction","target":["https:\/\/test.arctic.klean.it\/udflugter\/deep-sea-fishing-in-uummannaq\/"]}]},{"@type":"ImageObject","inLanguage":"da-DK","@id":"https:\/\/test.arctic.klean.it\/udflugter\/deep-sea-fishing-in-uummannaq\/#primaryimage","url":"https:\/\/test.arctic.klean.it\/wp-content\/uploads\/2023\/04\/IMG_3692.jpeg","contentUrl":"https:\/\/test.arctic.klean.it\/wp-content\/uploads\/2023\/04\/IMG_3692.jpeg","width":2048,"height":1536},{"@type":"BreadcrumbList","@id":"https:\/\/test.arctic.klean.it\/udflugter\/deep-sea-fishing-in-uummannaq\/#breadcrumb","itemListElement":[{"@type":"ListItem","position":1,"name":"Udflugter i Gr\u00f8nland","item":"https:\/\/test.arctic.klean.it\/da\/udflugter\/"},{"@type":"ListItem","position":2,"name":"Dybhavsfiskeri i Uummannaq"}]},{"@type":"WebSite","@id":"https:\/\/test.arctic.klean.it\/#website","url":"https:\/\/test.arctic.klean.it\/","name":"Arctic Excursions","description":"New adventures. Every day.","potentialAction":[{"@type":"SearchAction","target":{"@type":"EntryPoint","urlTemplate":"https:\/\/test.arctic.klean.it\/?s={search_term_string}"},"query-input":{"@type":"PropertyValueSpecification","valueRequired":true,"valueName":"search_term_string"}}],"inLanguage":"da-DK"}]}},"_links":{"self":[{"href":"https:\/\/test.arctic.klean.it\/da\/wp-json\/wp\/v2\/product\/12900","targetHints":{"allow":["GET"]}}],"collection":[{"href":"https:\/\/test.arctic.klean.it\/da\/wp-json\/wp\/v2\/product"}],"about":[{"href":"https:\/\/test.arctic.klean.it\/da\/wp-json\/wp\/v2\/types\/product"}],"replies":[{"embeddable":true,"href":"https:\/\/test.arctic.klean.it\/da\/wp-json\/wp\/v2\/comments?post=12900"}],"wp:featuredmedia":[{"embeddable":true,"href":"https:\/\/test.arctic.klean.it\/da\/wp-json\/wp\/v2\/media\/12891"}],"wp:attachment":[{"href":"https:\/\/test.arctic.klean.it\/da\/wp-json\/wp\/v2\/media?parent=12900"}],"wp:term":[{"taxonomy":"product_brand","embeddable":true,"href":"https:\/\/test.arctic.klean.it\/da\/wp-json\/wp\/v2\/product_brand?post=12900"},{"taxonomy":"product_cat","embeddable":true,"href":"https:\/\/test.arctic.klean.it\/da\/wp-json\/wp\/v2\/product_cat?post=12900"},{"taxonomy":"product_tag","embeddable":true,"href":"https:\/\/test.arctic.klean.it\/da\/wp-json\/wp\/v2\/product_tag?post=12900"}],"curies":[{"name":"wp","href":"https:\/\/api.w.org\/{rel}","templated":true}]}}