{"id":13370,"date":"2023-05-15T14:11:43","date_gmt":"2023-05-15T12:11:43","guid":{"rendered":"https:\/\/test.arctic.klean.it\/?post_type=product&#038;p=13370"},"modified":"2023-05-15T14:11:43","modified_gmt":"2023-05-15T12:11:43","slug":"isfjords-stand-up-paddle","status":"publish","type":"product","link":"https:\/\/test.arctic.klean.it\/da\/udflugter\/isfjords-stand-up-paddle\/","title":{"rendered":"Isfjords Stand up paddle"},"content":{"rendered":"<p>Ro blandt de majest\u00e6tiske isfjelde ved Ilulissat Isfjord. <\/p>\n<p>Vi starter med en lille b\u00e5dtur med vores kajakker, og sejler ud til isfjorden. <\/p>\n<p>Vi har f\u00f8lgeb\u00e5d med hele vejen for at sikkerheden er i top. Vores kajakture er for alle, og passer ogs\u00e5 godt til nybegyndere.<\/p>\n<p>Varighed: 1 time i kajak<\/p>\n<p>Minimum deltagere: <\/p>\n<p>Maximum deltagere: <\/p>\n<p>Inkluderet: Kajak, t\u00f8rdragt og guide<\/p>\n<p>Sv\u00e6rhedsgrad: Let<\/p>\n","protected":false},"excerpt":{"rendered":"<p>Tag med p\u00e5 en kajaktur ved isfjorden<\/p>\n","protected":false},"featured_media":13362,"comment_status":"open","ping_status":"closed","template":"","meta":{"_acf_changed":false},"product_brand":[],"product_cat":[170],"product_tag":[],"class_list":{"0":"post-13370","1":"product","2":"type-product","3":"status-publish","4":"has-post-thumbnail","6":"product_cat-udflugt","7":"tour_location-ilulissat-da","8":"tour_type-outdoor-da","10":"first","11":"outofstock","12":"shipping-taxable","13":"product-type-variable"},"acf":[],"yoast_head":"<!-- This site is optimized with the Yoast SEO plugin v25.2 - https:\/\/yoast.com\/wordpress\/plugins\/seo\/ -->\n<title>Arctic Excursions<\/title>\n<meta name=\"robots\" content=\"index, follow, max-snippet:-1, max-image-preview:large, max-video-preview:-1\" \/>\n<link rel=\"canonical\" href=\"https:\/\/test.arctic.klean.it\/da\/udflugter\/isfjords-stand-up-paddle\/\" \/>\n<meta property=\"og:locale\" content=\"da_DK\" \/>\n<meta property=\"og:type\" content=\"article\" \/>\n<meta property=\"og:title\" content=\"Isfjords Stand up paddle - Arctic Excursions\" \/>\n<meta property=\"og:description\" content=\"Tag med p\u00e5 en kajaktur ved isfjorden\" \/>\n<meta property=\"og:url\" content=\"https:\/\/test.arctic.klean.it\/da\/udflugter\/isfjords-stand-up-paddle\/\" \/>\n<meta property=\"og:site_name\" content=\"Arctic Excursions\" \/>\n<meta property=\"og:image\" content=\"https:\/\/test.arctic.klean.it\/wp-content\/uploads\/2023\/04\/DSC08645.jpg\" \/>\n\t<meta property=\"og:image:width\" content=\"1616\" \/>\n\t<meta property=\"og:image:height\" content=\"1080\" \/>\n\t<meta property=\"og:image:type\" content=\"image\/jpeg\" \/>\n<meta name=\"twitter:card\" content=\"summary_large_image\" \/>\n<script type=\"application\/ld+json\" class=\"yoast-schema-graph\">{\"@context\":\"https:\/\/schema.org\",\"@graph\":[{\"@type\":\"WebPage\",\"@id\":\"https:\/\/test.arctic.klean.it\/da\/udflugter\/isfjords-stand-up-paddle\/\",\"url\":\"https:\/\/test.arctic.klean.it\/da\/udflugter\/isfjords-stand-up-paddle\/\",\"name\":\"Isfjords Stand up paddle - Arctic Excursions\",\"isPartOf\":{\"@id\":\"https:\/\/test.arctic.klean.it\/#website\"},\"primaryImageOfPage\":{\"@id\":\"https:\/\/test.arctic.klean.it\/da\/udflugter\/isfjords-stand-up-paddle\/#primaryimage\"},\"image\":{\"@id\":\"https:\/\/test.arctic.klean.it\/da\/udflugter\/isfjords-stand-up-paddle\/#primaryimage\"},\"thumbnailUrl\":\"https:\/\/test.arctic.klean.it\/wp-content\/uploads\/2023\/04\/DSC08645.jpg\",\"datePublished\":\"2023-05-15T12:11:43+00:00\",\"breadcrumb\":{\"@id\":\"https:\/\/test.arctic.klean.it\/da\/udflugter\/isfjords-stand-up-paddle\/#breadcrumb\"},\"inLanguage\":\"da-DK\",\"potentialAction\":[{\"@type\":\"ReadAction\",\"target\":[\"https:\/\/test.arctic.klean.it\/da\/udflugter\/isfjords-stand-up-paddle\/\"]}]},{\"@type\":\"ImageObject\",\"inLanguage\":\"da-DK\",\"@id\":\"https:\/\/test.arctic.klean.it\/da\/udflugter\/isfjords-stand-up-paddle\/#primaryimage\",\"url\":\"https:\/\/test.arctic.klean.it\/wp-content\/uploads\/2023\/04\/DSC08645.jpg\",\"contentUrl\":\"https:\/\/test.arctic.klean.it\/wp-content\/uploads\/2023\/04\/DSC08645.jpg\",\"width\":1616,\"height\":1080},{\"@type\":\"BreadcrumbList\",\"@id\":\"https:\/\/test.arctic.klean.it\/da\/udflugter\/isfjords-stand-up-paddle\/#breadcrumb\",\"itemListElement\":[{\"@type\":\"ListItem\",\"position\":1,\"name\":\"Udflugter i Gr\u00f8nland\",\"item\":\"https:\/\/test.arctic.klean.it\/da\/udflugter\/\"},{\"@type\":\"ListItem\",\"position\":2,\"name\":\"Isfjords Stand up paddle\"}]},{\"@type\":\"WebSite\",\"@id\":\"https:\/\/test.arctic.klean.it\/#website\",\"url\":\"https:\/\/test.arctic.klean.it\/\",\"name\":\"Arctic Excursions\",\"description\":\"New adventures. Every day.\",\"potentialAction\":[{\"@type\":\"SearchAction\",\"target\":{\"@type\":\"EntryPoint\",\"urlTemplate\":\"https:\/\/test.arctic.klean.it\/?s={search_term_string}\"},\"query-input\":{\"@type\":\"PropertyValueSpecification\",\"valueRequired\":true,\"valueName\":\"search_term_string\"}}],\"inLanguage\":\"da-DK\"}]}<\/script>\n<!-- \/ Yoast SEO plugin. -->","yoast_head_json":{"title":"Arctic Excursions","robots":{"index":"index","follow":"follow","max-snippet":"max-snippet:-1","max-image-preview":"max-image-preview:large","max-video-preview":"max-video-preview:-1"},"canonical":"https:\/\/test.arctic.klean.it\/da\/udflugter\/isfjords-stand-up-paddle\/","og_locale":"da_DK","og_type":"article","og_title":"Isfjords Stand up paddle - Arctic Excursions","og_description":"Tag med p\u00e5 en kajaktur ved isfjorden","og_url":"https:\/\/test.arctic.klean.it\/da\/udflugter\/isfjords-stand-up-paddle\/","og_site_name":"Arctic Excursions","og_image":[{"width":1616,"height":1080,"url":"https:\/\/test.arctic.klean.it\/wp-content\/uploads\/2023\/04\/DSC08645.jpg","type":"image\/jpeg"}],"twitter_card":"summary_large_image","schema":{"@context":"https:\/\/schema.org","@graph":[{"@type":"WebPage","@id":"https:\/\/test.arctic.klean.it\/da\/udflugter\/isfjords-stand-up-paddle\/","url":"https:\/\/test.arctic.klean.it\/da\/udflugter\/isfjords-stand-up-paddle\/","name":"Isfjords Stand up paddle - Arctic Excursions","isPartOf":{"@id":"https:\/\/test.arctic.klean.it\/#website"},"primaryImageOfPage":{"@id":"https:\/\/test.arctic.klean.it\/da\/udflugter\/isfjords-stand-up-paddle\/#primaryimage"},"image":{"@id":"https:\/\/test.arctic.klean.it\/da\/udflugter\/isfjords-stand-up-paddle\/#primaryimage"},"thumbnailUrl":"https:\/\/test.arctic.klean.it\/wp-content\/uploads\/2023\/04\/DSC08645.jpg","datePublished":"2023-05-15T12:11:43+00:00","breadcrumb":{"@id":"https:\/\/test.arctic.klean.it\/da\/udflugter\/isfjords-stand-up-paddle\/#breadcrumb"},"inLanguage":"da-DK","potentialAction":[{"@type":"ReadAction","target":["https:\/\/test.arctic.klean.it\/da\/udflugter\/isfjords-stand-up-paddle\/"]}]},{"@type":"ImageObject","inLanguage":"da-DK","@id":"https:\/\/test.arctic.klean.it\/da\/udflugter\/isfjords-stand-up-paddle\/#primaryimage","url":"https:\/\/test.arctic.klean.it\/wp-content\/uploads\/2023\/04\/DSC08645.jpg","contentUrl":"https:\/\/test.arctic.klean.it\/wp-content\/uploads\/2023\/04\/DSC08645.jpg","width":1616,"height":1080},{"@type":"BreadcrumbList","@id":"https:\/\/test.arctic.klean.it\/da\/udflugter\/isfjords-stand-up-paddle\/#breadcrumb","itemListElement":[{"@type":"ListItem","position":1,"name":"Udflugter i Gr\u00f8nland","item":"https:\/\/test.arctic.klean.it\/da\/udflugter\/"},{"@type":"ListItem","position":2,"name":"Isfjords Stand up paddle"}]},{"@type":"WebSite","@id":"https:\/\/test.arctic.klean.it\/#website","url":"https:\/\/test.arctic.klean.it\/","name":"Arctic Excursions","description":"New adventures. Every day.","potentialAction":[{"@type":"SearchAction","target":{"@type":"EntryPoint","urlTemplate":"https:\/\/test.arctic.klean.it\/?s={search_term_string}"},"query-input":{"@type":"PropertyValueSpecification","valueRequired":true,"valueName":"search_term_string"}}],"inLanguage":"da-DK"}]}},"_links":{"self":[{"href":"https:\/\/test.arctic.klean.it\/da\/wp-json\/wp\/v2\/product\/13370","targetHints":{"allow":["GET"]}}],"collection":[{"href":"https:\/\/test.arctic.klean.it\/da\/wp-json\/wp\/v2\/product"}],"about":[{"href":"https:\/\/test.arctic.klean.it\/da\/wp-json\/wp\/v2\/types\/product"}],"replies":[{"embeddable":true,"href":"https:\/\/test.arctic.klean.it\/da\/wp-json\/wp\/v2\/comments?post=13370"}],"wp:featuredmedia":[{"embeddable":true,"href":"https:\/\/test.arctic.klean.it\/da\/wp-json\/wp\/v2\/media\/13362"}],"wp:attachment":[{"href":"https:\/\/test.arctic.klean.it\/da\/wp-json\/wp\/v2\/media?parent=13370"}],"wp:term":[{"taxonomy":"product_brand","embeddable":true,"href":"https:\/\/test.arctic.klean.it\/da\/wp-json\/wp\/v2\/product_brand?post=13370"},{"taxonomy":"product_cat","embeddable":true,"href":"https:\/\/test.arctic.klean.it\/da\/wp-json\/wp\/v2\/product_cat?post=13370"},{"taxonomy":"product_tag","embeddable":true,"href":"https:\/\/test.arctic.klean.it\/da\/wp-json\/wp\/v2\/product_tag?post=13370"}],"curies":[{"name":"wp","href":"https:\/\/api.w.org\/{rel}","templated":true}]}}