{"id":13410,"date":"2023-04-28T17:17:43","date_gmt":"2023-04-28T15:17:43","guid":{"rendered":"https:\/\/test.arctic.klean.it\/?post_type=product&#038;p=13410"},"modified":"2023-08-15T10:45:39","modified_gmt":"2023-08-15T08:45:39","slug":"nuukkap-xtreme-running-race-2023","status":"publish","type":"product","link":"https:\/\/test.arctic.klean.it\/da\/udflugter\/nuukkap-xtreme-running-race-2023\/","title":{"rendered":"NuukKap Xtreme Running Race 2023"},"content":{"rendered":"<p>Der vil blive afholdt to informationsm\u00f8der inden l\u00f8bet i NUIF( https:\/\/goo.gl\/maps\/5furKiKn9BWCj8539 ) d. 01 Juni og 29 Juni. Alle er velkomne. <\/p>\n<p>Turen er meget kr\u00e6vende og inkluderer fjeld- og terr\u00e6nl\u00f8b. Det forventes, at man er i god fysisk form og har et godt mentalt og psykisk helbred. Der forventes, at man holder et rask tempo for at kunne gennemf\u00f8re etaperne, s\u00e5 man kan n\u00e5 at hvile sig til n\u00e6ste dags l\u00f8b. <\/p>\n<p>Der skal g\u00f8res opm\u00e6rksom p\u00e5, at hvis det har regnet, kan det v\u00e6re glat. Derfor er det rette fodt\u00f8j vigtigt.<\/p>\n<p><b>Se mere detaljeret information om turen her:<\/b> https:\/\/www.greenlandarcticxplorers.com\/adventure-races\/event-one-65z97<\/p>\n<p><b>Se mere p\u00e5 YouTube:<\/b><br \/>\n<iframe title=\"Nuukkap Extreme Running Race 2 2\" width=\"840\" height=\"473\" src=\"https:\/\/www.youtube.com\/embed\/4O4zkkHf5ng?start=10&#038;feature=oembed\" frameborder=\"0\" allow=\"accelerometer; autoplay; clipboard-write; encrypted-media; gyroscope; picture-in-picture; web-share\" allowfullscreen><\/iframe><\/p>\n","protected":false},"excerpt":{"rendered":"<p>NuukKap er en &#8220;extreme tour&#8221;, hvor vi vandrer\/l\u00f8ber 110 km. Turen bliver gennemf\u00f8rt p\u00e5 3 dage. <\/p>\n","protected":false},"featured_media":13415,"comment_status":"open","ping_status":"closed","template":"","meta":{"_acf_changed":false},"product_brand":[],"product_cat":[170],"product_tag":[],"class_list":{"0":"post-13410","1":"product","2":"type-product","3":"status-publish","4":"has-post-thumbnail","6":"product_cat-udflugt","7":"pa_dato-537","8":"pa_tidspunkt-40","9":"tour_location-nuuk-da","10":"tour_type-vandreture","11":"tour_operator-greenland-arctic-xplorers","13":"first","14":"outofstock","15":"shipping-taxable","16":"product-type-variable"},"acf":[],"yoast_head":"<!-- This site is optimized with the Yoast SEO plugin v25.2 - https:\/\/yoast.com\/wordpress\/plugins\/seo\/ -->\n<title>Arctic Excursions<\/title>\n<meta name=\"robots\" content=\"index, follow, max-snippet:-1, max-image-preview:large, max-video-preview:-1\" \/>\n<link rel=\"canonical\" href=\"https:\/\/test.arctic.klean.it\/udflugter\/nuukkap-xtreme-running-race-2023\/\" \/>\n<meta property=\"og:locale\" content=\"da_DK\" \/>\n<meta property=\"og:type\" content=\"article\" \/>\n<meta property=\"og:title\" content=\"NuukKap Xtreme Running Race 2023 - Arctic Excursions\" \/>\n<meta property=\"og:description\" content=\"NuukKap er en &quot;extreme tour&quot;, hvor vi vandrer\/l\u00f8ber 110 km. Turen bliver gennemf\u00f8rt p\u00e5 3 dage.\" \/>\n<meta property=\"og:url\" content=\"https:\/\/test.arctic.klean.it\/udflugter\/nuukkap-xtreme-running-race-2023\/\" \/>\n<meta property=\"og:site_name\" content=\"Arctic Excursions\" \/>\n<meta property=\"article:modified_time\" content=\"2023-08-15T08:45:39+00:00\" \/>\n<meta property=\"og:image\" content=\"https:\/\/test.arctic.klean.it\/wp-content\/uploads\/2023\/04\/MicrosoftTeams-image-16.png\" \/>\n\t<meta property=\"og:image:width\" content=\"1066\" \/>\n\t<meta property=\"og:image:height\" content=\"788\" \/>\n\t<meta property=\"og:image:type\" content=\"image\/png\" \/>\n<meta name=\"twitter:card\" content=\"summary_large_image\" \/>\n<meta name=\"twitter:label1\" content=\"Estimeret l\u00e6setid\" \/>\n\t<meta name=\"twitter:data1\" content=\"1 minut\" \/>\n<script type=\"application\/ld+json\" class=\"yoast-schema-graph\">{\"@context\":\"https:\/\/schema.org\",\"@graph\":[{\"@type\":\"WebPage\",\"@id\":\"https:\/\/test.arctic.klean.it\/udflugter\/nuukkap-xtreme-running-race-2023\/\",\"url\":\"https:\/\/test.arctic.klean.it\/udflugter\/nuukkap-xtreme-running-race-2023\/\",\"name\":\"NuukKap Xtreme Running Race 2023 - Arctic Excursions\",\"isPartOf\":{\"@id\":\"https:\/\/test.arctic.klean.it\/#website\"},\"primaryImageOfPage\":{\"@id\":\"https:\/\/test.arctic.klean.it\/udflugter\/nuukkap-xtreme-running-race-2023\/#primaryimage\"},\"image\":{\"@id\":\"https:\/\/test.arctic.klean.it\/udflugter\/nuukkap-xtreme-running-race-2023\/#primaryimage\"},\"thumbnailUrl\":\"https:\/\/test.arctic.klean.it\/wp-content\/uploads\/2023\/04\/MicrosoftTeams-image-16.png\",\"datePublished\":\"2023-04-28T15:17:43+00:00\",\"dateModified\":\"2023-08-15T08:45:39+00:00\",\"breadcrumb\":{\"@id\":\"https:\/\/test.arctic.klean.it\/udflugter\/nuukkap-xtreme-running-race-2023\/#breadcrumb\"},\"inLanguage\":\"da-DK\",\"potentialAction\":[{\"@type\":\"ReadAction\",\"target\":[\"https:\/\/test.arctic.klean.it\/udflugter\/nuukkap-xtreme-running-race-2023\/\"]}]},{\"@type\":\"ImageObject\",\"inLanguage\":\"da-DK\",\"@id\":\"https:\/\/test.arctic.klean.it\/udflugter\/nuukkap-xtreme-running-race-2023\/#primaryimage\",\"url\":\"https:\/\/test.arctic.klean.it\/wp-content\/uploads\/2023\/04\/MicrosoftTeams-image-16.png\",\"contentUrl\":\"https:\/\/test.arctic.klean.it\/wp-content\/uploads\/2023\/04\/MicrosoftTeams-image-16.png\",\"width\":1066,\"height\":788},{\"@type\":\"BreadcrumbList\",\"@id\":\"https:\/\/test.arctic.klean.it\/udflugter\/nuukkap-xtreme-running-race-2023\/#breadcrumb\",\"itemListElement\":[{\"@type\":\"ListItem\",\"position\":1,\"name\":\"Udflugter i Gr\u00f8nland\",\"item\":\"https:\/\/test.arctic.klean.it\/da\/udflugter\/\"},{\"@type\":\"ListItem\",\"position\":2,\"name\":\"NuukKap Xtreme Running Race 2023\"}]},{\"@type\":\"WebSite\",\"@id\":\"https:\/\/test.arctic.klean.it\/#website\",\"url\":\"https:\/\/test.arctic.klean.it\/\",\"name\":\"Arctic Excursions\",\"description\":\"New adventures. Every day.\",\"potentialAction\":[{\"@type\":\"SearchAction\",\"target\":{\"@type\":\"EntryPoint\",\"urlTemplate\":\"https:\/\/test.arctic.klean.it\/?s={search_term_string}\"},\"query-input\":{\"@type\":\"PropertyValueSpecification\",\"valueRequired\":true,\"valueName\":\"search_term_string\"}}],\"inLanguage\":\"da-DK\"}]}<\/script>\n<!-- \/ Yoast SEO plugin. -->","yoast_head_json":{"title":"Arctic Excursions","robots":{"index":"index","follow":"follow","max-snippet":"max-snippet:-1","max-image-preview":"max-image-preview:large","max-video-preview":"max-video-preview:-1"},"canonical":"https:\/\/test.arctic.klean.it\/udflugter\/nuukkap-xtreme-running-race-2023\/","og_locale":"da_DK","og_type":"article","og_title":"NuukKap Xtreme Running Race 2023 - Arctic Excursions","og_description":"NuukKap er en \"extreme tour\", hvor vi vandrer\/l\u00f8ber 110 km. Turen bliver gennemf\u00f8rt p\u00e5 3 dage.","og_url":"https:\/\/test.arctic.klean.it\/udflugter\/nuukkap-xtreme-running-race-2023\/","og_site_name":"Arctic Excursions","article_modified_time":"2023-08-15T08:45:39+00:00","og_image":[{"width":1066,"height":788,"url":"https:\/\/test.arctic.klean.it\/wp-content\/uploads\/2023\/04\/MicrosoftTeams-image-16.png","type":"image\/png"}],"twitter_card":"summary_large_image","twitter_misc":{"Estimeret l\u00e6setid":"1 minut"},"schema":{"@context":"https:\/\/schema.org","@graph":[{"@type":"WebPage","@id":"https:\/\/test.arctic.klean.it\/udflugter\/nuukkap-xtreme-running-race-2023\/","url":"https:\/\/test.arctic.klean.it\/udflugter\/nuukkap-xtreme-running-race-2023\/","name":"NuukKap Xtreme Running Race 2023 - Arctic Excursions","isPartOf":{"@id":"https:\/\/test.arctic.klean.it\/#website"},"primaryImageOfPage":{"@id":"https:\/\/test.arctic.klean.it\/udflugter\/nuukkap-xtreme-running-race-2023\/#primaryimage"},"image":{"@id":"https:\/\/test.arctic.klean.it\/udflugter\/nuukkap-xtreme-running-race-2023\/#primaryimage"},"thumbnailUrl":"https:\/\/test.arctic.klean.it\/wp-content\/uploads\/2023\/04\/MicrosoftTeams-image-16.png","datePublished":"2023-04-28T15:17:43+00:00","dateModified":"2023-08-15T08:45:39+00:00","breadcrumb":{"@id":"https:\/\/test.arctic.klean.it\/udflugter\/nuukkap-xtreme-running-race-2023\/#breadcrumb"},"inLanguage":"da-DK","potentialAction":[{"@type":"ReadAction","target":["https:\/\/test.arctic.klean.it\/udflugter\/nuukkap-xtreme-running-race-2023\/"]}]},{"@type":"ImageObject","inLanguage":"da-DK","@id":"https:\/\/test.arctic.klean.it\/udflugter\/nuukkap-xtreme-running-race-2023\/#primaryimage","url":"https:\/\/test.arctic.klean.it\/wp-content\/uploads\/2023\/04\/MicrosoftTeams-image-16.png","contentUrl":"https:\/\/test.arctic.klean.it\/wp-content\/uploads\/2023\/04\/MicrosoftTeams-image-16.png","width":1066,"height":788},{"@type":"BreadcrumbList","@id":"https:\/\/test.arctic.klean.it\/udflugter\/nuukkap-xtreme-running-race-2023\/#breadcrumb","itemListElement":[{"@type":"ListItem","position":1,"name":"Udflugter i Gr\u00f8nland","item":"https:\/\/test.arctic.klean.it\/da\/udflugter\/"},{"@type":"ListItem","position":2,"name":"NuukKap Xtreme Running Race 2023"}]},{"@type":"WebSite","@id":"https:\/\/test.arctic.klean.it\/#website","url":"https:\/\/test.arctic.klean.it\/","name":"Arctic Excursions","description":"New adventures. Every day.","potentialAction":[{"@type":"SearchAction","target":{"@type":"EntryPoint","urlTemplate":"https:\/\/test.arctic.klean.it\/?s={search_term_string}"},"query-input":{"@type":"PropertyValueSpecification","valueRequired":true,"valueName":"search_term_string"}}],"inLanguage":"da-DK"}]}},"_links":{"self":[{"href":"https:\/\/test.arctic.klean.it\/da\/wp-json\/wp\/v2\/product\/13410","targetHints":{"allow":["GET"]}}],"collection":[{"href":"https:\/\/test.arctic.klean.it\/da\/wp-json\/wp\/v2\/product"}],"about":[{"href":"https:\/\/test.arctic.klean.it\/da\/wp-json\/wp\/v2\/types\/product"}],"replies":[{"embeddable":true,"href":"https:\/\/test.arctic.klean.it\/da\/wp-json\/wp\/v2\/comments?post=13410"}],"wp:featuredmedia":[{"embeddable":true,"href":"https:\/\/test.arctic.klean.it\/da\/wp-json\/wp\/v2\/media\/13415"}],"wp:attachment":[{"href":"https:\/\/test.arctic.klean.it\/da\/wp-json\/wp\/v2\/media?parent=13410"}],"wp:term":[{"taxonomy":"product_brand","embeddable":true,"href":"https:\/\/test.arctic.klean.it\/da\/wp-json\/wp\/v2\/product_brand?post=13410"},{"taxonomy":"product_cat","embeddable":true,"href":"https:\/\/test.arctic.klean.it\/da\/wp-json\/wp\/v2\/product_cat?post=13410"},{"taxonomy":"product_tag","embeddable":true,"href":"https:\/\/test.arctic.klean.it\/da\/wp-json\/wp\/v2\/product_tag?post=13410"}],"curies":[{"name":"wp","href":"https:\/\/api.w.org\/{rel}","templated":true}]}}