{"id":13449,"date":"2023-05-05T00:38:22","date_gmt":"2023-05-04T22:38:22","guid":{"rendered":"https:\/\/test.arctic.klean.it\/?post_type=product&#038;p=13449"},"modified":"2023-10-10T11:08:19","modified_gmt":"2023-10-10T09:08:19","slug":"icefjord-sailing","status":"publish","type":"product","link":"https:\/\/test.arctic.klean.it\/da\/udflugter\/icefjord-sailing\/","title":{"rendered":"Isfjordssejlads"},"content":{"rendered":"<p>En sejltur til Isfjorden, blandt verdens st\u00f8rste isbjerge, er en oplevelse for livet, du aldrig vil glemme! For mange er det h\u00f8jdepunktet p\u00e5 turen til Ilulissat. Isens fortryllende farver og kontraster \u00e6ndrer sig konstant afh\u00e6ngigt af vejret, hvorfor hver eneste tur er helt unik. Om dagen ser vi ogs\u00e5 de travle fiskere fiske efter helleflynder med langline fra deres joller. Vi ser n\u00e6sten altid ogs\u00e5 pukkelhvaler t\u00e6t p\u00e5, som typisk finder f\u00f8de i Isfjordens n\u00e6ringsrige hav.<br \/>\nMed Tarajoq Tours er du sikret en personlig og unik tur med vores erfarne skipper, ombord p\u00e5 vores b\u00e5d med max 9 g\u00e6ster.<\/p>\n<p>Husk varmt t\u00f8j, handsker og hue. Varme drikke er inkluderet p\u00e5 denne tur.<\/p>\n<p>Mine. 2 g\u00e6ster til at gennemf\u00f8re turen.<\/p>\n<p><b>Varighed:<\/b> 2 timer<\/p>\n","protected":false},"excerpt":{"rendered":"<p>Oplev de enorme isbjerge p\u00e5 t\u00e6t hold<\/p>\n","protected":false},"featured_media":13458,"comment_status":"open","ping_status":"closed","template":"","meta":{"_acf_changed":false},"product_brand":[],"product_cat":[101,170],"product_tag":[],"class_list":{"0":"post-13449","1":"product","2":"type-product","3":"status-publish","4":"has-post-thumbnail","6":"product_cat-tour","7":"product_cat-udflugt","8":"pa_dato-676","9":"pa_dato-502","10":"pa_dato-503","11":"pa_dato-535","12":"pa_dato-534","13":"pa_dato-536","14":"pa_dato-537","15":"pa_dato-538","16":"pa_dato-539","17":"pa_dato-540","18":"pa_dato-500","19":"pa_dato-541","20":"pa_dato-542","21":"pa_dato-543","22":"pa_dato-465","23":"pa_dato-547","24":"pa_dato-548","25":"pa_dato-549","26":"pa_dato-550","27":"pa_dato-551","28":"pa_dato-552","29":"pa_dato-553","30":"pa_dato-554","31":"pa_dato-555","32":"pa_dato-556","33":"pa_dato-557","34":"pa_dato-558","35":"pa_dato-521","36":"pa_dato-522","37":"pa_dato-559","38":"pa_dato-560","39":"pa_dato-561","40":"pa_dato-587","41":"pa_dato-588","42":"pa_dato-589","43":"pa_dato-590","44":"pa_dato-687","45":"pa_dato-735","46":"pa_dato-591","47":"pa_dato-592","48":"pa_dato-593","49":"pa_dato-594","50":"pa_dato-595","51":"pa_dato-694","52":"pa_dato-736","53":"pa_dato-596","54":"pa_dato-510","55":"pa_dato-513","56":"pa_dato-511","57":"pa_dato-512","58":"pa_dato-695","59":"pa_dato-737","60":"pa_dato-597","61":"pa_dato-598","62":"pa_dato-599","63":"pa_dato-600","64":"pa_dato-739","65":"pa_dato-740","66":"pa_dato-738","67":"pa_dato-601","68":"pa_dato-602","69":"pa_dato-603","70":"pa_dato-604","71":"pa_dato-605","72":"pa_dato-689","73":"pa_dato-741","74":"pa_dato-606","75":"pa_dato-607","76":"pa_dato-608","77":"pa_dato-609","78":"pa_dato-610","79":"pa_dato-690","80":"pa_dato-742","81":"pa_dato-611","82":"pa_dato-612","83":"pa_dato-613","84":"pa_dato-614","85":"pa_dato-615","86":"pa_dato-743","87":"pa_dato-744","88":"pa_dato-616","89":"pa_dato-617","90":"pa_dato-618","91":"pa_dato-619","92":"pa_dato-620","93":"pa_dato-745","94":"pa_dato-746","95":"pa_dato-621","96":"pa_tidspunkt-426","97":"pa_tidspunkt-57","98":"pa_tidspunkt-110","99":"pa_tidspunkt-205","100":"tour_location-ilulissat-da","101":"tour_type-baadture","102":"tour_operator-tarajoq-tours","104":"first","105":"outofstock","106":"shipping-taxable","107":"product-type-variable"},"acf":[],"yoast_head":"<!-- This site is optimized with the Yoast SEO plugin v25.2 - https:\/\/yoast.com\/wordpress\/plugins\/seo\/ -->\n<title>Arctic Excursions<\/title>\n<meta name=\"robots\" content=\"index, follow, max-snippet:-1, max-image-preview:large, max-video-preview:-1\" \/>\n<link rel=\"canonical\" href=\"https:\/\/test.arctic.klean.it\/udflugter\/icefjord-sailing\/\" \/>\n<meta property=\"og:locale\" content=\"da_DK\" \/>\n<meta property=\"og:type\" content=\"article\" \/>\n<meta property=\"og:title\" content=\"Isfjordssejlads - Arctic Excursions\" \/>\n<meta property=\"og:description\" content=\"Oplev de enorme isbjerge p\u00e5 t\u00e6t hold\" \/>\n<meta property=\"og:url\" content=\"https:\/\/test.arctic.klean.it\/udflugter\/icefjord-sailing\/\" \/>\n<meta property=\"og:site_name\" content=\"Arctic Excursions\" \/>\n<meta property=\"article:modified_time\" content=\"2023-10-10T09:08:19+00:00\" \/>\n<meta property=\"og:image\" content=\"https:\/\/test.arctic.klean.it\/wp-content\/uploads\/2023\/05\/DSC_8586-scaled.jpg\" \/>\n\t<meta property=\"og:image:width\" content=\"2560\" \/>\n\t<meta property=\"og:image:height\" content=\"1707\" \/>\n\t<meta property=\"og:image:type\" content=\"image\/jpeg\" \/>\n<meta name=\"twitter:card\" content=\"summary_large_image\" \/>\n<meta name=\"twitter:label1\" content=\"Estimeret l\u00e6setid\" \/>\n\t<meta name=\"twitter:data1\" content=\"1 minut\" \/>\n<script type=\"application\/ld+json\" class=\"yoast-schema-graph\">{\"@context\":\"https:\/\/schema.org\",\"@graph\":[{\"@type\":\"WebPage\",\"@id\":\"https:\/\/test.arctic.klean.it\/udflugter\/icefjord-sailing\/\",\"url\":\"https:\/\/test.arctic.klean.it\/udflugter\/icefjord-sailing\/\",\"name\":\"Isfjordssejlads - Arctic Excursions\",\"isPartOf\":{\"@id\":\"https:\/\/test.arctic.klean.it\/#website\"},\"primaryImageOfPage\":{\"@id\":\"https:\/\/test.arctic.klean.it\/udflugter\/icefjord-sailing\/#primaryimage\"},\"image\":{\"@id\":\"https:\/\/test.arctic.klean.it\/udflugter\/icefjord-sailing\/#primaryimage\"},\"thumbnailUrl\":\"https:\/\/test.arctic.klean.it\/wp-content\/uploads\/2023\/05\/DSC_8586-scaled.jpg\",\"datePublished\":\"2023-05-04T22:38:22+00:00\",\"dateModified\":\"2023-10-10T09:08:19+00:00\",\"breadcrumb\":{\"@id\":\"https:\/\/test.arctic.klean.it\/udflugter\/icefjord-sailing\/#breadcrumb\"},\"inLanguage\":\"da-DK\",\"potentialAction\":[{\"@type\":\"ReadAction\",\"target\":[\"https:\/\/test.arctic.klean.it\/udflugter\/icefjord-sailing\/\"]}]},{\"@type\":\"ImageObject\",\"inLanguage\":\"da-DK\",\"@id\":\"https:\/\/test.arctic.klean.it\/udflugter\/icefjord-sailing\/#primaryimage\",\"url\":\"https:\/\/test.arctic.klean.it\/wp-content\/uploads\/2023\/05\/DSC_8586-scaled.jpg\",\"contentUrl\":\"https:\/\/test.arctic.klean.it\/wp-content\/uploads\/2023\/05\/DSC_8586-scaled.jpg\",\"width\":2560,\"height\":1707},{\"@type\":\"BreadcrumbList\",\"@id\":\"https:\/\/test.arctic.klean.it\/udflugter\/icefjord-sailing\/#breadcrumb\",\"itemListElement\":[{\"@type\":\"ListItem\",\"position\":1,\"name\":\"Udflugter i Gr\u00f8nland\",\"item\":\"https:\/\/test.arctic.klean.it\/da\/udflugter\/\"},{\"@type\":\"ListItem\",\"position\":2,\"name\":\"Isfjordssejlads\"}]},{\"@type\":\"WebSite\",\"@id\":\"https:\/\/test.arctic.klean.it\/#website\",\"url\":\"https:\/\/test.arctic.klean.it\/\",\"name\":\"Arctic Excursions\",\"description\":\"New adventures. Every day.\",\"potentialAction\":[{\"@type\":\"SearchAction\",\"target\":{\"@type\":\"EntryPoint\",\"urlTemplate\":\"https:\/\/test.arctic.klean.it\/?s={search_term_string}\"},\"query-input\":{\"@type\":\"PropertyValueSpecification\",\"valueRequired\":true,\"valueName\":\"search_term_string\"}}],\"inLanguage\":\"da-DK\"}]}<\/script>\n<!-- \/ Yoast SEO plugin. -->","yoast_head_json":{"title":"Arctic Excursions","robots":{"index":"index","follow":"follow","max-snippet":"max-snippet:-1","max-image-preview":"max-image-preview:large","max-video-preview":"max-video-preview:-1"},"canonical":"https:\/\/test.arctic.klean.it\/udflugter\/icefjord-sailing\/","og_locale":"da_DK","og_type":"article","og_title":"Isfjordssejlads - Arctic Excursions","og_description":"Oplev de enorme isbjerge p\u00e5 t\u00e6t hold","og_url":"https:\/\/test.arctic.klean.it\/udflugter\/icefjord-sailing\/","og_site_name":"Arctic Excursions","article_modified_time":"2023-10-10T09:08:19+00:00","og_image":[{"width":2560,"height":1707,"url":"https:\/\/test.arctic.klean.it\/wp-content\/uploads\/2023\/05\/DSC_8586-scaled.jpg","type":"image\/jpeg"}],"twitter_card":"summary_large_image","twitter_misc":{"Estimeret l\u00e6setid":"1 minut"},"schema":{"@context":"https:\/\/schema.org","@graph":[{"@type":"WebPage","@id":"https:\/\/test.arctic.klean.it\/udflugter\/icefjord-sailing\/","url":"https:\/\/test.arctic.klean.it\/udflugter\/icefjord-sailing\/","name":"Isfjordssejlads - Arctic Excursions","isPartOf":{"@id":"https:\/\/test.arctic.klean.it\/#website"},"primaryImageOfPage":{"@id":"https:\/\/test.arctic.klean.it\/udflugter\/icefjord-sailing\/#primaryimage"},"image":{"@id":"https:\/\/test.arctic.klean.it\/udflugter\/icefjord-sailing\/#primaryimage"},"thumbnailUrl":"https:\/\/test.arctic.klean.it\/wp-content\/uploads\/2023\/05\/DSC_8586-scaled.jpg","datePublished":"2023-05-04T22:38:22+00:00","dateModified":"2023-10-10T09:08:19+00:00","breadcrumb":{"@id":"https:\/\/test.arctic.klean.it\/udflugter\/icefjord-sailing\/#breadcrumb"},"inLanguage":"da-DK","potentialAction":[{"@type":"ReadAction","target":["https:\/\/test.arctic.klean.it\/udflugter\/icefjord-sailing\/"]}]},{"@type":"ImageObject","inLanguage":"da-DK","@id":"https:\/\/test.arctic.klean.it\/udflugter\/icefjord-sailing\/#primaryimage","url":"https:\/\/test.arctic.klean.it\/wp-content\/uploads\/2023\/05\/DSC_8586-scaled.jpg","contentUrl":"https:\/\/test.arctic.klean.it\/wp-content\/uploads\/2023\/05\/DSC_8586-scaled.jpg","width":2560,"height":1707},{"@type":"BreadcrumbList","@id":"https:\/\/test.arctic.klean.it\/udflugter\/icefjord-sailing\/#breadcrumb","itemListElement":[{"@type":"ListItem","position":1,"name":"Udflugter i Gr\u00f8nland","item":"https:\/\/test.arctic.klean.it\/da\/udflugter\/"},{"@type":"ListItem","position":2,"name":"Isfjordssejlads"}]},{"@type":"WebSite","@id":"https:\/\/test.arctic.klean.it\/#website","url":"https:\/\/test.arctic.klean.it\/","name":"Arctic Excursions","description":"New adventures. Every day.","potentialAction":[{"@type":"SearchAction","target":{"@type":"EntryPoint","urlTemplate":"https:\/\/test.arctic.klean.it\/?s={search_term_string}"},"query-input":{"@type":"PropertyValueSpecification","valueRequired":true,"valueName":"search_term_string"}}],"inLanguage":"da-DK"}]}},"_links":{"self":[{"href":"https:\/\/test.arctic.klean.it\/da\/wp-json\/wp\/v2\/product\/13449","targetHints":{"allow":["GET"]}}],"collection":[{"href":"https:\/\/test.arctic.klean.it\/da\/wp-json\/wp\/v2\/product"}],"about":[{"href":"https:\/\/test.arctic.klean.it\/da\/wp-json\/wp\/v2\/types\/product"}],"replies":[{"embeddable":true,"href":"https:\/\/test.arctic.klean.it\/da\/wp-json\/wp\/v2\/comments?post=13449"}],"wp:featuredmedia":[{"embeddable":true,"href":"https:\/\/test.arctic.klean.it\/da\/wp-json\/wp\/v2\/media\/13458"}],"wp:attachment":[{"href":"https:\/\/test.arctic.klean.it\/da\/wp-json\/wp\/v2\/media?parent=13449"}],"wp:term":[{"taxonomy":"product_brand","embeddable":true,"href":"https:\/\/test.arctic.klean.it\/da\/wp-json\/wp\/v2\/product_brand?post=13449"},{"taxonomy":"product_cat","embeddable":true,"href":"https:\/\/test.arctic.klean.it\/da\/wp-json\/wp\/v2\/product_cat?post=13449"},{"taxonomy":"product_tag","embeddable":true,"href":"https:\/\/test.arctic.klean.it\/da\/wp-json\/wp\/v2\/product_tag?post=13449"}],"curies":[{"name":"wp","href":"https:\/\/api.w.org\/{rel}","templated":true}]}}