{"id":13717,"date":"2023-05-05T03:08:49","date_gmt":"2023-05-05T01:08:49","guid":{"rendered":"https:\/\/test.arctic.klean.it\/?post_type=product&#038;p=13717"},"modified":"2023-10-10T11:08:19","modified_gmt":"2023-10-10T09:08:19","slug":"boat-shuttle-from-ilulissat-to-oqaatsut","status":"publish","type":"product","link":"https:\/\/test.arctic.klean.it\/da\/udflugter\/boat-shuttle-from-ilulissat-to-oqaatsut\/","title":{"rendered":"B\u00e5dtransport fra Ilulissat til Oqaatsut"},"content":{"rendered":"<p>Hvis du kan lide at vandre, s\u00e5 er den gamle postrute mellem bygden Oqaatsut og Ilulissat det perfekte bud p\u00e5 en storsl\u00e5et dagstur gennem arktisk tundra og med udsigt til havet. Ruten er tydeligt markeret med orange prikker og er omkring 20 kilometer. De fleste klarer turen p\u00e5 6-7 timer.<\/p>\n<p>Vores b\u00e5d afg\u00e5r fra Ilulissat kl. 09.00 og efter 30 minutters sejlads n\u00e5r vi bygden Oqaatsut (ogs\u00e5 kendt som Rodebay). B\u00e5dens skipper vil udpege rutens start og give en kort introduktion til bygden, hvor det fleste g\u00e5r p\u00e5 opdagelse en times tid, inden vandringen begynder.<\/p>\n<p>Husk sko\/st\u00f8vler til vandring, varmt t\u00f8j, handsker og hue. <\/p>\n<p>Vandrerutens sv\u00e6rhedsgrad er moderat og kan gennemf\u00f8res af alle med en nogenlunde form.<\/p>\n","protected":false},"excerpt":{"rendered":"<p>Sejl til Oqaatsut og vandre hjem ad den ikoniske postrute<\/p>\n","protected":false},"featured_media":13473,"comment_status":"open","ping_status":"closed","template":"","meta":{"_acf_changed":false},"product_brand":[],"product_cat":[101,170],"product_tag":[],"class_list":{"0":"post-13717","1":"product","2":"type-product","3":"status-publish","4":"has-post-thumbnail","6":"product_cat-tour","7":"product_cat-udflugt","8":"pa_dato-502","9":"pa_dato-503","10":"pa_dato-535","11":"pa_dato-534","12":"pa_dato-536","13":"pa_dato-537","14":"pa_dato-538","15":"pa_dato-539","16":"pa_dato-540","17":"pa_dato-500","18":"pa_dato-541","19":"pa_dato-542","20":"pa_dato-543","21":"pa_dato-465","22":"pa_dato-547","23":"pa_dato-548","24":"pa_dato-549","25":"pa_dato-550","26":"pa_dato-551","27":"pa_dato-552","28":"pa_dato-553","29":"pa_dato-554","30":"pa_dato-555","31":"pa_dato-556","32":"pa_dato-557","33":"pa_dato-558","34":"pa_dato-521","35":"pa_dato-522","36":"pa_dato-559","37":"pa_dato-560","38":"pa_dato-561","39":"pa_dato-588","40":"pa_dato-589","41":"pa_dato-590","42":"pa_dato-687","43":"pa_dato-735","44":"pa_dato-591","45":"pa_dato-592","46":"pa_dato-593","47":"pa_dato-594","48":"pa_dato-595","49":"pa_dato-694","50":"pa_dato-736","51":"pa_dato-596","52":"pa_dato-510","53":"pa_dato-513","54":"pa_dato-511","55":"pa_dato-512","56":"pa_dato-695","57":"pa_dato-737","58":"pa_dato-597","59":"pa_dato-598","60":"pa_dato-599","61":"pa_dato-600","62":"pa_dato-739","63":"pa_dato-740","64":"pa_dato-738","65":"pa_dato-601","66":"pa_dato-602","67":"pa_dato-603","68":"pa_dato-604","69":"pa_dato-605","70":"pa_dato-689","71":"pa_dato-741","72":"pa_dato-606","73":"pa_dato-607","74":"pa_dato-608","75":"pa_dato-609","76":"pa_dato-610","77":"pa_dato-690","78":"pa_dato-742","79":"pa_dato-611","80":"pa_tidspunkt-72","81":"tour_location-ilulissat-da","82":"tour_type-baadture","83":"tour_operator-tarajoq-tours","85":"first","86":"outofstock","87":"shipping-taxable","88":"product-type-variable"},"acf":[],"yoast_head":"<!-- This site is optimized with the Yoast SEO plugin v25.2 - https:\/\/yoast.com\/wordpress\/plugins\/seo\/ -->\n<title>Arctic Excursions<\/title>\n<meta name=\"robots\" content=\"index, follow, max-snippet:-1, max-image-preview:large, max-video-preview:-1\" \/>\n<link rel=\"canonical\" href=\"https:\/\/test.arctic.klean.it\/udflugter\/boat-shuttle-from-ilulissat-to-oqaatsut\/\" \/>\n<meta property=\"og:locale\" content=\"da_DK\" \/>\n<meta property=\"og:type\" content=\"article\" \/>\n<meta property=\"og:title\" content=\"B\u00e5dtransport fra Ilulissat til Oqaatsut - Arctic Excursions\" \/>\n<meta property=\"og:description\" content=\"Sejl til Oqaatsut og vandre hjem ad den ikoniske postrute\" \/>\n<meta property=\"og:url\" content=\"https:\/\/test.arctic.klean.it\/udflugter\/boat-shuttle-from-ilulissat-to-oqaatsut\/\" \/>\n<meta property=\"og:site_name\" content=\"Arctic Excursions\" \/>\n<meta property=\"article:modified_time\" content=\"2023-10-10T09:08:19+00:00\" \/>\n<meta property=\"og:image\" content=\"https:\/\/test.arctic.klean.it\/wp-content\/uploads\/2023\/05\/DSC1678-scaled.jpg\" \/>\n\t<meta property=\"og:image:width\" content=\"2560\" \/>\n\t<meta property=\"og:image:height\" content=\"1707\" \/>\n\t<meta property=\"og:image:type\" content=\"image\/jpeg\" \/>\n<meta name=\"twitter:card\" content=\"summary_large_image\" \/>\n<meta name=\"twitter:label1\" content=\"Estimeret l\u00e6setid\" \/>\n\t<meta name=\"twitter:data1\" content=\"1 minut\" \/>\n<script type=\"application\/ld+json\" class=\"yoast-schema-graph\">{\"@context\":\"https:\/\/schema.org\",\"@graph\":[{\"@type\":\"WebPage\",\"@id\":\"https:\/\/test.arctic.klean.it\/udflugter\/boat-shuttle-from-ilulissat-to-oqaatsut\/\",\"url\":\"https:\/\/test.arctic.klean.it\/udflugter\/boat-shuttle-from-ilulissat-to-oqaatsut\/\",\"name\":\"B\u00e5dtransport fra Ilulissat til Oqaatsut - Arctic Excursions\",\"isPartOf\":{\"@id\":\"https:\/\/test.arctic.klean.it\/#website\"},\"primaryImageOfPage\":{\"@id\":\"https:\/\/test.arctic.klean.it\/udflugter\/boat-shuttle-from-ilulissat-to-oqaatsut\/#primaryimage\"},\"image\":{\"@id\":\"https:\/\/test.arctic.klean.it\/udflugter\/boat-shuttle-from-ilulissat-to-oqaatsut\/#primaryimage\"},\"thumbnailUrl\":\"https:\/\/test.arctic.klean.it\/wp-content\/uploads\/2023\/05\/DSC1678-scaled.jpg\",\"datePublished\":\"2023-05-05T01:08:49+00:00\",\"dateModified\":\"2023-10-10T09:08:19+00:00\",\"breadcrumb\":{\"@id\":\"https:\/\/test.arctic.klean.it\/udflugter\/boat-shuttle-from-ilulissat-to-oqaatsut\/#breadcrumb\"},\"inLanguage\":\"da-DK\",\"potentialAction\":[{\"@type\":\"ReadAction\",\"target\":[\"https:\/\/test.arctic.klean.it\/udflugter\/boat-shuttle-from-ilulissat-to-oqaatsut\/\"]}]},{\"@type\":\"ImageObject\",\"inLanguage\":\"da-DK\",\"@id\":\"https:\/\/test.arctic.klean.it\/udflugter\/boat-shuttle-from-ilulissat-to-oqaatsut\/#primaryimage\",\"url\":\"https:\/\/test.arctic.klean.it\/wp-content\/uploads\/2023\/05\/DSC1678-scaled.jpg\",\"contentUrl\":\"https:\/\/test.arctic.klean.it\/wp-content\/uploads\/2023\/05\/DSC1678-scaled.jpg\",\"width\":2560,\"height\":1707},{\"@type\":\"BreadcrumbList\",\"@id\":\"https:\/\/test.arctic.klean.it\/udflugter\/boat-shuttle-from-ilulissat-to-oqaatsut\/#breadcrumb\",\"itemListElement\":[{\"@type\":\"ListItem\",\"position\":1,\"name\":\"Udflugter i Gr\u00f8nland\",\"item\":\"https:\/\/test.arctic.klean.it\/da\/udflugter\/\"},{\"@type\":\"ListItem\",\"position\":2,\"name\":\"B\u00e5dtransport fra Ilulissat til Oqaatsut\"}]},{\"@type\":\"WebSite\",\"@id\":\"https:\/\/test.arctic.klean.it\/#website\",\"url\":\"https:\/\/test.arctic.klean.it\/\",\"name\":\"Arctic Excursions\",\"description\":\"New adventures. Every day.\",\"potentialAction\":[{\"@type\":\"SearchAction\",\"target\":{\"@type\":\"EntryPoint\",\"urlTemplate\":\"https:\/\/test.arctic.klean.it\/?s={search_term_string}\"},\"query-input\":{\"@type\":\"PropertyValueSpecification\",\"valueRequired\":true,\"valueName\":\"search_term_string\"}}],\"inLanguage\":\"da-DK\"}]}<\/script>\n<!-- \/ Yoast SEO plugin. -->","yoast_head_json":{"title":"Arctic Excursions","robots":{"index":"index","follow":"follow","max-snippet":"max-snippet:-1","max-image-preview":"max-image-preview:large","max-video-preview":"max-video-preview:-1"},"canonical":"https:\/\/test.arctic.klean.it\/udflugter\/boat-shuttle-from-ilulissat-to-oqaatsut\/","og_locale":"da_DK","og_type":"article","og_title":"B\u00e5dtransport fra Ilulissat til Oqaatsut - Arctic Excursions","og_description":"Sejl til Oqaatsut og vandre hjem ad den ikoniske postrute","og_url":"https:\/\/test.arctic.klean.it\/udflugter\/boat-shuttle-from-ilulissat-to-oqaatsut\/","og_site_name":"Arctic Excursions","article_modified_time":"2023-10-10T09:08:19+00:00","og_image":[{"width":2560,"height":1707,"url":"https:\/\/test.arctic.klean.it\/wp-content\/uploads\/2023\/05\/DSC1678-scaled.jpg","type":"image\/jpeg"}],"twitter_card":"summary_large_image","twitter_misc":{"Estimeret l\u00e6setid":"1 minut"},"schema":{"@context":"https:\/\/schema.org","@graph":[{"@type":"WebPage","@id":"https:\/\/test.arctic.klean.it\/udflugter\/boat-shuttle-from-ilulissat-to-oqaatsut\/","url":"https:\/\/test.arctic.klean.it\/udflugter\/boat-shuttle-from-ilulissat-to-oqaatsut\/","name":"B\u00e5dtransport fra Ilulissat til Oqaatsut - Arctic Excursions","isPartOf":{"@id":"https:\/\/test.arctic.klean.it\/#website"},"primaryImageOfPage":{"@id":"https:\/\/test.arctic.klean.it\/udflugter\/boat-shuttle-from-ilulissat-to-oqaatsut\/#primaryimage"},"image":{"@id":"https:\/\/test.arctic.klean.it\/udflugter\/boat-shuttle-from-ilulissat-to-oqaatsut\/#primaryimage"},"thumbnailUrl":"https:\/\/test.arctic.klean.it\/wp-content\/uploads\/2023\/05\/DSC1678-scaled.jpg","datePublished":"2023-05-05T01:08:49+00:00","dateModified":"2023-10-10T09:08:19+00:00","breadcrumb":{"@id":"https:\/\/test.arctic.klean.it\/udflugter\/boat-shuttle-from-ilulissat-to-oqaatsut\/#breadcrumb"},"inLanguage":"da-DK","potentialAction":[{"@type":"ReadAction","target":["https:\/\/test.arctic.klean.it\/udflugter\/boat-shuttle-from-ilulissat-to-oqaatsut\/"]}]},{"@type":"ImageObject","inLanguage":"da-DK","@id":"https:\/\/test.arctic.klean.it\/udflugter\/boat-shuttle-from-ilulissat-to-oqaatsut\/#primaryimage","url":"https:\/\/test.arctic.klean.it\/wp-content\/uploads\/2023\/05\/DSC1678-scaled.jpg","contentUrl":"https:\/\/test.arctic.klean.it\/wp-content\/uploads\/2023\/05\/DSC1678-scaled.jpg","width":2560,"height":1707},{"@type":"BreadcrumbList","@id":"https:\/\/test.arctic.klean.it\/udflugter\/boat-shuttle-from-ilulissat-to-oqaatsut\/#breadcrumb","itemListElement":[{"@type":"ListItem","position":1,"name":"Udflugter i Gr\u00f8nland","item":"https:\/\/test.arctic.klean.it\/da\/udflugter\/"},{"@type":"ListItem","position":2,"name":"B\u00e5dtransport fra Ilulissat til Oqaatsut"}]},{"@type":"WebSite","@id":"https:\/\/test.arctic.klean.it\/#website","url":"https:\/\/test.arctic.klean.it\/","name":"Arctic Excursions","description":"New adventures. Every day.","potentialAction":[{"@type":"SearchAction","target":{"@type":"EntryPoint","urlTemplate":"https:\/\/test.arctic.klean.it\/?s={search_term_string}"},"query-input":{"@type":"PropertyValueSpecification","valueRequired":true,"valueName":"search_term_string"}}],"inLanguage":"da-DK"}]}},"_links":{"self":[{"href":"https:\/\/test.arctic.klean.it\/da\/wp-json\/wp\/v2\/product\/13717","targetHints":{"allow":["GET"]}}],"collection":[{"href":"https:\/\/test.arctic.klean.it\/da\/wp-json\/wp\/v2\/product"}],"about":[{"href":"https:\/\/test.arctic.klean.it\/da\/wp-json\/wp\/v2\/types\/product"}],"replies":[{"embeddable":true,"href":"https:\/\/test.arctic.klean.it\/da\/wp-json\/wp\/v2\/comments?post=13717"}],"wp:featuredmedia":[{"embeddable":true,"href":"https:\/\/test.arctic.klean.it\/da\/wp-json\/wp\/v2\/media\/13473"}],"wp:attachment":[{"href":"https:\/\/test.arctic.klean.it\/da\/wp-json\/wp\/v2\/media?parent=13717"}],"wp:term":[{"taxonomy":"product_brand","embeddable":true,"href":"https:\/\/test.arctic.klean.it\/da\/wp-json\/wp\/v2\/product_brand?post=13717"},{"taxonomy":"product_cat","embeddable":true,"href":"https:\/\/test.arctic.klean.it\/da\/wp-json\/wp\/v2\/product_cat?post=13717"},{"taxonomy":"product_tag","embeddable":true,"href":"https:\/\/test.arctic.klean.it\/da\/wp-json\/wp\/v2\/product_tag?post=13717"}],"curies":[{"name":"wp","href":"https:\/\/api.w.org\/{rel}","templated":true}]}}