{"id":13718,"date":"2023-05-17T11:35:48","date_gmt":"2023-05-17T09:35:48","guid":{"rendered":"https:\/\/test.arctic.klean.it\/?post_type=product&#038;p=13718"},"modified":"2023-05-17T11:38:33","modified_gmt":"2023-05-17T09:38:33","slug":"boat-shuttle-from-oqaatsut-to-ilulissat","status":"publish","type":"product","link":"https:\/\/test.arctic.klean.it\/da\/udflugter\/boat-shuttle-from-oqaatsut-to-ilulissat\/","title":{"rendered":"B\u00e5dtransport fra Oqaatsut til Ilulissat"},"content":{"rendered":"<p>Vores b\u00e5d afg\u00e5r fra Oqaatsut kl. 16.00 og efter 30 minutters sejlads n\u00e5r vi Ilulissat. Dette er den perfekte l\u00f8sning, uanset om du har overnattet i bygden eller har vandret fra Ilulissat langs den ikoniske gamle postrute fra morgenstund af.<\/p>\n<p>Hvis du kan lide at vandre, s\u00e5 er den gamle postrute mellem Ilulissat og bygden Oqaatsut det perfekte bud p\u00e5 en storsl\u00e5et dagstur gennem arktisk tundra og med udsigt til havet. Ruten er tydeligt markeret med orange prikker og er omkring 20 kilometer. De fleste klarer turen p\u00e5 6-7 timer. Vi har daglige b\u00e5dafgange i begge retninger.<\/p>\n<p>Husk varmt t\u00f8j, handsker og hue. <\/p>\n<p>Vandrerutens sv\u00e6rhedsgrad er moderat og kan gennemf\u00f8res af alle med en nogenlunde form.<\/p>\n","protected":false},"excerpt":{"rendered":"<p>Sejl med vores eftermiddagsafgang tilbage til Ilulissat<\/p>\n","protected":false},"featured_media":13473,"comment_status":"open","ping_status":"closed","template":"","meta":{"_acf_changed":false},"product_brand":[],"product_cat":[101,170],"product_tag":[],"class_list":{"0":"post-13718","1":"product","2":"type-product","3":"status-publish","4":"has-post-thumbnail","6":"product_cat-tour","7":"product_cat-udflugt","8":"tour_location-ilulissat-da","9":"tour_type-baadture","10":"tour_operator-tarajoq-tours","12":"first","13":"outofstock","14":"shipping-taxable","15":"product-type-variable"},"acf":[],"yoast_head":"<!-- This site is optimized with the Yoast SEO plugin v25.2 - https:\/\/yoast.com\/wordpress\/plugins\/seo\/ -->\n<title>Arctic Excursions<\/title>\n<meta name=\"robots\" content=\"index, follow, max-snippet:-1, max-image-preview:large, max-video-preview:-1\" \/>\n<link rel=\"canonical\" href=\"https:\/\/test.arctic.klean.it\/udflugter\/boat-shuttle-from-oqaatsut-to-ilulissat\/\" \/>\n<meta property=\"og:locale\" content=\"da_DK\" \/>\n<meta property=\"og:type\" content=\"article\" \/>\n<meta property=\"og:title\" content=\"B\u00e5dtransport fra Oqaatsut til Ilulissat - Arctic Excursions\" \/>\n<meta property=\"og:description\" content=\"Sejl med vores eftermiddagsafgang tilbage til Ilulissat\" \/>\n<meta property=\"og:url\" content=\"https:\/\/test.arctic.klean.it\/udflugter\/boat-shuttle-from-oqaatsut-to-ilulissat\/\" \/>\n<meta property=\"og:site_name\" content=\"Arctic Excursions\" \/>\n<meta property=\"article:modified_time\" content=\"2023-05-17T09:38:33+00:00\" \/>\n<meta property=\"og:image\" content=\"https:\/\/test.arctic.klean.it\/wp-content\/uploads\/2023\/05\/DSC1678-scaled.jpg\" \/>\n\t<meta property=\"og:image:width\" content=\"2560\" \/>\n\t<meta property=\"og:image:height\" content=\"1707\" \/>\n\t<meta property=\"og:image:type\" content=\"image\/jpeg\" \/>\n<meta name=\"twitter:card\" content=\"summary_large_image\" \/>\n<meta name=\"twitter:label1\" content=\"Estimeret l\u00e6setid\" \/>\n\t<meta name=\"twitter:data1\" content=\"1 minut\" \/>\n<script type=\"application\/ld+json\" class=\"yoast-schema-graph\">{\"@context\":\"https:\/\/schema.org\",\"@graph\":[{\"@type\":\"WebPage\",\"@id\":\"https:\/\/test.arctic.klean.it\/udflugter\/boat-shuttle-from-oqaatsut-to-ilulissat\/\",\"url\":\"https:\/\/test.arctic.klean.it\/udflugter\/boat-shuttle-from-oqaatsut-to-ilulissat\/\",\"name\":\"B\u00e5dtransport fra Oqaatsut til Ilulissat - Arctic Excursions\",\"isPartOf\":{\"@id\":\"https:\/\/test.arctic.klean.it\/#website\"},\"primaryImageOfPage\":{\"@id\":\"https:\/\/test.arctic.klean.it\/udflugter\/boat-shuttle-from-oqaatsut-to-ilulissat\/#primaryimage\"},\"image\":{\"@id\":\"https:\/\/test.arctic.klean.it\/udflugter\/boat-shuttle-from-oqaatsut-to-ilulissat\/#primaryimage\"},\"thumbnailUrl\":\"https:\/\/test.arctic.klean.it\/wp-content\/uploads\/2023\/05\/DSC1678-scaled.jpg\",\"datePublished\":\"2023-05-17T09:35:48+00:00\",\"dateModified\":\"2023-05-17T09:38:33+00:00\",\"breadcrumb\":{\"@id\":\"https:\/\/test.arctic.klean.it\/udflugter\/boat-shuttle-from-oqaatsut-to-ilulissat\/#breadcrumb\"},\"inLanguage\":\"da-DK\",\"potentialAction\":[{\"@type\":\"ReadAction\",\"target\":[\"https:\/\/test.arctic.klean.it\/udflugter\/boat-shuttle-from-oqaatsut-to-ilulissat\/\"]}]},{\"@type\":\"ImageObject\",\"inLanguage\":\"da-DK\",\"@id\":\"https:\/\/test.arctic.klean.it\/udflugter\/boat-shuttle-from-oqaatsut-to-ilulissat\/#primaryimage\",\"url\":\"https:\/\/test.arctic.klean.it\/wp-content\/uploads\/2023\/05\/DSC1678-scaled.jpg\",\"contentUrl\":\"https:\/\/test.arctic.klean.it\/wp-content\/uploads\/2023\/05\/DSC1678-scaled.jpg\",\"width\":2560,\"height\":1707},{\"@type\":\"BreadcrumbList\",\"@id\":\"https:\/\/test.arctic.klean.it\/udflugter\/boat-shuttle-from-oqaatsut-to-ilulissat\/#breadcrumb\",\"itemListElement\":[{\"@type\":\"ListItem\",\"position\":1,\"name\":\"Udflugter i Gr\u00f8nland\",\"item\":\"https:\/\/test.arctic.klean.it\/da\/udflugter\/\"},{\"@type\":\"ListItem\",\"position\":2,\"name\":\"B\u00e5dtransport fra Oqaatsut til Ilulissat\"}]},{\"@type\":\"WebSite\",\"@id\":\"https:\/\/test.arctic.klean.it\/#website\",\"url\":\"https:\/\/test.arctic.klean.it\/\",\"name\":\"Arctic Excursions\",\"description\":\"New adventures. Every day.\",\"potentialAction\":[{\"@type\":\"SearchAction\",\"target\":{\"@type\":\"EntryPoint\",\"urlTemplate\":\"https:\/\/test.arctic.klean.it\/?s={search_term_string}\"},\"query-input\":{\"@type\":\"PropertyValueSpecification\",\"valueRequired\":true,\"valueName\":\"search_term_string\"}}],\"inLanguage\":\"da-DK\"}]}<\/script>\n<!-- \/ Yoast SEO plugin. -->","yoast_head_json":{"title":"Arctic Excursions","robots":{"index":"index","follow":"follow","max-snippet":"max-snippet:-1","max-image-preview":"max-image-preview:large","max-video-preview":"max-video-preview:-1"},"canonical":"https:\/\/test.arctic.klean.it\/udflugter\/boat-shuttle-from-oqaatsut-to-ilulissat\/","og_locale":"da_DK","og_type":"article","og_title":"B\u00e5dtransport fra Oqaatsut til Ilulissat - Arctic Excursions","og_description":"Sejl med vores eftermiddagsafgang tilbage til Ilulissat","og_url":"https:\/\/test.arctic.klean.it\/udflugter\/boat-shuttle-from-oqaatsut-to-ilulissat\/","og_site_name":"Arctic Excursions","article_modified_time":"2023-05-17T09:38:33+00:00","og_image":[{"width":2560,"height":1707,"url":"https:\/\/test.arctic.klean.it\/wp-content\/uploads\/2023\/05\/DSC1678-scaled.jpg","type":"image\/jpeg"}],"twitter_card":"summary_large_image","twitter_misc":{"Estimeret l\u00e6setid":"1 minut"},"schema":{"@context":"https:\/\/schema.org","@graph":[{"@type":"WebPage","@id":"https:\/\/test.arctic.klean.it\/udflugter\/boat-shuttle-from-oqaatsut-to-ilulissat\/","url":"https:\/\/test.arctic.klean.it\/udflugter\/boat-shuttle-from-oqaatsut-to-ilulissat\/","name":"B\u00e5dtransport fra Oqaatsut til Ilulissat - Arctic Excursions","isPartOf":{"@id":"https:\/\/test.arctic.klean.it\/#website"},"primaryImageOfPage":{"@id":"https:\/\/test.arctic.klean.it\/udflugter\/boat-shuttle-from-oqaatsut-to-ilulissat\/#primaryimage"},"image":{"@id":"https:\/\/test.arctic.klean.it\/udflugter\/boat-shuttle-from-oqaatsut-to-ilulissat\/#primaryimage"},"thumbnailUrl":"https:\/\/test.arctic.klean.it\/wp-content\/uploads\/2023\/05\/DSC1678-scaled.jpg","datePublished":"2023-05-17T09:35:48+00:00","dateModified":"2023-05-17T09:38:33+00:00","breadcrumb":{"@id":"https:\/\/test.arctic.klean.it\/udflugter\/boat-shuttle-from-oqaatsut-to-ilulissat\/#breadcrumb"},"inLanguage":"da-DK","potentialAction":[{"@type":"ReadAction","target":["https:\/\/test.arctic.klean.it\/udflugter\/boat-shuttle-from-oqaatsut-to-ilulissat\/"]}]},{"@type":"ImageObject","inLanguage":"da-DK","@id":"https:\/\/test.arctic.klean.it\/udflugter\/boat-shuttle-from-oqaatsut-to-ilulissat\/#primaryimage","url":"https:\/\/test.arctic.klean.it\/wp-content\/uploads\/2023\/05\/DSC1678-scaled.jpg","contentUrl":"https:\/\/test.arctic.klean.it\/wp-content\/uploads\/2023\/05\/DSC1678-scaled.jpg","width":2560,"height":1707},{"@type":"BreadcrumbList","@id":"https:\/\/test.arctic.klean.it\/udflugter\/boat-shuttle-from-oqaatsut-to-ilulissat\/#breadcrumb","itemListElement":[{"@type":"ListItem","position":1,"name":"Udflugter i Gr\u00f8nland","item":"https:\/\/test.arctic.klean.it\/da\/udflugter\/"},{"@type":"ListItem","position":2,"name":"B\u00e5dtransport fra Oqaatsut til Ilulissat"}]},{"@type":"WebSite","@id":"https:\/\/test.arctic.klean.it\/#website","url":"https:\/\/test.arctic.klean.it\/","name":"Arctic Excursions","description":"New adventures. Every day.","potentialAction":[{"@type":"SearchAction","target":{"@type":"EntryPoint","urlTemplate":"https:\/\/test.arctic.klean.it\/?s={search_term_string}"},"query-input":{"@type":"PropertyValueSpecification","valueRequired":true,"valueName":"search_term_string"}}],"inLanguage":"da-DK"}]}},"_links":{"self":[{"href":"https:\/\/test.arctic.klean.it\/da\/wp-json\/wp\/v2\/product\/13718","targetHints":{"allow":["GET"]}}],"collection":[{"href":"https:\/\/test.arctic.klean.it\/da\/wp-json\/wp\/v2\/product"}],"about":[{"href":"https:\/\/test.arctic.klean.it\/da\/wp-json\/wp\/v2\/types\/product"}],"replies":[{"embeddable":true,"href":"https:\/\/test.arctic.klean.it\/da\/wp-json\/wp\/v2\/comments?post=13718"}],"wp:featuredmedia":[{"embeddable":true,"href":"https:\/\/test.arctic.klean.it\/da\/wp-json\/wp\/v2\/media\/13473"}],"wp:attachment":[{"href":"https:\/\/test.arctic.klean.it\/da\/wp-json\/wp\/v2\/media?parent=13718"}],"wp:term":[{"taxonomy":"product_brand","embeddable":true,"href":"https:\/\/test.arctic.klean.it\/da\/wp-json\/wp\/v2\/product_brand?post=13718"},{"taxonomy":"product_cat","embeddable":true,"href":"https:\/\/test.arctic.klean.it\/da\/wp-json\/wp\/v2\/product_cat?post=13718"},{"taxonomy":"product_tag","embeddable":true,"href":"https:\/\/test.arctic.klean.it\/da\/wp-json\/wp\/v2\/product_tag?post=13718"}],"curies":[{"name":"wp","href":"https:\/\/api.w.org\/{rel}","templated":true}]}}