{"id":13719,"date":"2023-05-05T01:33:58","date_gmt":"2023-05-04T23:33:58","guid":{"rendered":"https:\/\/test.arctic.klean.it\/?post_type=product&#038;p=13719"},"modified":"2023-08-23T14:18:52","modified_gmt":"2023-08-23T12:18:52","slug":"icefjord-midnight-sailing","status":"publish","type":"product","link":"https:\/\/test.arctic.klean.it\/da\/udflugter\/icefjord-midnight-sailing\/","title":{"rendered":"Midnatssejlads i Isfjorden"},"content":{"rendered":"<p>At sejle mellem verdens st\u00f8rste isbjerge i Ilulissat Isfjord b\u00f8r v\u00e6re p\u00e5 din bucket-list. P\u00e5 denne midnatstur vil vi bruge aftenen p\u00e5 at cruise langsomt rundt om de k\u00e6beh\u00e6mmende isbjerge. Vi ser normalt ogs\u00e5 pukkelhvaler p\u00e5 t\u00e6t hold, mens de lever i Isfjordens n\u00e6ringsrige vand. Dette er en oplevelse, der kan g\u00f8re selv berejste mennesker m\u00e5ll\u00f8se, og for mange er dette h\u00f8jdepunktet p\u00e5 deres bes\u00f8g i Gr\u00f8nland.<\/p>\n<p>Med Tarajoq Tours er du garanteret en personlig og unik lille gruppeoplevelse ombord p\u00e5 vores ni passagerb\u00e5d t\u00e6t p\u00e5 vandet og isen.<\/p>\n<p><b>Varighed: <\/b> 2 timer.<\/p>\n<p>Husk at medbringe varmt t\u00f8j, handsker og hue. Varme drikke er inkluderet p\u00e5 denne tur.<\/p>\n<p>Min. 2 g\u00e6ster til at gennemf\u00f8re turen.<\/p>\n","protected":false},"excerpt":{"rendered":"<p>Oplev den fascinerende sk\u00f8nhed ved Ilulissat Isfjord om natten<\/p>\n","protected":false},"featured_media":13465,"comment_status":"open","ping_status":"closed","template":"","meta":{"_acf_changed":false},"product_brand":[],"product_cat":[101,170],"product_tag":[],"class_list":{"0":"post-13719","1":"product","2":"type-product","3":"status-publish","4":"has-post-thumbnail","6":"product_cat-tour","7":"product_cat-udflugt","8":"pa_dato-502","9":"pa_dato-503","10":"pa_dato-535","11":"pa_dato-534","12":"pa_dato-536","13":"pa_dato-537","14":"pa_dato-538","15":"pa_dato-539","16":"pa_dato-540","17":"pa_dato-500","18":"pa_dato-541","19":"pa_dato-542","20":"pa_dato-543","21":"pa_dato-465","22":"pa_dato-547","23":"pa_dato-548","24":"pa_dato-549","25":"pa_dato-550","26":"pa_dato-551","27":"pa_dato-552","28":"pa_dato-553","29":"pa_dato-554","30":"pa_dato-555","31":"pa_dato-556","32":"pa_dato-557","33":"pa_dato-558","34":"pa_dato-521","35":"pa_dato-522","36":"pa_dato-559","37":"pa_dato-560","38":"pa_dato-561","39":"pa_dato-587","40":"pa_dato-588","41":"pa_dato-589","42":"pa_dato-590","43":"pa_dato-687","44":"pa_dato-735","45":"pa_dato-591","46":"pa_dato-592","47":"pa_dato-593","48":"pa_dato-594","49":"pa_dato-595","50":"pa_dato-694","51":"pa_dato-736","52":"pa_dato-596","53":"pa_dato-510","54":"pa_dato-513","55":"pa_dato-511","56":"pa_dato-512","57":"pa_dato-695","58":"pa_dato-737","59":"pa_dato-746","60":"pa_tidspunkt-86","61":"pa_tidspunkt-231","62":"tour_location-ilulissat-da","63":"tour_type-icebergs","64":"tour_type-baadture","65":"tour_operator-tarajoq-tours","67":"first","68":"outofstock","69":"shipping-taxable","70":"product-type-variable"},"acf":[],"yoast_head":"<!-- This site is optimized with the Yoast SEO plugin v25.2 - https:\/\/yoast.com\/wordpress\/plugins\/seo\/ -->\n<title>Arctic Excursions<\/title>\n<meta name=\"robots\" content=\"index, follow, max-snippet:-1, max-image-preview:large, max-video-preview:-1\" \/>\n<link rel=\"canonical\" href=\"https:\/\/test.arctic.klean.it\/udflugter\/icefjord-midnight-sailing\/\" \/>\n<meta property=\"og:locale\" content=\"da_DK\" \/>\n<meta property=\"og:type\" content=\"article\" \/>\n<meta property=\"og:title\" content=\"Midnatssejlads i Isfjorden - Arctic Excursions\" \/>\n<meta property=\"og:description\" content=\"Oplev den fascinerende sk\u00f8nhed ved Ilulissat Isfjord om natten\" \/>\n<meta property=\"og:url\" content=\"https:\/\/test.arctic.klean.it\/udflugter\/icefjord-midnight-sailing\/\" \/>\n<meta property=\"og:site_name\" content=\"Arctic Excursions\" \/>\n<meta property=\"article:modified_time\" content=\"2023-08-23T12:18:52+00:00\" \/>\n<meta property=\"og:image\" content=\"https:\/\/test.arctic.klean.it\/wp-content\/uploads\/2023\/05\/Gronland2_08.jpg\" \/>\n\t<meta property=\"og:image:width\" content=\"2000\" \/>\n\t<meta property=\"og:image:height\" content=\"1335\" \/>\n\t<meta property=\"og:image:type\" content=\"image\/jpeg\" \/>\n<meta name=\"twitter:card\" content=\"summary_large_image\" \/>\n<meta name=\"twitter:label1\" content=\"Estimeret l\u00e6setid\" \/>\n\t<meta name=\"twitter:data1\" content=\"1 minut\" \/>\n<script type=\"application\/ld+json\" class=\"yoast-schema-graph\">{\"@context\":\"https:\/\/schema.org\",\"@graph\":[{\"@type\":\"WebPage\",\"@id\":\"https:\/\/test.arctic.klean.it\/udflugter\/icefjord-midnight-sailing\/\",\"url\":\"https:\/\/test.arctic.klean.it\/udflugter\/icefjord-midnight-sailing\/\",\"name\":\"Midnatssejlads i Isfjorden - Arctic Excursions\",\"isPartOf\":{\"@id\":\"https:\/\/test.arctic.klean.it\/#website\"},\"primaryImageOfPage\":{\"@id\":\"https:\/\/test.arctic.klean.it\/udflugter\/icefjord-midnight-sailing\/#primaryimage\"},\"image\":{\"@id\":\"https:\/\/test.arctic.klean.it\/udflugter\/icefjord-midnight-sailing\/#primaryimage\"},\"thumbnailUrl\":\"https:\/\/test.arctic.klean.it\/wp-content\/uploads\/2023\/05\/Gronland2_08.jpg\",\"datePublished\":\"2023-05-04T23:33:58+00:00\",\"dateModified\":\"2023-08-23T12:18:52+00:00\",\"breadcrumb\":{\"@id\":\"https:\/\/test.arctic.klean.it\/udflugter\/icefjord-midnight-sailing\/#breadcrumb\"},\"inLanguage\":\"da-DK\",\"potentialAction\":[{\"@type\":\"ReadAction\",\"target\":[\"https:\/\/test.arctic.klean.it\/udflugter\/icefjord-midnight-sailing\/\"]}]},{\"@type\":\"ImageObject\",\"inLanguage\":\"da-DK\",\"@id\":\"https:\/\/test.arctic.klean.it\/udflugter\/icefjord-midnight-sailing\/#primaryimage\",\"url\":\"https:\/\/test.arctic.klean.it\/wp-content\/uploads\/2023\/05\/Gronland2_08.jpg\",\"contentUrl\":\"https:\/\/test.arctic.klean.it\/wp-content\/uploads\/2023\/05\/Gronland2_08.jpg\",\"width\":2000,\"height\":1335},{\"@type\":\"BreadcrumbList\",\"@id\":\"https:\/\/test.arctic.klean.it\/udflugter\/icefjord-midnight-sailing\/#breadcrumb\",\"itemListElement\":[{\"@type\":\"ListItem\",\"position\":1,\"name\":\"Udflugter i Gr\u00f8nland\",\"item\":\"https:\/\/test.arctic.klean.it\/da\/udflugter\/\"},{\"@type\":\"ListItem\",\"position\":2,\"name\":\"Midnatssejlads i Isfjorden\"}]},{\"@type\":\"WebSite\",\"@id\":\"https:\/\/test.arctic.klean.it\/#website\",\"url\":\"https:\/\/test.arctic.klean.it\/\",\"name\":\"Arctic Excursions\",\"description\":\"New adventures. Every day.\",\"potentialAction\":[{\"@type\":\"SearchAction\",\"target\":{\"@type\":\"EntryPoint\",\"urlTemplate\":\"https:\/\/test.arctic.klean.it\/?s={search_term_string}\"},\"query-input\":{\"@type\":\"PropertyValueSpecification\",\"valueRequired\":true,\"valueName\":\"search_term_string\"}}],\"inLanguage\":\"da-DK\"}]}<\/script>\n<!-- \/ Yoast SEO plugin. -->","yoast_head_json":{"title":"Arctic Excursions","robots":{"index":"index","follow":"follow","max-snippet":"max-snippet:-1","max-image-preview":"max-image-preview:large","max-video-preview":"max-video-preview:-1"},"canonical":"https:\/\/test.arctic.klean.it\/udflugter\/icefjord-midnight-sailing\/","og_locale":"da_DK","og_type":"article","og_title":"Midnatssejlads i Isfjorden - Arctic Excursions","og_description":"Oplev den fascinerende sk\u00f8nhed ved Ilulissat Isfjord om natten","og_url":"https:\/\/test.arctic.klean.it\/udflugter\/icefjord-midnight-sailing\/","og_site_name":"Arctic Excursions","article_modified_time":"2023-08-23T12:18:52+00:00","og_image":[{"width":2000,"height":1335,"url":"https:\/\/test.arctic.klean.it\/wp-content\/uploads\/2023\/05\/Gronland2_08.jpg","type":"image\/jpeg"}],"twitter_card":"summary_large_image","twitter_misc":{"Estimeret l\u00e6setid":"1 minut"},"schema":{"@context":"https:\/\/schema.org","@graph":[{"@type":"WebPage","@id":"https:\/\/test.arctic.klean.it\/udflugter\/icefjord-midnight-sailing\/","url":"https:\/\/test.arctic.klean.it\/udflugter\/icefjord-midnight-sailing\/","name":"Midnatssejlads i Isfjorden - Arctic Excursions","isPartOf":{"@id":"https:\/\/test.arctic.klean.it\/#website"},"primaryImageOfPage":{"@id":"https:\/\/test.arctic.klean.it\/udflugter\/icefjord-midnight-sailing\/#primaryimage"},"image":{"@id":"https:\/\/test.arctic.klean.it\/udflugter\/icefjord-midnight-sailing\/#primaryimage"},"thumbnailUrl":"https:\/\/test.arctic.klean.it\/wp-content\/uploads\/2023\/05\/Gronland2_08.jpg","datePublished":"2023-05-04T23:33:58+00:00","dateModified":"2023-08-23T12:18:52+00:00","breadcrumb":{"@id":"https:\/\/test.arctic.klean.it\/udflugter\/icefjord-midnight-sailing\/#breadcrumb"},"inLanguage":"da-DK","potentialAction":[{"@type":"ReadAction","target":["https:\/\/test.arctic.klean.it\/udflugter\/icefjord-midnight-sailing\/"]}]},{"@type":"ImageObject","inLanguage":"da-DK","@id":"https:\/\/test.arctic.klean.it\/udflugter\/icefjord-midnight-sailing\/#primaryimage","url":"https:\/\/test.arctic.klean.it\/wp-content\/uploads\/2023\/05\/Gronland2_08.jpg","contentUrl":"https:\/\/test.arctic.klean.it\/wp-content\/uploads\/2023\/05\/Gronland2_08.jpg","width":2000,"height":1335},{"@type":"BreadcrumbList","@id":"https:\/\/test.arctic.klean.it\/udflugter\/icefjord-midnight-sailing\/#breadcrumb","itemListElement":[{"@type":"ListItem","position":1,"name":"Udflugter i Gr\u00f8nland","item":"https:\/\/test.arctic.klean.it\/da\/udflugter\/"},{"@type":"ListItem","position":2,"name":"Midnatssejlads i Isfjorden"}]},{"@type":"WebSite","@id":"https:\/\/test.arctic.klean.it\/#website","url":"https:\/\/test.arctic.klean.it\/","name":"Arctic Excursions","description":"New adventures. Every day.","potentialAction":[{"@type":"SearchAction","target":{"@type":"EntryPoint","urlTemplate":"https:\/\/test.arctic.klean.it\/?s={search_term_string}"},"query-input":{"@type":"PropertyValueSpecification","valueRequired":true,"valueName":"search_term_string"}}],"inLanguage":"da-DK"}]}},"_links":{"self":[{"href":"https:\/\/test.arctic.klean.it\/da\/wp-json\/wp\/v2\/product\/13719","targetHints":{"allow":["GET"]}}],"collection":[{"href":"https:\/\/test.arctic.klean.it\/da\/wp-json\/wp\/v2\/product"}],"about":[{"href":"https:\/\/test.arctic.klean.it\/da\/wp-json\/wp\/v2\/types\/product"}],"replies":[{"embeddable":true,"href":"https:\/\/test.arctic.klean.it\/da\/wp-json\/wp\/v2\/comments?post=13719"}],"wp:featuredmedia":[{"embeddable":true,"href":"https:\/\/test.arctic.klean.it\/da\/wp-json\/wp\/v2\/media\/13465"}],"wp:attachment":[{"href":"https:\/\/test.arctic.klean.it\/da\/wp-json\/wp\/v2\/media?parent=13719"}],"wp:term":[{"taxonomy":"product_brand","embeddable":true,"href":"https:\/\/test.arctic.klean.it\/da\/wp-json\/wp\/v2\/product_brand?post=13719"},{"taxonomy":"product_cat","embeddable":true,"href":"https:\/\/test.arctic.klean.it\/da\/wp-json\/wp\/v2\/product_cat?post=13719"},{"taxonomy":"product_tag","embeddable":true,"href":"https:\/\/test.arctic.klean.it\/da\/wp-json\/wp\/v2\/product_tag?post=13719"}],"curies":[{"name":"wp","href":"https:\/\/api.w.org\/{rel}","templated":true}]}}