{"id":13720,"date":"2023-05-05T02:16:29","date_gmt":"2023-05-05T00:16:29","guid":{"rendered":"https:\/\/test.arctic.klean.it\/?post_type=product&#038;p=13720"},"modified":"2023-10-10T11:08:19","modified_gmt":"2023-10-10T09:08:19","slug":"hike-to-hidden-waterfall-and-lunch-in-oqaatsut","status":"publish","type":"product","link":"https:\/\/test.arctic.klean.it\/da\/udflugter\/hike-to-hidden-waterfall-and-lunch-in-oqaatsut\/","title":{"rendered":"Vandretur til hemmeligt vandfald og frokost i Oqaatsut"},"content":{"rendered":"<p>Tag med p\u00e5 vores begivenhedsrige 5-timers kombinerede b\u00e5d- og vandretur. Vi starter i Ilulissat kl. 09.00 og sejler nordp\u00e5 blandt isbjerge indtil vi kaster anker og g\u00e5r i land i bunden af en turkisbl\u00e5 bugt. <\/p>\n<p>Vandreturen g\u00e5r gennem arktisk tundra og vi kommer forbi brusende floder, krystalklare s\u00f8er og en fantastisk udsigt udover Diskobugten. Efter ca. 30 minutters vandring n\u00e5r vi frem til det kraftfulde og imponerede vandfald, hvor vi slukker t\u00f8rsten i det reneste og friske iskolde smeltevand fra indlandsisen. Ved vandfaldet har vi god tid til at tage billeder og udforske det omkringliggende omr\u00e5de. Herefter vandrer vi tilbage til b\u00e5den og sejler til Oqaatsut (ogs\u00e5 kendt som Rodebay). <\/p>\n<p>I Oqaatsut st\u00e5r den p\u00e5 bygdevandring med fort\u00e6lling om historien og hverdagslivet i en gr\u00f8nlandsk bygd. Bagefter spiser vi en sk\u00f8n frokost p\u00e5 den lokale restaurant. Herefter sejler vi tilbage til Ilulissat, hvor vi p\u00e5 turen holder ekstra udkig efter hvaler. <\/p>\n<p>Med Tarajoq Tours er du garanteret en personlig og unik tur med vores erfarne skipper og guide, ombord p\u00e5 vores b\u00e5d med maks. 8 g\u00e6ster.<\/p>\n<p>Frokost er inkluderet p\u00e5 denne tur. Husk sko\/st\u00f8vler til vandring, varmt t\u00f8j, handsker og hue. <\/p>\n<p>Min. 2 g\u00e6ster for at gennemf\u00f8re turen.<\/p>\n","protected":false},"excerpt":{"rendered":"<p>M\u00e6rk suset fra det kraftfulde vandfald og oplev en af Diskobugtens skjulte perler<\/p>\n","protected":false},"featured_media":13470,"comment_status":"open","ping_status":"closed","template":"","meta":{"_acf_changed":false},"product_brand":[],"product_cat":[101,170],"product_tag":[],"class_list":{"0":"post-13720","1":"product","2":"type-product","3":"status-publish","4":"has-post-thumbnail","6":"product_cat-tour","7":"product_cat-udflugt","8":"pa_dato-502","9":"pa_dato-503","10":"pa_dato-535","11":"pa_dato-534","12":"pa_dato-536","13":"pa_dato-537","14":"pa_dato-538","15":"pa_dato-539","16":"pa_dato-540","17":"pa_dato-500","18":"pa_dato-541","19":"pa_dato-542","20":"pa_dato-543","21":"pa_dato-465","22":"pa_dato-547","23":"pa_dato-548","24":"pa_dato-549","25":"pa_dato-550","26":"pa_dato-551","27":"pa_dato-552","28":"pa_dato-553","29":"pa_dato-554","30":"pa_dato-555","31":"pa_dato-556","32":"pa_dato-557","33":"pa_dato-558","34":"pa_dato-521","35":"pa_dato-522","36":"pa_dato-559","37":"pa_dato-560","38":"pa_dato-561","39":"pa_dato-587","40":"pa_dato-588","41":"pa_dato-589","42":"pa_dato-590","43":"pa_dato-687","44":"pa_dato-735","45":"pa_dato-591","46":"pa_dato-592","47":"pa_dato-593","48":"pa_dato-594","49":"pa_dato-595","50":"pa_dato-694","51":"pa_dato-736","52":"pa_dato-596","53":"pa_dato-510","54":"pa_dato-513","55":"pa_dato-511","56":"pa_dato-512","57":"pa_dato-695","58":"pa_dato-737","59":"pa_dato-597","60":"pa_dato-598","61":"pa_dato-599","62":"pa_dato-600","63":"pa_dato-739","64":"pa_dato-740","65":"pa_dato-738","66":"pa_dato-601","67":"pa_dato-602","68":"pa_dato-603","69":"pa_dato-604","70":"pa_dato-605","71":"pa_dato-689","72":"pa_dato-741","73":"pa_dato-606","74":"pa_dato-607","75":"pa_dato-608","76":"pa_dato-609","77":"pa_dato-610","78":"pa_dato-690","79":"pa_dato-742","80":"pa_dato-611","81":"pa_dato-612","82":"pa_dato-613","83":"pa_dato-614","84":"pa_dato-615","85":"pa_tidspunkt-72","86":"pa_tidspunkt-110","87":"tour_location-ilulissat-da","88":"tour_type-baadture","89":"tour_operator-tarajoq-tours","91":"first","92":"outofstock","93":"shipping-taxable","94":"product-type-variable"},"acf":[],"yoast_head":"<!-- This site is optimized with the Yoast SEO plugin v25.2 - https:\/\/yoast.com\/wordpress\/plugins\/seo\/ -->\n<title>Arctic Excursions<\/title>\n<meta name=\"robots\" content=\"index, follow, max-snippet:-1, max-image-preview:large, max-video-preview:-1\" \/>\n<link rel=\"canonical\" href=\"https:\/\/test.arctic.klean.it\/udflugter\/hike-to-hidden-waterfall-and-lunch-in-oqaatsut\/\" \/>\n<meta property=\"og:locale\" content=\"da_DK\" \/>\n<meta property=\"og:type\" content=\"article\" \/>\n<meta property=\"og:title\" content=\"Vandretur til hemmeligt vandfald og frokost i Oqaatsut - Arctic Excursions\" \/>\n<meta property=\"og:description\" content=\"M\u00e6rk suset fra det kraftfulde vandfald og oplev en af Diskobugtens skjulte perler\" \/>\n<meta property=\"og:url\" content=\"https:\/\/test.arctic.klean.it\/udflugter\/hike-to-hidden-waterfall-and-lunch-in-oqaatsut\/\" \/>\n<meta property=\"og:site_name\" content=\"Arctic Excursions\" \/>\n<meta property=\"article:modified_time\" content=\"2023-10-10T09:08:19+00:00\" \/>\n<meta property=\"og:image\" content=\"https:\/\/test.arctic.klean.it\/wp-content\/uploads\/2023\/05\/DSC_8212-scaled.jpg\" \/>\n\t<meta property=\"og:image:width\" content=\"2560\" \/>\n\t<meta property=\"og:image:height\" content=\"1707\" \/>\n\t<meta property=\"og:image:type\" content=\"image\/jpeg\" \/>\n<meta name=\"twitter:card\" content=\"summary_large_image\" \/>\n<meta name=\"twitter:label1\" content=\"Estimeret l\u00e6setid\" \/>\n\t<meta name=\"twitter:data1\" content=\"1 minut\" \/>\n<script type=\"application\/ld+json\" class=\"yoast-schema-graph\">{\"@context\":\"https:\/\/schema.org\",\"@graph\":[{\"@type\":\"WebPage\",\"@id\":\"https:\/\/test.arctic.klean.it\/udflugter\/hike-to-hidden-waterfall-and-lunch-in-oqaatsut\/\",\"url\":\"https:\/\/test.arctic.klean.it\/udflugter\/hike-to-hidden-waterfall-and-lunch-in-oqaatsut\/\",\"name\":\"Vandretur til hemmeligt vandfald og frokost i Oqaatsut - Arctic Excursions\",\"isPartOf\":{\"@id\":\"https:\/\/test.arctic.klean.it\/#website\"},\"primaryImageOfPage\":{\"@id\":\"https:\/\/test.arctic.klean.it\/udflugter\/hike-to-hidden-waterfall-and-lunch-in-oqaatsut\/#primaryimage\"},\"image\":{\"@id\":\"https:\/\/test.arctic.klean.it\/udflugter\/hike-to-hidden-waterfall-and-lunch-in-oqaatsut\/#primaryimage\"},\"thumbnailUrl\":\"https:\/\/test.arctic.klean.it\/wp-content\/uploads\/2023\/05\/DSC_8212-scaled.jpg\",\"datePublished\":\"2023-05-05T00:16:29+00:00\",\"dateModified\":\"2023-10-10T09:08:19+00:00\",\"breadcrumb\":{\"@id\":\"https:\/\/test.arctic.klean.it\/udflugter\/hike-to-hidden-waterfall-and-lunch-in-oqaatsut\/#breadcrumb\"},\"inLanguage\":\"da-DK\",\"potentialAction\":[{\"@type\":\"ReadAction\",\"target\":[\"https:\/\/test.arctic.klean.it\/udflugter\/hike-to-hidden-waterfall-and-lunch-in-oqaatsut\/\"]}]},{\"@type\":\"ImageObject\",\"inLanguage\":\"da-DK\",\"@id\":\"https:\/\/test.arctic.klean.it\/udflugter\/hike-to-hidden-waterfall-and-lunch-in-oqaatsut\/#primaryimage\",\"url\":\"https:\/\/test.arctic.klean.it\/wp-content\/uploads\/2023\/05\/DSC_8212-scaled.jpg\",\"contentUrl\":\"https:\/\/test.arctic.klean.it\/wp-content\/uploads\/2023\/05\/DSC_8212-scaled.jpg\",\"width\":2160,\"height\":1440},{\"@type\":\"BreadcrumbList\",\"@id\":\"https:\/\/test.arctic.klean.it\/udflugter\/hike-to-hidden-waterfall-and-lunch-in-oqaatsut\/#breadcrumb\",\"itemListElement\":[{\"@type\":\"ListItem\",\"position\":1,\"name\":\"Udflugter i Gr\u00f8nland\",\"item\":\"https:\/\/test.arctic.klean.it\/da\/udflugter\/\"},{\"@type\":\"ListItem\",\"position\":2,\"name\":\"Vandretur til hemmeligt vandfald og frokost i Oqaatsut\"}]},{\"@type\":\"WebSite\",\"@id\":\"https:\/\/test.arctic.klean.it\/#website\",\"url\":\"https:\/\/test.arctic.klean.it\/\",\"name\":\"Arctic Excursions\",\"description\":\"New adventures. Every day.\",\"potentialAction\":[{\"@type\":\"SearchAction\",\"target\":{\"@type\":\"EntryPoint\",\"urlTemplate\":\"https:\/\/test.arctic.klean.it\/?s={search_term_string}\"},\"query-input\":{\"@type\":\"PropertyValueSpecification\",\"valueRequired\":true,\"valueName\":\"search_term_string\"}}],\"inLanguage\":\"da-DK\"}]}<\/script>\n<!-- \/ Yoast SEO plugin. -->","yoast_head_json":{"title":"Arctic Excursions","robots":{"index":"index","follow":"follow","max-snippet":"max-snippet:-1","max-image-preview":"max-image-preview:large","max-video-preview":"max-video-preview:-1"},"canonical":"https:\/\/test.arctic.klean.it\/udflugter\/hike-to-hidden-waterfall-and-lunch-in-oqaatsut\/","og_locale":"da_DK","og_type":"article","og_title":"Vandretur til hemmeligt vandfald og frokost i Oqaatsut - Arctic Excursions","og_description":"M\u00e6rk suset fra det kraftfulde vandfald og oplev en af Diskobugtens skjulte perler","og_url":"https:\/\/test.arctic.klean.it\/udflugter\/hike-to-hidden-waterfall-and-lunch-in-oqaatsut\/","og_site_name":"Arctic Excursions","article_modified_time":"2023-10-10T09:08:19+00:00","og_image":[{"width":2560,"height":1707,"url":"https:\/\/test.arctic.klean.it\/wp-content\/uploads\/2023\/05\/DSC_8212-scaled.jpg","type":"image\/jpeg"}],"twitter_card":"summary_large_image","twitter_misc":{"Estimeret l\u00e6setid":"1 minut"},"schema":{"@context":"https:\/\/schema.org","@graph":[{"@type":"WebPage","@id":"https:\/\/test.arctic.klean.it\/udflugter\/hike-to-hidden-waterfall-and-lunch-in-oqaatsut\/","url":"https:\/\/test.arctic.klean.it\/udflugter\/hike-to-hidden-waterfall-and-lunch-in-oqaatsut\/","name":"Vandretur til hemmeligt vandfald og frokost i Oqaatsut - Arctic Excursions","isPartOf":{"@id":"https:\/\/test.arctic.klean.it\/#website"},"primaryImageOfPage":{"@id":"https:\/\/test.arctic.klean.it\/udflugter\/hike-to-hidden-waterfall-and-lunch-in-oqaatsut\/#primaryimage"},"image":{"@id":"https:\/\/test.arctic.klean.it\/udflugter\/hike-to-hidden-waterfall-and-lunch-in-oqaatsut\/#primaryimage"},"thumbnailUrl":"https:\/\/test.arctic.klean.it\/wp-content\/uploads\/2023\/05\/DSC_8212-scaled.jpg","datePublished":"2023-05-05T00:16:29+00:00","dateModified":"2023-10-10T09:08:19+00:00","breadcrumb":{"@id":"https:\/\/test.arctic.klean.it\/udflugter\/hike-to-hidden-waterfall-and-lunch-in-oqaatsut\/#breadcrumb"},"inLanguage":"da-DK","potentialAction":[{"@type":"ReadAction","target":["https:\/\/test.arctic.klean.it\/udflugter\/hike-to-hidden-waterfall-and-lunch-in-oqaatsut\/"]}]},{"@type":"ImageObject","inLanguage":"da-DK","@id":"https:\/\/test.arctic.klean.it\/udflugter\/hike-to-hidden-waterfall-and-lunch-in-oqaatsut\/#primaryimage","url":"https:\/\/test.arctic.klean.it\/wp-content\/uploads\/2023\/05\/DSC_8212-scaled.jpg","contentUrl":"https:\/\/test.arctic.klean.it\/wp-content\/uploads\/2023\/05\/DSC_8212-scaled.jpg","width":2160,"height":1440},{"@type":"BreadcrumbList","@id":"https:\/\/test.arctic.klean.it\/udflugter\/hike-to-hidden-waterfall-and-lunch-in-oqaatsut\/#breadcrumb","itemListElement":[{"@type":"ListItem","position":1,"name":"Udflugter i Gr\u00f8nland","item":"https:\/\/test.arctic.klean.it\/da\/udflugter\/"},{"@type":"ListItem","position":2,"name":"Vandretur til hemmeligt vandfald og frokost i Oqaatsut"}]},{"@type":"WebSite","@id":"https:\/\/test.arctic.klean.it\/#website","url":"https:\/\/test.arctic.klean.it\/","name":"Arctic Excursions","description":"New adventures. Every day.","potentialAction":[{"@type":"SearchAction","target":{"@type":"EntryPoint","urlTemplate":"https:\/\/test.arctic.klean.it\/?s={search_term_string}"},"query-input":{"@type":"PropertyValueSpecification","valueRequired":true,"valueName":"search_term_string"}}],"inLanguage":"da-DK"}]}},"_links":{"self":[{"href":"https:\/\/test.arctic.klean.it\/da\/wp-json\/wp\/v2\/product\/13720","targetHints":{"allow":["GET"]}}],"collection":[{"href":"https:\/\/test.arctic.klean.it\/da\/wp-json\/wp\/v2\/product"}],"about":[{"href":"https:\/\/test.arctic.klean.it\/da\/wp-json\/wp\/v2\/types\/product"}],"replies":[{"embeddable":true,"href":"https:\/\/test.arctic.klean.it\/da\/wp-json\/wp\/v2\/comments?post=13720"}],"wp:featuredmedia":[{"embeddable":true,"href":"https:\/\/test.arctic.klean.it\/da\/wp-json\/wp\/v2\/media\/13470"}],"wp:attachment":[{"href":"https:\/\/test.arctic.klean.it\/da\/wp-json\/wp\/v2\/media?parent=13720"}],"wp:term":[{"taxonomy":"product_brand","embeddable":true,"href":"https:\/\/test.arctic.klean.it\/da\/wp-json\/wp\/v2\/product_brand?post=13720"},{"taxonomy":"product_cat","embeddable":true,"href":"https:\/\/test.arctic.klean.it\/da\/wp-json\/wp\/v2\/product_cat?post=13720"},{"taxonomy":"product_tag","embeddable":true,"href":"https:\/\/test.arctic.klean.it\/da\/wp-json\/wp\/v2\/product_tag?post=13720"}],"curies":[{"name":"wp","href":"https:\/\/api.w.org\/{rel}","templated":true}]}}