{"id":13729,"date":"2023-05-17T12:35:57","date_gmt":"2023-05-17T10:35:57","guid":{"rendered":"https:\/\/test.arctic.klean.it\/?post_type=product&#038;p=13729"},"modified":"2023-05-19T09:36:51","modified_gmt":"2023-05-19T07:36:51","slug":"ilulissat-unesco-icefjord-blue-lakes","status":"publish","type":"product","link":"https:\/\/test.arctic.klean.it\/da\/udflugter\/ilulissat-unesco-icefjord-blue-lakes\/","title":{"rendered":"Ilulissats UNESCO-isfjord og bl\u00e5 s\u00f8er"},"content":{"rendered":"<p>F\u00f8r vi stiger op over indlandsisen til de ber\u00f8mte gletsjere, starter vi med den nordlige gletsjer &#8220;Sermeq Kujalleq&#8221;. Du vil helt sikkert blive imponeret, da det er den st\u00f8rste producent af isbjerge p\u00e5 hele den nordlige halvkugle og samtidig kilden til isen i Ilulissat Isfjord, som er p\u00e5 UNESCO\u00b4s verdensarvsliste. <\/p>\n<p>Vi vil flyve ned ad fjorden i lavest mulige h\u00f8jde for at f\u00e5 en fornemmelse af den imponerende skala, mens vi passerer nye isbjerge, der konstant fodrer isfjorden fra denne enorme gletsjer.<\/p>\n<p>Vi vil fors\u00f8ge at finde hvaler, n\u00e5r vi n\u00e5r frem til isfjordens udmunding efter at have fulgt isbjergene ud til bugten.<\/p>\n<p><b>Minimum:<\/b> 4 personer<\/p>\n<p><b>Maksimum:<\/b> 5 personer (400 kg)<\/p>\n<p><b>Varighed:<\/b> Omkring 55-60 minutter<\/p>\n","protected":false},"excerpt":{"rendered":"<p>P\u00e5 denne tur kan du b\u00e5de opleve gletsjere, indlandsisen, enorme isbjerge og dyrelivet i Ilulissat-regionen p\u00e5 denne rejse, som kun finder sted \u00e9n gang i livet.<\/p>\n","protected":false},"featured_media":4001,"comment_status":"open","ping_status":"closed","template":"","meta":{"_acf_changed":false},"product_brand":[],"product_cat":[101,170],"product_tag":[],"class_list":{"0":"post-13729","1":"product","2":"type-product","3":"status-publish","4":"has-post-thumbnail","6":"product_cat-tour","7":"product_cat-udflugt","8":"tour_location-ilulissat-da","9":"tour_type-flightseeing","10":"tour_operator-airzafari","12":"first","13":"outofstock","14":"shipping-taxable","15":"product-type-variable"},"acf":[],"yoast_head":"<!-- This site is optimized with the Yoast SEO plugin v25.2 - https:\/\/yoast.com\/wordpress\/plugins\/seo\/ -->\n<title>Arctic Excursions<\/title>\n<meta name=\"robots\" content=\"index, follow, max-snippet:-1, max-image-preview:large, max-video-preview:-1\" \/>\n<link rel=\"canonical\" href=\"https:\/\/test.arctic.klean.it\/udflugter\/ilulissat-unesco-icefjord-blue-lakes\/\" \/>\n<meta property=\"og:locale\" content=\"da_DK\" \/>\n<meta property=\"og:type\" content=\"article\" \/>\n<meta property=\"og:title\" content=\"Ilulissats UNESCO-isfjord og bl\u00e5 s\u00f8er - Arctic Excursions\" \/>\n<meta property=\"og:description\" content=\"P\u00e5 denne tur kan du b\u00e5de opleve gletsjere, indlandsisen, enorme isbjerge og dyrelivet i Ilulissat-regionen p\u00e5 denne rejse, som kun finder sted \u00e9n gang i livet.\" \/>\n<meta property=\"og:url\" content=\"https:\/\/test.arctic.klean.it\/udflugter\/ilulissat-unesco-icefjord-blue-lakes\/\" \/>\n<meta property=\"og:site_name\" content=\"Arctic Excursions\" \/>\n<meta property=\"article:modified_time\" content=\"2023-05-19T07:36:51+00:00\" \/>\n<meta property=\"og:image\" content=\"https:\/\/test.arctic.klean.it\/wp-content\/uploads\/2022\/10\/Airzafari-JAV-2022.png\" \/>\n\t<meta property=\"og:image:width\" content=\"1078\" \/>\n\t<meta property=\"og:image:height\" content=\"804\" \/>\n\t<meta property=\"og:image:type\" content=\"image\/png\" \/>\n<meta name=\"twitter:card\" content=\"summary_large_image\" \/>\n<meta name=\"twitter:label1\" content=\"Estimeret l\u00e6setid\" \/>\n\t<meta name=\"twitter:data1\" content=\"1 minut\" \/>\n<script type=\"application\/ld+json\" class=\"yoast-schema-graph\">{\"@context\":\"https:\/\/schema.org\",\"@graph\":[{\"@type\":\"WebPage\",\"@id\":\"https:\/\/test.arctic.klean.it\/udflugter\/ilulissat-unesco-icefjord-blue-lakes\/\",\"url\":\"https:\/\/test.arctic.klean.it\/udflugter\/ilulissat-unesco-icefjord-blue-lakes\/\",\"name\":\"Ilulissats UNESCO-isfjord og bl\u00e5 s\u00f8er - Arctic Excursions\",\"isPartOf\":{\"@id\":\"https:\/\/test.arctic.klean.it\/#website\"},\"primaryImageOfPage\":{\"@id\":\"https:\/\/test.arctic.klean.it\/udflugter\/ilulissat-unesco-icefjord-blue-lakes\/#primaryimage\"},\"image\":{\"@id\":\"https:\/\/test.arctic.klean.it\/udflugter\/ilulissat-unesco-icefjord-blue-lakes\/#primaryimage\"},\"thumbnailUrl\":\"https:\/\/test.arctic.klean.it\/wp-content\/uploads\/2022\/10\/Airzafari-JAV-2022.png\",\"datePublished\":\"2023-05-17T10:35:57+00:00\",\"dateModified\":\"2023-05-19T07:36:51+00:00\",\"breadcrumb\":{\"@id\":\"https:\/\/test.arctic.klean.it\/udflugter\/ilulissat-unesco-icefjord-blue-lakes\/#breadcrumb\"},\"inLanguage\":\"da-DK\",\"potentialAction\":[{\"@type\":\"ReadAction\",\"target\":[\"https:\/\/test.arctic.klean.it\/udflugter\/ilulissat-unesco-icefjord-blue-lakes\/\"]}]},{\"@type\":\"ImageObject\",\"inLanguage\":\"da-DK\",\"@id\":\"https:\/\/test.arctic.klean.it\/udflugter\/ilulissat-unesco-icefjord-blue-lakes\/#primaryimage\",\"url\":\"https:\/\/test.arctic.klean.it\/wp-content\/uploads\/2022\/10\/Airzafari-JAV-2022.png\",\"contentUrl\":\"https:\/\/test.arctic.klean.it\/wp-content\/uploads\/2022\/10\/Airzafari-JAV-2022.png\",\"width\":1078,\"height\":804},{\"@type\":\"BreadcrumbList\",\"@id\":\"https:\/\/test.arctic.klean.it\/udflugter\/ilulissat-unesco-icefjord-blue-lakes\/#breadcrumb\",\"itemListElement\":[{\"@type\":\"ListItem\",\"position\":1,\"name\":\"Udflugter i Gr\u00f8nland\",\"item\":\"https:\/\/test.arctic.klean.it\/da\/udflugter\/\"},{\"@type\":\"ListItem\",\"position\":2,\"name\":\"Ilulissats UNESCO-isfjord og bl\u00e5 s\u00f8er\"}]},{\"@type\":\"WebSite\",\"@id\":\"https:\/\/test.arctic.klean.it\/#website\",\"url\":\"https:\/\/test.arctic.klean.it\/\",\"name\":\"Arctic Excursions\",\"description\":\"New adventures. Every day.\",\"potentialAction\":[{\"@type\":\"SearchAction\",\"target\":{\"@type\":\"EntryPoint\",\"urlTemplate\":\"https:\/\/test.arctic.klean.it\/?s={search_term_string}\"},\"query-input\":{\"@type\":\"PropertyValueSpecification\",\"valueRequired\":true,\"valueName\":\"search_term_string\"}}],\"inLanguage\":\"da-DK\"}]}<\/script>\n<!-- \/ Yoast SEO plugin. -->","yoast_head_json":{"title":"Arctic Excursions","robots":{"index":"index","follow":"follow","max-snippet":"max-snippet:-1","max-image-preview":"max-image-preview:large","max-video-preview":"max-video-preview:-1"},"canonical":"https:\/\/test.arctic.klean.it\/udflugter\/ilulissat-unesco-icefjord-blue-lakes\/","og_locale":"da_DK","og_type":"article","og_title":"Ilulissats UNESCO-isfjord og bl\u00e5 s\u00f8er - Arctic Excursions","og_description":"P\u00e5 denne tur kan du b\u00e5de opleve gletsjere, indlandsisen, enorme isbjerge og dyrelivet i Ilulissat-regionen p\u00e5 denne rejse, som kun finder sted \u00e9n gang i livet.","og_url":"https:\/\/test.arctic.klean.it\/udflugter\/ilulissat-unesco-icefjord-blue-lakes\/","og_site_name":"Arctic Excursions","article_modified_time":"2023-05-19T07:36:51+00:00","og_image":[{"width":1078,"height":804,"url":"https:\/\/test.arctic.klean.it\/wp-content\/uploads\/2022\/10\/Airzafari-JAV-2022.png","type":"image\/png"}],"twitter_card":"summary_large_image","twitter_misc":{"Estimeret l\u00e6setid":"1 minut"},"schema":{"@context":"https:\/\/schema.org","@graph":[{"@type":"WebPage","@id":"https:\/\/test.arctic.klean.it\/udflugter\/ilulissat-unesco-icefjord-blue-lakes\/","url":"https:\/\/test.arctic.klean.it\/udflugter\/ilulissat-unesco-icefjord-blue-lakes\/","name":"Ilulissats UNESCO-isfjord og bl\u00e5 s\u00f8er - Arctic Excursions","isPartOf":{"@id":"https:\/\/test.arctic.klean.it\/#website"},"primaryImageOfPage":{"@id":"https:\/\/test.arctic.klean.it\/udflugter\/ilulissat-unesco-icefjord-blue-lakes\/#primaryimage"},"image":{"@id":"https:\/\/test.arctic.klean.it\/udflugter\/ilulissat-unesco-icefjord-blue-lakes\/#primaryimage"},"thumbnailUrl":"https:\/\/test.arctic.klean.it\/wp-content\/uploads\/2022\/10\/Airzafari-JAV-2022.png","datePublished":"2023-05-17T10:35:57+00:00","dateModified":"2023-05-19T07:36:51+00:00","breadcrumb":{"@id":"https:\/\/test.arctic.klean.it\/udflugter\/ilulissat-unesco-icefjord-blue-lakes\/#breadcrumb"},"inLanguage":"da-DK","potentialAction":[{"@type":"ReadAction","target":["https:\/\/test.arctic.klean.it\/udflugter\/ilulissat-unesco-icefjord-blue-lakes\/"]}]},{"@type":"ImageObject","inLanguage":"da-DK","@id":"https:\/\/test.arctic.klean.it\/udflugter\/ilulissat-unesco-icefjord-blue-lakes\/#primaryimage","url":"https:\/\/test.arctic.klean.it\/wp-content\/uploads\/2022\/10\/Airzafari-JAV-2022.png","contentUrl":"https:\/\/test.arctic.klean.it\/wp-content\/uploads\/2022\/10\/Airzafari-JAV-2022.png","width":1078,"height":804},{"@type":"BreadcrumbList","@id":"https:\/\/test.arctic.klean.it\/udflugter\/ilulissat-unesco-icefjord-blue-lakes\/#breadcrumb","itemListElement":[{"@type":"ListItem","position":1,"name":"Udflugter i Gr\u00f8nland","item":"https:\/\/test.arctic.klean.it\/da\/udflugter\/"},{"@type":"ListItem","position":2,"name":"Ilulissats UNESCO-isfjord og bl\u00e5 s\u00f8er"}]},{"@type":"WebSite","@id":"https:\/\/test.arctic.klean.it\/#website","url":"https:\/\/test.arctic.klean.it\/","name":"Arctic Excursions","description":"New adventures. Every day.","potentialAction":[{"@type":"SearchAction","target":{"@type":"EntryPoint","urlTemplate":"https:\/\/test.arctic.klean.it\/?s={search_term_string}"},"query-input":{"@type":"PropertyValueSpecification","valueRequired":true,"valueName":"search_term_string"}}],"inLanguage":"da-DK"}]}},"_links":{"self":[{"href":"https:\/\/test.arctic.klean.it\/da\/wp-json\/wp\/v2\/product\/13729","targetHints":{"allow":["GET"]}}],"collection":[{"href":"https:\/\/test.arctic.klean.it\/da\/wp-json\/wp\/v2\/product"}],"about":[{"href":"https:\/\/test.arctic.klean.it\/da\/wp-json\/wp\/v2\/types\/product"}],"replies":[{"embeddable":true,"href":"https:\/\/test.arctic.klean.it\/da\/wp-json\/wp\/v2\/comments?post=13729"}],"wp:featuredmedia":[{"embeddable":true,"href":"https:\/\/test.arctic.klean.it\/da\/wp-json\/wp\/v2\/media\/4001"}],"wp:attachment":[{"href":"https:\/\/test.arctic.klean.it\/da\/wp-json\/wp\/v2\/media?parent=13729"}],"wp:term":[{"taxonomy":"product_brand","embeddable":true,"href":"https:\/\/test.arctic.klean.it\/da\/wp-json\/wp\/v2\/product_brand?post=13729"},{"taxonomy":"product_cat","embeddable":true,"href":"https:\/\/test.arctic.klean.it\/da\/wp-json\/wp\/v2\/product_cat?post=13729"},{"taxonomy":"product_tag","embeddable":true,"href":"https:\/\/test.arctic.klean.it\/da\/wp-json\/wp\/v2\/product_tag?post=13729"}],"curies":[{"name":"wp","href":"https:\/\/api.w.org\/{rel}","templated":true}]}}