{"id":13741,"date":"2023-05-19T12:49:49","date_gmt":"2023-05-19T10:49:49","guid":{"rendered":"https:\/\/test.arctic.klean.it\/?post_type=product&#038;p=13741"},"modified":"2023-05-22T16:55:35","modified_gmt":"2023-05-22T14:55:35","slug":"kangerlussuaq-zafari","status":"publish","type":"product","link":"https:\/\/test.arctic.klean.it\/da\/udflugter\/kangerlussuaq-zafari\/","title":{"rendered":"kangerlussuaq Zafari"},"content":{"rendered":"<p>P\u00e5 dette us\u00e6dvanlige flyveeventyr begynder vi med at stige op via sanddalen til Russell-gletsjeren. Vi begynder at kigge rundt p\u00e5 iskappen, og n\u00e5r vi stiger op over den, vil du helt sikkert forundres over dens utrolige st\u00f8rrelse. <\/p>\n<p>Herefter flyver vi over til de gletsjere, der omkranser Navigators Rock. P\u00e5 isens top kan man se smeltevandss\u00f8er og floder, der flyder fra gletsjeren og ud i dalene.<\/p>\n<p>Mens vi rejser over deres landomr\u00e5der, trives moskusokser og karibuer i de frugtbare tundra-dale.<\/p>\n<p>Smukke smeltevandsfloder og bakkeskr\u00e5ninger fra istiden viser os i retning af \u00f8rkenens udgang.<\/p>\n<p><b>Minimum<\/b> 4 personer<\/p>\n<p><b>Maksimum:<\/b> 5 personer (400 kg) <\/p>\n<p><b>Varighed:<\/b> ca. 35-40 minutter<\/p>\n","protected":false},"excerpt":{"rendered":"<p>Tag med os p\u00e5 en zafari i luften, der tager dig med over Kangerlussuaq&#8217;s have.<\/p>\n","protected":false},"featured_media":13739,"comment_status":"open","ping_status":"closed","template":"","meta":{"_acf_changed":false},"product_brand":[],"product_cat":[101,170],"product_tag":[],"class_list":{"0":"post-13741","1":"product","2":"type-product","3":"status-publish","4":"has-post-thumbnail","6":"product_cat-tour","7":"product_cat-udflugt","8":"tour_location-kangerlussuaq-da","9":"tour_type-flightseeing","10":"tour_operator-airzafari","12":"first","13":"outofstock","14":"shipping-taxable","15":"product-type-variable"},"acf":[],"yoast_head":"<!-- This site is optimized with the Yoast SEO plugin v25.2 - https:\/\/yoast.com\/wordpress\/plugins\/seo\/ -->\n<title>Arctic Excursions<\/title>\n<meta name=\"robots\" content=\"index, follow, max-snippet:-1, max-image-preview:large, max-video-preview:-1\" \/>\n<link rel=\"canonical\" href=\"https:\/\/test.arctic.klean.it\/udflugter\/kangerlussuaq-zafari\/\" \/>\n<meta property=\"og:locale\" content=\"da_DK\" \/>\n<meta property=\"og:type\" content=\"article\" \/>\n<meta property=\"og:title\" content=\"kangerlussuaq Zafari - Arctic Excursions\" \/>\n<meta property=\"og:description\" content=\"Tag med os p\u00e5 en zafari i luften, der tager dig med over Kangerlussuaq&#039;s have.\" \/>\n<meta property=\"og:url\" content=\"https:\/\/test.arctic.klean.it\/udflugter\/kangerlussuaq-zafari\/\" \/>\n<meta property=\"og:site_name\" content=\"Arctic Excursions\" \/>\n<meta property=\"article:modified_time\" content=\"2023-05-22T14:55:35+00:00\" \/>\n<meta property=\"og:image\" content=\"https:\/\/test.arctic.klean.it\/wp-content\/uploads\/2023\/05\/Brown-2-scaled.jpg\" \/>\n\t<meta property=\"og:image:width\" content=\"2103\" \/>\n\t<meta property=\"og:image:height\" content=\"2560\" \/>\n\t<meta property=\"og:image:type\" content=\"image\/jpeg\" \/>\n<meta name=\"twitter:card\" content=\"summary_large_image\" \/>\n<meta name=\"twitter:label1\" content=\"Estimeret l\u00e6setid\" \/>\n\t<meta name=\"twitter:data1\" content=\"1 minut\" \/>\n<script type=\"application\/ld+json\" class=\"yoast-schema-graph\">{\"@context\":\"https:\/\/schema.org\",\"@graph\":[{\"@type\":\"WebPage\",\"@id\":\"https:\/\/test.arctic.klean.it\/udflugter\/kangerlussuaq-zafari\/\",\"url\":\"https:\/\/test.arctic.klean.it\/udflugter\/kangerlussuaq-zafari\/\",\"name\":\"kangerlussuaq Zafari - Arctic Excursions\",\"isPartOf\":{\"@id\":\"https:\/\/test.arctic.klean.it\/#website\"},\"primaryImageOfPage\":{\"@id\":\"https:\/\/test.arctic.klean.it\/udflugter\/kangerlussuaq-zafari\/#primaryimage\"},\"image\":{\"@id\":\"https:\/\/test.arctic.klean.it\/udflugter\/kangerlussuaq-zafari\/#primaryimage\"},\"thumbnailUrl\":\"https:\/\/test.arctic.klean.it\/wp-content\/uploads\/2023\/05\/Brown-2-scaled.jpg\",\"datePublished\":\"2023-05-19T10:49:49+00:00\",\"dateModified\":\"2023-05-22T14:55:35+00:00\",\"breadcrumb\":{\"@id\":\"https:\/\/test.arctic.klean.it\/udflugter\/kangerlussuaq-zafari\/#breadcrumb\"},\"inLanguage\":\"da-DK\",\"potentialAction\":[{\"@type\":\"ReadAction\",\"target\":[\"https:\/\/test.arctic.klean.it\/udflugter\/kangerlussuaq-zafari\/\"]}]},{\"@type\":\"ImageObject\",\"inLanguage\":\"da-DK\",\"@id\":\"https:\/\/test.arctic.klean.it\/udflugter\/kangerlussuaq-zafari\/#primaryimage\",\"url\":\"https:\/\/test.arctic.klean.it\/wp-content\/uploads\/2023\/05\/Brown-2-scaled.jpg\",\"contentUrl\":\"https:\/\/test.arctic.klean.it\/wp-content\/uploads\/2023\/05\/Brown-2-scaled.jpg\",\"width\":2103,\"height\":2560},{\"@type\":\"BreadcrumbList\",\"@id\":\"https:\/\/test.arctic.klean.it\/udflugter\/kangerlussuaq-zafari\/#breadcrumb\",\"itemListElement\":[{\"@type\":\"ListItem\",\"position\":1,\"name\":\"Udflugter i Gr\u00f8nland\",\"item\":\"https:\/\/test.arctic.klean.it\/da\/udflugter\/\"},{\"@type\":\"ListItem\",\"position\":2,\"name\":\"kangerlussuaq Zafari\"}]},{\"@type\":\"WebSite\",\"@id\":\"https:\/\/test.arctic.klean.it\/#website\",\"url\":\"https:\/\/test.arctic.klean.it\/\",\"name\":\"Arctic Excursions\",\"description\":\"New adventures. Every day.\",\"potentialAction\":[{\"@type\":\"SearchAction\",\"target\":{\"@type\":\"EntryPoint\",\"urlTemplate\":\"https:\/\/test.arctic.klean.it\/?s={search_term_string}\"},\"query-input\":{\"@type\":\"PropertyValueSpecification\",\"valueRequired\":true,\"valueName\":\"search_term_string\"}}],\"inLanguage\":\"da-DK\"}]}<\/script>\n<!-- \/ Yoast SEO plugin. -->","yoast_head_json":{"title":"Arctic Excursions","robots":{"index":"index","follow":"follow","max-snippet":"max-snippet:-1","max-image-preview":"max-image-preview:large","max-video-preview":"max-video-preview:-1"},"canonical":"https:\/\/test.arctic.klean.it\/udflugter\/kangerlussuaq-zafari\/","og_locale":"da_DK","og_type":"article","og_title":"kangerlussuaq Zafari - Arctic Excursions","og_description":"Tag med os p\u00e5 en zafari i luften, der tager dig med over Kangerlussuaq's have.","og_url":"https:\/\/test.arctic.klean.it\/udflugter\/kangerlussuaq-zafari\/","og_site_name":"Arctic Excursions","article_modified_time":"2023-05-22T14:55:35+00:00","og_image":[{"width":2103,"height":2560,"url":"https:\/\/test.arctic.klean.it\/wp-content\/uploads\/2023\/05\/Brown-2-scaled.jpg","type":"image\/jpeg"}],"twitter_card":"summary_large_image","twitter_misc":{"Estimeret l\u00e6setid":"1 minut"},"schema":{"@context":"https:\/\/schema.org","@graph":[{"@type":"WebPage","@id":"https:\/\/test.arctic.klean.it\/udflugter\/kangerlussuaq-zafari\/","url":"https:\/\/test.arctic.klean.it\/udflugter\/kangerlussuaq-zafari\/","name":"kangerlussuaq Zafari - Arctic Excursions","isPartOf":{"@id":"https:\/\/test.arctic.klean.it\/#website"},"primaryImageOfPage":{"@id":"https:\/\/test.arctic.klean.it\/udflugter\/kangerlussuaq-zafari\/#primaryimage"},"image":{"@id":"https:\/\/test.arctic.klean.it\/udflugter\/kangerlussuaq-zafari\/#primaryimage"},"thumbnailUrl":"https:\/\/test.arctic.klean.it\/wp-content\/uploads\/2023\/05\/Brown-2-scaled.jpg","datePublished":"2023-05-19T10:49:49+00:00","dateModified":"2023-05-22T14:55:35+00:00","breadcrumb":{"@id":"https:\/\/test.arctic.klean.it\/udflugter\/kangerlussuaq-zafari\/#breadcrumb"},"inLanguage":"da-DK","potentialAction":[{"@type":"ReadAction","target":["https:\/\/test.arctic.klean.it\/udflugter\/kangerlussuaq-zafari\/"]}]},{"@type":"ImageObject","inLanguage":"da-DK","@id":"https:\/\/test.arctic.klean.it\/udflugter\/kangerlussuaq-zafari\/#primaryimage","url":"https:\/\/test.arctic.klean.it\/wp-content\/uploads\/2023\/05\/Brown-2-scaled.jpg","contentUrl":"https:\/\/test.arctic.klean.it\/wp-content\/uploads\/2023\/05\/Brown-2-scaled.jpg","width":2103,"height":2560},{"@type":"BreadcrumbList","@id":"https:\/\/test.arctic.klean.it\/udflugter\/kangerlussuaq-zafari\/#breadcrumb","itemListElement":[{"@type":"ListItem","position":1,"name":"Udflugter i Gr\u00f8nland","item":"https:\/\/test.arctic.klean.it\/da\/udflugter\/"},{"@type":"ListItem","position":2,"name":"kangerlussuaq Zafari"}]},{"@type":"WebSite","@id":"https:\/\/test.arctic.klean.it\/#website","url":"https:\/\/test.arctic.klean.it\/","name":"Arctic Excursions","description":"New adventures. Every day.","potentialAction":[{"@type":"SearchAction","target":{"@type":"EntryPoint","urlTemplate":"https:\/\/test.arctic.klean.it\/?s={search_term_string}"},"query-input":{"@type":"PropertyValueSpecification","valueRequired":true,"valueName":"search_term_string"}}],"inLanguage":"da-DK"}]}},"_links":{"self":[{"href":"https:\/\/test.arctic.klean.it\/da\/wp-json\/wp\/v2\/product\/13741","targetHints":{"allow":["GET"]}}],"collection":[{"href":"https:\/\/test.arctic.klean.it\/da\/wp-json\/wp\/v2\/product"}],"about":[{"href":"https:\/\/test.arctic.klean.it\/da\/wp-json\/wp\/v2\/types\/product"}],"replies":[{"embeddable":true,"href":"https:\/\/test.arctic.klean.it\/da\/wp-json\/wp\/v2\/comments?post=13741"}],"wp:featuredmedia":[{"embeddable":true,"href":"https:\/\/test.arctic.klean.it\/da\/wp-json\/wp\/v2\/media\/13739"}],"wp:attachment":[{"href":"https:\/\/test.arctic.klean.it\/da\/wp-json\/wp\/v2\/media?parent=13741"}],"wp:term":[{"taxonomy":"product_brand","embeddable":true,"href":"https:\/\/test.arctic.klean.it\/da\/wp-json\/wp\/v2\/product_brand?post=13741"},{"taxonomy":"product_cat","embeddable":true,"href":"https:\/\/test.arctic.klean.it\/da\/wp-json\/wp\/v2\/product_cat?post=13741"},{"taxonomy":"product_tag","embeddable":true,"href":"https:\/\/test.arctic.klean.it\/da\/wp-json\/wp\/v2\/product_tag?post=13741"}],"curies":[{"name":"wp","href":"https:\/\/api.w.org\/{rel}","templated":true}]}}