{"id":14216,"date":"2023-05-22T18:57:50","date_gmt":"2023-05-22T16:57:50","guid":{"rendered":"https:\/\/test.arctic.klean.it\/?post_type=product&#038;p=14216"},"modified":"2023-08-15T10:45:43","modified_gmt":"2023-08-15T08:45:43","slug":"experience-nuuk-fjord","status":"publish","type":"product","link":"https:\/\/test.arctic.klean.it\/da\/udflugter\/experience-nuuk-fjord\/","title":{"rendered":"Oplev Nuuk Fjord"},"content":{"rendered":"<p>P\u00e5 denne sp\u00e6ndende tur vil du komme til at opleve alt, hvad Nuuk Fjord og dens omkringliggende bygder har at byde p\u00e5. Vi starter vores rejse i Nuuk, hvorfra vi sejler mod den fascinerende Isfjord. Her spiser vi vores frokost, mens vi ser ud over de mange isbjerge omkring os.<\/p>\n<p>Efter vi har spist frokost, sejler vi til den lille bygd Kapisillit hvor der kun bor omkring 55 mennesker. Kapisillit er den n\u00e6rmeste bebyggelse til Nuuk Isfjord og den bedste base, hvorfra man kan nyde det store antal isbjerge, der langsomt bev\u00e6ger sig mod havet fra Nuuk Isfjord.<\/p>\n<p>Vi tager nu til Qoornoq, en forladt bygd, hvor nogle af de lokale har deres sommerhuse. Mens vi er i Qoornoq, kan vi nyde den smukke natur og den vidunderlige udsigt. Fra Qoornoq sejler vi til Qooqqut, hvor vi spiser aftensmad p\u00e5 restauranten Qooqqut Nuan. Efter en hel dag med at opleve Gr\u00f8nland, tager vi os nu tid til at slappe af og nyde noget l\u00e6kker mad. Bagefter tager vi tilbage til Nuuk.<\/p>\n<p><b>Varighed:<\/b> 12 timer<\/p>\n<p><b>Inkluderet:<\/b> Kaffe og te og en lukket b\u00e5d<\/p>\n<p><b>Bem\u00e6rk venligst:<\/b> Der er et toilet p\u00e5 b\u00e5den. Det er ogs\u00e5 en god id\u00e9 at tage noget vand med p\u00e5 denne rejse. Personalet taler engelsk.<\/p>\n","protected":false},"excerpt":{"rendered":"<p>P\u00e5 denne 12 timers tur vil du komme til at opleve alt, hvad Nuuk Fjord har at byde p\u00e5!<\/p>\n","protected":false},"featured_media":14200,"comment_status":"open","ping_status":"closed","template":"","meta":{"_acf_changed":false},"product_brand":[],"product_cat":[170],"product_tag":[],"class_list":{"0":"post-14216","1":"product","2":"type-product","3":"status-publish","4":"has-post-thumbnail","6":"product_cat-udflugt","7":"pa_dato-539","8":"pa_tidspunkt-40","9":"tour_location-nuuk-da","10":"tour_type-baadture","11":"tour_operator-nuuk-water-taxi","13":"first","14":"outofstock","15":"shipping-taxable","16":"product-type-variable"},"acf":[],"yoast_head":"<!-- This site is optimized with the Yoast SEO plugin v25.2 - https:\/\/yoast.com\/wordpress\/plugins\/seo\/ -->\n<title>Arctic Excursions<\/title>\n<meta name=\"robots\" content=\"index, follow, max-snippet:-1, max-image-preview:large, max-video-preview:-1\" \/>\n<link rel=\"canonical\" href=\"https:\/\/test.arctic.klean.it\/udflugter\/experience-nuuk-fjord\/\" \/>\n<meta property=\"og:locale\" content=\"da_DK\" \/>\n<meta property=\"og:type\" content=\"article\" \/>\n<meta property=\"og:title\" content=\"Oplev Nuuk Fjord - Arctic Excursions\" \/>\n<meta property=\"og:description\" content=\"P\u00e5 denne 12 timers tur vil du komme til at opleve alt, hvad Nuuk Fjord har at byde p\u00e5!\" \/>\n<meta property=\"og:url\" content=\"https:\/\/test.arctic.klean.it\/udflugter\/experience-nuuk-fjord\/\" \/>\n<meta property=\"og:site_name\" content=\"Arctic Excursions\" \/>\n<meta property=\"article:modified_time\" content=\"2023-08-15T08:45:43+00:00\" \/>\n<meta property=\"og:image\" content=\"https:\/\/test.arctic.klean.it\/wp-content\/uploads\/2023\/05\/MicrosoftTeams-image-19.png\" \/>\n\t<meta property=\"og:image:width\" content=\"916\" \/>\n\t<meta property=\"og:image:height\" content=\"610\" \/>\n\t<meta property=\"og:image:type\" content=\"image\/png\" \/>\n<meta name=\"twitter:card\" content=\"summary_large_image\" \/>\n<meta name=\"twitter:label1\" content=\"Estimeret l\u00e6setid\" \/>\n\t<meta name=\"twitter:data1\" content=\"1 minut\" \/>\n<script type=\"application\/ld+json\" class=\"yoast-schema-graph\">{\"@context\":\"https:\/\/schema.org\",\"@graph\":[{\"@type\":\"WebPage\",\"@id\":\"https:\/\/test.arctic.klean.it\/udflugter\/experience-nuuk-fjord\/\",\"url\":\"https:\/\/test.arctic.klean.it\/udflugter\/experience-nuuk-fjord\/\",\"name\":\"Oplev Nuuk Fjord - Arctic Excursions\",\"isPartOf\":{\"@id\":\"https:\/\/test.arctic.klean.it\/#website\"},\"primaryImageOfPage\":{\"@id\":\"https:\/\/test.arctic.klean.it\/udflugter\/experience-nuuk-fjord\/#primaryimage\"},\"image\":{\"@id\":\"https:\/\/test.arctic.klean.it\/udflugter\/experience-nuuk-fjord\/#primaryimage\"},\"thumbnailUrl\":\"https:\/\/test.arctic.klean.it\/wp-content\/uploads\/2023\/05\/MicrosoftTeams-image-19.png\",\"datePublished\":\"2023-05-22T16:57:50+00:00\",\"dateModified\":\"2023-08-15T08:45:43+00:00\",\"breadcrumb\":{\"@id\":\"https:\/\/test.arctic.klean.it\/udflugter\/experience-nuuk-fjord\/#breadcrumb\"},\"inLanguage\":\"da-DK\",\"potentialAction\":[{\"@type\":\"ReadAction\",\"target\":[\"https:\/\/test.arctic.klean.it\/udflugter\/experience-nuuk-fjord\/\"]}]},{\"@type\":\"ImageObject\",\"inLanguage\":\"da-DK\",\"@id\":\"https:\/\/test.arctic.klean.it\/udflugter\/experience-nuuk-fjord\/#primaryimage\",\"url\":\"https:\/\/test.arctic.klean.it\/wp-content\/uploads\/2023\/05\/MicrosoftTeams-image-19.png\",\"contentUrl\":\"https:\/\/test.arctic.klean.it\/wp-content\/uploads\/2023\/05\/MicrosoftTeams-image-19.png\",\"width\":916,\"height\":610},{\"@type\":\"BreadcrumbList\",\"@id\":\"https:\/\/test.arctic.klean.it\/udflugter\/experience-nuuk-fjord\/#breadcrumb\",\"itemListElement\":[{\"@type\":\"ListItem\",\"position\":1,\"name\":\"Udflugter i Gr\u00f8nland\",\"item\":\"https:\/\/test.arctic.klean.it\/da\/udflugter\/\"},{\"@type\":\"ListItem\",\"position\":2,\"name\":\"Oplev Nuuk Fjord\"}]},{\"@type\":\"WebSite\",\"@id\":\"https:\/\/test.arctic.klean.it\/#website\",\"url\":\"https:\/\/test.arctic.klean.it\/\",\"name\":\"Arctic Excursions\",\"description\":\"New adventures. Every day.\",\"potentialAction\":[{\"@type\":\"SearchAction\",\"target\":{\"@type\":\"EntryPoint\",\"urlTemplate\":\"https:\/\/test.arctic.klean.it\/?s={search_term_string}\"},\"query-input\":{\"@type\":\"PropertyValueSpecification\",\"valueRequired\":true,\"valueName\":\"search_term_string\"}}],\"inLanguage\":\"da-DK\"}]}<\/script>\n<!-- \/ Yoast SEO plugin. -->","yoast_head_json":{"title":"Arctic Excursions","robots":{"index":"index","follow":"follow","max-snippet":"max-snippet:-1","max-image-preview":"max-image-preview:large","max-video-preview":"max-video-preview:-1"},"canonical":"https:\/\/test.arctic.klean.it\/udflugter\/experience-nuuk-fjord\/","og_locale":"da_DK","og_type":"article","og_title":"Oplev Nuuk Fjord - Arctic Excursions","og_description":"P\u00e5 denne 12 timers tur vil du komme til at opleve alt, hvad Nuuk Fjord har at byde p\u00e5!","og_url":"https:\/\/test.arctic.klean.it\/udflugter\/experience-nuuk-fjord\/","og_site_name":"Arctic Excursions","article_modified_time":"2023-08-15T08:45:43+00:00","og_image":[{"width":916,"height":610,"url":"https:\/\/test.arctic.klean.it\/wp-content\/uploads\/2023\/05\/MicrosoftTeams-image-19.png","type":"image\/png"}],"twitter_card":"summary_large_image","twitter_misc":{"Estimeret l\u00e6setid":"1 minut"},"schema":{"@context":"https:\/\/schema.org","@graph":[{"@type":"WebPage","@id":"https:\/\/test.arctic.klean.it\/udflugter\/experience-nuuk-fjord\/","url":"https:\/\/test.arctic.klean.it\/udflugter\/experience-nuuk-fjord\/","name":"Oplev Nuuk Fjord - Arctic Excursions","isPartOf":{"@id":"https:\/\/test.arctic.klean.it\/#website"},"primaryImageOfPage":{"@id":"https:\/\/test.arctic.klean.it\/udflugter\/experience-nuuk-fjord\/#primaryimage"},"image":{"@id":"https:\/\/test.arctic.klean.it\/udflugter\/experience-nuuk-fjord\/#primaryimage"},"thumbnailUrl":"https:\/\/test.arctic.klean.it\/wp-content\/uploads\/2023\/05\/MicrosoftTeams-image-19.png","datePublished":"2023-05-22T16:57:50+00:00","dateModified":"2023-08-15T08:45:43+00:00","breadcrumb":{"@id":"https:\/\/test.arctic.klean.it\/udflugter\/experience-nuuk-fjord\/#breadcrumb"},"inLanguage":"da-DK","potentialAction":[{"@type":"ReadAction","target":["https:\/\/test.arctic.klean.it\/udflugter\/experience-nuuk-fjord\/"]}]},{"@type":"ImageObject","inLanguage":"da-DK","@id":"https:\/\/test.arctic.klean.it\/udflugter\/experience-nuuk-fjord\/#primaryimage","url":"https:\/\/test.arctic.klean.it\/wp-content\/uploads\/2023\/05\/MicrosoftTeams-image-19.png","contentUrl":"https:\/\/test.arctic.klean.it\/wp-content\/uploads\/2023\/05\/MicrosoftTeams-image-19.png","width":916,"height":610},{"@type":"BreadcrumbList","@id":"https:\/\/test.arctic.klean.it\/udflugter\/experience-nuuk-fjord\/#breadcrumb","itemListElement":[{"@type":"ListItem","position":1,"name":"Udflugter i Gr\u00f8nland","item":"https:\/\/test.arctic.klean.it\/da\/udflugter\/"},{"@type":"ListItem","position":2,"name":"Oplev Nuuk Fjord"}]},{"@type":"WebSite","@id":"https:\/\/test.arctic.klean.it\/#website","url":"https:\/\/test.arctic.klean.it\/","name":"Arctic Excursions","description":"New adventures. Every day.","potentialAction":[{"@type":"SearchAction","target":{"@type":"EntryPoint","urlTemplate":"https:\/\/test.arctic.klean.it\/?s={search_term_string}"},"query-input":{"@type":"PropertyValueSpecification","valueRequired":true,"valueName":"search_term_string"}}],"inLanguage":"da-DK"}]}},"_links":{"self":[{"href":"https:\/\/test.arctic.klean.it\/da\/wp-json\/wp\/v2\/product\/14216","targetHints":{"allow":["GET"]}}],"collection":[{"href":"https:\/\/test.arctic.klean.it\/da\/wp-json\/wp\/v2\/product"}],"about":[{"href":"https:\/\/test.arctic.klean.it\/da\/wp-json\/wp\/v2\/types\/product"}],"replies":[{"embeddable":true,"href":"https:\/\/test.arctic.klean.it\/da\/wp-json\/wp\/v2\/comments?post=14216"}],"wp:featuredmedia":[{"embeddable":true,"href":"https:\/\/test.arctic.klean.it\/da\/wp-json\/wp\/v2\/media\/14200"}],"wp:attachment":[{"href":"https:\/\/test.arctic.klean.it\/da\/wp-json\/wp\/v2\/media?parent=14216"}],"wp:term":[{"taxonomy":"product_brand","embeddable":true,"href":"https:\/\/test.arctic.klean.it\/da\/wp-json\/wp\/v2\/product_brand?post=14216"},{"taxonomy":"product_cat","embeddable":true,"href":"https:\/\/test.arctic.klean.it\/da\/wp-json\/wp\/v2\/product_cat?post=14216"},{"taxonomy":"product_tag","embeddable":true,"href":"https:\/\/test.arctic.klean.it\/da\/wp-json\/wp\/v2\/product_tag?post=14216"}],"curies":[{"name":"wp","href":"https:\/\/api.w.org\/{rel}","templated":true}]}}