{"id":14622,"date":"2023-05-29T18:50:58","date_gmt":"2023-05-29T16:50:58","guid":{"rendered":"https:\/\/test.arctic.klean.it\/?post_type=product&#038;p=14622"},"modified":"2023-10-10T11:08:19","modified_gmt":"2023-10-10T09:08:19","slug":"summit-ukkusassaq","status":"publish","type":"product","link":"https:\/\/test.arctic.klean.it\/da\/udflugter\/summit-ukkusassaq\/","title":{"rendered":"Top tur til Ukkusissaq"},"content":{"rendered":"<p>Du vil opleve, hvordan det er virkelig at bestige et bjerg p\u00e5 denne 5-timers tur med os, da du vil v\u00e6re i stand til at st\u00e5 helt p\u00e5 toppen og se fjorden, bjergene og havet fra alle vinkler. <\/p>\n<p>Derudover vil du kunne se hele hovedstaden fra oven. smuk udsigt.<\/p>\n<p>Ukkusissat, som er 761 meter h\u00f8j. <\/p>\n<p>Popul\u00e6rt blandt lokale vandrere, men ikke desto mindre et udfordrende bjerg, der kr\u00e6ver lokal ekspertise og forst\u00e5else for at bestige sikkert. <\/p>\n<p>Varighed: 5 timer<\/p>\n<p>Minimum: 3 personer<\/p>\n<p>Maksimum: 8 personer. <\/p>\n<p>Inkluderet i prisen: Frokost og varme drikke.<\/p>\n","protected":false},"excerpt":{"rendered":"<p>Oplev det unikke bjerg Ukkusissat.<\/p>\n","protected":false},"featured_media":14620,"comment_status":"open","ping_status":"closed","template":"","meta":{"_acf_changed":false},"product_brand":[],"product_cat":[101,170],"product_tag":[],"class_list":{"0":"post-14622","1":"product","2":"type-product","3":"status-publish","4":"has-post-thumbnail","6":"product_cat-tour","7":"product_cat-udflugt","8":"pa_dato-584","9":"pa_dato-656","10":"pa_dato-660","11":"pa_dato-662","12":"pa_dato-665","13":"pa_dato-491","14":"pa_dato-670","15":"pa_dato-673","16":"pa_dato-502","17":"pa_dato-534","18":"pa_dato-539","19":"pa_dato-541","20":"pa_dato-554","21":"pa_dato-557","22":"pa_dato-559","23":"pa_dato-587","24":"pa_dato-687","25":"pa_dato-592","26":"pa_dato-694","27":"pa_dato-510","28":"pa_dato-695","29":"pa_dato-598","30":"pa_dato-740","31":"pa_dato-602","32":"pa_dato-689","33":"pa_dato-607","34":"pa_dato-690","35":"pa_dato-612","36":"pa_dato-743","37":"pa_dato-617","38":"pa_dato-745","39":"pa_dato-622","40":"pa_dato-747","41":"pa_dato-771","42":"pa_dato-772","43":"pa_tidspunkt-187","44":"pa_tidspunkt-40","45":"pa_tidspunkt-304","46":"pa_tidspunkt-61","47":"tour_location-nuuk-da","48":"tour_type-vandreture","49":"tour_operator-two-ravens","51":"first","52":"outofstock","53":"shipping-taxable","54":"product-type-variable"},"acf":[],"yoast_head":"<!-- This site is optimized with the Yoast SEO plugin v25.2 - https:\/\/yoast.com\/wordpress\/plugins\/seo\/ -->\n<title>Arctic Excursions<\/title>\n<meta name=\"robots\" content=\"index, follow, max-snippet:-1, max-image-preview:large, max-video-preview:-1\" \/>\n<link rel=\"canonical\" href=\"https:\/\/test.arctic.klean.it\/udflugter\/summit-ukkusassaq\/\" \/>\n<meta property=\"og:locale\" content=\"da_DK\" \/>\n<meta property=\"og:type\" content=\"article\" \/>\n<meta property=\"og:title\" content=\"Top tur til Ukkusissaq - Arctic Excursions\" \/>\n<meta property=\"og:description\" content=\"Oplev det unikke bjerg Ukkusissat.\" \/>\n<meta property=\"og:url\" content=\"https:\/\/test.arctic.klean.it\/udflugter\/summit-ukkusassaq\/\" \/>\n<meta property=\"og:site_name\" content=\"Arctic Excursions\" \/>\n<meta property=\"article:modified_time\" content=\"2023-10-10T09:08:19+00:00\" \/>\n<meta property=\"og:image\" content=\"https:\/\/test.arctic.klean.it\/wp-content\/uploads\/2023\/05\/A-hiker-on-Ukkusissaq-Stroe-Malene-in-the-midnight-sun-overlooking-Sermitsiaq-near-Nuuk-in-Greenland.jpg\" \/>\n\t<meta property=\"og:image:width\" content=\"1200\" \/>\n\t<meta property=\"og:image:height\" content=\"800\" \/>\n\t<meta property=\"og:image:type\" content=\"image\/jpeg\" \/>\n<meta name=\"twitter:card\" content=\"summary_large_image\" \/>\n<script type=\"application\/ld+json\" class=\"yoast-schema-graph\">{\"@context\":\"https:\/\/schema.org\",\"@graph\":[{\"@type\":\"WebPage\",\"@id\":\"https:\/\/test.arctic.klean.it\/udflugter\/summit-ukkusassaq\/\",\"url\":\"https:\/\/test.arctic.klean.it\/udflugter\/summit-ukkusassaq\/\",\"name\":\"Top tur til Ukkusissaq - Arctic Excursions\",\"isPartOf\":{\"@id\":\"https:\/\/test.arctic.klean.it\/#website\"},\"primaryImageOfPage\":{\"@id\":\"https:\/\/test.arctic.klean.it\/udflugter\/summit-ukkusassaq\/#primaryimage\"},\"image\":{\"@id\":\"https:\/\/test.arctic.klean.it\/udflugter\/summit-ukkusassaq\/#primaryimage\"},\"thumbnailUrl\":\"https:\/\/test.arctic.klean.it\/wp-content\/uploads\/2023\/05\/A-hiker-on-Ukkusissaq-Stroe-Malene-in-the-midnight-sun-overlooking-Sermitsiaq-near-Nuuk-in-Greenland.jpg\",\"datePublished\":\"2023-05-29T16:50:58+00:00\",\"dateModified\":\"2023-10-10T09:08:19+00:00\",\"breadcrumb\":{\"@id\":\"https:\/\/test.arctic.klean.it\/udflugter\/summit-ukkusassaq\/#breadcrumb\"},\"inLanguage\":\"da-DK\",\"potentialAction\":[{\"@type\":\"ReadAction\",\"target\":[\"https:\/\/test.arctic.klean.it\/udflugter\/summit-ukkusassaq\/\"]}]},{\"@type\":\"ImageObject\",\"inLanguage\":\"da-DK\",\"@id\":\"https:\/\/test.arctic.klean.it\/udflugter\/summit-ukkusassaq\/#primaryimage\",\"url\":\"https:\/\/test.arctic.klean.it\/wp-content\/uploads\/2023\/05\/A-hiker-on-Ukkusissaq-Stroe-Malene-in-the-midnight-sun-overlooking-Sermitsiaq-near-Nuuk-in-Greenland.jpg\",\"contentUrl\":\"https:\/\/test.arctic.klean.it\/wp-content\/uploads\/2023\/05\/A-hiker-on-Ukkusissaq-Stroe-Malene-in-the-midnight-sun-overlooking-Sermitsiaq-near-Nuuk-in-Greenland.jpg\",\"width\":1200,\"height\":800},{\"@type\":\"BreadcrumbList\",\"@id\":\"https:\/\/test.arctic.klean.it\/udflugter\/summit-ukkusassaq\/#breadcrumb\",\"itemListElement\":[{\"@type\":\"ListItem\",\"position\":1,\"name\":\"Udflugter i Gr\u00f8nland\",\"item\":\"https:\/\/test.arctic.klean.it\/da\/udflugter\/\"},{\"@type\":\"ListItem\",\"position\":2,\"name\":\"Top tur til Ukkusissaq\"}]},{\"@type\":\"WebSite\",\"@id\":\"https:\/\/test.arctic.klean.it\/#website\",\"url\":\"https:\/\/test.arctic.klean.it\/\",\"name\":\"Arctic Excursions\",\"description\":\"New adventures. Every day.\",\"potentialAction\":[{\"@type\":\"SearchAction\",\"target\":{\"@type\":\"EntryPoint\",\"urlTemplate\":\"https:\/\/test.arctic.klean.it\/?s={search_term_string}\"},\"query-input\":{\"@type\":\"PropertyValueSpecification\",\"valueRequired\":true,\"valueName\":\"search_term_string\"}}],\"inLanguage\":\"da-DK\"}]}<\/script>\n<!-- \/ Yoast SEO plugin. -->","yoast_head_json":{"title":"Arctic Excursions","robots":{"index":"index","follow":"follow","max-snippet":"max-snippet:-1","max-image-preview":"max-image-preview:large","max-video-preview":"max-video-preview:-1"},"canonical":"https:\/\/test.arctic.klean.it\/udflugter\/summit-ukkusassaq\/","og_locale":"da_DK","og_type":"article","og_title":"Top tur til Ukkusissaq - Arctic Excursions","og_description":"Oplev det unikke bjerg Ukkusissat.","og_url":"https:\/\/test.arctic.klean.it\/udflugter\/summit-ukkusassaq\/","og_site_name":"Arctic Excursions","article_modified_time":"2023-10-10T09:08:19+00:00","og_image":[{"width":1200,"height":800,"url":"https:\/\/test.arctic.klean.it\/wp-content\/uploads\/2023\/05\/A-hiker-on-Ukkusissaq-Stroe-Malene-in-the-midnight-sun-overlooking-Sermitsiaq-near-Nuuk-in-Greenland.jpg","type":"image\/jpeg"}],"twitter_card":"summary_large_image","schema":{"@context":"https:\/\/schema.org","@graph":[{"@type":"WebPage","@id":"https:\/\/test.arctic.klean.it\/udflugter\/summit-ukkusassaq\/","url":"https:\/\/test.arctic.klean.it\/udflugter\/summit-ukkusassaq\/","name":"Top tur til Ukkusissaq - Arctic Excursions","isPartOf":{"@id":"https:\/\/test.arctic.klean.it\/#website"},"primaryImageOfPage":{"@id":"https:\/\/test.arctic.klean.it\/udflugter\/summit-ukkusassaq\/#primaryimage"},"image":{"@id":"https:\/\/test.arctic.klean.it\/udflugter\/summit-ukkusassaq\/#primaryimage"},"thumbnailUrl":"https:\/\/test.arctic.klean.it\/wp-content\/uploads\/2023\/05\/A-hiker-on-Ukkusissaq-Stroe-Malene-in-the-midnight-sun-overlooking-Sermitsiaq-near-Nuuk-in-Greenland.jpg","datePublished":"2023-05-29T16:50:58+00:00","dateModified":"2023-10-10T09:08:19+00:00","breadcrumb":{"@id":"https:\/\/test.arctic.klean.it\/udflugter\/summit-ukkusassaq\/#breadcrumb"},"inLanguage":"da-DK","potentialAction":[{"@type":"ReadAction","target":["https:\/\/test.arctic.klean.it\/udflugter\/summit-ukkusassaq\/"]}]},{"@type":"ImageObject","inLanguage":"da-DK","@id":"https:\/\/test.arctic.klean.it\/udflugter\/summit-ukkusassaq\/#primaryimage","url":"https:\/\/test.arctic.klean.it\/wp-content\/uploads\/2023\/05\/A-hiker-on-Ukkusissaq-Stroe-Malene-in-the-midnight-sun-overlooking-Sermitsiaq-near-Nuuk-in-Greenland.jpg","contentUrl":"https:\/\/test.arctic.klean.it\/wp-content\/uploads\/2023\/05\/A-hiker-on-Ukkusissaq-Stroe-Malene-in-the-midnight-sun-overlooking-Sermitsiaq-near-Nuuk-in-Greenland.jpg","width":1200,"height":800},{"@type":"BreadcrumbList","@id":"https:\/\/test.arctic.klean.it\/udflugter\/summit-ukkusassaq\/#breadcrumb","itemListElement":[{"@type":"ListItem","position":1,"name":"Udflugter i Gr\u00f8nland","item":"https:\/\/test.arctic.klean.it\/da\/udflugter\/"},{"@type":"ListItem","position":2,"name":"Top tur til Ukkusissaq"}]},{"@type":"WebSite","@id":"https:\/\/test.arctic.klean.it\/#website","url":"https:\/\/test.arctic.klean.it\/","name":"Arctic Excursions","description":"New adventures. Every day.","potentialAction":[{"@type":"SearchAction","target":{"@type":"EntryPoint","urlTemplate":"https:\/\/test.arctic.klean.it\/?s={search_term_string}"},"query-input":{"@type":"PropertyValueSpecification","valueRequired":true,"valueName":"search_term_string"}}],"inLanguage":"da-DK"}]}},"_links":{"self":[{"href":"https:\/\/test.arctic.klean.it\/da\/wp-json\/wp\/v2\/product\/14622","targetHints":{"allow":["GET"]}}],"collection":[{"href":"https:\/\/test.arctic.klean.it\/da\/wp-json\/wp\/v2\/product"}],"about":[{"href":"https:\/\/test.arctic.klean.it\/da\/wp-json\/wp\/v2\/types\/product"}],"replies":[{"embeddable":true,"href":"https:\/\/test.arctic.klean.it\/da\/wp-json\/wp\/v2\/comments?post=14622"}],"wp:featuredmedia":[{"embeddable":true,"href":"https:\/\/test.arctic.klean.it\/da\/wp-json\/wp\/v2\/media\/14620"}],"wp:attachment":[{"href":"https:\/\/test.arctic.klean.it\/da\/wp-json\/wp\/v2\/media?parent=14622"}],"wp:term":[{"taxonomy":"product_brand","embeddable":true,"href":"https:\/\/test.arctic.klean.it\/da\/wp-json\/wp\/v2\/product_brand?post=14622"},{"taxonomy":"product_cat","embeddable":true,"href":"https:\/\/test.arctic.klean.it\/da\/wp-json\/wp\/v2\/product_cat?post=14622"},{"taxonomy":"product_tag","embeddable":true,"href":"https:\/\/test.arctic.klean.it\/da\/wp-json\/wp\/v2\/product_tag?post=14622"}],"curies":[{"name":"wp","href":"https:\/\/api.w.org\/{rel}","templated":true}]}}