{"id":14729,"date":"2023-05-30T15:50:21","date_gmt":"2023-05-30T13:50:21","guid":{"rendered":"https:\/\/test.arctic.klean.it\/?post_type=product&#038;p=14729"},"modified":"2023-08-29T11:54:19","modified_gmt":"2023-08-29T09:54:19","slug":"fishing-trip-by-the-ice-fjord-with-open-boat","status":"publish","type":"product","link":"https:\/\/test.arctic.klean.it\/da\/udflugter\/fishing-trip-by-the-ice-fjord-with-open-boat\/","title":{"rendered":"Fisketur ved isfjorden med \u00e5ben b\u00e5d"},"content":{"rendered":"<p>Vi sejler ud p\u00e5 isfjorden og finder en god fiskeplads. <\/p>\n<p>Vi g\u00e5r p\u00e5 jagt efter torsk eller uvak. <\/p>\n<p>Hvem lander den st\u00f8rste fisk?<\/p>\n<p>Vi har alt det n\u00f8dvendige fiskegrej ved h\u00e5nden. <\/p>\n<p>Tag din fangst med hjem uden ekstra omkostninger!<\/p>\n<p>Vi anbefaler at medbringe: Hue, handsker og varmt t\u00f8j. <\/p>\n<p>Varighed: 2 timer.<\/p>\n<p>Minimum: 1 personer. <\/p>\n<p>Maksimum: 8 personer.<\/p>\n","protected":false},"excerpt":{"rendered":"<p>Oplev fiskeri med en \u00e5ben b\u00e5d.<\/p>\n","protected":false},"featured_media":0,"comment_status":"open","ping_status":"closed","template":"","meta":{"_acf_changed":false},"product_brand":[],"product_cat":[101,170],"product_tag":[],"class_list":{"0":"post-14729","1":"product","2":"type-product","3":"status-publish","5":"product_cat-tour","6":"product_cat-udflugt","7":"pa_dato-584","8":"pa_dato-656","9":"pa_dato-658","10":"pa_tidspunkt-308","11":"tour_location-ilulissat-da","12":"tour_type-baadture","13":"tour_operator-inuk-adventure","15":"first","16":"outofstock","17":"shipping-taxable","18":"product-type-variable"},"acf":[],"yoast_head":"<!-- This site is optimized with the Yoast SEO plugin v25.2 - https:\/\/yoast.com\/wordpress\/plugins\/seo\/ -->\n<title>Arctic Excursions<\/title>\n<meta name=\"robots\" content=\"index, follow, max-snippet:-1, max-image-preview:large, max-video-preview:-1\" \/>\n<link rel=\"canonical\" href=\"https:\/\/test.arctic.klean.it\/udflugter\/fishing-trip-by-the-ice-fjord-with-open-boat\/\" \/>\n<meta property=\"og:locale\" content=\"da_DK\" \/>\n<meta property=\"og:type\" content=\"article\" \/>\n<meta property=\"og:title\" content=\"Fisketur ved isfjorden med \u00e5ben b\u00e5d - Arctic Excursions\" \/>\n<meta property=\"og:description\" content=\"Oplev fiskeri med en \u00e5ben b\u00e5d.\" \/>\n<meta property=\"og:url\" content=\"https:\/\/test.arctic.klean.it\/udflugter\/fishing-trip-by-the-ice-fjord-with-open-boat\/\" \/>\n<meta property=\"og:site_name\" content=\"Arctic Excursions\" \/>\n<meta property=\"article:modified_time\" content=\"2023-08-29T09:54:19+00:00\" \/>\n<meta name=\"twitter:card\" content=\"summary_large_image\" \/>\n<script type=\"application\/ld+json\" class=\"yoast-schema-graph\">{\"@context\":\"https:\/\/schema.org\",\"@graph\":[{\"@type\":\"WebPage\",\"@id\":\"https:\/\/test.arctic.klean.it\/udflugter\/fishing-trip-by-the-ice-fjord-with-open-boat\/\",\"url\":\"https:\/\/test.arctic.klean.it\/udflugter\/fishing-trip-by-the-ice-fjord-with-open-boat\/\",\"name\":\"Fisketur ved isfjorden med \u00e5ben b\u00e5d - Arctic Excursions\",\"isPartOf\":{\"@id\":\"https:\/\/test.arctic.klean.it\/#website\"},\"datePublished\":\"2023-05-30T13:50:21+00:00\",\"dateModified\":\"2023-08-29T09:54:19+00:00\",\"breadcrumb\":{\"@id\":\"https:\/\/test.arctic.klean.it\/udflugter\/fishing-trip-by-the-ice-fjord-with-open-boat\/#breadcrumb\"},\"inLanguage\":\"da-DK\",\"potentialAction\":[{\"@type\":\"ReadAction\",\"target\":[\"https:\/\/test.arctic.klean.it\/udflugter\/fishing-trip-by-the-ice-fjord-with-open-boat\/\"]}]},{\"@type\":\"BreadcrumbList\",\"@id\":\"https:\/\/test.arctic.klean.it\/udflugter\/fishing-trip-by-the-ice-fjord-with-open-boat\/#breadcrumb\",\"itemListElement\":[{\"@type\":\"ListItem\",\"position\":1,\"name\":\"Udflugter i Gr\u00f8nland\",\"item\":\"https:\/\/test.arctic.klean.it\/da\/udflugter\/\"},{\"@type\":\"ListItem\",\"position\":2,\"name\":\"Fisketur ved isfjorden med \u00e5ben b\u00e5d\"}]},{\"@type\":\"WebSite\",\"@id\":\"https:\/\/test.arctic.klean.it\/#website\",\"url\":\"https:\/\/test.arctic.klean.it\/\",\"name\":\"Arctic Excursions\",\"description\":\"New adventures. Every day.\",\"potentialAction\":[{\"@type\":\"SearchAction\",\"target\":{\"@type\":\"EntryPoint\",\"urlTemplate\":\"https:\/\/test.arctic.klean.it\/?s={search_term_string}\"},\"query-input\":{\"@type\":\"PropertyValueSpecification\",\"valueRequired\":true,\"valueName\":\"search_term_string\"}}],\"inLanguage\":\"da-DK\"}]}<\/script>\n<!-- \/ Yoast SEO plugin. -->","yoast_head_json":{"title":"Arctic Excursions","robots":{"index":"index","follow":"follow","max-snippet":"max-snippet:-1","max-image-preview":"max-image-preview:large","max-video-preview":"max-video-preview:-1"},"canonical":"https:\/\/test.arctic.klean.it\/udflugter\/fishing-trip-by-the-ice-fjord-with-open-boat\/","og_locale":"da_DK","og_type":"article","og_title":"Fisketur ved isfjorden med \u00e5ben b\u00e5d - Arctic Excursions","og_description":"Oplev fiskeri med en \u00e5ben b\u00e5d.","og_url":"https:\/\/test.arctic.klean.it\/udflugter\/fishing-trip-by-the-ice-fjord-with-open-boat\/","og_site_name":"Arctic Excursions","article_modified_time":"2023-08-29T09:54:19+00:00","twitter_card":"summary_large_image","schema":{"@context":"https:\/\/schema.org","@graph":[{"@type":"WebPage","@id":"https:\/\/test.arctic.klean.it\/udflugter\/fishing-trip-by-the-ice-fjord-with-open-boat\/","url":"https:\/\/test.arctic.klean.it\/udflugter\/fishing-trip-by-the-ice-fjord-with-open-boat\/","name":"Fisketur ved isfjorden med \u00e5ben b\u00e5d - Arctic Excursions","isPartOf":{"@id":"https:\/\/test.arctic.klean.it\/#website"},"datePublished":"2023-05-30T13:50:21+00:00","dateModified":"2023-08-29T09:54:19+00:00","breadcrumb":{"@id":"https:\/\/test.arctic.klean.it\/udflugter\/fishing-trip-by-the-ice-fjord-with-open-boat\/#breadcrumb"},"inLanguage":"da-DK","potentialAction":[{"@type":"ReadAction","target":["https:\/\/test.arctic.klean.it\/udflugter\/fishing-trip-by-the-ice-fjord-with-open-boat\/"]}]},{"@type":"BreadcrumbList","@id":"https:\/\/test.arctic.klean.it\/udflugter\/fishing-trip-by-the-ice-fjord-with-open-boat\/#breadcrumb","itemListElement":[{"@type":"ListItem","position":1,"name":"Udflugter i Gr\u00f8nland","item":"https:\/\/test.arctic.klean.it\/da\/udflugter\/"},{"@type":"ListItem","position":2,"name":"Fisketur ved isfjorden med \u00e5ben b\u00e5d"}]},{"@type":"WebSite","@id":"https:\/\/test.arctic.klean.it\/#website","url":"https:\/\/test.arctic.klean.it\/","name":"Arctic Excursions","description":"New adventures. Every day.","potentialAction":[{"@type":"SearchAction","target":{"@type":"EntryPoint","urlTemplate":"https:\/\/test.arctic.klean.it\/?s={search_term_string}"},"query-input":{"@type":"PropertyValueSpecification","valueRequired":true,"valueName":"search_term_string"}}],"inLanguage":"da-DK"}]}},"_links":{"self":[{"href":"https:\/\/test.arctic.klean.it\/da\/wp-json\/wp\/v2\/product\/14729","targetHints":{"allow":["GET"]}}],"collection":[{"href":"https:\/\/test.arctic.klean.it\/da\/wp-json\/wp\/v2\/product"}],"about":[{"href":"https:\/\/test.arctic.klean.it\/da\/wp-json\/wp\/v2\/types\/product"}],"replies":[{"embeddable":true,"href":"https:\/\/test.arctic.klean.it\/da\/wp-json\/wp\/v2\/comments?post=14729"}],"wp:attachment":[{"href":"https:\/\/test.arctic.klean.it\/da\/wp-json\/wp\/v2\/media?parent=14729"}],"wp:term":[{"taxonomy":"product_brand","embeddable":true,"href":"https:\/\/test.arctic.klean.it\/da\/wp-json\/wp\/v2\/product_brand?post=14729"},{"taxonomy":"product_cat","embeddable":true,"href":"https:\/\/test.arctic.klean.it\/da\/wp-json\/wp\/v2\/product_cat?post=14729"},{"taxonomy":"product_tag","embeddable":true,"href":"https:\/\/test.arctic.klean.it\/da\/wp-json\/wp\/v2\/product_tag?post=14729"}],"curies":[{"name":"wp","href":"https:\/\/api.w.org\/{rel}","templated":true}]}}