{"id":15135,"date":"2023-05-31T13:45:27","date_gmt":"2023-05-31T11:45:27","guid":{"rendered":"https:\/\/test.arctic.klean.it\/?post_type=product&#038;p=15135"},"modified":"2023-10-10T11:08:22","modified_gmt":"2023-10-10T09:08:22","slug":"hvalsafari-isfjordssafari","status":"publish","type":"product","link":"https:\/\/test.arctic.klean.it\/da\/udflugter\/hvalsafari-isfjordssafari\/","title":{"rendered":"Hvalsafari &#038; Isfjordssafari"},"content":{"rendered":"<p>Denne tur tager dig fra Tasiilaq og ud blandt isen, hvor vi vil spejde efter hvaler og s\u00e6ler. <\/p>\n<p>Den mest almindelige hval i omr\u00e5det er pukkelhvalen, som ogs\u00e5 er en meget nysgerrig hval, der nogle gange viser sin dygtighed til at sv\u00f8mme og springe. Andre arter omkring Tasiilaq er finhvalen, grindehvalen, v\u00e5gehvalen og mindre delfiner. Men af og til dukker der ogs\u00e5 hvidhvaler og kaskelothvaler op.  <\/p>\n<p>Vi garanterer isbjerge, men da vi ikke er i en zoologisk have, men i den vilde natur, kan vi ikke garantere nogen hvaler.<\/p>\n<p>Under turen vil din kaptajn og guider v\u00e6re \u00e5bne for sp\u00f8rgsm\u00e5l, og de vil servere dig en varm drik og en snack under turen.<\/p>\n<p><b>Varighed:<\/b> 3 timer <\/p>\n<p><b>Inkluderet:<\/b> Kaffe &#038; tee er inkl. i prisen.<\/p>\n","protected":false},"excerpt":{"rendered":"<p>Kom med p\u00e5 en 3 timers hvalsafari blandt fantastiske isbjerge<\/p>\n","protected":false},"featured_media":14946,"comment_status":"open","ping_status":"closed","template":"","meta":{"_acf_changed":false},"product_brand":[],"product_cat":[101,170],"product_tag":[],"class_list":{"0":"post-15135","1":"product","2":"type-product","3":"status-publish","4":"has-post-thumbnail","6":"product_cat-tour","7":"product_cat-udflugt","8":"pa_dato-653","9":"pa_dato-654","10":"pa_dato-584","11":"pa_dato-671","12":"pa_dato-549","13":"pa_dato-550","14":"pa_dato-551","15":"pa_dato-552","16":"pa_dato-553","17":"pa_dato-554","18":"pa_dato-555","19":"pa_dato-556","20":"pa_dato-557","21":"pa_dato-558","22":"pa_dato-521","23":"pa_dato-522","24":"pa_dato-559","25":"pa_dato-560","26":"pa_dato-561","27":"pa_dato-587","28":"pa_dato-588","29":"pa_dato-589","30":"pa_dato-590","31":"pa_dato-687","32":"pa_dato-735","33":"pa_dato-591","34":"pa_dato-592","35":"pa_dato-593","36":"pa_dato-594","37":"pa_dato-595","38":"pa_dato-694","39":"pa_dato-736","40":"pa_dato-596","41":"pa_dato-510","42":"pa_dato-513","43":"pa_dato-511","44":"pa_dato-512","45":"pa_dato-695","46":"pa_dato-737","47":"pa_dato-597","48":"pa_dato-598","49":"pa_dato-599","50":"pa_dato-600","51":"pa_dato-739","52":"pa_dato-740","53":"pa_dato-738","54":"pa_dato-601","55":"pa_dato-602","56":"pa_dato-603","57":"pa_dato-604","58":"pa_tidspunkt-40","59":"pa_tidspunkt-61","60":"pa_tidspunkt-110","61":"tour_location-tasiilaq-da","62":"tour_type-hvalsafari","63":"tour_operator-tasiilaq-tours","65":"first","66":"outofstock","67":"shipping-taxable","68":"product-type-variable"},"acf":[],"yoast_head":"<!-- This site is optimized with the Yoast SEO plugin v25.2 - https:\/\/yoast.com\/wordpress\/plugins\/seo\/ -->\n<title>Arctic Excursions<\/title>\n<meta name=\"robots\" content=\"index, follow, max-snippet:-1, max-image-preview:large, max-video-preview:-1\" \/>\n<link rel=\"canonical\" href=\"https:\/\/test.arctic.klean.it\/udflugter\/whale-and-iceberg-safari-2\/\" \/>\n<meta property=\"og:locale\" content=\"da_DK\" \/>\n<meta property=\"og:type\" content=\"article\" \/>\n<meta property=\"og:title\" content=\"Hvalsafari &amp; Isfjordssafari - Arctic Excursions\" \/>\n<meta property=\"og:description\" content=\"Kom med p\u00e5 en 3 timers hvalsafari blandt fantastiske isbjerge\" \/>\n<meta property=\"og:url\" content=\"https:\/\/test.arctic.klean.it\/udflugter\/whale-and-iceberg-safari-2\/\" \/>\n<meta property=\"og:site_name\" content=\"Arctic Excursions\" \/>\n<meta property=\"article:modified_time\" content=\"2023-10-10T09:08:22+00:00\" \/>\n<meta property=\"og:image\" content=\"https:\/\/test.arctic.klean.it\/wp-content\/uploads\/2023\/05\/DSC_4862-scaled.jpg\" \/>\n\t<meta property=\"og:image:width\" content=\"2560\" \/>\n\t<meta property=\"og:image:height\" content=\"1567\" \/>\n\t<meta property=\"og:image:type\" content=\"image\/jpeg\" \/>\n<meta name=\"twitter:card\" content=\"summary_large_image\" \/>\n<meta name=\"twitter:label1\" content=\"Estimeret l\u00e6setid\" \/>\n\t<meta name=\"twitter:data1\" content=\"1 minut\" \/>\n<script type=\"application\/ld+json\" class=\"yoast-schema-graph\">{\"@context\":\"https:\/\/schema.org\",\"@graph\":[{\"@type\":\"WebPage\",\"@id\":\"https:\/\/test.arctic.klean.it\/udflugter\/whale-and-iceberg-safari-2\/\",\"url\":\"https:\/\/test.arctic.klean.it\/udflugter\/whale-and-iceberg-safari-2\/\",\"name\":\"Hvalsafari & Isfjordssafari - Arctic Excursions\",\"isPartOf\":{\"@id\":\"https:\/\/test.arctic.klean.it\/#website\"},\"primaryImageOfPage\":{\"@id\":\"https:\/\/test.arctic.klean.it\/udflugter\/whale-and-iceberg-safari-2\/#primaryimage\"},\"image\":{\"@id\":\"https:\/\/test.arctic.klean.it\/udflugter\/whale-and-iceberg-safari-2\/#primaryimage\"},\"thumbnailUrl\":\"https:\/\/test.arctic.klean.it\/wp-content\/uploads\/2023\/05\/DSC_4862-scaled.jpg\",\"datePublished\":\"2023-05-31T11:45:27+00:00\",\"dateModified\":\"2023-10-10T09:08:22+00:00\",\"breadcrumb\":{\"@id\":\"https:\/\/test.arctic.klean.it\/udflugter\/whale-and-iceberg-safari-2\/#breadcrumb\"},\"inLanguage\":\"da-DK\",\"potentialAction\":[{\"@type\":\"ReadAction\",\"target\":[\"https:\/\/test.arctic.klean.it\/udflugter\/whale-and-iceberg-safari-2\/\"]}]},{\"@type\":\"ImageObject\",\"inLanguage\":\"da-DK\",\"@id\":\"https:\/\/test.arctic.klean.it\/udflugter\/whale-and-iceberg-safari-2\/#primaryimage\",\"url\":\"https:\/\/test.arctic.klean.it\/wp-content\/uploads\/2023\/05\/DSC_4862-scaled.jpg\",\"contentUrl\":\"https:\/\/test.arctic.klean.it\/wp-content\/uploads\/2023\/05\/DSC_4862-scaled.jpg\",\"width\":2560,\"height\":1567},{\"@type\":\"BreadcrumbList\",\"@id\":\"https:\/\/test.arctic.klean.it\/udflugter\/whale-and-iceberg-safari-2\/#breadcrumb\",\"itemListElement\":[{\"@type\":\"ListItem\",\"position\":1,\"name\":\"Udflugter i Gr\u00f8nland\",\"item\":\"https:\/\/test.arctic.klean.it\/da\/udflugter\/\"},{\"@type\":\"ListItem\",\"position\":2,\"name\":\"Hvalsafari &#038; Isfjordssafari\"}]},{\"@type\":\"WebSite\",\"@id\":\"https:\/\/test.arctic.klean.it\/#website\",\"url\":\"https:\/\/test.arctic.klean.it\/\",\"name\":\"Arctic Excursions\",\"description\":\"New adventures. Every day.\",\"potentialAction\":[{\"@type\":\"SearchAction\",\"target\":{\"@type\":\"EntryPoint\",\"urlTemplate\":\"https:\/\/test.arctic.klean.it\/?s={search_term_string}\"},\"query-input\":{\"@type\":\"PropertyValueSpecification\",\"valueRequired\":true,\"valueName\":\"search_term_string\"}}],\"inLanguage\":\"da-DK\"}]}<\/script>\n<!-- \/ Yoast SEO plugin. -->","yoast_head_json":{"title":"Arctic Excursions","robots":{"index":"index","follow":"follow","max-snippet":"max-snippet:-1","max-image-preview":"max-image-preview:large","max-video-preview":"max-video-preview:-1"},"canonical":"https:\/\/test.arctic.klean.it\/udflugter\/whale-and-iceberg-safari-2\/","og_locale":"da_DK","og_type":"article","og_title":"Hvalsafari & Isfjordssafari - Arctic Excursions","og_description":"Kom med p\u00e5 en 3 timers hvalsafari blandt fantastiske isbjerge","og_url":"https:\/\/test.arctic.klean.it\/udflugter\/whale-and-iceberg-safari-2\/","og_site_name":"Arctic Excursions","article_modified_time":"2023-10-10T09:08:22+00:00","og_image":[{"width":2560,"height":1567,"url":"https:\/\/test.arctic.klean.it\/wp-content\/uploads\/2023\/05\/DSC_4862-scaled.jpg","type":"image\/jpeg"}],"twitter_card":"summary_large_image","twitter_misc":{"Estimeret l\u00e6setid":"1 minut"},"schema":{"@context":"https:\/\/schema.org","@graph":[{"@type":"WebPage","@id":"https:\/\/test.arctic.klean.it\/udflugter\/whale-and-iceberg-safari-2\/","url":"https:\/\/test.arctic.klean.it\/udflugter\/whale-and-iceberg-safari-2\/","name":"Hvalsafari & Isfjordssafari - Arctic Excursions","isPartOf":{"@id":"https:\/\/test.arctic.klean.it\/#website"},"primaryImageOfPage":{"@id":"https:\/\/test.arctic.klean.it\/udflugter\/whale-and-iceberg-safari-2\/#primaryimage"},"image":{"@id":"https:\/\/test.arctic.klean.it\/udflugter\/whale-and-iceberg-safari-2\/#primaryimage"},"thumbnailUrl":"https:\/\/test.arctic.klean.it\/wp-content\/uploads\/2023\/05\/DSC_4862-scaled.jpg","datePublished":"2023-05-31T11:45:27+00:00","dateModified":"2023-10-10T09:08:22+00:00","breadcrumb":{"@id":"https:\/\/test.arctic.klean.it\/udflugter\/whale-and-iceberg-safari-2\/#breadcrumb"},"inLanguage":"da-DK","potentialAction":[{"@type":"ReadAction","target":["https:\/\/test.arctic.klean.it\/udflugter\/whale-and-iceberg-safari-2\/"]}]},{"@type":"ImageObject","inLanguage":"da-DK","@id":"https:\/\/test.arctic.klean.it\/udflugter\/whale-and-iceberg-safari-2\/#primaryimage","url":"https:\/\/test.arctic.klean.it\/wp-content\/uploads\/2023\/05\/DSC_4862-scaled.jpg","contentUrl":"https:\/\/test.arctic.klean.it\/wp-content\/uploads\/2023\/05\/DSC_4862-scaled.jpg","width":2560,"height":1567},{"@type":"BreadcrumbList","@id":"https:\/\/test.arctic.klean.it\/udflugter\/whale-and-iceberg-safari-2\/#breadcrumb","itemListElement":[{"@type":"ListItem","position":1,"name":"Udflugter i Gr\u00f8nland","item":"https:\/\/test.arctic.klean.it\/da\/udflugter\/"},{"@type":"ListItem","position":2,"name":"Hvalsafari &#038; Isfjordssafari"}]},{"@type":"WebSite","@id":"https:\/\/test.arctic.klean.it\/#website","url":"https:\/\/test.arctic.klean.it\/","name":"Arctic Excursions","description":"New adventures. Every day.","potentialAction":[{"@type":"SearchAction","target":{"@type":"EntryPoint","urlTemplate":"https:\/\/test.arctic.klean.it\/?s={search_term_string}"},"query-input":{"@type":"PropertyValueSpecification","valueRequired":true,"valueName":"search_term_string"}}],"inLanguage":"da-DK"}]}},"_links":{"self":[{"href":"https:\/\/test.arctic.klean.it\/da\/wp-json\/wp\/v2\/product\/15135","targetHints":{"allow":["GET"]}}],"collection":[{"href":"https:\/\/test.arctic.klean.it\/da\/wp-json\/wp\/v2\/product"}],"about":[{"href":"https:\/\/test.arctic.klean.it\/da\/wp-json\/wp\/v2\/types\/product"}],"replies":[{"embeddable":true,"href":"https:\/\/test.arctic.klean.it\/da\/wp-json\/wp\/v2\/comments?post=15135"}],"wp:featuredmedia":[{"embeddable":true,"href":"https:\/\/test.arctic.klean.it\/da\/wp-json\/wp\/v2\/media\/14946"}],"wp:attachment":[{"href":"https:\/\/test.arctic.klean.it\/da\/wp-json\/wp\/v2\/media?parent=15135"}],"wp:term":[{"taxonomy":"product_brand","embeddable":true,"href":"https:\/\/test.arctic.klean.it\/da\/wp-json\/wp\/v2\/product_brand?post=15135"},{"taxonomy":"product_cat","embeddable":true,"href":"https:\/\/test.arctic.klean.it\/da\/wp-json\/wp\/v2\/product_cat?post=15135"},{"taxonomy":"product_tag","embeddable":true,"href":"https:\/\/test.arctic.klean.it\/da\/wp-json\/wp\/v2\/product_tag?post=15135"}],"curies":[{"name":"wp","href":"https:\/\/api.w.org\/{rel}","templated":true}]}}