{"id":15403,"date":"2023-06-05T13:32:55","date_gmt":"2023-06-05T11:32:55","guid":{"rendered":"https:\/\/test.arctic.klean.it\/?post_type=product&#038;p=15403"},"modified":"2023-08-15T10:45:49","modified_gmt":"2023-08-15T08:45:49","slug":"whale-safari-in-ilimanaq","status":"publish","type":"product","link":"https:\/\/test.arctic.klean.it\/da\/udflugter\/whale-safari-in-ilimanaq\/","title":{"rendered":"Hvalsafari i Ilimanaq"},"content":{"rendered":"<p>Vi sejler i en \u00e5ben b\u00e5d mellem isbjergene for at pr\u00f8ve at finde hvalerne.<\/p>\n<p>N\u00e5r du er i Ilimanaq, er en hvalsafari et must at opleve. <\/p>\n<p><b>Varighed:<\/b> 2 timer<\/p>\n<p><b>Inkluderer:<\/b> Snedragt, kaffe &#038; te<\/p>\n<p><b>Minimum:<\/b> 2 personer<\/p>\n<p><b>Maximum:<\/b> 9 personer<\/p>\n","protected":false},"excerpt":{"rendered":"<p>Tag med p\u00e5 vores hvalsafari i Ilimanaq<\/p>\n","protected":false},"featured_media":8691,"comment_status":"open","ping_status":"closed","template":"","meta":{"_acf_changed":false},"product_brand":[],"product_cat":[101,170],"product_tag":[],"class_list":{"0":"post-15403","1":"product","2":"type-product","3":"status-publish","4":"has-post-thumbnail","6":"product_cat-tour","7":"product_cat-udflugt","8":"pa_dato-550","9":"pa_dato-551","10":"pa_dato-592","11":"pa_tidspunkt-70","12":"pa_tidspunkt-40","13":"pa_tidspunkt-58","14":"pa_tidspunkt-229","15":"pa_tidspunkt-770","16":"pa_tidspunkt-80","17":"pa_tidspunkt-81","18":"tour_location-ilulissat-da","19":"tour_type-hvalsafari","20":"tour_type-baadture","21":"tour_operator-ilulissat-local-guide","23":"first","24":"outofstock","25":"shipping-taxable","26":"product-type-variable"},"acf":[],"yoast_head":"<!-- This site is optimized with the Yoast SEO plugin v25.2 - https:\/\/yoast.com\/wordpress\/plugins\/seo\/ -->\n<title>Arctic Excursions<\/title>\n<meta name=\"robots\" content=\"index, follow, max-snippet:-1, max-image-preview:large, max-video-preview:-1\" \/>\n<link rel=\"canonical\" href=\"https:\/\/test.arctic.klean.it\/udflugter\/whale-safari-in-ilimanaq\/\" \/>\n<meta property=\"og:locale\" content=\"da_DK\" \/>\n<meta property=\"og:type\" content=\"article\" \/>\n<meta property=\"og:title\" content=\"Hvalsafari i Ilimanaq - Arctic Excursions\" \/>\n<meta property=\"og:description\" content=\"Tag med p\u00e5 vores hvalsafari i Ilimanaq\" \/>\n<meta property=\"og:url\" content=\"https:\/\/test.arctic.klean.it\/udflugter\/whale-safari-in-ilimanaq\/\" \/>\n<meta property=\"og:site_name\" content=\"Arctic Excursions\" \/>\n<meta property=\"article:modified_time\" content=\"2023-08-15T08:45:49+00:00\" \/>\n<meta property=\"og:image\" content=\"https:\/\/test.arctic.klean.it\/wp-content\/uploads\/2023\/01\/Screenshot_20230128_170636_Gallery-1.jpg\" \/>\n\t<meta property=\"og:image:width\" content=\"2400\" \/>\n\t<meta property=\"og:image:height\" content=\"1080\" \/>\n\t<meta property=\"og:image:type\" content=\"image\/jpeg\" \/>\n<meta name=\"twitter:card\" content=\"summary_large_image\" \/>\n<script type=\"application\/ld+json\" class=\"yoast-schema-graph\">{\"@context\":\"https:\/\/schema.org\",\"@graph\":[{\"@type\":\"WebPage\",\"@id\":\"https:\/\/test.arctic.klean.it\/udflugter\/whale-safari-in-ilimanaq\/\",\"url\":\"https:\/\/test.arctic.klean.it\/udflugter\/whale-safari-in-ilimanaq\/\",\"name\":\"Hvalsafari i Ilimanaq - Arctic Excursions\",\"isPartOf\":{\"@id\":\"https:\/\/test.arctic.klean.it\/#website\"},\"primaryImageOfPage\":{\"@id\":\"https:\/\/test.arctic.klean.it\/udflugter\/whale-safari-in-ilimanaq\/#primaryimage\"},\"image\":{\"@id\":\"https:\/\/test.arctic.klean.it\/udflugter\/whale-safari-in-ilimanaq\/#primaryimage\"},\"thumbnailUrl\":\"https:\/\/test.arctic.klean.it\/wp-content\/uploads\/2023\/01\/Screenshot_20230128_170636_Gallery-1.jpg\",\"datePublished\":\"2023-06-05T11:32:55+00:00\",\"dateModified\":\"2023-08-15T08:45:49+00:00\",\"breadcrumb\":{\"@id\":\"https:\/\/test.arctic.klean.it\/udflugter\/whale-safari-in-ilimanaq\/#breadcrumb\"},\"inLanguage\":\"da-DK\",\"potentialAction\":[{\"@type\":\"ReadAction\",\"target\":[\"https:\/\/test.arctic.klean.it\/udflugter\/whale-safari-in-ilimanaq\/\"]}]},{\"@type\":\"ImageObject\",\"inLanguage\":\"da-DK\",\"@id\":\"https:\/\/test.arctic.klean.it\/udflugter\/whale-safari-in-ilimanaq\/#primaryimage\",\"url\":\"https:\/\/test.arctic.klean.it\/wp-content\/uploads\/2023\/01\/Screenshot_20230128_170636_Gallery-1.jpg\",\"contentUrl\":\"https:\/\/test.arctic.klean.it\/wp-content\/uploads\/2023\/01\/Screenshot_20230128_170636_Gallery-1.jpg\",\"width\":2400,\"height\":1080},{\"@type\":\"BreadcrumbList\",\"@id\":\"https:\/\/test.arctic.klean.it\/udflugter\/whale-safari-in-ilimanaq\/#breadcrumb\",\"itemListElement\":[{\"@type\":\"ListItem\",\"position\":1,\"name\":\"Udflugter i Gr\u00f8nland\",\"item\":\"https:\/\/test.arctic.klean.it\/da\/udflugter\/\"},{\"@type\":\"ListItem\",\"position\":2,\"name\":\"Hvalsafari i Ilimanaq\"}]},{\"@type\":\"WebSite\",\"@id\":\"https:\/\/test.arctic.klean.it\/#website\",\"url\":\"https:\/\/test.arctic.klean.it\/\",\"name\":\"Arctic Excursions\",\"description\":\"New adventures. Every day.\",\"potentialAction\":[{\"@type\":\"SearchAction\",\"target\":{\"@type\":\"EntryPoint\",\"urlTemplate\":\"https:\/\/test.arctic.klean.it\/?s={search_term_string}\"},\"query-input\":{\"@type\":\"PropertyValueSpecification\",\"valueRequired\":true,\"valueName\":\"search_term_string\"}}],\"inLanguage\":\"da-DK\"}]}<\/script>\n<!-- \/ Yoast SEO plugin. -->","yoast_head_json":{"title":"Arctic Excursions","robots":{"index":"index","follow":"follow","max-snippet":"max-snippet:-1","max-image-preview":"max-image-preview:large","max-video-preview":"max-video-preview:-1"},"canonical":"https:\/\/test.arctic.klean.it\/udflugter\/whale-safari-in-ilimanaq\/","og_locale":"da_DK","og_type":"article","og_title":"Hvalsafari i Ilimanaq - Arctic Excursions","og_description":"Tag med p\u00e5 vores hvalsafari i Ilimanaq","og_url":"https:\/\/test.arctic.klean.it\/udflugter\/whale-safari-in-ilimanaq\/","og_site_name":"Arctic Excursions","article_modified_time":"2023-08-15T08:45:49+00:00","og_image":[{"width":2400,"height":1080,"url":"https:\/\/test.arctic.klean.it\/wp-content\/uploads\/2023\/01\/Screenshot_20230128_170636_Gallery-1.jpg","type":"image\/jpeg"}],"twitter_card":"summary_large_image","schema":{"@context":"https:\/\/schema.org","@graph":[{"@type":"WebPage","@id":"https:\/\/test.arctic.klean.it\/udflugter\/whale-safari-in-ilimanaq\/","url":"https:\/\/test.arctic.klean.it\/udflugter\/whale-safari-in-ilimanaq\/","name":"Hvalsafari i Ilimanaq - Arctic Excursions","isPartOf":{"@id":"https:\/\/test.arctic.klean.it\/#website"},"primaryImageOfPage":{"@id":"https:\/\/test.arctic.klean.it\/udflugter\/whale-safari-in-ilimanaq\/#primaryimage"},"image":{"@id":"https:\/\/test.arctic.klean.it\/udflugter\/whale-safari-in-ilimanaq\/#primaryimage"},"thumbnailUrl":"https:\/\/test.arctic.klean.it\/wp-content\/uploads\/2023\/01\/Screenshot_20230128_170636_Gallery-1.jpg","datePublished":"2023-06-05T11:32:55+00:00","dateModified":"2023-08-15T08:45:49+00:00","breadcrumb":{"@id":"https:\/\/test.arctic.klean.it\/udflugter\/whale-safari-in-ilimanaq\/#breadcrumb"},"inLanguage":"da-DK","potentialAction":[{"@type":"ReadAction","target":["https:\/\/test.arctic.klean.it\/udflugter\/whale-safari-in-ilimanaq\/"]}]},{"@type":"ImageObject","inLanguage":"da-DK","@id":"https:\/\/test.arctic.klean.it\/udflugter\/whale-safari-in-ilimanaq\/#primaryimage","url":"https:\/\/test.arctic.klean.it\/wp-content\/uploads\/2023\/01\/Screenshot_20230128_170636_Gallery-1.jpg","contentUrl":"https:\/\/test.arctic.klean.it\/wp-content\/uploads\/2023\/01\/Screenshot_20230128_170636_Gallery-1.jpg","width":2400,"height":1080},{"@type":"BreadcrumbList","@id":"https:\/\/test.arctic.klean.it\/udflugter\/whale-safari-in-ilimanaq\/#breadcrumb","itemListElement":[{"@type":"ListItem","position":1,"name":"Udflugter i Gr\u00f8nland","item":"https:\/\/test.arctic.klean.it\/da\/udflugter\/"},{"@type":"ListItem","position":2,"name":"Hvalsafari i Ilimanaq"}]},{"@type":"WebSite","@id":"https:\/\/test.arctic.klean.it\/#website","url":"https:\/\/test.arctic.klean.it\/","name":"Arctic Excursions","description":"New adventures. Every day.","potentialAction":[{"@type":"SearchAction","target":{"@type":"EntryPoint","urlTemplate":"https:\/\/test.arctic.klean.it\/?s={search_term_string}"},"query-input":{"@type":"PropertyValueSpecification","valueRequired":true,"valueName":"search_term_string"}}],"inLanguage":"da-DK"}]}},"_links":{"self":[{"href":"https:\/\/test.arctic.klean.it\/da\/wp-json\/wp\/v2\/product\/15403","targetHints":{"allow":["GET"]}}],"collection":[{"href":"https:\/\/test.arctic.klean.it\/da\/wp-json\/wp\/v2\/product"}],"about":[{"href":"https:\/\/test.arctic.klean.it\/da\/wp-json\/wp\/v2\/types\/product"}],"replies":[{"embeddable":true,"href":"https:\/\/test.arctic.klean.it\/da\/wp-json\/wp\/v2\/comments?post=15403"}],"wp:featuredmedia":[{"embeddable":true,"href":"https:\/\/test.arctic.klean.it\/da\/wp-json\/wp\/v2\/media\/8691"}],"wp:attachment":[{"href":"https:\/\/test.arctic.klean.it\/da\/wp-json\/wp\/v2\/media?parent=15403"}],"wp:term":[{"taxonomy":"product_brand","embeddable":true,"href":"https:\/\/test.arctic.klean.it\/da\/wp-json\/wp\/v2\/product_brand?post=15403"},{"taxonomy":"product_cat","embeddable":true,"href":"https:\/\/test.arctic.klean.it\/da\/wp-json\/wp\/v2\/product_cat?post=15403"},{"taxonomy":"product_tag","embeddable":true,"href":"https:\/\/test.arctic.klean.it\/da\/wp-json\/wp\/v2\/product_tag?post=15403"}],"curies":[{"name":"wp","href":"https:\/\/api.w.org\/{rel}","templated":true}]}}