{"id":1542,"date":"2022-05-25T14:20:58","date_gmt":"2022-05-25T12:20:58","guid":{"rendered":"https:\/\/test.arctic.klean.it\/?post_type=product&#038;p=1542"},"modified":"2023-03-24T15:01:37","modified_gmt":"2023-03-24T13:01:37","slug":"sommer-gletsjereventyr","status":"publish","type":"product","link":"https:\/\/test.arctic.klean.it\/da\/udflugter\/sommer-gletsjereventyr\/","title":{"rendered":"Sommer Gletsjereventyr"},"content":{"rendered":"<p><strong>Lokation:<\/strong> Qasigiannguit<\/p>\n<p>Vi sejler dig med b\u00e5d til Itilliup Ilua-stranden, der ligger syd for Ilimanaq. Derefter starter vi ATV&#8217;erne og k\u00f8rer over land i cirka 30 minutter, indtil vi kommer til en anden strand, denne gang ved mundingen af Tasiusaq-fjorden. S\u00e5 er det tid til at sejle igen, og denne gang i en \u00e5ben b\u00e5d drevet af en 90-hestekr\u00e6fter motor. Det tager os en times tid at sejle de 40 kilometer fra den ene ende af Tasiusaq-fjorden til den anden, og vi kommer forbi mundingen Ilulissat Isfjord, en hundesl\u00e6derute og et fuglefjeld, f\u00f8r vi ankommer til vores m\u00e5l, Saqqarleq-gletsjeren.<\/p>\n<p>Her kan du nyde din frokost i de dejlige omgivelser, velvidende at din gruppe er de eneste mennesker inden for en 35-kilometers radius.<\/p>\n<p>Vi begiver os nu ud p\u00e5 vores gletsjervandring. Vi g\u00e5r op ad bjerget, til vi kommer t\u00e6ttere p\u00e5 gletsjerens rand. M\u00e5ske h\u00f8rer du isen knage og ser noget vildt dyreliv p\u00e5 dette \u00f8de sted. Du f\u00e5r udleveret pigge og vandrestave, inden vi tr\u00e6der ind i isen. Husk din vandflaske, s\u00e5 du kan nyde det friske, k\u00f8lige smeltevand.<\/p>\n<p><strong>Bem\u00e6rk venligst<\/strong><br \/>\n&#8211; Medbring varmt t\u00f8j<br \/>\n&#8211; Vi s\u00f8rger for alt det specielle udstyr, der er n\u00f8dvendigt til turen<br \/>\n&#8211; Vi serverer kaffe og te ombord<\/p>\n<p><strong>Varighed:\u00a0<\/strong>8 timer<br \/>\n<strong>S\u00e6son:\u00a0<\/strong>Sommer<br \/>\n<strong>Deltagere:\u00a0<\/strong>Min. 4<br \/>\n<strong>Sv\u00e6rhedsgrad:\u00a0<\/strong>Level 1-2<\/p>\n","protected":false},"excerpt":{"rendered":"<p>Kom med op at g\u00e5 p\u00e5 en gletsjer og kig ned i spalterne i isen \u2013 og det er kun en lille del af denne forrygende tur!<\/p>\n","protected":false},"featured_media":2238,"comment_status":"open","ping_status":"closed","template":"","meta":{"_acf_changed":false},"product_brand":[],"product_cat":[170],"product_tag":[159,160],"class_list":{"0":"post-1542","1":"product","2":"type-product","3":"status-publish","4":"has-post-thumbnail","6":"product_cat-udflugt","7":"product_tag-1-da","8":"product_tag-2-da","9":"pa_dato-168","10":"pa_dato-382","11":"pa_tidspunkt-70","12":"pa_tidspunkt-308","13":"tour_location-qasigiannguit-da","14":"tour_type-isbjerge","15":"tour_operator-diskobay-tours","17":"first","18":"outofstock","19":"shipping-taxable","20":"product-type-variable"},"acf":[],"yoast_head":"<!-- This site is optimized with the Yoast SEO plugin v25.2 - https:\/\/yoast.com\/wordpress\/plugins\/seo\/ -->\n<title>Arctic Excursions<\/title>\n<meta name=\"robots\" content=\"index, follow, max-snippet:-1, max-image-preview:large, max-video-preview:-1\" \/>\n<link rel=\"canonical\" href=\"https:\/\/test.arctic.klean.it\/udflugter\/summer-glacier-adventure\/\" \/>\n<meta property=\"og:locale\" content=\"da_DK\" \/>\n<meta property=\"og:type\" content=\"article\" \/>\n<meta property=\"og:title\" content=\"Sommer Gletsjereventyr - Arctic Excursions\" \/>\n<meta property=\"og:description\" content=\"Kom med op at g\u00e5 p\u00e5 en gletsjer og kig ned i spalterne i isen \u2013 og det er kun en lille del af denne forrygende tur!\" \/>\n<meta property=\"og:url\" content=\"https:\/\/test.arctic.klean.it\/udflugter\/summer-glacier-adventure\/\" \/>\n<meta property=\"og:site_name\" content=\"Arctic Excursions\" \/>\n<meta property=\"article:modified_time\" content=\"2023-03-24T13:01:37+00:00\" \/>\n<meta property=\"og:image\" content=\"https:\/\/test.arctic.klean.it\/wp-content\/uploads\/2022\/06\/qasigiannguit-sommer-glacier-adventure-ellen-fjellanger-schmidt.jpg\" \/>\n\t<meta property=\"og:image:width\" content=\"1920\" \/>\n\t<meta property=\"og:image:height\" content=\"1080\" \/>\n\t<meta property=\"og:image:type\" content=\"image\/jpeg\" \/>\n<meta name=\"twitter:card\" content=\"summary_large_image\" \/>\n<meta name=\"twitter:label1\" content=\"Estimeret l\u00e6setid\" \/>\n\t<meta name=\"twitter:data1\" content=\"1 minut\" \/>\n<script type=\"application\/ld+json\" class=\"yoast-schema-graph\">{\"@context\":\"https:\/\/schema.org\",\"@graph\":[{\"@type\":\"WebPage\",\"@id\":\"https:\/\/test.arctic.klean.it\/udflugter\/summer-glacier-adventure\/\",\"url\":\"https:\/\/test.arctic.klean.it\/udflugter\/summer-glacier-adventure\/\",\"name\":\"Sommer Gletsjereventyr - Arctic Excursions\",\"isPartOf\":{\"@id\":\"https:\/\/test.arctic.klean.it\/#website\"},\"primaryImageOfPage\":{\"@id\":\"https:\/\/test.arctic.klean.it\/udflugter\/summer-glacier-adventure\/#primaryimage\"},\"image\":{\"@id\":\"https:\/\/test.arctic.klean.it\/udflugter\/summer-glacier-adventure\/#primaryimage\"},\"thumbnailUrl\":\"https:\/\/test.arctic.klean.it\/wp-content\/uploads\/2022\/06\/qasigiannguit-sommer-glacier-adventure-ellen-fjellanger-schmidt.jpg\",\"datePublished\":\"2022-05-25T12:20:58+00:00\",\"dateModified\":\"2023-03-24T13:01:37+00:00\",\"breadcrumb\":{\"@id\":\"https:\/\/test.arctic.klean.it\/udflugter\/summer-glacier-adventure\/#breadcrumb\"},\"inLanguage\":\"da-DK\",\"potentialAction\":[{\"@type\":\"ReadAction\",\"target\":[\"https:\/\/test.arctic.klean.it\/udflugter\/summer-glacier-adventure\/\"]}]},{\"@type\":\"ImageObject\",\"inLanguage\":\"da-DK\",\"@id\":\"https:\/\/test.arctic.klean.it\/udflugter\/summer-glacier-adventure\/#primaryimage\",\"url\":\"https:\/\/test.arctic.klean.it\/wp-content\/uploads\/2022\/06\/qasigiannguit-sommer-glacier-adventure-ellen-fjellanger-schmidt.jpg\",\"contentUrl\":\"https:\/\/test.arctic.klean.it\/wp-content\/uploads\/2022\/06\/qasigiannguit-sommer-glacier-adventure-ellen-fjellanger-schmidt.jpg\",\"width\":1920,\"height\":1080},{\"@type\":\"BreadcrumbList\",\"@id\":\"https:\/\/test.arctic.klean.it\/udflugter\/summer-glacier-adventure\/#breadcrumb\",\"itemListElement\":[{\"@type\":\"ListItem\",\"position\":1,\"name\":\"Udflugter i Gr\u00f8nland\",\"item\":\"https:\/\/test.arctic.klean.it\/da\/udflugter\/\"},{\"@type\":\"ListItem\",\"position\":2,\"name\":\"Sommer Gletsjereventyr\"}]},{\"@type\":\"WebSite\",\"@id\":\"https:\/\/test.arctic.klean.it\/#website\",\"url\":\"https:\/\/test.arctic.klean.it\/\",\"name\":\"Arctic Excursions\",\"description\":\"New adventures. Every day.\",\"potentialAction\":[{\"@type\":\"SearchAction\",\"target\":{\"@type\":\"EntryPoint\",\"urlTemplate\":\"https:\/\/test.arctic.klean.it\/?s={search_term_string}\"},\"query-input\":{\"@type\":\"PropertyValueSpecification\",\"valueRequired\":true,\"valueName\":\"search_term_string\"}}],\"inLanguage\":\"da-DK\"}]}<\/script>\n<!-- \/ Yoast SEO plugin. -->","yoast_head_json":{"title":"Arctic Excursions","robots":{"index":"index","follow":"follow","max-snippet":"max-snippet:-1","max-image-preview":"max-image-preview:large","max-video-preview":"max-video-preview:-1"},"canonical":"https:\/\/test.arctic.klean.it\/udflugter\/summer-glacier-adventure\/","og_locale":"da_DK","og_type":"article","og_title":"Sommer Gletsjereventyr - Arctic Excursions","og_description":"Kom med op at g\u00e5 p\u00e5 en gletsjer og kig ned i spalterne i isen \u2013 og det er kun en lille del af denne forrygende tur!","og_url":"https:\/\/test.arctic.klean.it\/udflugter\/summer-glacier-adventure\/","og_site_name":"Arctic Excursions","article_modified_time":"2023-03-24T13:01:37+00:00","og_image":[{"width":1920,"height":1080,"url":"https:\/\/test.arctic.klean.it\/wp-content\/uploads\/2022\/06\/qasigiannguit-sommer-glacier-adventure-ellen-fjellanger-schmidt.jpg","type":"image\/jpeg"}],"twitter_card":"summary_large_image","twitter_misc":{"Estimeret l\u00e6setid":"1 minut"},"schema":{"@context":"https:\/\/schema.org","@graph":[{"@type":"WebPage","@id":"https:\/\/test.arctic.klean.it\/udflugter\/summer-glacier-adventure\/","url":"https:\/\/test.arctic.klean.it\/udflugter\/summer-glacier-adventure\/","name":"Sommer Gletsjereventyr - Arctic Excursions","isPartOf":{"@id":"https:\/\/test.arctic.klean.it\/#website"},"primaryImageOfPage":{"@id":"https:\/\/test.arctic.klean.it\/udflugter\/summer-glacier-adventure\/#primaryimage"},"image":{"@id":"https:\/\/test.arctic.klean.it\/udflugter\/summer-glacier-adventure\/#primaryimage"},"thumbnailUrl":"https:\/\/test.arctic.klean.it\/wp-content\/uploads\/2022\/06\/qasigiannguit-sommer-glacier-adventure-ellen-fjellanger-schmidt.jpg","datePublished":"2022-05-25T12:20:58+00:00","dateModified":"2023-03-24T13:01:37+00:00","breadcrumb":{"@id":"https:\/\/test.arctic.klean.it\/udflugter\/summer-glacier-adventure\/#breadcrumb"},"inLanguage":"da-DK","potentialAction":[{"@type":"ReadAction","target":["https:\/\/test.arctic.klean.it\/udflugter\/summer-glacier-adventure\/"]}]},{"@type":"ImageObject","inLanguage":"da-DK","@id":"https:\/\/test.arctic.klean.it\/udflugter\/summer-glacier-adventure\/#primaryimage","url":"https:\/\/test.arctic.klean.it\/wp-content\/uploads\/2022\/06\/qasigiannguit-sommer-glacier-adventure-ellen-fjellanger-schmidt.jpg","contentUrl":"https:\/\/test.arctic.klean.it\/wp-content\/uploads\/2022\/06\/qasigiannguit-sommer-glacier-adventure-ellen-fjellanger-schmidt.jpg","width":1920,"height":1080},{"@type":"BreadcrumbList","@id":"https:\/\/test.arctic.klean.it\/udflugter\/summer-glacier-adventure\/#breadcrumb","itemListElement":[{"@type":"ListItem","position":1,"name":"Udflugter i Gr\u00f8nland","item":"https:\/\/test.arctic.klean.it\/da\/udflugter\/"},{"@type":"ListItem","position":2,"name":"Sommer Gletsjereventyr"}]},{"@type":"WebSite","@id":"https:\/\/test.arctic.klean.it\/#website","url":"https:\/\/test.arctic.klean.it\/","name":"Arctic Excursions","description":"New adventures. Every day.","potentialAction":[{"@type":"SearchAction","target":{"@type":"EntryPoint","urlTemplate":"https:\/\/test.arctic.klean.it\/?s={search_term_string}"},"query-input":{"@type":"PropertyValueSpecification","valueRequired":true,"valueName":"search_term_string"}}],"inLanguage":"da-DK"}]}},"_links":{"self":[{"href":"https:\/\/test.arctic.klean.it\/da\/wp-json\/wp\/v2\/product\/1542","targetHints":{"allow":["GET"]}}],"collection":[{"href":"https:\/\/test.arctic.klean.it\/da\/wp-json\/wp\/v2\/product"}],"about":[{"href":"https:\/\/test.arctic.klean.it\/da\/wp-json\/wp\/v2\/types\/product"}],"replies":[{"embeddable":true,"href":"https:\/\/test.arctic.klean.it\/da\/wp-json\/wp\/v2\/comments?post=1542"}],"wp:featuredmedia":[{"embeddable":true,"href":"https:\/\/test.arctic.klean.it\/da\/wp-json\/wp\/v2\/media\/2238"}],"wp:attachment":[{"href":"https:\/\/test.arctic.klean.it\/da\/wp-json\/wp\/v2\/media?parent=1542"}],"wp:term":[{"taxonomy":"product_brand","embeddable":true,"href":"https:\/\/test.arctic.klean.it\/da\/wp-json\/wp\/v2\/product_brand?post=1542"},{"taxonomy":"product_cat","embeddable":true,"href":"https:\/\/test.arctic.klean.it\/da\/wp-json\/wp\/v2\/product_cat?post=1542"},{"taxonomy":"product_tag","embeddable":true,"href":"https:\/\/test.arctic.klean.it\/da\/wp-json\/wp\/v2\/product_tag?post=1542"}],"curies":[{"name":"wp","href":"https:\/\/api.w.org\/{rel}","templated":true}]}}