{"id":15476,"date":"2023-06-06T12:27:54","date_gmt":"2023-06-06T10:27:54","guid":{"rendered":"https:\/\/test.arctic.klean.it\/?post_type=product&#038;p=15476"},"modified":"2023-06-07T14:05:19","modified_gmt":"2023-06-07T12:05:19","slug":"buggytur-v2","status":"publish","type":"product","link":"https:\/\/test.arctic.klean.it\/da\/udflugter\/buggytur-v2\/","title":{"rendered":"Buggytur (v2)"},"content":{"rendered":"<p>Buggy-turen er en 3,5 timers tur, der f\u00f8rer dig til enden af vejen, der f\u00f8rer til gletsjeren Qajiitaq. Vi starter fra Riding Greenland Hostel og k\u00f8rer dig til det inderste af Eriksfjord, forbi et par f\u00e5refarme, og derefter k\u00f8rer vi dig v\u00e6k fra kysten og op til landet, der ligger t\u00e6t p\u00e5 iskappen Qajiitaq. P\u00e5 denne vej er der ingen g\u00e5rde, kun natur, vilde dyr, f\u00e5r, floder og vandfald. Vi holder en pause, n\u00e5r vi n\u00e5r frem til vejens ende, s\u00e5 du har tid til at se dig omkring og m\u00e5ske tage nogle billeder. Derefter vil turen f\u00f8re dig tilbage til Qassiarsuk, hvor vi startede.<\/p>\n","protected":false},"excerpt":{"rendered":"<p>Kom med p\u00e5 en sjov buggytur p\u00e5 3 timer &#038; 30 min. <\/p>\n","protected":false},"featured_media":9406,"comment_status":"open","ping_status":"closed","template":"","meta":{"_acf_changed":false},"product_brand":[],"product_cat":[101,170],"product_tag":[],"class_list":{"0":"post-15476","1":"product","2":"type-product","3":"status-publish","4":"has-post-thumbnail","6":"product_cat-tour","7":"product_cat-udflugt","8":"pa_dato-657","9":"pa_tidspunkt-40","10":"tour_location-qassiarsuk-da","11":"tour_type-outdoor-da","12":"tour_operator-riding-greenland-hostel","14":"first","15":"outofstock","16":"shipping-taxable","17":"product-type-variable"},"acf":[],"yoast_head":"<!-- This site is optimized with the Yoast SEO plugin v25.2 - https:\/\/yoast.com\/wordpress\/plugins\/seo\/ -->\n<title>Arctic Excursions<\/title>\n<meta name=\"robots\" content=\"index, follow, max-snippet:-1, max-image-preview:large, max-video-preview:-1\" \/>\n<link rel=\"canonical\" href=\"https:\/\/test.arctic.klean.it\/udflugter\/buggy-tour-v2\/\" \/>\n<meta property=\"og:locale\" content=\"da_DK\" \/>\n<meta property=\"og:type\" content=\"article\" \/>\n<meta property=\"og:title\" content=\"Buggytur (v2) - Arctic Excursions\" \/>\n<meta property=\"og:description\" content=\"Kom med p\u00e5 en sjov buggytur p\u00e5 3 timer &amp; 30 min.\" \/>\n<meta property=\"og:url\" content=\"https:\/\/test.arctic.klean.it\/udflugter\/buggy-tour-v2\/\" \/>\n<meta property=\"og:site_name\" content=\"Arctic Excursions\" \/>\n<meta property=\"article:modified_time\" content=\"2023-06-07T12:05:19+00:00\" \/>\n<meta property=\"og:image\" content=\"https:\/\/test.arctic.klean.it\/wp-content\/uploads\/2023\/02\/A1FE2FEE-BD8D-4CCE-97B7-57133C9C0D93-1.jpeg\" \/>\n\t<meta property=\"og:image:width\" content=\"2048\" \/>\n\t<meta property=\"og:image:height\" content=\"1536\" \/>\n\t<meta property=\"og:image:type\" content=\"image\/jpeg\" \/>\n<meta name=\"twitter:card\" content=\"summary_large_image\" \/>\n<meta name=\"twitter:label1\" content=\"Estimeret l\u00e6setid\" \/>\n\t<meta name=\"twitter:data1\" content=\"1 minut\" \/>\n<script type=\"application\/ld+json\" class=\"yoast-schema-graph\">{\"@context\":\"https:\/\/schema.org\",\"@graph\":[{\"@type\":\"WebPage\",\"@id\":\"https:\/\/test.arctic.klean.it\/udflugter\/buggy-tour-v2\/\",\"url\":\"https:\/\/test.arctic.klean.it\/udflugter\/buggy-tour-v2\/\",\"name\":\"Buggytur (v2) - Arctic Excursions\",\"isPartOf\":{\"@id\":\"https:\/\/test.arctic.klean.it\/#website\"},\"primaryImageOfPage\":{\"@id\":\"https:\/\/test.arctic.klean.it\/udflugter\/buggy-tour-v2\/#primaryimage\"},\"image\":{\"@id\":\"https:\/\/test.arctic.klean.it\/udflugter\/buggy-tour-v2\/#primaryimage\"},\"thumbnailUrl\":\"https:\/\/test.arctic.klean.it\/wp-content\/uploads\/2023\/02\/A1FE2FEE-BD8D-4CCE-97B7-57133C9C0D93-1.jpeg\",\"datePublished\":\"2023-06-06T10:27:54+00:00\",\"dateModified\":\"2023-06-07T12:05:19+00:00\",\"breadcrumb\":{\"@id\":\"https:\/\/test.arctic.klean.it\/udflugter\/buggy-tour-v2\/#breadcrumb\"},\"inLanguage\":\"da-DK\",\"potentialAction\":[{\"@type\":\"ReadAction\",\"target\":[\"https:\/\/test.arctic.klean.it\/udflugter\/buggy-tour-v2\/\"]}]},{\"@type\":\"ImageObject\",\"inLanguage\":\"da-DK\",\"@id\":\"https:\/\/test.arctic.klean.it\/udflugter\/buggy-tour-v2\/#primaryimage\",\"url\":\"https:\/\/test.arctic.klean.it\/wp-content\/uploads\/2023\/02\/A1FE2FEE-BD8D-4CCE-97B7-57133C9C0D93-1.jpeg\",\"contentUrl\":\"https:\/\/test.arctic.klean.it\/wp-content\/uploads\/2023\/02\/A1FE2FEE-BD8D-4CCE-97B7-57133C9C0D93-1.jpeg\",\"width\":2048,\"height\":1536},{\"@type\":\"BreadcrumbList\",\"@id\":\"https:\/\/test.arctic.klean.it\/udflugter\/buggy-tour-v2\/#breadcrumb\",\"itemListElement\":[{\"@type\":\"ListItem\",\"position\":1,\"name\":\"Udflugter i Gr\u00f8nland\",\"item\":\"https:\/\/test.arctic.klean.it\/da\/udflugter\/\"},{\"@type\":\"ListItem\",\"position\":2,\"name\":\"Buggytur (v2)\"}]},{\"@type\":\"WebSite\",\"@id\":\"https:\/\/test.arctic.klean.it\/#website\",\"url\":\"https:\/\/test.arctic.klean.it\/\",\"name\":\"Arctic Excursions\",\"description\":\"New adventures. Every day.\",\"potentialAction\":[{\"@type\":\"SearchAction\",\"target\":{\"@type\":\"EntryPoint\",\"urlTemplate\":\"https:\/\/test.arctic.klean.it\/?s={search_term_string}\"},\"query-input\":{\"@type\":\"PropertyValueSpecification\",\"valueRequired\":true,\"valueName\":\"search_term_string\"}}],\"inLanguage\":\"da-DK\"}]}<\/script>\n<!-- \/ Yoast SEO plugin. -->","yoast_head_json":{"title":"Arctic Excursions","robots":{"index":"index","follow":"follow","max-snippet":"max-snippet:-1","max-image-preview":"max-image-preview:large","max-video-preview":"max-video-preview:-1"},"canonical":"https:\/\/test.arctic.klean.it\/udflugter\/buggy-tour-v2\/","og_locale":"da_DK","og_type":"article","og_title":"Buggytur (v2) - Arctic Excursions","og_description":"Kom med p\u00e5 en sjov buggytur p\u00e5 3 timer & 30 min.","og_url":"https:\/\/test.arctic.klean.it\/udflugter\/buggy-tour-v2\/","og_site_name":"Arctic Excursions","article_modified_time":"2023-06-07T12:05:19+00:00","og_image":[{"width":2048,"height":1536,"url":"https:\/\/test.arctic.klean.it\/wp-content\/uploads\/2023\/02\/A1FE2FEE-BD8D-4CCE-97B7-57133C9C0D93-1.jpeg","type":"image\/jpeg"}],"twitter_card":"summary_large_image","twitter_misc":{"Estimeret l\u00e6setid":"1 minut"},"schema":{"@context":"https:\/\/schema.org","@graph":[{"@type":"WebPage","@id":"https:\/\/test.arctic.klean.it\/udflugter\/buggy-tour-v2\/","url":"https:\/\/test.arctic.klean.it\/udflugter\/buggy-tour-v2\/","name":"Buggytur (v2) - Arctic Excursions","isPartOf":{"@id":"https:\/\/test.arctic.klean.it\/#website"},"primaryImageOfPage":{"@id":"https:\/\/test.arctic.klean.it\/udflugter\/buggy-tour-v2\/#primaryimage"},"image":{"@id":"https:\/\/test.arctic.klean.it\/udflugter\/buggy-tour-v2\/#primaryimage"},"thumbnailUrl":"https:\/\/test.arctic.klean.it\/wp-content\/uploads\/2023\/02\/A1FE2FEE-BD8D-4CCE-97B7-57133C9C0D93-1.jpeg","datePublished":"2023-06-06T10:27:54+00:00","dateModified":"2023-06-07T12:05:19+00:00","breadcrumb":{"@id":"https:\/\/test.arctic.klean.it\/udflugter\/buggy-tour-v2\/#breadcrumb"},"inLanguage":"da-DK","potentialAction":[{"@type":"ReadAction","target":["https:\/\/test.arctic.klean.it\/udflugter\/buggy-tour-v2\/"]}]},{"@type":"ImageObject","inLanguage":"da-DK","@id":"https:\/\/test.arctic.klean.it\/udflugter\/buggy-tour-v2\/#primaryimage","url":"https:\/\/test.arctic.klean.it\/wp-content\/uploads\/2023\/02\/A1FE2FEE-BD8D-4CCE-97B7-57133C9C0D93-1.jpeg","contentUrl":"https:\/\/test.arctic.klean.it\/wp-content\/uploads\/2023\/02\/A1FE2FEE-BD8D-4CCE-97B7-57133C9C0D93-1.jpeg","width":2048,"height":1536},{"@type":"BreadcrumbList","@id":"https:\/\/test.arctic.klean.it\/udflugter\/buggy-tour-v2\/#breadcrumb","itemListElement":[{"@type":"ListItem","position":1,"name":"Udflugter i Gr\u00f8nland","item":"https:\/\/test.arctic.klean.it\/da\/udflugter\/"},{"@type":"ListItem","position":2,"name":"Buggytur (v2)"}]},{"@type":"WebSite","@id":"https:\/\/test.arctic.klean.it\/#website","url":"https:\/\/test.arctic.klean.it\/","name":"Arctic Excursions","description":"New adventures. Every day.","potentialAction":[{"@type":"SearchAction","target":{"@type":"EntryPoint","urlTemplate":"https:\/\/test.arctic.klean.it\/?s={search_term_string}"},"query-input":{"@type":"PropertyValueSpecification","valueRequired":true,"valueName":"search_term_string"}}],"inLanguage":"da-DK"}]}},"_links":{"self":[{"href":"https:\/\/test.arctic.klean.it\/da\/wp-json\/wp\/v2\/product\/15476","targetHints":{"allow":["GET"]}}],"collection":[{"href":"https:\/\/test.arctic.klean.it\/da\/wp-json\/wp\/v2\/product"}],"about":[{"href":"https:\/\/test.arctic.klean.it\/da\/wp-json\/wp\/v2\/types\/product"}],"replies":[{"embeddable":true,"href":"https:\/\/test.arctic.klean.it\/da\/wp-json\/wp\/v2\/comments?post=15476"}],"wp:featuredmedia":[{"embeddable":true,"href":"https:\/\/test.arctic.klean.it\/da\/wp-json\/wp\/v2\/media\/9406"}],"wp:attachment":[{"href":"https:\/\/test.arctic.klean.it\/da\/wp-json\/wp\/v2\/media?parent=15476"}],"wp:term":[{"taxonomy":"product_brand","embeddable":true,"href":"https:\/\/test.arctic.klean.it\/da\/wp-json\/wp\/v2\/product_brand?post=15476"},{"taxonomy":"product_cat","embeddable":true,"href":"https:\/\/test.arctic.klean.it\/da\/wp-json\/wp\/v2\/product_cat?post=15476"},{"taxonomy":"product_tag","embeddable":true,"href":"https:\/\/test.arctic.klean.it\/da\/wp-json\/wp\/v2\/product_tag?post=15476"}],"curies":[{"name":"wp","href":"https:\/\/api.w.org\/{rel}","templated":true}]}}