{"id":15602,"date":"2023-06-07T19:24:21","date_gmt":"2023-06-07T17:24:21","guid":{"rendered":"https:\/\/test.arctic.klean.it\/?post_type=product&#038;p=15602"},"modified":"2023-07-04T15:49:21","modified_gmt":"2023-07-04T13:49:21","slug":"laer-groenlandshunden-at-kende-med-os","status":"publish","type":"product","link":"https:\/\/test.arctic.klean.it\/da\/udflugter\/laer-groenlandshunden-at-kende-med-os\/","title":{"rendered":"L\u00e6r gr\u00f8nlandshunden at kende med os"},"content":{"rendered":"<p>Discover THE Greenland Dog.<\/p>\n<p>The legendary Greenlandic symbol! <\/p>\n<p>Why is it crucial for our continued existence in the icy Arctic? <\/p>\n<p>And what makes the dog so powerful? How does it eat? <\/p>\n<p>Meet the adorable puppies and hear from a musher why Greenlanders are so proud of the Greenland Dog!<\/p>\n<p>Duration: 1 hours<\/p>\n<p>Minimum: 4 persons<\/p>\n","protected":false},"excerpt":{"rendered":"<p>Oplev den gr\u00f8nlandske hund og l\u00e6r med at kende med os.<\/p>\n","protected":false},"featured_media":15582,"comment_status":"open","ping_status":"closed","template":"","meta":{"_acf_changed":false},"product_brand":[],"product_cat":[101,170],"product_tag":[],"class_list":{"0":"post-15602","1":"product","2":"type-product","3":"status-publish","4":"has-post-thumbnail","6":"product_cat-tour","7":"product_cat-udflugt","8":"pa_dato-633","9":"pa_dato-662","10":"pa_dato-663","11":"pa_dato-439","12":"pa_dato-664","13":"pa_dato-665","14":"pa_dato-666","15":"pa_dato-491","16":"pa_dato-667","17":"pa_dato-668","18":"pa_dato-669","19":"pa_dato-670","20":"pa_dato-672","21":"pa_dato-673","22":"pa_dato-535","23":"pa_tidspunkt-426","24":"pa_tidspunkt-110","25":"tour_location-ilulissat-da","26":"tour_type-kultur","27":"tour_operator-wonderful-ilulissat","29":"first","30":"outofstock","31":"shipping-taxable","32":"product-type-variable"},"acf":[],"yoast_head":"<!-- This site is optimized with the Yoast SEO plugin v25.2 - https:\/\/yoast.com\/wordpress\/plugins\/seo\/ -->\n<title>Arctic Excursions<\/title>\n<meta name=\"robots\" content=\"index, follow, max-snippet:-1, max-image-preview:large, max-video-preview:-1\" \/>\n<link rel=\"canonical\" href=\"https:\/\/test.arctic.klean.it\/udflugter\/get-to-know-the-greenland-dog\/\" \/>\n<meta property=\"og:locale\" content=\"da_DK\" \/>\n<meta property=\"og:type\" content=\"article\" \/>\n<meta property=\"og:title\" content=\"L\u00e6r gr\u00f8nlandshunden at kende med os - Arctic Excursions\" \/>\n<meta property=\"og:description\" content=\"Oplev den gr\u00f8nlandske hund og l\u00e6r med at kende med os.\" \/>\n<meta property=\"og:url\" content=\"https:\/\/test.arctic.klean.it\/udflugter\/get-to-know-the-greenland-dog\/\" \/>\n<meta property=\"og:site_name\" content=\"Arctic Excursions\" \/>\n<meta property=\"article:modified_time\" content=\"2023-07-04T13:49:21+00:00\" \/>\n<meta property=\"og:image\" content=\"https:\/\/test.arctic.klean.it\/wp-content\/uploads\/2023\/06\/MicrosoftTeams-image-19.png\" \/>\n\t<meta property=\"og:image:width\" content=\"1086\" \/>\n\t<meta property=\"og:image:height\" content=\"702\" \/>\n\t<meta property=\"og:image:type\" content=\"image\/png\" \/>\n<meta name=\"twitter:card\" content=\"summary_large_image\" \/>\n<script type=\"application\/ld+json\" class=\"yoast-schema-graph\">{\"@context\":\"https:\/\/schema.org\",\"@graph\":[{\"@type\":\"WebPage\",\"@id\":\"https:\/\/test.arctic.klean.it\/udflugter\/get-to-know-the-greenland-dog\/\",\"url\":\"https:\/\/test.arctic.klean.it\/udflugter\/get-to-know-the-greenland-dog\/\",\"name\":\"L\u00e6r gr\u00f8nlandshunden at kende med os - Arctic Excursions\",\"isPartOf\":{\"@id\":\"https:\/\/test.arctic.klean.it\/#website\"},\"primaryImageOfPage\":{\"@id\":\"https:\/\/test.arctic.klean.it\/udflugter\/get-to-know-the-greenland-dog\/#primaryimage\"},\"image\":{\"@id\":\"https:\/\/test.arctic.klean.it\/udflugter\/get-to-know-the-greenland-dog\/#primaryimage\"},\"thumbnailUrl\":\"https:\/\/test.arctic.klean.it\/wp-content\/uploads\/2023\/06\/MicrosoftTeams-image-19.png\",\"datePublished\":\"2023-06-07T17:24:21+00:00\",\"dateModified\":\"2023-07-04T13:49:21+00:00\",\"breadcrumb\":{\"@id\":\"https:\/\/test.arctic.klean.it\/udflugter\/get-to-know-the-greenland-dog\/#breadcrumb\"},\"inLanguage\":\"da-DK\",\"potentialAction\":[{\"@type\":\"ReadAction\",\"target\":[\"https:\/\/test.arctic.klean.it\/udflugter\/get-to-know-the-greenland-dog\/\"]}]},{\"@type\":\"ImageObject\",\"inLanguage\":\"da-DK\",\"@id\":\"https:\/\/test.arctic.klean.it\/udflugter\/get-to-know-the-greenland-dog\/#primaryimage\",\"url\":\"https:\/\/test.arctic.klean.it\/wp-content\/uploads\/2023\/06\/MicrosoftTeams-image-19.png\",\"contentUrl\":\"https:\/\/test.arctic.klean.it\/wp-content\/uploads\/2023\/06\/MicrosoftTeams-image-19.png\",\"width\":1086,\"height\":702},{\"@type\":\"BreadcrumbList\",\"@id\":\"https:\/\/test.arctic.klean.it\/udflugter\/get-to-know-the-greenland-dog\/#breadcrumb\",\"itemListElement\":[{\"@type\":\"ListItem\",\"position\":1,\"name\":\"Udflugter i Gr\u00f8nland\",\"item\":\"https:\/\/test.arctic.klean.it\/da\/udflugter\/\"},{\"@type\":\"ListItem\",\"position\":2,\"name\":\"L\u00e6r gr\u00f8nlandshunden at kende med os\"}]},{\"@type\":\"WebSite\",\"@id\":\"https:\/\/test.arctic.klean.it\/#website\",\"url\":\"https:\/\/test.arctic.klean.it\/\",\"name\":\"Arctic Excursions\",\"description\":\"New adventures. Every day.\",\"potentialAction\":[{\"@type\":\"SearchAction\",\"target\":{\"@type\":\"EntryPoint\",\"urlTemplate\":\"https:\/\/test.arctic.klean.it\/?s={search_term_string}\"},\"query-input\":{\"@type\":\"PropertyValueSpecification\",\"valueRequired\":true,\"valueName\":\"search_term_string\"}}],\"inLanguage\":\"da-DK\"}]}<\/script>\n<!-- \/ Yoast SEO plugin. -->","yoast_head_json":{"title":"Arctic Excursions","robots":{"index":"index","follow":"follow","max-snippet":"max-snippet:-1","max-image-preview":"max-image-preview:large","max-video-preview":"max-video-preview:-1"},"canonical":"https:\/\/test.arctic.klean.it\/udflugter\/get-to-know-the-greenland-dog\/","og_locale":"da_DK","og_type":"article","og_title":"L\u00e6r gr\u00f8nlandshunden at kende med os - Arctic Excursions","og_description":"Oplev den gr\u00f8nlandske hund og l\u00e6r med at kende med os.","og_url":"https:\/\/test.arctic.klean.it\/udflugter\/get-to-know-the-greenland-dog\/","og_site_name":"Arctic Excursions","article_modified_time":"2023-07-04T13:49:21+00:00","og_image":[{"width":1086,"height":702,"url":"https:\/\/test.arctic.klean.it\/wp-content\/uploads\/2023\/06\/MicrosoftTeams-image-19.png","type":"image\/png"}],"twitter_card":"summary_large_image","schema":{"@context":"https:\/\/schema.org","@graph":[{"@type":"WebPage","@id":"https:\/\/test.arctic.klean.it\/udflugter\/get-to-know-the-greenland-dog\/","url":"https:\/\/test.arctic.klean.it\/udflugter\/get-to-know-the-greenland-dog\/","name":"L\u00e6r gr\u00f8nlandshunden at kende med os - Arctic Excursions","isPartOf":{"@id":"https:\/\/test.arctic.klean.it\/#website"},"primaryImageOfPage":{"@id":"https:\/\/test.arctic.klean.it\/udflugter\/get-to-know-the-greenland-dog\/#primaryimage"},"image":{"@id":"https:\/\/test.arctic.klean.it\/udflugter\/get-to-know-the-greenland-dog\/#primaryimage"},"thumbnailUrl":"https:\/\/test.arctic.klean.it\/wp-content\/uploads\/2023\/06\/MicrosoftTeams-image-19.png","datePublished":"2023-06-07T17:24:21+00:00","dateModified":"2023-07-04T13:49:21+00:00","breadcrumb":{"@id":"https:\/\/test.arctic.klean.it\/udflugter\/get-to-know-the-greenland-dog\/#breadcrumb"},"inLanguage":"da-DK","potentialAction":[{"@type":"ReadAction","target":["https:\/\/test.arctic.klean.it\/udflugter\/get-to-know-the-greenland-dog\/"]}]},{"@type":"ImageObject","inLanguage":"da-DK","@id":"https:\/\/test.arctic.klean.it\/udflugter\/get-to-know-the-greenland-dog\/#primaryimage","url":"https:\/\/test.arctic.klean.it\/wp-content\/uploads\/2023\/06\/MicrosoftTeams-image-19.png","contentUrl":"https:\/\/test.arctic.klean.it\/wp-content\/uploads\/2023\/06\/MicrosoftTeams-image-19.png","width":1086,"height":702},{"@type":"BreadcrumbList","@id":"https:\/\/test.arctic.klean.it\/udflugter\/get-to-know-the-greenland-dog\/#breadcrumb","itemListElement":[{"@type":"ListItem","position":1,"name":"Udflugter i Gr\u00f8nland","item":"https:\/\/test.arctic.klean.it\/da\/udflugter\/"},{"@type":"ListItem","position":2,"name":"L\u00e6r gr\u00f8nlandshunden at kende med os"}]},{"@type":"WebSite","@id":"https:\/\/test.arctic.klean.it\/#website","url":"https:\/\/test.arctic.klean.it\/","name":"Arctic Excursions","description":"New adventures. Every day.","potentialAction":[{"@type":"SearchAction","target":{"@type":"EntryPoint","urlTemplate":"https:\/\/test.arctic.klean.it\/?s={search_term_string}"},"query-input":{"@type":"PropertyValueSpecification","valueRequired":true,"valueName":"search_term_string"}}],"inLanguage":"da-DK"}]}},"_links":{"self":[{"href":"https:\/\/test.arctic.klean.it\/da\/wp-json\/wp\/v2\/product\/15602","targetHints":{"allow":["GET"]}}],"collection":[{"href":"https:\/\/test.arctic.klean.it\/da\/wp-json\/wp\/v2\/product"}],"about":[{"href":"https:\/\/test.arctic.klean.it\/da\/wp-json\/wp\/v2\/types\/product"}],"replies":[{"embeddable":true,"href":"https:\/\/test.arctic.klean.it\/da\/wp-json\/wp\/v2\/comments?post=15602"}],"wp:featuredmedia":[{"embeddable":true,"href":"https:\/\/test.arctic.klean.it\/da\/wp-json\/wp\/v2\/media\/15582"}],"wp:attachment":[{"href":"https:\/\/test.arctic.klean.it\/da\/wp-json\/wp\/v2\/media?parent=15602"}],"wp:term":[{"taxonomy":"product_brand","embeddable":true,"href":"https:\/\/test.arctic.klean.it\/da\/wp-json\/wp\/v2\/product_brand?post=15602"},{"taxonomy":"product_cat","embeddable":true,"href":"https:\/\/test.arctic.klean.it\/da\/wp-json\/wp\/v2\/product_cat?post=15602"},{"taxonomy":"product_tag","embeddable":true,"href":"https:\/\/test.arctic.klean.it\/da\/wp-json\/wp\/v2\/product_tag?post=15602"}],"curies":[{"name":"wp","href":"https:\/\/api.w.org\/{rel}","templated":true}]}}