{"id":15764,"date":"2023-08-29T11:45:56","date_gmt":"2023-08-29T09:45:56","guid":{"rendered":"https:\/\/test.arctic.klean.it\/?post_type=product&#038;p=15764"},"modified":"2023-08-29T11:46:09","modified_gmt":"2023-08-29T09:46:09","slug":"hundeslaede-tur","status":"publish","type":"product","link":"https:\/\/test.arctic.klean.it\/da\/udflugter\/hundeslaede-tur\/","title":{"rendered":"Hundesl\u00e6de tur"},"content":{"rendered":"<p>Oplev en hundesl\u00e6detur p\u00e5 3 timer til den bl\u00e5 hytte.<\/p>\n","protected":false},"excerpt":{"rendered":"<p>Oplev en hundesl\u00e6detur i Qeqertarsuaq<\/p>\n","protected":false},"featured_media":0,"comment_status":"open","ping_status":"closed","template":"","meta":{"_acf_changed":false},"product_brand":[],"product_cat":[170],"product_tag":[],"class_list":{"0":"post-15764","1":"product","2":"type-product","3":"status-publish","5":"product_cat-udflugt","6":"pa_dato-810","7":"pa_dato-811","8":"pa_dato-812","9":"pa_dato-813","10":"pa_dato-814","11":"pa_dato-815","12":"pa_dato-816","13":"pa_tidspunkt-40","14":"tour_location-qeqertarsuatsiaat-da","15":"tour_type-hundeslaede","17":"first","18":"instock","19":"shipping-taxable","20":"purchasable","21":"product-type-variable"},"acf":[],"yoast_head":"<!-- This site is optimized with the Yoast SEO plugin v25.2 - https:\/\/yoast.com\/wordpress\/plugins\/seo\/ -->\n<title>Arctic Excursions<\/title>\n<meta name=\"robots\" content=\"index, follow, max-snippet:-1, max-image-preview:large, max-video-preview:-1\" \/>\n<link rel=\"canonical\" href=\"https:\/\/test.arctic.klean.it\/da\/udflugter\/hundeslaede-tur\/\" \/>\n<meta property=\"og:locale\" content=\"da_DK\" \/>\n<meta property=\"og:type\" content=\"article\" \/>\n<meta property=\"og:title\" content=\"Hundesl\u00e6de tur - Arctic Excursions\" \/>\n<meta property=\"og:description\" content=\"Oplev en hundesl\u00e6detur i Qeqertarsuaq\" \/>\n<meta property=\"og:url\" content=\"https:\/\/test.arctic.klean.it\/da\/udflugter\/hundeslaede-tur\/\" \/>\n<meta property=\"og:site_name\" content=\"Arctic Excursions\" \/>\n<meta property=\"article:modified_time\" content=\"2023-08-29T09:46:09+00:00\" \/>\n<meta name=\"twitter:card\" content=\"summary_large_image\" \/>\n<script type=\"application\/ld+json\" class=\"yoast-schema-graph\">{\"@context\":\"https:\/\/schema.org\",\"@graph\":[{\"@type\":\"WebPage\",\"@id\":\"https:\/\/test.arctic.klean.it\/da\/udflugter\/hundeslaede-tur\/\",\"url\":\"https:\/\/test.arctic.klean.it\/da\/udflugter\/hundeslaede-tur\/\",\"name\":\"Hundesl\u00e6de tur - Arctic Excursions\",\"isPartOf\":{\"@id\":\"https:\/\/test.arctic.klean.it\/#website\"},\"datePublished\":\"2023-08-29T09:45:56+00:00\",\"dateModified\":\"2023-08-29T09:46:09+00:00\",\"breadcrumb\":{\"@id\":\"https:\/\/test.arctic.klean.it\/da\/udflugter\/hundeslaede-tur\/#breadcrumb\"},\"inLanguage\":\"da-DK\",\"potentialAction\":[{\"@type\":\"ReadAction\",\"target\":[\"https:\/\/test.arctic.klean.it\/da\/udflugter\/hundeslaede-tur\/\"]}]},{\"@type\":\"BreadcrumbList\",\"@id\":\"https:\/\/test.arctic.klean.it\/da\/udflugter\/hundeslaede-tur\/#breadcrumb\",\"itemListElement\":[{\"@type\":\"ListItem\",\"position\":1,\"name\":\"Udflugter i Gr\u00f8nland\",\"item\":\"https:\/\/test.arctic.klean.it\/da\/udflugter\/\"},{\"@type\":\"ListItem\",\"position\":2,\"name\":\"Hundesl\u00e6de tur\"}]},{\"@type\":\"WebSite\",\"@id\":\"https:\/\/test.arctic.klean.it\/#website\",\"url\":\"https:\/\/test.arctic.klean.it\/\",\"name\":\"Arctic Excursions\",\"description\":\"New adventures. Every day.\",\"potentialAction\":[{\"@type\":\"SearchAction\",\"target\":{\"@type\":\"EntryPoint\",\"urlTemplate\":\"https:\/\/test.arctic.klean.it\/?s={search_term_string}\"},\"query-input\":{\"@type\":\"PropertyValueSpecification\",\"valueRequired\":true,\"valueName\":\"search_term_string\"}}],\"inLanguage\":\"da-DK\"}]}<\/script>\n<!-- \/ Yoast SEO plugin. -->","yoast_head_json":{"title":"Arctic Excursions","robots":{"index":"index","follow":"follow","max-snippet":"max-snippet:-1","max-image-preview":"max-image-preview:large","max-video-preview":"max-video-preview:-1"},"canonical":"https:\/\/test.arctic.klean.it\/da\/udflugter\/hundeslaede-tur\/","og_locale":"da_DK","og_type":"article","og_title":"Hundesl\u00e6de tur - Arctic Excursions","og_description":"Oplev en hundesl\u00e6detur i Qeqertarsuaq","og_url":"https:\/\/test.arctic.klean.it\/da\/udflugter\/hundeslaede-tur\/","og_site_name":"Arctic Excursions","article_modified_time":"2023-08-29T09:46:09+00:00","twitter_card":"summary_large_image","schema":{"@context":"https:\/\/schema.org","@graph":[{"@type":"WebPage","@id":"https:\/\/test.arctic.klean.it\/da\/udflugter\/hundeslaede-tur\/","url":"https:\/\/test.arctic.klean.it\/da\/udflugter\/hundeslaede-tur\/","name":"Hundesl\u00e6de tur - Arctic Excursions","isPartOf":{"@id":"https:\/\/test.arctic.klean.it\/#website"},"datePublished":"2023-08-29T09:45:56+00:00","dateModified":"2023-08-29T09:46:09+00:00","breadcrumb":{"@id":"https:\/\/test.arctic.klean.it\/da\/udflugter\/hundeslaede-tur\/#breadcrumb"},"inLanguage":"da-DK","potentialAction":[{"@type":"ReadAction","target":["https:\/\/test.arctic.klean.it\/da\/udflugter\/hundeslaede-tur\/"]}]},{"@type":"BreadcrumbList","@id":"https:\/\/test.arctic.klean.it\/da\/udflugter\/hundeslaede-tur\/#breadcrumb","itemListElement":[{"@type":"ListItem","position":1,"name":"Udflugter i Gr\u00f8nland","item":"https:\/\/test.arctic.klean.it\/da\/udflugter\/"},{"@type":"ListItem","position":2,"name":"Hundesl\u00e6de tur"}]},{"@type":"WebSite","@id":"https:\/\/test.arctic.klean.it\/#website","url":"https:\/\/test.arctic.klean.it\/","name":"Arctic Excursions","description":"New adventures. Every day.","potentialAction":[{"@type":"SearchAction","target":{"@type":"EntryPoint","urlTemplate":"https:\/\/test.arctic.klean.it\/?s={search_term_string}"},"query-input":{"@type":"PropertyValueSpecification","valueRequired":true,"valueName":"search_term_string"}}],"inLanguage":"da-DK"}]}},"_links":{"self":[{"href":"https:\/\/test.arctic.klean.it\/da\/wp-json\/wp\/v2\/product\/15764","targetHints":{"allow":["GET"]}}],"collection":[{"href":"https:\/\/test.arctic.klean.it\/da\/wp-json\/wp\/v2\/product"}],"about":[{"href":"https:\/\/test.arctic.klean.it\/da\/wp-json\/wp\/v2\/types\/product"}],"replies":[{"embeddable":true,"href":"https:\/\/test.arctic.klean.it\/da\/wp-json\/wp\/v2\/comments?post=15764"}],"wp:attachment":[{"href":"https:\/\/test.arctic.klean.it\/da\/wp-json\/wp\/v2\/media?parent=15764"}],"wp:term":[{"taxonomy":"product_brand","embeddable":true,"href":"https:\/\/test.arctic.klean.it\/da\/wp-json\/wp\/v2\/product_brand?post=15764"},{"taxonomy":"product_cat","embeddable":true,"href":"https:\/\/test.arctic.klean.it\/da\/wp-json\/wp\/v2\/product_cat?post=15764"},{"taxonomy":"product_tag","embeddable":true,"href":"https:\/\/test.arctic.klean.it\/da\/wp-json\/wp\/v2\/product_tag?post=15764"}],"curies":[{"name":"wp","href":"https:\/\/api.w.org\/{rel}","templated":true}]}}