{"id":2374,"date":"2021-06-08T20:31:18","date_gmt":"2021-06-08T18:31:18","guid":{"rendered":"https:\/\/test.arctic.klean.it\/?post_type=product&#038;p=2374"},"modified":"2023-08-15T10:45:27","modified_gmt":"2023-08-15T08:45:27","slug":"dagstur-til-eqi-gletsjer","status":"publish","type":"product","link":"https:\/\/test.arctic.klean.it\/da\/udflugter\/dagstur-til-eqi-gletsjer\/","title":{"rendered":"Dagstur til Eqi Gletsjer"},"content":{"rendered":"<p><strong>Lokation:<\/strong> Ilulissat<\/p>\n<p>Eqi Gletsjer, der ender i en fjord 80 kilometer nord for Ilulissat, er en af Gr\u00f8nlands mest imponerende sev\u00e6rdigheder. Med b\u00e5d kan du komme meget t\u00e6t p\u00e5 gletsjeren og forh\u00e5bentlig opleve isstykker, der kn\u00e6kker af. Lyden af de store kn\u00e6 er imponerende og udsigten er vanvittigt flot.<\/p>\n<p>Vi kommer forbi sm\u00e5 bygder, et fantastisk vandfald, stejle bjerge og isbjerge i fantastiske former og nuancer undervejs. Og det er endda bare f\u00f8r vi n\u00e5r gletsjeren og den kolossale indlandsis. Vi kan ogs\u00e5 se s\u00e6ler og hvaler undervejs, hvis vi er heldige.<\/p>\n<p>Inden vi vender tilbage til Ilulissat, spiser vi frokost foran gletsjeren i omkring to timer.<\/p>\n<p><strong>Bem\u00e6rk venligst<\/strong><br \/>\n&#8211; Sejlturens varighed varierer alt efter af b\u00e5dtypen, der anvendes p\u00e5 dagen. Turen kan derfor variere fra 6 til 12 timer. Frokost tager omkring to timer foran gletsjeren.<br \/>\n&#8211; Vi sejler p\u00e5 sikre og komfortable b\u00e5de, men du b\u00f8r stadig pakke varmt t\u00f8j.<br \/>\n&#8211; Se ogs\u00e5 vores ophold p\u00e5 Eqi Glacier Lodge, hvor du kan bo i hytter med en betagende udsigt over gletsjeren.<\/p>\n<p><strong>Varighed:\u00a0<\/strong>6-12 timer<br \/>\n<strong>S\u00e6son: <\/strong>15. juni &#8211; 15. september<br \/>\n<strong>Deltagere: <\/strong>Min. 8<strong><br \/>\n<\/strong><strong>Sv\u00e6rhedsgrad:\u00a0<\/strong>Level 1<\/p>\n","protected":false},"excerpt":{"rendered":"<p>It is possible to get very close to the impressive Eqi Glacier, hearing the thunderous sounds as the ice breaks off<\/p>\n","protected":false},"featured_media":1571,"comment_status":"open","ping_status":"closed","template":"","meta":{"_acf_changed":false},"product_brand":[],"product_cat":[170],"product_tag":[159],"class_list":{"0":"post-2374","1":"product","2":"type-product","3":"status-publish","4":"has-post-thumbnail","6":"product_cat-udflugt","7":"product_tag-1-da","8":"pa_dato-172","9":"pa_dato-260","10":"pa_dato-439","11":"pa_tidspunkt-189","12":"pa_tidspunkt-38","13":"tour_location-ilulissat-da","14":"tour_type-isbjerge","15":"tour_operator-world-of-greenland","17":"first","18":"outofstock","19":"shipping-taxable","20":"product-type-variable"},"acf":[],"yoast_head":"<!-- This site is optimized with the Yoast SEO plugin v25.2 - https:\/\/yoast.com\/wordpress\/plugins\/seo\/ -->\n<title>Arctic Excursions<\/title>\n<meta name=\"robots\" content=\"index, follow, max-snippet:-1, max-image-preview:large, max-video-preview:-1\" \/>\n<link rel=\"canonical\" href=\"https:\/\/test.arctic.klean.it\/udflugter\/day-trip-to-eqi-glacier\/\" \/>\n<meta property=\"og:locale\" content=\"da_DK\" \/>\n<meta property=\"og:type\" content=\"article\" \/>\n<meta property=\"og:title\" content=\"Dagstur til Eqi Gletsjer - Arctic Excursions\" \/>\n<meta property=\"og:description\" content=\"It is possible to get very close to the impressive Eqi Glacier, hearing the thunderous sounds as the ice breaks off\" \/>\n<meta property=\"og:url\" content=\"https:\/\/test.arctic.klean.it\/udflugter\/day-trip-to-eqi-glacier\/\" \/>\n<meta property=\"og:site_name\" content=\"Arctic Excursions\" \/>\n<meta property=\"article:modified_time\" content=\"2023-08-15T08:45:27+00:00\" \/>\n<meta property=\"og:image\" content=\"https:\/\/test.arctic.klean.it\/wp-content\/uploads\/2022\/05\/eqi-glacier1-visitgreenland.jpg\" \/>\n\t<meta property=\"og:image:width\" content=\"1600\" \/>\n\t<meta property=\"og:image:height\" content=\"780\" \/>\n\t<meta property=\"og:image:type\" content=\"image\/jpeg\" \/>\n<meta name=\"twitter:card\" content=\"summary_large_image\" \/>\n<meta name=\"twitter:label1\" content=\"Estimeret l\u00e6setid\" \/>\n\t<meta name=\"twitter:data1\" content=\"1 minut\" \/>\n<script type=\"application\/ld+json\" class=\"yoast-schema-graph\">{\"@context\":\"https:\/\/schema.org\",\"@graph\":[{\"@type\":\"WebPage\",\"@id\":\"https:\/\/test.arctic.klean.it\/udflugter\/day-trip-to-eqi-glacier\/\",\"url\":\"https:\/\/test.arctic.klean.it\/udflugter\/day-trip-to-eqi-glacier\/\",\"name\":\"Dagstur til Eqi Gletsjer - Arctic Excursions\",\"isPartOf\":{\"@id\":\"https:\/\/test.arctic.klean.it\/#website\"},\"primaryImageOfPage\":{\"@id\":\"https:\/\/test.arctic.klean.it\/udflugter\/day-trip-to-eqi-glacier\/#primaryimage\"},\"image\":{\"@id\":\"https:\/\/test.arctic.klean.it\/udflugter\/day-trip-to-eqi-glacier\/#primaryimage\"},\"thumbnailUrl\":\"https:\/\/test.arctic.klean.it\/wp-content\/uploads\/2022\/05\/eqi-glacier1-visitgreenland.jpg\",\"datePublished\":\"2021-06-08T18:31:18+00:00\",\"dateModified\":\"2023-08-15T08:45:27+00:00\",\"breadcrumb\":{\"@id\":\"https:\/\/test.arctic.klean.it\/udflugter\/day-trip-to-eqi-glacier\/#breadcrumb\"},\"inLanguage\":\"da-DK\",\"potentialAction\":[{\"@type\":\"ReadAction\",\"target\":[\"https:\/\/test.arctic.klean.it\/udflugter\/day-trip-to-eqi-glacier\/\"]}]},{\"@type\":\"ImageObject\",\"inLanguage\":\"da-DK\",\"@id\":\"https:\/\/test.arctic.klean.it\/udflugter\/day-trip-to-eqi-glacier\/#primaryimage\",\"url\":\"https:\/\/test.arctic.klean.it\/wp-content\/uploads\/2022\/05\/eqi-glacier1-visitgreenland.jpg\",\"contentUrl\":\"https:\/\/test.arctic.klean.it\/wp-content\/uploads\/2022\/05\/eqi-glacier1-visitgreenland.jpg\",\"width\":1600,\"height\":780},{\"@type\":\"BreadcrumbList\",\"@id\":\"https:\/\/test.arctic.klean.it\/udflugter\/day-trip-to-eqi-glacier\/#breadcrumb\",\"itemListElement\":[{\"@type\":\"ListItem\",\"position\":1,\"name\":\"Udflugter i Gr\u00f8nland\",\"item\":\"https:\/\/test.arctic.klean.it\/da\/udflugter\/\"},{\"@type\":\"ListItem\",\"position\":2,\"name\":\"Dagstur til Eqi Gletsjer\"}]},{\"@type\":\"WebSite\",\"@id\":\"https:\/\/test.arctic.klean.it\/#website\",\"url\":\"https:\/\/test.arctic.klean.it\/\",\"name\":\"Arctic Excursions\",\"description\":\"New adventures. Every day.\",\"potentialAction\":[{\"@type\":\"SearchAction\",\"target\":{\"@type\":\"EntryPoint\",\"urlTemplate\":\"https:\/\/test.arctic.klean.it\/?s={search_term_string}\"},\"query-input\":{\"@type\":\"PropertyValueSpecification\",\"valueRequired\":true,\"valueName\":\"search_term_string\"}}],\"inLanguage\":\"da-DK\"}]}<\/script>\n<!-- \/ Yoast SEO plugin. -->","yoast_head_json":{"title":"Arctic Excursions","robots":{"index":"index","follow":"follow","max-snippet":"max-snippet:-1","max-image-preview":"max-image-preview:large","max-video-preview":"max-video-preview:-1"},"canonical":"https:\/\/test.arctic.klean.it\/udflugter\/day-trip-to-eqi-glacier\/","og_locale":"da_DK","og_type":"article","og_title":"Dagstur til Eqi Gletsjer - Arctic Excursions","og_description":"It is possible to get very close to the impressive Eqi Glacier, hearing the thunderous sounds as the ice breaks off","og_url":"https:\/\/test.arctic.klean.it\/udflugter\/day-trip-to-eqi-glacier\/","og_site_name":"Arctic Excursions","article_modified_time":"2023-08-15T08:45:27+00:00","og_image":[{"width":1600,"height":780,"url":"https:\/\/test.arctic.klean.it\/wp-content\/uploads\/2022\/05\/eqi-glacier1-visitgreenland.jpg","type":"image\/jpeg"}],"twitter_card":"summary_large_image","twitter_misc":{"Estimeret l\u00e6setid":"1 minut"},"schema":{"@context":"https:\/\/schema.org","@graph":[{"@type":"WebPage","@id":"https:\/\/test.arctic.klean.it\/udflugter\/day-trip-to-eqi-glacier\/","url":"https:\/\/test.arctic.klean.it\/udflugter\/day-trip-to-eqi-glacier\/","name":"Dagstur til Eqi Gletsjer - Arctic Excursions","isPartOf":{"@id":"https:\/\/test.arctic.klean.it\/#website"},"primaryImageOfPage":{"@id":"https:\/\/test.arctic.klean.it\/udflugter\/day-trip-to-eqi-glacier\/#primaryimage"},"image":{"@id":"https:\/\/test.arctic.klean.it\/udflugter\/day-trip-to-eqi-glacier\/#primaryimage"},"thumbnailUrl":"https:\/\/test.arctic.klean.it\/wp-content\/uploads\/2022\/05\/eqi-glacier1-visitgreenland.jpg","datePublished":"2021-06-08T18:31:18+00:00","dateModified":"2023-08-15T08:45:27+00:00","breadcrumb":{"@id":"https:\/\/test.arctic.klean.it\/udflugter\/day-trip-to-eqi-glacier\/#breadcrumb"},"inLanguage":"da-DK","potentialAction":[{"@type":"ReadAction","target":["https:\/\/test.arctic.klean.it\/udflugter\/day-trip-to-eqi-glacier\/"]}]},{"@type":"ImageObject","inLanguage":"da-DK","@id":"https:\/\/test.arctic.klean.it\/udflugter\/day-trip-to-eqi-glacier\/#primaryimage","url":"https:\/\/test.arctic.klean.it\/wp-content\/uploads\/2022\/05\/eqi-glacier1-visitgreenland.jpg","contentUrl":"https:\/\/test.arctic.klean.it\/wp-content\/uploads\/2022\/05\/eqi-glacier1-visitgreenland.jpg","width":1600,"height":780},{"@type":"BreadcrumbList","@id":"https:\/\/test.arctic.klean.it\/udflugter\/day-trip-to-eqi-glacier\/#breadcrumb","itemListElement":[{"@type":"ListItem","position":1,"name":"Udflugter i Gr\u00f8nland","item":"https:\/\/test.arctic.klean.it\/da\/udflugter\/"},{"@type":"ListItem","position":2,"name":"Dagstur til Eqi Gletsjer"}]},{"@type":"WebSite","@id":"https:\/\/test.arctic.klean.it\/#website","url":"https:\/\/test.arctic.klean.it\/","name":"Arctic Excursions","description":"New adventures. Every day.","potentialAction":[{"@type":"SearchAction","target":{"@type":"EntryPoint","urlTemplate":"https:\/\/test.arctic.klean.it\/?s={search_term_string}"},"query-input":{"@type":"PropertyValueSpecification","valueRequired":true,"valueName":"search_term_string"}}],"inLanguage":"da-DK"}]}},"_links":{"self":[{"href":"https:\/\/test.arctic.klean.it\/da\/wp-json\/wp\/v2\/product\/2374","targetHints":{"allow":["GET"]}}],"collection":[{"href":"https:\/\/test.arctic.klean.it\/da\/wp-json\/wp\/v2\/product"}],"about":[{"href":"https:\/\/test.arctic.klean.it\/da\/wp-json\/wp\/v2\/types\/product"}],"replies":[{"embeddable":true,"href":"https:\/\/test.arctic.klean.it\/da\/wp-json\/wp\/v2\/comments?post=2374"}],"wp:featuredmedia":[{"embeddable":true,"href":"https:\/\/test.arctic.klean.it\/da\/wp-json\/wp\/v2\/media\/1571"}],"wp:attachment":[{"href":"https:\/\/test.arctic.klean.it\/da\/wp-json\/wp\/v2\/media?parent=2374"}],"wp:term":[{"taxonomy":"product_brand","embeddable":true,"href":"https:\/\/test.arctic.klean.it\/da\/wp-json\/wp\/v2\/product_brand?post=2374"},{"taxonomy":"product_cat","embeddable":true,"href":"https:\/\/test.arctic.klean.it\/da\/wp-json\/wp\/v2\/product_cat?post=2374"},{"taxonomy":"product_tag","embeddable":true,"href":"https:\/\/test.arctic.klean.it\/da\/wp-json\/wp\/v2\/product_tag?post=2374"}],"curies":[{"name":"wp","href":"https:\/\/api.w.org\/{rel}","templated":true}]}}