{"id":2916,"date":"2022-09-13T14:23:01","date_gmt":"2022-09-13T12:23:01","guid":{"rendered":"https:\/\/test.arctic.klean.it\/?post_type=product&#038;p=2916"},"modified":"2023-05-01T11:39:16","modified_gmt":"2023-05-01T09:39:16","slug":"isfjordstur","status":"publish","type":"product","link":"https:\/\/test.arctic.klean.it\/da\/udflugter\/isfjordstur\/","title":{"rendered":"Isfjordstur"},"content":{"rendered":"<p>Afh\u00e6ngigt af hvor meget is der er, sejler vi s\u00e5 langt ind mod Narsap Sermia (isbr\u00e6en), som det er forsvarligt. Hvis du er til fantastiske isskosser, h\u00f8je fjelde og smukke naturscenarier, er dette turen for dig!<\/p>\n<p>P\u00e5 vejen tilbage sejler vi forbi den nedlagte bygd Qoornoq, hvor du f\u00e5r lov til at g\u00e5 en tur.<\/p>\n<p>Det er en opvarmet, lukket b\u00e5d vi sejler med. Siddeplads til 5 personer og en ekstra klapstol. <\/p>\n<p>Drikkevarer og snacks skal selv medbringes. <\/p>\n<p>Vi har fiskegrej og fiskeposer til fisketurene. <\/p>\n<p>Der er toilet ombord i Targa (KASSOQ) b\u00e5den, men intet toilet i Arronet (LILJA)<\/p>\n","protected":false},"excerpt":{"rendered":"<p>Vi sejler dybt ind i Godth\u00e5bsfjorden.<\/p>\n","protected":false},"featured_media":2835,"comment_status":"open","ping_status":"closed","template":"","meta":{"_acf_changed":false},"product_brand":[],"product_cat":[170],"product_tag":[159],"class_list":{"0":"post-2916","1":"product","2":"type-product","3":"status-publish","4":"has-post-thumbnail","6":"product_cat-udflugt","7":"product_tag-1-da","8":"pa_dato-234","9":"pa_dato-236","10":"pa_dato-263","11":"pa_tidspunkt-72","12":"pa_tidspunkt-110","13":"tour_location-nuuk-da","14":"tour_type-baadture","15":"tour_operator-kang-tourism","17":"first","18":"outofstock","19":"shipping-taxable","20":"product-type-variable"},"acf":[],"yoast_head":"<!-- This site is optimized with the Yoast SEO plugin v25.2 - https:\/\/yoast.com\/wordpress\/plugins\/seo\/ -->\n<title>Arctic Excursions<\/title>\n<meta name=\"robots\" content=\"index, follow, max-snippet:-1, max-image-preview:large, max-video-preview:-1\" \/>\n<link rel=\"canonical\" href=\"https:\/\/test.arctic.klean.it\/udflugter\/isfjordstur\/\" \/>\n<meta property=\"og:locale\" content=\"da_DK\" \/>\n<meta property=\"og:type\" content=\"article\" \/>\n<meta property=\"og:title\" content=\"Isfjordstur - Arctic Excursions\" \/>\n<meta property=\"og:description\" content=\"Vi sejler dybt ind i Godth\u00e5bsfjorden.\" \/>\n<meta property=\"og:url\" content=\"https:\/\/test.arctic.klean.it\/udflugter\/isfjordstur\/\" \/>\n<meta property=\"og:site_name\" content=\"Arctic Excursions\" \/>\n<meta property=\"article:modified_time\" content=\"2023-05-01T09:39:16+00:00\" \/>\n<meta property=\"og:image\" content=\"https:\/\/test.arctic.klean.it\/wp-content\/uploads\/2022\/09\/287547747_2259742587522310_4328768350786967560_n.jpg\" \/>\n\t<meta property=\"og:image:width\" content=\"1440\" \/>\n\t<meta property=\"og:image:height\" content=\"1080\" \/>\n\t<meta property=\"og:image:type\" content=\"image\/jpeg\" \/>\n<meta name=\"twitter:card\" content=\"summary_large_image\" \/>\n<meta name=\"twitter:label1\" content=\"Estimeret l\u00e6setid\" \/>\n\t<meta name=\"twitter:data1\" content=\"1 minut\" \/>\n<script type=\"application\/ld+json\" class=\"yoast-schema-graph\">{\"@context\":\"https:\/\/schema.org\",\"@graph\":[{\"@type\":\"WebPage\",\"@id\":\"https:\/\/test.arctic.klean.it\/udflugter\/isfjordstur\/\",\"url\":\"https:\/\/test.arctic.klean.it\/udflugter\/isfjordstur\/\",\"name\":\"Isfjordstur - Arctic Excursions\",\"isPartOf\":{\"@id\":\"https:\/\/test.arctic.klean.it\/#website\"},\"primaryImageOfPage\":{\"@id\":\"https:\/\/test.arctic.klean.it\/udflugter\/isfjordstur\/#primaryimage\"},\"image\":{\"@id\":\"https:\/\/test.arctic.klean.it\/udflugter\/isfjordstur\/#primaryimage\"},\"thumbnailUrl\":\"https:\/\/test.arctic.klean.it\/wp-content\/uploads\/2022\/09\/287547747_2259742587522310_4328768350786967560_n.jpg\",\"datePublished\":\"2022-09-13T12:23:01+00:00\",\"dateModified\":\"2023-05-01T09:39:16+00:00\",\"breadcrumb\":{\"@id\":\"https:\/\/test.arctic.klean.it\/udflugter\/isfjordstur\/#breadcrumb\"},\"inLanguage\":\"da-DK\",\"potentialAction\":[{\"@type\":\"ReadAction\",\"target\":[\"https:\/\/test.arctic.klean.it\/udflugter\/isfjordstur\/\"]}]},{\"@type\":\"ImageObject\",\"inLanguage\":\"da-DK\",\"@id\":\"https:\/\/test.arctic.klean.it\/udflugter\/isfjordstur\/#primaryimage\",\"url\":\"https:\/\/test.arctic.klean.it\/wp-content\/uploads\/2022\/09\/287547747_2259742587522310_4328768350786967560_n.jpg\",\"contentUrl\":\"https:\/\/test.arctic.klean.it\/wp-content\/uploads\/2022\/09\/287547747_2259742587522310_4328768350786967560_n.jpg\",\"width\":1440,\"height\":1080},{\"@type\":\"BreadcrumbList\",\"@id\":\"https:\/\/test.arctic.klean.it\/udflugter\/isfjordstur\/#breadcrumb\",\"itemListElement\":[{\"@type\":\"ListItem\",\"position\":1,\"name\":\"Udflugter i Gr\u00f8nland\",\"item\":\"https:\/\/test.arctic.klean.it\/da\/udflugter\/\"},{\"@type\":\"ListItem\",\"position\":2,\"name\":\"Isfjordstur\"}]},{\"@type\":\"WebSite\",\"@id\":\"https:\/\/test.arctic.klean.it\/#website\",\"url\":\"https:\/\/test.arctic.klean.it\/\",\"name\":\"Arctic Excursions\",\"description\":\"New adventures. Every day.\",\"potentialAction\":[{\"@type\":\"SearchAction\",\"target\":{\"@type\":\"EntryPoint\",\"urlTemplate\":\"https:\/\/test.arctic.klean.it\/?s={search_term_string}\"},\"query-input\":{\"@type\":\"PropertyValueSpecification\",\"valueRequired\":true,\"valueName\":\"search_term_string\"}}],\"inLanguage\":\"da-DK\"}]}<\/script>\n<!-- \/ Yoast SEO plugin. -->","yoast_head_json":{"title":"Arctic Excursions","robots":{"index":"index","follow":"follow","max-snippet":"max-snippet:-1","max-image-preview":"max-image-preview:large","max-video-preview":"max-video-preview:-1"},"canonical":"https:\/\/test.arctic.klean.it\/udflugter\/isfjordstur\/","og_locale":"da_DK","og_type":"article","og_title":"Isfjordstur - Arctic Excursions","og_description":"Vi sejler dybt ind i Godth\u00e5bsfjorden.","og_url":"https:\/\/test.arctic.klean.it\/udflugter\/isfjordstur\/","og_site_name":"Arctic Excursions","article_modified_time":"2023-05-01T09:39:16+00:00","og_image":[{"width":1440,"height":1080,"url":"https:\/\/test.arctic.klean.it\/wp-content\/uploads\/2022\/09\/287547747_2259742587522310_4328768350786967560_n.jpg","type":"image\/jpeg"}],"twitter_card":"summary_large_image","twitter_misc":{"Estimeret l\u00e6setid":"1 minut"},"schema":{"@context":"https:\/\/schema.org","@graph":[{"@type":"WebPage","@id":"https:\/\/test.arctic.klean.it\/udflugter\/isfjordstur\/","url":"https:\/\/test.arctic.klean.it\/udflugter\/isfjordstur\/","name":"Isfjordstur - Arctic Excursions","isPartOf":{"@id":"https:\/\/test.arctic.klean.it\/#website"},"primaryImageOfPage":{"@id":"https:\/\/test.arctic.klean.it\/udflugter\/isfjordstur\/#primaryimage"},"image":{"@id":"https:\/\/test.arctic.klean.it\/udflugter\/isfjordstur\/#primaryimage"},"thumbnailUrl":"https:\/\/test.arctic.klean.it\/wp-content\/uploads\/2022\/09\/287547747_2259742587522310_4328768350786967560_n.jpg","datePublished":"2022-09-13T12:23:01+00:00","dateModified":"2023-05-01T09:39:16+00:00","breadcrumb":{"@id":"https:\/\/test.arctic.klean.it\/udflugter\/isfjordstur\/#breadcrumb"},"inLanguage":"da-DK","potentialAction":[{"@type":"ReadAction","target":["https:\/\/test.arctic.klean.it\/udflugter\/isfjordstur\/"]}]},{"@type":"ImageObject","inLanguage":"da-DK","@id":"https:\/\/test.arctic.klean.it\/udflugter\/isfjordstur\/#primaryimage","url":"https:\/\/test.arctic.klean.it\/wp-content\/uploads\/2022\/09\/287547747_2259742587522310_4328768350786967560_n.jpg","contentUrl":"https:\/\/test.arctic.klean.it\/wp-content\/uploads\/2022\/09\/287547747_2259742587522310_4328768350786967560_n.jpg","width":1440,"height":1080},{"@type":"BreadcrumbList","@id":"https:\/\/test.arctic.klean.it\/udflugter\/isfjordstur\/#breadcrumb","itemListElement":[{"@type":"ListItem","position":1,"name":"Udflugter i Gr\u00f8nland","item":"https:\/\/test.arctic.klean.it\/da\/udflugter\/"},{"@type":"ListItem","position":2,"name":"Isfjordstur"}]},{"@type":"WebSite","@id":"https:\/\/test.arctic.klean.it\/#website","url":"https:\/\/test.arctic.klean.it\/","name":"Arctic Excursions","description":"New adventures. Every day.","potentialAction":[{"@type":"SearchAction","target":{"@type":"EntryPoint","urlTemplate":"https:\/\/test.arctic.klean.it\/?s={search_term_string}"},"query-input":{"@type":"PropertyValueSpecification","valueRequired":true,"valueName":"search_term_string"}}],"inLanguage":"da-DK"}]}},"_links":{"self":[{"href":"https:\/\/test.arctic.klean.it\/da\/wp-json\/wp\/v2\/product\/2916","targetHints":{"allow":["GET"]}}],"collection":[{"href":"https:\/\/test.arctic.klean.it\/da\/wp-json\/wp\/v2\/product"}],"about":[{"href":"https:\/\/test.arctic.klean.it\/da\/wp-json\/wp\/v2\/types\/product"}],"replies":[{"embeddable":true,"href":"https:\/\/test.arctic.klean.it\/da\/wp-json\/wp\/v2\/comments?post=2916"}],"wp:featuredmedia":[{"embeddable":true,"href":"https:\/\/test.arctic.klean.it\/da\/wp-json\/wp\/v2\/media\/2835"}],"wp:attachment":[{"href":"https:\/\/test.arctic.klean.it\/da\/wp-json\/wp\/v2\/media?parent=2916"}],"wp:term":[{"taxonomy":"product_brand","embeddable":true,"href":"https:\/\/test.arctic.klean.it\/da\/wp-json\/wp\/v2\/product_brand?post=2916"},{"taxonomy":"product_cat","embeddable":true,"href":"https:\/\/test.arctic.klean.it\/da\/wp-json\/wp\/v2\/product_cat?post=2916"},{"taxonomy":"product_tag","embeddable":true,"href":"https:\/\/test.arctic.klean.it\/da\/wp-json\/wp\/v2\/product_tag?post=2916"}],"curies":[{"name":"wp","href":"https:\/\/api.w.org\/{rel}","templated":true}]}}