{"id":2952,"date":"2022-09-15T15:37:17","date_gmt":"2022-09-15T13:37:17","guid":{"rendered":"https:\/\/test.arctic.klean.it\/?post_type=product&#038;p=2952"},"modified":"2023-05-12T18:51:19","modified_gmt":"2023-05-12T16:51:19","slug":"fjordsafari","status":"publish","type":"product","link":"https:\/\/test.arctic.klean.it\/da\/udflugter\/fjordsafari\/","title":{"rendered":"Fjordsafari"},"content":{"rendered":"<p>Nyd synet af Nuuk fra s\u00f8 siden og vi sejler videre hen mod Sermitsiaq som er det mest karakteristiske fjeld der er Nuuks varetegn.<\/p>\n<p>P\u00e5 turen kan man se det flotte vandfald ved Sermitsiaq, og hvis vi er heldige, m\u00f8der vi b\u00e5de hvaler og s\u00e6ler p\u00e5 vejen.<\/p>\n<p>Kaptajnen holder aktivt udkig efter hvaler, s\u00e6ler og m\u00e5ske med hj\u00e6lp fra passagererne kan i finde dem.<\/p>\n<p>Det er en opvarmet lukket b\u00e5d vi sejler med. Siddeplads til 5 personer, og en ekstra klappestol. <\/p>\n<p>Drikkevarer og snacks skal selv medbringes. <\/p>\n<p>Vi har fiskegrej og fiskeposer til fisketurene. <\/p>\n<p>Der er toilet ombord i Targa (KASSOQ) b\u00e5den, og ingen toilet i Arronet (LILJA)<\/p>\n","protected":false},"excerpt":{"rendered":"<p>Kom med p\u00e5 en kortere sejltur i Nuuks fjord.<\/p>\n","protected":false},"featured_media":2948,"comment_status":"open","ping_status":"closed","template":"","meta":{"_acf_changed":false},"product_brand":[],"product_cat":[170],"product_tag":[159],"class_list":{"0":"post-2952","1":"product","2":"type-product","3":"status-publish","4":"has-post-thumbnail","6":"product_cat-udflugt","7":"product_tag-1-da","8":"pa_dato-56","9":"pa_dato-62","10":"pa_dato-55","11":"pa_dato-54","12":"pa_dato-89","13":"pa_dato-52","14":"pa_dato-53","15":"pa_dato-51","16":"pa_dato-50","17":"pa_dato-24","18":"pa_dato-26","19":"pa_dato-84","20":"pa_dato-67","21":"pa_dato-71","22":"pa_dato-78","23":"pa_dato-79","24":"pa_dato-28","25":"pa_dato-29","26":"pa_dato-30","27":"pa_dato-32","28":"pa_dato-33","29":"pa_dato-66","30":"pa_dato-65","31":"pa_dato-59","32":"pa_dato-90","33":"pa_dato-74","34":"pa_dato-75","35":"pa_dato-91","36":"pa_dato-43","37":"pa_dato-98","38":"pa_dato-44","39":"pa_dato-94","40":"pa_dato-96","41":"pa_dato-45","42":"pa_dato-97","43":"pa_dato-103","44":"pa_dato-99","45":"pa_dato-102","46":"pa_dato-111","47":"pa_dato-46","48":"pa_dato-108","49":"pa_dato-104","50":"pa_dato-107","51":"pa_dato-105","52":"pa_dato-109","53":"pa_dato-115","54":"pa_dato-48","55":"pa_dato-112","56":"pa_dato-130","57":"pa_dato-114","58":"pa_dato-140","59":"pa_dato-117","60":"pa_dato-116","61":"pa_dato-118","62":"pa_dato-166","63":"pa_dato-184","64":"pa_dato-179","65":"pa_dato-180","66":"pa_dato-192","67":"pa_dato-176","68":"pa_dato-173","69":"pa_dato-191","70":"pa_dato-492","71":"pa_dato-493","72":"pa_dato-175","73":"pa_dato-186","74":"pa_dato-188","75":"pa_dato-494","76":"pa_dato-168","77":"pa_dato-172","78":"pa_dato-495","79":"pa_dato-496","80":"pa_dato-497","81":"pa_dato-498","82":"pa_dato-174","83":"pa_dato-204","84":"pa_dato-499","85":"pa_dato-167","86":"pa_dato-208","87":"pa_dato-49","88":"pa_dato-207","89":"pa_dato-210","90":"pa_dato-181","91":"pa_dato-217","92":"pa_dato-215","93":"pa_dato-228","94":"pa_dato-214","95":"pa_dato-224","96":"pa_dato-218","97":"pa_dato-226","98":"pa_dato-216","99":"pa_dato-238","100":"pa_dato-244","101":"pa_dato-234","102":"pa_dato-236","103":"pa_dato-230","104":"pa_dato-233","105":"pa_dato-169","106":"pa_dato-303","107":"pa_dato-219","108":"pa_dato-246","109":"pa_dato-305","110":"pa_dato-285","111":"pa_dato-254","112":"pa_dato-235","113":"pa_dato-232","114":"pa_dato-237","115":"pa_dato-245","116":"pa_dato-253","117":"pa_dato-307","118":"pa_dato-263","119":"pa_dato-313","120":"pa_dato-436","121":"pa_dato-252","122":"pa_dato-318","123":"pa_dato-262","124":"pa_dato-259","125":"pa_dato-260","126":"pa_dato-433","127":"pa_dato-470","128":"pa_dato-310","129":"pa_dato-329","130":"pa_dato-423","131":"pa_dato-424","132":"pa_dato-225","133":"pa_dato-451","134":"pa_dato-440","135":"pa_dato-425","136":"pa_dato-256","137":"pa_dato-475","138":"pa_dato-452","139":"pa_dato-258","140":"pa_dato-441","141":"pa_dato-427","142":"pa_dato-428","143":"pa_dato-485","144":"pa_dato-453","145":"pa_dato-442","146":"pa_dato-257","147":"pa_dato-429","148":"pa_dato-261","149":"pa_dato-454","150":"pa_dato-443","151":"pa_dato-477","152":"pa_dato-479","153":"pa_dato-533","154":"pa_dato-455","155":"pa_dato-504","156":"pa_dato-444","157":"pa_dato-480","158":"pa_dato-462","159":"pa_dato-445","160":"pa_dato-456","161":"pa_dato-546","162":"pa_dato-505","163":"pa_dato-481","164":"pa_dato-482","165":"pa_dato-446","166":"pa_dato-457","167":"pa_dato-483","168":"pa_dato-484","169":"pa_dato-562","170":"pa_dato-524","171":"pa_dato-525","172":"pa_dato-526","173":"pa_dato-527","174":"pa_dato-220","175":"pa_dato-265","176":"pa_dato-330","177":"pa_dato-458","178":"pa_dato-447","179":"pa_dato-516","180":"pa_dato-517","181":"pa_dato-518","182":"pa_dato-519","183":"pa_dato-520","184":"pa_dato-508","185":"pa_dato-448","186":"pa_dato-459","187":"pa_dato-399","188":"pa_dato-523","189":"pa_dato-400","190":"pa_dato-528","191":"pa_dato-529","192":"pa_dato-449","193":"pa_dato-460","194":"pa_dato-401","195":"pa_dato-402","196":"pa_dato-530","197":"pa_dato-464","198":"pa_dato-532","199":"pa_dato-403","200":"pa_dato-450","201":"pa_dato-404","202":"pa_dato-509","203":"pa_dato-531","204":"pa_dato-332","205":"pa_dato-319","206":"pa_dato-320","207":"pa_dato-327","208":"pa_dato-333","209":"pa_dato-331","210":"pa_dato-408","211":"pa_dato-334","212":"pa_dato-360","213":"pa_dato-361","214":"pa_dato-362","215":"pa_dato-335","216":"pa_dato-336","217":"pa_dato-409","218":"pa_dato-337","219":"pa_dato-363","220":"pa_dato-364","221":"pa_dato-365","222":"pa_dato-338","223":"pa_dato-339","224":"pa_dato-410","225":"pa_dato-340","226":"pa_dato-366","227":"pa_dato-367","228":"pa_dato-368","229":"pa_dato-341","230":"pa_dato-342","231":"pa_dato-411","232":"pa_dato-343","233":"pa_dato-369","234":"pa_dato-370","235":"pa_dato-371","236":"pa_dato-344","237":"pa_dato-345","238":"pa_dato-412","239":"pa_dato-346","240":"pa_dato-372","241":"pa_dato-373","242":"pa_dato-374","243":"pa_dato-347","244":"pa_dato-348","245":"pa_dato-413","246":"pa_dato-349","247":"pa_dato-375","248":"pa_dato-376","249":"pa_dato-377","250":"pa_dato-350","251":"pa_dato-351","252":"pa_dato-414","253":"pa_dato-352","254":"pa_dato-378","255":"pa_dato-379","256":"pa_dato-380","257":"pa_dato-353","258":"pa_dato-354","259":"pa_dato-415","260":"pa_dato-355","261":"pa_dato-381","262":"pa_dato-382","263":"pa_dato-383","264":"pa_dato-356","265":"pa_dato-357","266":"pa_dato-416","267":"pa_dato-358","268":"pa_dato-384","269":"pa_dato-385","270":"pa_dato-386","271":"pa_dato-359","272":"pa_dato-387","273":"pa_dato-417","274":"pa_dato-418","275":"pa_dato-388","276":"pa_dato-389","277":"pa_dato-390","278":"pa_dato-405","279":"pa_dato-391","280":"pa_dato-419","281":"pa_dato-420","282":"pa_dato-392","283":"pa_dato-393","284":"pa_dato-394","285":"pa_dato-406","286":"pa_dato-395","287":"pa_dato-421","288":"pa_dato-422","289":"pa_dato-396","290":"pa_dato-397","291":"pa_dato-398","292":"pa_dato-407","293":"pa_dato-641","294":"pa_dato-439","295":"pa_dato-490","296":"pa_dato-491","297":"pa_dato-222","298":"pa_dato-502","299":"pa_dato-503","300":"pa_dato-535","301":"pa_dato-534","302":"pa_dato-536","303":"pa_dato-537","304":"pa_dato-538","305":"pa_dato-539","306":"pa_dato-540","307":"pa_dato-500","308":"pa_dato-541","309":"pa_dato-542","310":"pa_dato-543","311":"pa_dato-465","312":"pa_dato-547","313":"pa_dato-548","314":"pa_dato-549","315":"pa_dato-550","316":"pa_dato-551","317":"pa_dato-552","318":"pa_dato-553","319":"pa_dato-554","320":"pa_dato-555","321":"pa_dato-556","322":"pa_dato-557","323":"pa_dato-558","324":"pa_dato-521","325":"pa_dato-522","326":"pa_dato-559","327":"pa_dato-560","328":"pa_dato-561","329":"pa_dato-510","330":"pa_dato-513","331":"pa_dato-511","332":"pa_dato-512","333":"pa_tidspunkt-187","334":"pa_tidspunkt-64","335":"pa_tidspunkt-113","336":"pa_tidspunkt-63","337":"pa_tidspunkt-185","338":"pa_tidspunkt-178","339":"pa_tidspunkt-106","340":"pa_tidspunkt-212","341":"pa_tidspunkt-209","342":"pa_tidspunkt-189","343":"pa_tidspunkt-34","344":"pa_tidspunkt-35","345":"pa_tidspunkt-36","346":"pa_tidspunkt-72","347":"pa_tidspunkt-37","348":"pa_tidspunkt-38","349":"pa_tidspunkt-92","350":"pa_tidspunkt-40","351":"pa_tidspunkt-58","352":"pa_tidspunkt-76","353":"pa_tidspunkt-304","354":"pa_tidspunkt-77","355":"pa_tidspunkt-221","356":"pa_tidspunkt-190","357":"pa_tidspunkt-223","358":"pa_tidspunkt-229","359":"pa_tidspunkt-182","360":"pa_tidspunkt-314","361":"pa_tidspunkt-478","362":"pa_tidspunkt-317","363":"pa_tidspunkt-227","364":"pa_tidspunkt-308","365":"pa_tidspunkt-431","366":"pa_tidspunkt-27","367":"pa_tidspunkt-430","368":"pa_tidspunkt-61","369":"pa_tidspunkt-83","370":"pa_tidspunkt-60","371":"pa_tidspunkt-93","372":"pa_tidspunkt-426","373":"pa_tidspunkt-39","374":"pa_tidspunkt-57","375":"pa_tidspunkt-68","376":"pa_tidspunkt-110","377":"pa_tidspunkt-69","378":"pa_tidspunkt-432","379":"pa_tidspunkt-205","380":"pa_tidspunkt-255","381":"pa_tidspunkt-86","382":"pa_tidspunkt-438","383":"pa_tidspunkt-80","384":"pa_tidspunkt-85","385":"pa_tidspunkt-231","386":"pa_tidspunkt-82","387":"pa_tidspunkt-73","388":"pa_tidspunkt-463","389":"pa_tidspunkt-95","390":"pa_tidspunkt-81","391":"pa_tidspunkt-select-a-time","392":"tour_location-nuuk-da","393":"tour_type-baadture","394":"tour_operator-kang-tourism","396":"first","397":"outofstock","398":"shipping-taxable","399":"product-type-variable"},"acf":[],"yoast_head":"<!-- This site is optimized with the Yoast SEO plugin v25.2 - https:\/\/yoast.com\/wordpress\/plugins\/seo\/ -->\n<title>Arctic Excursions<\/title>\n<meta name=\"robots\" content=\"index, follow, max-snippet:-1, max-image-preview:large, max-video-preview:-1\" \/>\n<link rel=\"canonical\" href=\"https:\/\/test.arctic.klean.it\/udflugter\/fjordsafari\/\" \/>\n<meta property=\"og:locale\" content=\"da_DK\" \/>\n<meta property=\"og:type\" content=\"article\" \/>\n<meta property=\"og:title\" content=\"Fjordsafari - Arctic Excursions\" \/>\n<meta property=\"og:description\" content=\"Kom med p\u00e5 en kortere sejltur i Nuuks fjord.\" \/>\n<meta property=\"og:url\" content=\"https:\/\/test.arctic.klean.it\/udflugter\/fjordsafari\/\" \/>\n<meta property=\"og:site_name\" content=\"Arctic Excursions\" \/>\n<meta property=\"article:modified_time\" content=\"2023-05-12T16:51:19+00:00\" \/>\n<meta property=\"og:image\" content=\"https:\/\/test.arctic.klean.it\/wp-content\/uploads\/2022\/09\/Kang-Tourism-3.jpg\" \/>\n\t<meta property=\"og:image:width\" content=\"2048\" \/>\n\t<meta property=\"og:image:height\" content=\"1536\" \/>\n\t<meta property=\"og:image:type\" content=\"image\/jpeg\" \/>\n<meta name=\"twitter:card\" content=\"summary_large_image\" \/>\n<meta name=\"twitter:label1\" content=\"Estimeret l\u00e6setid\" \/>\n\t<meta name=\"twitter:data1\" content=\"1 minut\" \/>\n<script type=\"application\/ld+json\" class=\"yoast-schema-graph\">{\"@context\":\"https:\/\/schema.org\",\"@graph\":[{\"@type\":\"WebPage\",\"@id\":\"https:\/\/test.arctic.klean.it\/udflugter\/fjordsafari\/\",\"url\":\"https:\/\/test.arctic.klean.it\/udflugter\/fjordsafari\/\",\"name\":\"Fjordsafari - Arctic Excursions\",\"isPartOf\":{\"@id\":\"https:\/\/test.arctic.klean.it\/#website\"},\"primaryImageOfPage\":{\"@id\":\"https:\/\/test.arctic.klean.it\/udflugter\/fjordsafari\/#primaryimage\"},\"image\":{\"@id\":\"https:\/\/test.arctic.klean.it\/udflugter\/fjordsafari\/#primaryimage\"},\"thumbnailUrl\":\"https:\/\/test.arctic.klean.it\/wp-content\/uploads\/2022\/09\/Kang-Tourism-3.jpg\",\"datePublished\":\"2022-09-15T13:37:17+00:00\",\"dateModified\":\"2023-05-12T16:51:19+00:00\",\"breadcrumb\":{\"@id\":\"https:\/\/test.arctic.klean.it\/udflugter\/fjordsafari\/#breadcrumb\"},\"inLanguage\":\"da-DK\",\"potentialAction\":[{\"@type\":\"ReadAction\",\"target\":[\"https:\/\/test.arctic.klean.it\/udflugter\/fjordsafari\/\"]}]},{\"@type\":\"ImageObject\",\"inLanguage\":\"da-DK\",\"@id\":\"https:\/\/test.arctic.klean.it\/udflugter\/fjordsafari\/#primaryimage\",\"url\":\"https:\/\/test.arctic.klean.it\/wp-content\/uploads\/2022\/09\/Kang-Tourism-3.jpg\",\"contentUrl\":\"https:\/\/test.arctic.klean.it\/wp-content\/uploads\/2022\/09\/Kang-Tourism-3.jpg\",\"width\":2048,\"height\":1536},{\"@type\":\"BreadcrumbList\",\"@id\":\"https:\/\/test.arctic.klean.it\/udflugter\/fjordsafari\/#breadcrumb\",\"itemListElement\":[{\"@type\":\"ListItem\",\"position\":1,\"name\":\"Udflugter i Gr\u00f8nland\",\"item\":\"https:\/\/test.arctic.klean.it\/da\/udflugter\/\"},{\"@type\":\"ListItem\",\"position\":2,\"name\":\"Fjordsafari\"}]},{\"@type\":\"WebSite\",\"@id\":\"https:\/\/test.arctic.klean.it\/#website\",\"url\":\"https:\/\/test.arctic.klean.it\/\",\"name\":\"Arctic Excursions\",\"description\":\"New adventures. Every day.\",\"potentialAction\":[{\"@type\":\"SearchAction\",\"target\":{\"@type\":\"EntryPoint\",\"urlTemplate\":\"https:\/\/test.arctic.klean.it\/?s={search_term_string}\"},\"query-input\":{\"@type\":\"PropertyValueSpecification\",\"valueRequired\":true,\"valueName\":\"search_term_string\"}}],\"inLanguage\":\"da-DK\"}]}<\/script>\n<!-- \/ Yoast SEO plugin. -->","yoast_head_json":{"title":"Arctic Excursions","robots":{"index":"index","follow":"follow","max-snippet":"max-snippet:-1","max-image-preview":"max-image-preview:large","max-video-preview":"max-video-preview:-1"},"canonical":"https:\/\/test.arctic.klean.it\/udflugter\/fjordsafari\/","og_locale":"da_DK","og_type":"article","og_title":"Fjordsafari - Arctic Excursions","og_description":"Kom med p\u00e5 en kortere sejltur i Nuuks fjord.","og_url":"https:\/\/test.arctic.klean.it\/udflugter\/fjordsafari\/","og_site_name":"Arctic Excursions","article_modified_time":"2023-05-12T16:51:19+00:00","og_image":[{"width":2048,"height":1536,"url":"https:\/\/test.arctic.klean.it\/wp-content\/uploads\/2022\/09\/Kang-Tourism-3.jpg","type":"image\/jpeg"}],"twitter_card":"summary_large_image","twitter_misc":{"Estimeret l\u00e6setid":"1 minut"},"schema":{"@context":"https:\/\/schema.org","@graph":[{"@type":"WebPage","@id":"https:\/\/test.arctic.klean.it\/udflugter\/fjordsafari\/","url":"https:\/\/test.arctic.klean.it\/udflugter\/fjordsafari\/","name":"Fjordsafari - Arctic Excursions","isPartOf":{"@id":"https:\/\/test.arctic.klean.it\/#website"},"primaryImageOfPage":{"@id":"https:\/\/test.arctic.klean.it\/udflugter\/fjordsafari\/#primaryimage"},"image":{"@id":"https:\/\/test.arctic.klean.it\/udflugter\/fjordsafari\/#primaryimage"},"thumbnailUrl":"https:\/\/test.arctic.klean.it\/wp-content\/uploads\/2022\/09\/Kang-Tourism-3.jpg","datePublished":"2022-09-15T13:37:17+00:00","dateModified":"2023-05-12T16:51:19+00:00","breadcrumb":{"@id":"https:\/\/test.arctic.klean.it\/udflugter\/fjordsafari\/#breadcrumb"},"inLanguage":"da-DK","potentialAction":[{"@type":"ReadAction","target":["https:\/\/test.arctic.klean.it\/udflugter\/fjordsafari\/"]}]},{"@type":"ImageObject","inLanguage":"da-DK","@id":"https:\/\/test.arctic.klean.it\/udflugter\/fjordsafari\/#primaryimage","url":"https:\/\/test.arctic.klean.it\/wp-content\/uploads\/2022\/09\/Kang-Tourism-3.jpg","contentUrl":"https:\/\/test.arctic.klean.it\/wp-content\/uploads\/2022\/09\/Kang-Tourism-3.jpg","width":2048,"height":1536},{"@type":"BreadcrumbList","@id":"https:\/\/test.arctic.klean.it\/udflugter\/fjordsafari\/#breadcrumb","itemListElement":[{"@type":"ListItem","position":1,"name":"Udflugter i Gr\u00f8nland","item":"https:\/\/test.arctic.klean.it\/da\/udflugter\/"},{"@type":"ListItem","position":2,"name":"Fjordsafari"}]},{"@type":"WebSite","@id":"https:\/\/test.arctic.klean.it\/#website","url":"https:\/\/test.arctic.klean.it\/","name":"Arctic Excursions","description":"New adventures. Every day.","potentialAction":[{"@type":"SearchAction","target":{"@type":"EntryPoint","urlTemplate":"https:\/\/test.arctic.klean.it\/?s={search_term_string}"},"query-input":{"@type":"PropertyValueSpecification","valueRequired":true,"valueName":"search_term_string"}}],"inLanguage":"da-DK"}]}},"_links":{"self":[{"href":"https:\/\/test.arctic.klean.it\/da\/wp-json\/wp\/v2\/product\/2952","targetHints":{"allow":["GET"]}}],"collection":[{"href":"https:\/\/test.arctic.klean.it\/da\/wp-json\/wp\/v2\/product"}],"about":[{"href":"https:\/\/test.arctic.klean.it\/da\/wp-json\/wp\/v2\/types\/product"}],"replies":[{"embeddable":true,"href":"https:\/\/test.arctic.klean.it\/da\/wp-json\/wp\/v2\/comments?post=2952"}],"wp:featuredmedia":[{"embeddable":true,"href":"https:\/\/test.arctic.klean.it\/da\/wp-json\/wp\/v2\/media\/2948"}],"wp:attachment":[{"href":"https:\/\/test.arctic.klean.it\/da\/wp-json\/wp\/v2\/media?parent=2952"}],"wp:term":[{"taxonomy":"product_brand","embeddable":true,"href":"https:\/\/test.arctic.klean.it\/da\/wp-json\/wp\/v2\/product_brand?post=2952"},{"taxonomy":"product_cat","embeddable":true,"href":"https:\/\/test.arctic.klean.it\/da\/wp-json\/wp\/v2\/product_cat?post=2952"},{"taxonomy":"product_tag","embeddable":true,"href":"https:\/\/test.arctic.klean.it\/da\/wp-json\/wp\/v2\/product_tag?post=2952"}],"curies":[{"name":"wp","href":"https:\/\/api.w.org\/{rel}","templated":true}]}}