{"id":2958,"date":"2022-09-15T16:12:48","date_gmt":"2022-09-15T14:12:48","guid":{"rendered":"https:\/\/test.arctic.klean.it\/?post_type=product&#038;p=2958"},"modified":"2023-08-15T10:45:24","modified_gmt":"2023-08-15T08:45:24","slug":"trip-to-the-greenland-ice-sheet-point-660","status":"publish","type":"product","link":"https:\/\/test.arctic.klean.it\/da\/udflugter\/trip-to-the-greenland-ice-sheet-point-660\/","title":{"rendered":"Tur til Indlandsisen &#8211; Punkt 660"},"content":{"rendered":"<p>Kraftige 4WD-k\u00f8ret\u00f8jer vil tage os gennem et utroligt smukt landskab, gennem bjerge, sletter og semi-\u00f8rkendale. N\u00e6r Indlandsisen vandrer vi gennem det fantastiske mor\u00e6nelandskab.<\/p>\n<p>For enden af \u200b\u200bvejen g\u00e5r vi til Gr\u00f8nlands Indlandsis og ind p\u00e5 den store indlandsis. Vi bruger lidt tid p\u00e5 at udforske denne isverden, f\u00f8r vi vender tilbage til vores k\u00f8ret\u00f8j.<\/p>\n<p>Der er gode chancer for at f\u00e5 \u00f8je p\u00e5 rensdyr, moskusokser og mange fugle- og blomsterarter.<\/p>\n","protected":false},"excerpt":{"rendered":"<p>Meget f\u00e5 steder tilbyder en s\u00e5 f\u00e6nomenal udsigt over Gr\u00f8nlands Indlandsis som Punkt 660, der ligger ved indlandsisens kant. Derfor er dette en af \u200b\u200bde mest popul\u00e6re udflugter i Gr\u00f8nland!<\/p>\n","protected":false},"featured_media":2955,"comment_status":"open","ping_status":"closed","template":"","meta":{"_acf_changed":false},"product_brand":[],"product_cat":[170],"product_tag":[160],"class_list":{"0":"post-2958","1":"product","2":"type-product","3":"status-publish","4":"has-post-thumbnail","6":"product_cat-udflugt","7":"product_tag-2-da","8":"pa_dato-256","9":"pa_dato-475","10":"pa_dato-220","11":"pa_dato-265","12":"pa_dato-529","13":"pa_dato-401","14":"pa_dato-530","15":"pa_dato-403","16":"pa_dato-509","17":"pa_dato-531","18":"pa_dato-332","19":"pa_dato-319","20":"pa_dato-320","21":"pa_dato-327","22":"pa_dato-331","23":"pa_dato-408","24":"pa_dato-334","25":"pa_dato-360","26":"pa_dato-361","27":"pa_dato-362","28":"pa_dato-336","29":"pa_dato-409","30":"pa_dato-337","31":"pa_dato-363","32":"pa_dato-364","33":"pa_dato-365","34":"pa_dato-339","35":"pa_dato-410","36":"pa_dato-340","37":"pa_dato-366","38":"pa_dato-367","39":"pa_dato-368","40":"pa_dato-342","41":"pa_dato-411","42":"pa_dato-391","43":"pa_dato-543","44":"pa_tidspunkt-40","45":"pa_tidspunkt-304","46":"pa_tidspunkt-314","47":"pa_tidspunkt-308","48":"tour_location-kangerlussuaq-da","49":"tour_type-isbjerge","50":"tour_operator-albatros-arctic-circle-kangerlussuaq","52":"first","53":"outofstock","54":"shipping-taxable","55":"product-type-variable"},"acf":[],"yoast_head":"<!-- This site is optimized with the Yoast SEO plugin v25.2 - https:\/\/yoast.com\/wordpress\/plugins\/seo\/ -->\n<title>Arctic Excursions<\/title>\n<meta name=\"robots\" content=\"index, follow, max-snippet:-1, max-image-preview:large, max-video-preview:-1\" \/>\n<link rel=\"canonical\" href=\"https:\/\/test.arctic.klean.it\/udflugter\/trip-to-the-greenland-ice-sheet-point-660\/\" \/>\n<meta property=\"og:locale\" content=\"da_DK\" \/>\n<meta property=\"og:type\" content=\"article\" \/>\n<meta property=\"og:title\" content=\"Tur til Indlandsisen - Punkt 660 - Arctic Excursions\" \/>\n<meta property=\"og:description\" content=\"Meget f\u00e5 steder tilbyder en s\u00e5 f\u00e6nomenal udsigt over Gr\u00f8nlands Indlandsis som Punkt 660, der ligger ved indlandsisens kant. Derfor er dette en af \u200b\u200bde mest popul\u00e6re udflugter i Gr\u00f8nland!\" \/>\n<meta property=\"og:url\" content=\"https:\/\/test.arctic.klean.it\/udflugter\/trip-to-the-greenland-ice-sheet-point-660\/\" \/>\n<meta property=\"og:site_name\" content=\"Arctic Excursions\" \/>\n<meta property=\"article:modified_time\" content=\"2023-08-15T08:45:24+00:00\" \/>\n<meta property=\"og:image\" content=\"https:\/\/test.arctic.klean.it\/wp-content\/uploads\/2022\/09\/ALBATROS-ARCTIC-CIRCLE-Point-660-scaled.jpg\" \/>\n\t<meta property=\"og:image:width\" content=\"2560\" \/>\n\t<meta property=\"og:image:height\" content=\"1702\" \/>\n\t<meta property=\"og:image:type\" content=\"image\/jpeg\" \/>\n<meta name=\"twitter:card\" content=\"summary_large_image\" \/>\n<meta name=\"twitter:label1\" content=\"Estimeret l\u00e6setid\" \/>\n\t<meta name=\"twitter:data1\" content=\"2 minutter\" \/>\n<script type=\"application\/ld+json\" class=\"yoast-schema-graph\">{\"@context\":\"https:\/\/schema.org\",\"@graph\":[{\"@type\":\"WebPage\",\"@id\":\"https:\/\/test.arctic.klean.it\/udflugter\/trip-to-the-greenland-ice-sheet-point-660\/\",\"url\":\"https:\/\/test.arctic.klean.it\/udflugter\/trip-to-the-greenland-ice-sheet-point-660\/\",\"name\":\"Tur til Indlandsisen - Punkt 660 - Arctic Excursions\",\"isPartOf\":{\"@id\":\"https:\/\/test.arctic.klean.it\/#website\"},\"primaryImageOfPage\":{\"@id\":\"https:\/\/test.arctic.klean.it\/udflugter\/trip-to-the-greenland-ice-sheet-point-660\/#primaryimage\"},\"image\":{\"@id\":\"https:\/\/test.arctic.klean.it\/udflugter\/trip-to-the-greenland-ice-sheet-point-660\/#primaryimage\"},\"thumbnailUrl\":\"https:\/\/test.arctic.klean.it\/wp-content\/uploads\/2022\/09\/ALBATROS-ARCTIC-CIRCLE-Point-660-scaled.jpg\",\"datePublished\":\"2022-09-15T14:12:48+00:00\",\"dateModified\":\"2023-08-15T08:45:24+00:00\",\"breadcrumb\":{\"@id\":\"https:\/\/test.arctic.klean.it\/udflugter\/trip-to-the-greenland-ice-sheet-point-660\/#breadcrumb\"},\"inLanguage\":\"da-DK\",\"potentialAction\":[{\"@type\":\"ReadAction\",\"target\":[\"https:\/\/test.arctic.klean.it\/udflugter\/trip-to-the-greenland-ice-sheet-point-660\/\"]}]},{\"@type\":\"ImageObject\",\"inLanguage\":\"da-DK\",\"@id\":\"https:\/\/test.arctic.klean.it\/udflugter\/trip-to-the-greenland-ice-sheet-point-660\/#primaryimage\",\"url\":\"https:\/\/test.arctic.klean.it\/wp-content\/uploads\/2022\/09\/ALBATROS-ARCTIC-CIRCLE-Point-660-scaled.jpg\",\"contentUrl\":\"https:\/\/test.arctic.klean.it\/wp-content\/uploads\/2022\/09\/ALBATROS-ARCTIC-CIRCLE-Point-660-scaled.jpg\",\"width\":2560,\"height\":1702},{\"@type\":\"BreadcrumbList\",\"@id\":\"https:\/\/test.arctic.klean.it\/udflugter\/trip-to-the-greenland-ice-sheet-point-660\/#breadcrumb\",\"itemListElement\":[{\"@type\":\"ListItem\",\"position\":1,\"name\":\"Udflugter i Gr\u00f8nland\",\"item\":\"https:\/\/test.arctic.klean.it\/da\/udflugter\/\"},{\"@type\":\"ListItem\",\"position\":2,\"name\":\"Tur til Indlandsisen &#8211; Punkt 660\"}]},{\"@type\":\"WebSite\",\"@id\":\"https:\/\/test.arctic.klean.it\/#website\",\"url\":\"https:\/\/test.arctic.klean.it\/\",\"name\":\"Arctic Excursions\",\"description\":\"New adventures. Every day.\",\"potentialAction\":[{\"@type\":\"SearchAction\",\"target\":{\"@type\":\"EntryPoint\",\"urlTemplate\":\"https:\/\/test.arctic.klean.it\/?s={search_term_string}\"},\"query-input\":{\"@type\":\"PropertyValueSpecification\",\"valueRequired\":true,\"valueName\":\"search_term_string\"}}],\"inLanguage\":\"da-DK\"}]}<\/script>\n<!-- \/ Yoast SEO plugin. -->","yoast_head_json":{"title":"Arctic Excursions","robots":{"index":"index","follow":"follow","max-snippet":"max-snippet:-1","max-image-preview":"max-image-preview:large","max-video-preview":"max-video-preview:-1"},"canonical":"https:\/\/test.arctic.klean.it\/udflugter\/trip-to-the-greenland-ice-sheet-point-660\/","og_locale":"da_DK","og_type":"article","og_title":"Tur til Indlandsisen - Punkt 660 - Arctic Excursions","og_description":"Meget f\u00e5 steder tilbyder en s\u00e5 f\u00e6nomenal udsigt over Gr\u00f8nlands Indlandsis som Punkt 660, der ligger ved indlandsisens kant. Derfor er dette en af \u200b\u200bde mest popul\u00e6re udflugter i Gr\u00f8nland!","og_url":"https:\/\/test.arctic.klean.it\/udflugter\/trip-to-the-greenland-ice-sheet-point-660\/","og_site_name":"Arctic Excursions","article_modified_time":"2023-08-15T08:45:24+00:00","og_image":[{"width":2560,"height":1702,"url":"https:\/\/test.arctic.klean.it\/wp-content\/uploads\/2022\/09\/ALBATROS-ARCTIC-CIRCLE-Point-660-scaled.jpg","type":"image\/jpeg"}],"twitter_card":"summary_large_image","twitter_misc":{"Estimeret l\u00e6setid":"2 minutter"},"schema":{"@context":"https:\/\/schema.org","@graph":[{"@type":"WebPage","@id":"https:\/\/test.arctic.klean.it\/udflugter\/trip-to-the-greenland-ice-sheet-point-660\/","url":"https:\/\/test.arctic.klean.it\/udflugter\/trip-to-the-greenland-ice-sheet-point-660\/","name":"Tur til Indlandsisen - Punkt 660 - Arctic Excursions","isPartOf":{"@id":"https:\/\/test.arctic.klean.it\/#website"},"primaryImageOfPage":{"@id":"https:\/\/test.arctic.klean.it\/udflugter\/trip-to-the-greenland-ice-sheet-point-660\/#primaryimage"},"image":{"@id":"https:\/\/test.arctic.klean.it\/udflugter\/trip-to-the-greenland-ice-sheet-point-660\/#primaryimage"},"thumbnailUrl":"https:\/\/test.arctic.klean.it\/wp-content\/uploads\/2022\/09\/ALBATROS-ARCTIC-CIRCLE-Point-660-scaled.jpg","datePublished":"2022-09-15T14:12:48+00:00","dateModified":"2023-08-15T08:45:24+00:00","breadcrumb":{"@id":"https:\/\/test.arctic.klean.it\/udflugter\/trip-to-the-greenland-ice-sheet-point-660\/#breadcrumb"},"inLanguage":"da-DK","potentialAction":[{"@type":"ReadAction","target":["https:\/\/test.arctic.klean.it\/udflugter\/trip-to-the-greenland-ice-sheet-point-660\/"]}]},{"@type":"ImageObject","inLanguage":"da-DK","@id":"https:\/\/test.arctic.klean.it\/udflugter\/trip-to-the-greenland-ice-sheet-point-660\/#primaryimage","url":"https:\/\/test.arctic.klean.it\/wp-content\/uploads\/2022\/09\/ALBATROS-ARCTIC-CIRCLE-Point-660-scaled.jpg","contentUrl":"https:\/\/test.arctic.klean.it\/wp-content\/uploads\/2022\/09\/ALBATROS-ARCTIC-CIRCLE-Point-660-scaled.jpg","width":2560,"height":1702},{"@type":"BreadcrumbList","@id":"https:\/\/test.arctic.klean.it\/udflugter\/trip-to-the-greenland-ice-sheet-point-660\/#breadcrumb","itemListElement":[{"@type":"ListItem","position":1,"name":"Udflugter i Gr\u00f8nland","item":"https:\/\/test.arctic.klean.it\/da\/udflugter\/"},{"@type":"ListItem","position":2,"name":"Tur til Indlandsisen &#8211; Punkt 660"}]},{"@type":"WebSite","@id":"https:\/\/test.arctic.klean.it\/#website","url":"https:\/\/test.arctic.klean.it\/","name":"Arctic Excursions","description":"New adventures. Every day.","potentialAction":[{"@type":"SearchAction","target":{"@type":"EntryPoint","urlTemplate":"https:\/\/test.arctic.klean.it\/?s={search_term_string}"},"query-input":{"@type":"PropertyValueSpecification","valueRequired":true,"valueName":"search_term_string"}}],"inLanguage":"da-DK"}]}},"_links":{"self":[{"href":"https:\/\/test.arctic.klean.it\/da\/wp-json\/wp\/v2\/product\/2958","targetHints":{"allow":["GET"]}}],"collection":[{"href":"https:\/\/test.arctic.klean.it\/da\/wp-json\/wp\/v2\/product"}],"about":[{"href":"https:\/\/test.arctic.klean.it\/da\/wp-json\/wp\/v2\/types\/product"}],"replies":[{"embeddable":true,"href":"https:\/\/test.arctic.klean.it\/da\/wp-json\/wp\/v2\/comments?post=2958"}],"wp:featuredmedia":[{"embeddable":true,"href":"https:\/\/test.arctic.klean.it\/da\/wp-json\/wp\/v2\/media\/2955"}],"wp:attachment":[{"href":"https:\/\/test.arctic.klean.it\/da\/wp-json\/wp\/v2\/media?parent=2958"}],"wp:term":[{"taxonomy":"product_brand","embeddable":true,"href":"https:\/\/test.arctic.klean.it\/da\/wp-json\/wp\/v2\/product_brand?post=2958"},{"taxonomy":"product_cat","embeddable":true,"href":"https:\/\/test.arctic.klean.it\/da\/wp-json\/wp\/v2\/product_cat?post=2958"},{"taxonomy":"product_tag","embeddable":true,"href":"https:\/\/test.arctic.klean.it\/da\/wp-json\/wp\/v2\/product_tag?post=2958"}],"curies":[{"name":"wp","href":"https:\/\/api.w.org\/{rel}","templated":true}]}}