{"id":2976,"date":"2022-09-16T11:37:24","date_gmt":"2022-09-16T09:37:24","guid":{"rendered":"https:\/\/test.arctic.klean.it\/?post_type=product&#038;p=2976"},"modified":"2023-08-15T10:45:31","modified_gmt":"2023-08-15T08:45:31","slug":"greenland-tasting-and-storytelling","status":"publish","type":"product","link":"https:\/\/test.arctic.klean.it\/da\/udflugter\/greenland-tasting-and-storytelling\/","title":{"rendered":"Gr\u00f8nlandsk Smag &#038; Storytelling"},"content":{"rendered":"<p>N\u00e5r man v\u00e6lger at bo hos Inuk Hostel, er det en vidunderlig, kulturel oplevelse i sig selv. <\/p>\n<p>Omgivelserne er fantastiske med udsigt over Nuuks vartegn, bjerget \u201dSermitsiaq\u201d og den store Nuuk Fjord, som har adskillige iskapper ved sin base. <\/p>\n<p><b>Inkluderet:<\/b><br \/>\n&#8211; Grill af lokale r\u00e5varer<br \/>\n&#8211; Kaffe eller te<br \/>\n&#8211; En skive gr\u00f8nlandsk kage<\/p>\n<p><b>Varighed:<\/b> 1\u00bd time<br \/>\n<b>S\u00e6son:<\/b> Sommer<br \/>\n<b>Sv\u00e6rhedsgrad:<\/b> Level 1<\/p>\n","protected":false},"excerpt":{"rendered":"<p>Det originale gr\u00f8nlandske k\u00f8kken er varieret og proteinrigt. Dette er en af \u200b\u200bgrundene til, at vi har overlevet i Arktis i \u00e5rtusinder. Kom og smag!<\/p>\n","protected":false},"featured_media":2974,"comment_status":"open","ping_status":"closed","template":"","meta":{"_acf_changed":false},"product_brand":[],"product_cat":[170],"product_tag":[159],"class_list":{"0":"post-2976","1":"product","2":"type-product","3":"status-publish","4":"has-post-thumbnail","6":"product_cat-udflugt","7":"product_tag-1-da","8":"pa_dato-220","9":"pa_dato-439","10":"pa_tidspunkt-40","11":"pa_tidspunkt-110","12":"tour_location-nuuk-da","13":"tour_type-kultur","14":"tour_operator-inuk-hostels","16":"first","17":"outofstock","18":"shipping-taxable","19":"product-type-variable"},"acf":[],"yoast_head":"<!-- This site is optimized with the Yoast SEO plugin v25.2 - https:\/\/yoast.com\/wordpress\/plugins\/seo\/ -->\n<title>Arctic Excursions<\/title>\n<meta name=\"robots\" content=\"index, follow, max-snippet:-1, max-image-preview:large, max-video-preview:-1\" \/>\n<link rel=\"canonical\" href=\"https:\/\/test.arctic.klean.it\/udflugter\/greenland-tasting-and-storytelling\/\" \/>\n<meta property=\"og:locale\" content=\"da_DK\" \/>\n<meta property=\"og:type\" content=\"article\" \/>\n<meta property=\"og:title\" content=\"Gr\u00f8nlandsk Smag &amp; Storytelling - Arctic Excursions\" \/>\n<meta property=\"og:description\" content=\"Det originale gr\u00f8nlandske k\u00f8kken er varieret og proteinrigt. Dette er en af \u200b\u200bgrundene til, at vi har overlevet i Arktis i \u00e5rtusinder. Kom og smag!\" \/>\n<meta property=\"og:url\" content=\"https:\/\/test.arctic.klean.it\/udflugter\/greenland-tasting-and-storytelling\/\" \/>\n<meta property=\"og:site_name\" content=\"Arctic Excursions\" \/>\n<meta property=\"article:modified_time\" content=\"2023-08-15T08:45:31+00:00\" \/>\n<meta property=\"og:image\" content=\"https:\/\/test.arctic.klean.it\/wp-content\/uploads\/2022\/09\/INUK-HOSTELS-greenland-a-taste-of-cooking-aceandace19-1024x683.jpg\" \/>\n\t<meta property=\"og:image:width\" content=\"1024\" \/>\n\t<meta property=\"og:image:height\" content=\"683\" \/>\n\t<meta property=\"og:image:type\" content=\"image\/jpeg\" \/>\n<meta name=\"twitter:card\" content=\"summary_large_image\" \/>\n<script type=\"application\/ld+json\" class=\"yoast-schema-graph\">{\"@context\":\"https:\/\/schema.org\",\"@graph\":[{\"@type\":\"WebPage\",\"@id\":\"https:\/\/test.arctic.klean.it\/udflugter\/greenland-tasting-and-storytelling\/\",\"url\":\"https:\/\/test.arctic.klean.it\/udflugter\/greenland-tasting-and-storytelling\/\",\"name\":\"Gr\u00f8nlandsk Smag & Storytelling - Arctic Excursions\",\"isPartOf\":{\"@id\":\"https:\/\/test.arctic.klean.it\/#website\"},\"primaryImageOfPage\":{\"@id\":\"https:\/\/test.arctic.klean.it\/udflugter\/greenland-tasting-and-storytelling\/#primaryimage\"},\"image\":{\"@id\":\"https:\/\/test.arctic.klean.it\/udflugter\/greenland-tasting-and-storytelling\/#primaryimage\"},\"thumbnailUrl\":\"https:\/\/test.arctic.klean.it\/wp-content\/uploads\/2022\/09\/INUK-HOSTELS-greenland-a-taste-of-cooking-aceandace19.jpg\",\"datePublished\":\"2022-09-16T09:37:24+00:00\",\"dateModified\":\"2023-08-15T08:45:31+00:00\",\"breadcrumb\":{\"@id\":\"https:\/\/test.arctic.klean.it\/udflugter\/greenland-tasting-and-storytelling\/#breadcrumb\"},\"inLanguage\":\"da-DK\",\"potentialAction\":[{\"@type\":\"ReadAction\",\"target\":[\"https:\/\/test.arctic.klean.it\/udflugter\/greenland-tasting-and-storytelling\/\"]}]},{\"@type\":\"ImageObject\",\"inLanguage\":\"da-DK\",\"@id\":\"https:\/\/test.arctic.klean.it\/udflugter\/greenland-tasting-and-storytelling\/#primaryimage\",\"url\":\"https:\/\/test.arctic.klean.it\/wp-content\/uploads\/2022\/09\/INUK-HOSTELS-greenland-a-taste-of-cooking-aceandace19.jpg\",\"contentUrl\":\"https:\/\/test.arctic.klean.it\/wp-content\/uploads\/2022\/09\/INUK-HOSTELS-greenland-a-taste-of-cooking-aceandace19.jpg\",\"width\":2400,\"height\":1600,\"caption\":\"Photo: Ace &amp; Ace - Visit Greenland COPYRIGHT NOTICE: Partners, sponsors and\/or other representatives of Visit Greenland have permission to download photos from these 3 galleries, on the condition that the photos are used in relation to publicity concerning the TV production \u0093A Taste of Greenland\u0094. The photos may not be used for the sole purpose of gaining commercial value or in any other way for the purpose of advertising products or services or used commercially outside of Greenland. Any form of publicity, advertisement and\/or exploitation of the photo, which does not relate to the TV production \u0093A Taste of Greenland\u0094, is strictly forbidden. The photos may not be resold, sublicensed, assigned, transferred or otherwise made available to third parties for a monetary advantage, except as incorporated into independent Works for distribution. Violation of the terms above is a copyright infringement. If you want to apply for extended user rights for downloads on this database please read this article and follow the guidelines: http:\/\/goo.gl\/RsJtBR\"},{\"@type\":\"BreadcrumbList\",\"@id\":\"https:\/\/test.arctic.klean.it\/udflugter\/greenland-tasting-and-storytelling\/#breadcrumb\",\"itemListElement\":[{\"@type\":\"ListItem\",\"position\":1,\"name\":\"Udflugter i Gr\u00f8nland\",\"item\":\"https:\/\/test.arctic.klean.it\/da\/udflugter\/\"},{\"@type\":\"ListItem\",\"position\":2,\"name\":\"Gr\u00f8nlandsk Smag &#038; Storytelling\"}]},{\"@type\":\"WebSite\",\"@id\":\"https:\/\/test.arctic.klean.it\/#website\",\"url\":\"https:\/\/test.arctic.klean.it\/\",\"name\":\"Arctic Excursions\",\"description\":\"New adventures. Every day.\",\"potentialAction\":[{\"@type\":\"SearchAction\",\"target\":{\"@type\":\"EntryPoint\",\"urlTemplate\":\"https:\/\/test.arctic.klean.it\/?s={search_term_string}\"},\"query-input\":{\"@type\":\"PropertyValueSpecification\",\"valueRequired\":true,\"valueName\":\"search_term_string\"}}],\"inLanguage\":\"da-DK\"}]}<\/script>\n<!-- \/ Yoast SEO plugin. -->","yoast_head_json":{"title":"Arctic Excursions","robots":{"index":"index","follow":"follow","max-snippet":"max-snippet:-1","max-image-preview":"max-image-preview:large","max-video-preview":"max-video-preview:-1"},"canonical":"https:\/\/test.arctic.klean.it\/udflugter\/greenland-tasting-and-storytelling\/","og_locale":"da_DK","og_type":"article","og_title":"Gr\u00f8nlandsk Smag & Storytelling - Arctic Excursions","og_description":"Det originale gr\u00f8nlandske k\u00f8kken er varieret og proteinrigt. Dette er en af \u200b\u200bgrundene til, at vi har overlevet i Arktis i \u00e5rtusinder. Kom og smag!","og_url":"https:\/\/test.arctic.klean.it\/udflugter\/greenland-tasting-and-storytelling\/","og_site_name":"Arctic Excursions","article_modified_time":"2023-08-15T08:45:31+00:00","og_image":[{"width":1024,"height":683,"url":"https:\/\/test.arctic.klean.it\/wp-content\/uploads\/2022\/09\/INUK-HOSTELS-greenland-a-taste-of-cooking-aceandace19-1024x683.jpg","type":"image\/jpeg"}],"twitter_card":"summary_large_image","schema":{"@context":"https:\/\/schema.org","@graph":[{"@type":"WebPage","@id":"https:\/\/test.arctic.klean.it\/udflugter\/greenland-tasting-and-storytelling\/","url":"https:\/\/test.arctic.klean.it\/udflugter\/greenland-tasting-and-storytelling\/","name":"Gr\u00f8nlandsk Smag & Storytelling - Arctic Excursions","isPartOf":{"@id":"https:\/\/test.arctic.klean.it\/#website"},"primaryImageOfPage":{"@id":"https:\/\/test.arctic.klean.it\/udflugter\/greenland-tasting-and-storytelling\/#primaryimage"},"image":{"@id":"https:\/\/test.arctic.klean.it\/udflugter\/greenland-tasting-and-storytelling\/#primaryimage"},"thumbnailUrl":"https:\/\/test.arctic.klean.it\/wp-content\/uploads\/2022\/09\/INUK-HOSTELS-greenland-a-taste-of-cooking-aceandace19.jpg","datePublished":"2022-09-16T09:37:24+00:00","dateModified":"2023-08-15T08:45:31+00:00","breadcrumb":{"@id":"https:\/\/test.arctic.klean.it\/udflugter\/greenland-tasting-and-storytelling\/#breadcrumb"},"inLanguage":"da-DK","potentialAction":[{"@type":"ReadAction","target":["https:\/\/test.arctic.klean.it\/udflugter\/greenland-tasting-and-storytelling\/"]}]},{"@type":"ImageObject","inLanguage":"da-DK","@id":"https:\/\/test.arctic.klean.it\/udflugter\/greenland-tasting-and-storytelling\/#primaryimage","url":"https:\/\/test.arctic.klean.it\/wp-content\/uploads\/2022\/09\/INUK-HOSTELS-greenland-a-taste-of-cooking-aceandace19.jpg","contentUrl":"https:\/\/test.arctic.klean.it\/wp-content\/uploads\/2022\/09\/INUK-HOSTELS-greenland-a-taste-of-cooking-aceandace19.jpg","width":2400,"height":1600,"caption":"Photo: Ace &amp; Ace - Visit Greenland COPYRIGHT NOTICE: Partners, sponsors and\/or other representatives of Visit Greenland have permission to download photos from these 3 galleries, on the condition that the photos are used in relation to publicity concerning the TV production \u0093A Taste of Greenland\u0094. The photos may not be used for the sole purpose of gaining commercial value or in any other way for the purpose of advertising products or services or used commercially outside of Greenland. Any form of publicity, advertisement and\/or exploitation of the photo, which does not relate to the TV production \u0093A Taste of Greenland\u0094, is strictly forbidden. The photos may not be resold, sublicensed, assigned, transferred or otherwise made available to third parties for a monetary advantage, except as incorporated into independent Works for distribution. Violation of the terms above is a copyright infringement. If you want to apply for extended user rights for downloads on this database please read this article and follow the guidelines: http:\/\/goo.gl\/RsJtBR"},{"@type":"BreadcrumbList","@id":"https:\/\/test.arctic.klean.it\/udflugter\/greenland-tasting-and-storytelling\/#breadcrumb","itemListElement":[{"@type":"ListItem","position":1,"name":"Udflugter i Gr\u00f8nland","item":"https:\/\/test.arctic.klean.it\/da\/udflugter\/"},{"@type":"ListItem","position":2,"name":"Gr\u00f8nlandsk Smag &#038; Storytelling"}]},{"@type":"WebSite","@id":"https:\/\/test.arctic.klean.it\/#website","url":"https:\/\/test.arctic.klean.it\/","name":"Arctic Excursions","description":"New adventures. Every day.","potentialAction":[{"@type":"SearchAction","target":{"@type":"EntryPoint","urlTemplate":"https:\/\/test.arctic.klean.it\/?s={search_term_string}"},"query-input":{"@type":"PropertyValueSpecification","valueRequired":true,"valueName":"search_term_string"}}],"inLanguage":"da-DK"}]}},"_links":{"self":[{"href":"https:\/\/test.arctic.klean.it\/da\/wp-json\/wp\/v2\/product\/2976","targetHints":{"allow":["GET"]}}],"collection":[{"href":"https:\/\/test.arctic.klean.it\/da\/wp-json\/wp\/v2\/product"}],"about":[{"href":"https:\/\/test.arctic.klean.it\/da\/wp-json\/wp\/v2\/types\/product"}],"replies":[{"embeddable":true,"href":"https:\/\/test.arctic.klean.it\/da\/wp-json\/wp\/v2\/comments?post=2976"}],"wp:featuredmedia":[{"embeddable":true,"href":"https:\/\/test.arctic.klean.it\/da\/wp-json\/wp\/v2\/media\/2974"}],"wp:attachment":[{"href":"https:\/\/test.arctic.klean.it\/da\/wp-json\/wp\/v2\/media?parent=2976"}],"wp:term":[{"taxonomy":"product_brand","embeddable":true,"href":"https:\/\/test.arctic.klean.it\/da\/wp-json\/wp\/v2\/product_brand?post=2976"},{"taxonomy":"product_cat","embeddable":true,"href":"https:\/\/test.arctic.klean.it\/da\/wp-json\/wp\/v2\/product_cat?post=2976"},{"taxonomy":"product_tag","embeddable":true,"href":"https:\/\/test.arctic.klean.it\/da\/wp-json\/wp\/v2\/product_tag?post=2976"}],"curies":[{"name":"wp","href":"https:\/\/api.w.org\/{rel}","templated":true}]}}