{"id":3039,"date":"2022-09-16T15:16:30","date_gmt":"2022-09-16T13:16:30","guid":{"rendered":"https:\/\/test.arctic.klean.it\/?post_type=product&#038;p=3039"},"modified":"2023-10-10T11:08:22","modified_gmt":"2023-10-10T09:08:22","slug":"whale-watching","status":"publish","type":"product","link":"https:\/\/test.arctic.klean.it\/da\/udflugter\/whale-watching\/","title":{"rendered":"Hvalsafari"},"content":{"rendered":"<p><b>Lokation:<\/b> Ilulissat<\/p>\n<p>Hvals\u00e6sonen er en virkelig magisk oplevelse. Diskobugten er et paradis for hvalobservation, da hvalerne elsker at komme her og spise af vandets rigelige ressourcer.<\/p>\n<p>Den naturlige sk\u00f8nhed hos disse vidunderlige skabninger er fantastisk og meget fascinerende. Da hvalerne kommer tilbage \u00e5r efter \u00e5r, kan vi nogle gange genkende nogle af dem p\u00e5 grund af deres &#8220;fingeraftryk&#8221; p\u00e5 halen. Sagen er den, at hver hval har sit eget m\u00f8nster under halen, og man kan se det, n\u00e5r de dykker ned i vandet med h\u00e6vet hale.<\/p>\n<p><b>Bem\u00e6rk venligst<\/b><br \/>\nVi kan ikke garantere, at der vil blive set 100 % hvaler, men chancerne er store.<\/p>\n<p><b>Inkluderet<\/b><br \/>\n&#8211; B\u00e5dtur<br \/>\n&#8211; Kaffe and tea<\/p>\n<p><b>varighed:<\/b> 2\u00bd timer<\/p>\n<p><b>S\u00e6son:<\/b> Summer<\/p>\n<p><b>Sv\u00e6rhedsgrad:<\/b> Level 1<\/p>\n","protected":false},"excerpt":{"rendered":"<p>Kom t\u00e6t p\u00e5 nogle af de st\u00f8rste dyr i verden. Omkring Ilulissat er der mange hvaler, da isfjorden er et ideelt f\u00f8dested for hvalerne! G\u00e5 ikke glip af havets giganter!<\/p>\n","protected":false},"featured_media":3028,"comment_status":"open","ping_status":"closed","template":"","meta":{"_acf_changed":false},"product_brand":[],"product_cat":[170],"product_tag":[159],"class_list":{"0":"post-3039","1":"product","2":"type-product","3":"status-publish","4":"has-post-thumbnail","6":"product_cat-udflugt","7":"product_tag-1-da","8":"pa_dato-436","9":"pa_dato-433","10":"pa_dato-479","11":"pa_dato-220","12":"pa_dato-649","13":"pa_dato-653","14":"pa_dato-654","15":"pa_dato-584","16":"pa_dato-655","17":"pa_dato-575","18":"pa_dato-656","19":"pa_dato-657","20":"pa_dato-658","21":"pa_dato-659","22":"pa_dato-660","23":"pa_dato-661","24":"pa_dato-633","25":"pa_dato-662","26":"pa_dato-663","27":"pa_dato-439","28":"pa_dato-664","29":"pa_dato-665","30":"pa_dato-490","31":"pa_dato-666","32":"pa_dato-491","33":"pa_dato-667","34":"pa_dato-668","35":"pa_dato-669","36":"pa_dato-670","37":"pa_dato-671","38":"pa_dato-672","39":"pa_dato-673","40":"pa_dato-674","41":"pa_dato-222","42":"pa_dato-675","43":"pa_dato-502","44":"pa_dato-503","45":"pa_dato-535","46":"pa_dato-534","47":"pa_dato-536","48":"pa_dato-537","49":"pa_dato-538","50":"pa_dato-539","51":"pa_dato-540","52":"pa_dato-500","53":"pa_dato-541","54":"pa_dato-542","55":"pa_dato-543","56":"pa_dato-465","57":"pa_dato-547","58":"pa_dato-548","59":"pa_dato-549","60":"pa_dato-550","61":"pa_dato-551","62":"pa_dato-552","63":"pa_dato-553","64":"pa_dato-554","65":"pa_dato-555","66":"pa_dato-556","67":"pa_dato-557","68":"pa_dato-558","69":"pa_dato-521","70":"pa_dato-522","71":"pa_dato-559","72":"pa_dato-560","73":"pa_dato-561","74":"pa_dato-587","75":"pa_dato-588","76":"pa_dato-589","77":"pa_dato-590","78":"pa_dato-687","79":"pa_dato-735","80":"pa_dato-591","81":"pa_dato-592","82":"pa_dato-593","83":"pa_dato-594","84":"pa_dato-595","85":"pa_dato-694","86":"pa_dato-736","87":"pa_dato-596","88":"pa_dato-510","89":"pa_dato-513","90":"pa_dato-511","91":"pa_dato-512","92":"pa_dato-695","93":"pa_dato-737","94":"pa_dato-597","95":"pa_dato-598","96":"pa_dato-599","97":"pa_dato-600","98":"pa_dato-739","99":"pa_dato-740","100":"pa_dato-738","101":"pa_dato-601","102":"pa_dato-602","103":"pa_dato-603","104":"pa_dato-604","105":"pa_tidspunkt-937","106":"pa_tidspunkt-70","107":"pa_tidspunkt-40","108":"pa_tidspunkt-304","109":"pa_tidspunkt-314","110":"pa_tidspunkt-61","111":"pa_tidspunkt-110","112":"tour_location-ilulissat-da","113":"tour_type-hvalsafari","114":"tour_operator-iws-tours","116":"first","117":"outofstock","118":"shipping-taxable","119":"product-type-variable"},"acf":[],"yoast_head":"<!-- This site is optimized with the Yoast SEO plugin v25.2 - https:\/\/yoast.com\/wordpress\/plugins\/seo\/ -->\n<title>Arctic Excursions<\/title>\n<meta name=\"robots\" content=\"index, follow, max-snippet:-1, max-image-preview:large, max-video-preview:-1\" \/>\n<link rel=\"canonical\" href=\"https:\/\/test.arctic.klean.it\/udflugter\/whale-watching\/\" \/>\n<meta property=\"og:locale\" content=\"da_DK\" \/>\n<meta property=\"og:type\" content=\"article\" \/>\n<meta property=\"og:title\" content=\"Hvalsafari - Arctic Excursions\" \/>\n<meta property=\"og:description\" content=\"Kom t\u00e6t p\u00e5 nogle af de st\u00f8rste dyr i verden. Omkring Ilulissat er der mange hvaler, da isfjorden er et ideelt f\u00f8dested for hvalerne! G\u00e5 ikke glip af havets giganter!\" \/>\n<meta property=\"og:url\" content=\"https:\/\/test.arctic.klean.it\/udflugter\/whale-watching\/\" \/>\n<meta property=\"og:site_name\" content=\"Arctic Excursions\" \/>\n<meta property=\"article:modified_time\" content=\"2023-10-10T09:08:22+00:00\" \/>\n<meta property=\"og:image\" content=\"https:\/\/test.arctic.klean.it\/wp-content\/uploads\/2022\/09\/IWS-TOURS-Isfjorden-1-Foto-Jette-Schwartz-scaled.jpg\" \/>\n\t<meta property=\"og:image:width\" content=\"2560\" \/>\n\t<meta property=\"og:image:height\" content=\"1735\" \/>\n\t<meta property=\"og:image:type\" content=\"image\/jpeg\" \/>\n<meta name=\"twitter:card\" content=\"summary_large_image\" \/>\n<meta name=\"twitter:label1\" content=\"Estimeret l\u00e6setid\" \/>\n\t<meta name=\"twitter:data1\" content=\"1 minut\" \/>\n<script type=\"application\/ld+json\" class=\"yoast-schema-graph\">{\"@context\":\"https:\/\/schema.org\",\"@graph\":[{\"@type\":\"WebPage\",\"@id\":\"https:\/\/test.arctic.klean.it\/udflugter\/whale-watching\/\",\"url\":\"https:\/\/test.arctic.klean.it\/udflugter\/whale-watching\/\",\"name\":\"Hvalsafari - Arctic Excursions\",\"isPartOf\":{\"@id\":\"https:\/\/test.arctic.klean.it\/#website\"},\"primaryImageOfPage\":{\"@id\":\"https:\/\/test.arctic.klean.it\/udflugter\/whale-watching\/#primaryimage\"},\"image\":{\"@id\":\"https:\/\/test.arctic.klean.it\/udflugter\/whale-watching\/#primaryimage\"},\"thumbnailUrl\":\"https:\/\/test.arctic.klean.it\/wp-content\/uploads\/2022\/09\/IWS-TOURS-Isfjorden-1-Foto-Jette-Schwartz-scaled.jpg\",\"datePublished\":\"2022-09-16T13:16:30+00:00\",\"dateModified\":\"2023-10-10T09:08:22+00:00\",\"breadcrumb\":{\"@id\":\"https:\/\/test.arctic.klean.it\/udflugter\/whale-watching\/#breadcrumb\"},\"inLanguage\":\"da-DK\",\"potentialAction\":[{\"@type\":\"ReadAction\",\"target\":[\"https:\/\/test.arctic.klean.it\/udflugter\/whale-watching\/\"]}]},{\"@type\":\"ImageObject\",\"inLanguage\":\"da-DK\",\"@id\":\"https:\/\/test.arctic.klean.it\/udflugter\/whale-watching\/#primaryimage\",\"url\":\"https:\/\/test.arctic.klean.it\/wp-content\/uploads\/2022\/09\/IWS-TOURS-Isfjorden-1-Foto-Jette-Schwartz-scaled.jpg\",\"contentUrl\":\"https:\/\/test.arctic.klean.it\/wp-content\/uploads\/2022\/09\/IWS-TOURS-Isfjorden-1-Foto-Jette-Schwartz-scaled.jpg\",\"width\":2560,\"height\":1735},{\"@type\":\"BreadcrumbList\",\"@id\":\"https:\/\/test.arctic.klean.it\/udflugter\/whale-watching\/#breadcrumb\",\"itemListElement\":[{\"@type\":\"ListItem\",\"position\":1,\"name\":\"Udflugter i Gr\u00f8nland\",\"item\":\"https:\/\/test.arctic.klean.it\/da\/udflugter\/\"},{\"@type\":\"ListItem\",\"position\":2,\"name\":\"Hvalsafari\"}]},{\"@type\":\"WebSite\",\"@id\":\"https:\/\/test.arctic.klean.it\/#website\",\"url\":\"https:\/\/test.arctic.klean.it\/\",\"name\":\"Arctic Excursions\",\"description\":\"New adventures. Every day.\",\"potentialAction\":[{\"@type\":\"SearchAction\",\"target\":{\"@type\":\"EntryPoint\",\"urlTemplate\":\"https:\/\/test.arctic.klean.it\/?s={search_term_string}\"},\"query-input\":{\"@type\":\"PropertyValueSpecification\",\"valueRequired\":true,\"valueName\":\"search_term_string\"}}],\"inLanguage\":\"da-DK\"}]}<\/script>\n<!-- \/ Yoast SEO plugin. -->","yoast_head_json":{"title":"Arctic Excursions","robots":{"index":"index","follow":"follow","max-snippet":"max-snippet:-1","max-image-preview":"max-image-preview:large","max-video-preview":"max-video-preview:-1"},"canonical":"https:\/\/test.arctic.klean.it\/udflugter\/whale-watching\/","og_locale":"da_DK","og_type":"article","og_title":"Hvalsafari - Arctic Excursions","og_description":"Kom t\u00e6t p\u00e5 nogle af de st\u00f8rste dyr i verden. Omkring Ilulissat er der mange hvaler, da isfjorden er et ideelt f\u00f8dested for hvalerne! G\u00e5 ikke glip af havets giganter!","og_url":"https:\/\/test.arctic.klean.it\/udflugter\/whale-watching\/","og_site_name":"Arctic Excursions","article_modified_time":"2023-10-10T09:08:22+00:00","og_image":[{"width":2560,"height":1735,"url":"https:\/\/test.arctic.klean.it\/wp-content\/uploads\/2022\/09\/IWS-TOURS-Isfjorden-1-Foto-Jette-Schwartz-scaled.jpg","type":"image\/jpeg"}],"twitter_card":"summary_large_image","twitter_misc":{"Estimeret l\u00e6setid":"1 minut"},"schema":{"@context":"https:\/\/schema.org","@graph":[{"@type":"WebPage","@id":"https:\/\/test.arctic.klean.it\/udflugter\/whale-watching\/","url":"https:\/\/test.arctic.klean.it\/udflugter\/whale-watching\/","name":"Hvalsafari - Arctic Excursions","isPartOf":{"@id":"https:\/\/test.arctic.klean.it\/#website"},"primaryImageOfPage":{"@id":"https:\/\/test.arctic.klean.it\/udflugter\/whale-watching\/#primaryimage"},"image":{"@id":"https:\/\/test.arctic.klean.it\/udflugter\/whale-watching\/#primaryimage"},"thumbnailUrl":"https:\/\/test.arctic.klean.it\/wp-content\/uploads\/2022\/09\/IWS-TOURS-Isfjorden-1-Foto-Jette-Schwartz-scaled.jpg","datePublished":"2022-09-16T13:16:30+00:00","dateModified":"2023-10-10T09:08:22+00:00","breadcrumb":{"@id":"https:\/\/test.arctic.klean.it\/udflugter\/whale-watching\/#breadcrumb"},"inLanguage":"da-DK","potentialAction":[{"@type":"ReadAction","target":["https:\/\/test.arctic.klean.it\/udflugter\/whale-watching\/"]}]},{"@type":"ImageObject","inLanguage":"da-DK","@id":"https:\/\/test.arctic.klean.it\/udflugter\/whale-watching\/#primaryimage","url":"https:\/\/test.arctic.klean.it\/wp-content\/uploads\/2022\/09\/IWS-TOURS-Isfjorden-1-Foto-Jette-Schwartz-scaled.jpg","contentUrl":"https:\/\/test.arctic.klean.it\/wp-content\/uploads\/2022\/09\/IWS-TOURS-Isfjorden-1-Foto-Jette-Schwartz-scaled.jpg","width":2560,"height":1735},{"@type":"BreadcrumbList","@id":"https:\/\/test.arctic.klean.it\/udflugter\/whale-watching\/#breadcrumb","itemListElement":[{"@type":"ListItem","position":1,"name":"Udflugter i Gr\u00f8nland","item":"https:\/\/test.arctic.klean.it\/da\/udflugter\/"},{"@type":"ListItem","position":2,"name":"Hvalsafari"}]},{"@type":"WebSite","@id":"https:\/\/test.arctic.klean.it\/#website","url":"https:\/\/test.arctic.klean.it\/","name":"Arctic Excursions","description":"New adventures. Every day.","potentialAction":[{"@type":"SearchAction","target":{"@type":"EntryPoint","urlTemplate":"https:\/\/test.arctic.klean.it\/?s={search_term_string}"},"query-input":{"@type":"PropertyValueSpecification","valueRequired":true,"valueName":"search_term_string"}}],"inLanguage":"da-DK"}]}},"_links":{"self":[{"href":"https:\/\/test.arctic.klean.it\/da\/wp-json\/wp\/v2\/product\/3039","targetHints":{"allow":["GET"]}}],"collection":[{"href":"https:\/\/test.arctic.klean.it\/da\/wp-json\/wp\/v2\/product"}],"about":[{"href":"https:\/\/test.arctic.klean.it\/da\/wp-json\/wp\/v2\/types\/product"}],"replies":[{"embeddable":true,"href":"https:\/\/test.arctic.klean.it\/da\/wp-json\/wp\/v2\/comments?post=3039"}],"wp:featuredmedia":[{"embeddable":true,"href":"https:\/\/test.arctic.klean.it\/da\/wp-json\/wp\/v2\/media\/3028"}],"wp:attachment":[{"href":"https:\/\/test.arctic.klean.it\/da\/wp-json\/wp\/v2\/media?parent=3039"}],"wp:term":[{"taxonomy":"product_brand","embeddable":true,"href":"https:\/\/test.arctic.klean.it\/da\/wp-json\/wp\/v2\/product_brand?post=3039"},{"taxonomy":"product_cat","embeddable":true,"href":"https:\/\/test.arctic.klean.it\/da\/wp-json\/wp\/v2\/product_cat?post=3039"},{"taxonomy":"product_tag","embeddable":true,"href":"https:\/\/test.arctic.klean.it\/da\/wp-json\/wp\/v2\/product_tag?post=3039"}],"curies":[{"name":"wp","href":"https:\/\/api.w.org\/{rel}","templated":true}]}}