{"id":3165,"date":"2022-10-07T10:27:59","date_gmt":"2022-10-07T08:27:59","guid":{"rendered":"https:\/\/test.arctic.klean.it\/?post_type=product&#038;p=3165"},"modified":"2023-04-29T14:05:13","modified_gmt":"2023-04-29T12:05:13","slug":"isfjorden-qoornoq","status":"publish","type":"product","link":"https:\/\/test.arctic.klean.it\/da\/udflugter\/isfjorden-qoornoq\/","title":{"rendered":"Isfjordstur til Qoornoq"},"content":{"rendered":"<p>Vi sejler ind mod isfjorden, hvor der tit ligger en masse is!<\/p>\n<p>P\u00e5 vejen tilbage sejler vi forbi den nedlagte bygd Qoornoq \u2013 55km inde i Godth\u00e5bsfjorden.<\/p>\n<p>Qoornoq var f\u00f8rhen beboet af torskefiskere og deres familier. Der blev anlagt en torskefabrik\/indhandlingsted, en fin kirke og alt hvad man ellers dengang havde behov for. Desv\u00e6rre oplevede man stor nedgang i torskebestanden, og Qoornoq blev nedlagt som bygd i 1972. I dag er bygden et popul\u00e6rt sommerhusomr\u00e5de, og rigtig mange af Nuuks borgere har v\u00e6ret p\u00e5 sommerkoloni her i barndommen.<\/p>\n<p>Sejlturen derind er rigtig flot, og fra Qoornoq er der en sk\u00f8n udsigt mod Isfjorden.<\/p>\n<p>G\u00e5 en tur i den nedlagte bygd, og se de efterladte huse, samt den gamle fiskefabrik.<\/p>\n","protected":false},"excerpt":{"rendered":"<p>Bes\u00f8g den forladte bygd Qoornoq<\/p>\n","protected":false},"featured_media":3161,"comment_status":"open","ping_status":"closed","template":"","meta":{"_acf_changed":false},"product_brand":[],"product_cat":[170],"product_tag":[159],"class_list":{"0":"post-3165","1":"product","2":"type-product","3":"status-publish","4":"has-post-thumbnail","6":"product_cat-udflugt","7":"product_tag-1-da","8":"pa_dato-318","9":"pa_dato-256","10":"pa_dato-475","11":"pa_dato-428","12":"pa_dato-485","13":"pa_dato-479","14":"pa_dato-445","15":"pa_dato-482","16":"pa_dato-446","17":"pa_dato-483","18":"pa_dato-524","19":"pa_dato-526","20":"pa_dato-330","21":"pa_dato-523","22":"pa_dato-569","23":"pa_dato-450","24":"pa_dato-327","25":"pa_dato-362","26":"pa_dato-364","27":"pa_dato-365","28":"pa_dato-368","29":"pa_dato-371","30":"pa_dato-374","31":"pa_dato-377","32":"pa_dato-380","33":"pa_dato-383","34":"pa_dato-398","35":"pa_tidspunkt-40","36":"pa_tidspunkt-304","37":"tour_location-nuuk-da","38":"tour_type-baadture","39":"tour_operator-kang-tourism","41":"first","42":"outofstock","43":"shipping-taxable","44":"product-type-variable"},"acf":[],"yoast_head":"<!-- This site is optimized with the Yoast SEO plugin v25.2 - https:\/\/yoast.com\/wordpress\/plugins\/seo\/ -->\n<title>Arctic Excursions<\/title>\n<meta name=\"robots\" content=\"index, follow, max-snippet:-1, max-image-preview:large, max-video-preview:-1\" \/>\n<link rel=\"canonical\" href=\"https:\/\/test.arctic.klean.it\/udflugter\/isfjorden-qoornoq\/\" \/>\n<meta property=\"og:locale\" content=\"da_DK\" \/>\n<meta property=\"og:type\" content=\"article\" \/>\n<meta property=\"og:title\" content=\"Isfjordstur til Qoornoq - Arctic Excursions\" \/>\n<meta property=\"og:description\" content=\"Bes\u00f8g den forladte bygd Qoornoq\" \/>\n<meta property=\"og:url\" content=\"https:\/\/test.arctic.klean.it\/udflugter\/isfjorden-qoornoq\/\" \/>\n<meta property=\"og:site_name\" content=\"Arctic Excursions\" \/>\n<meta property=\"article:modified_time\" content=\"2023-04-29T12:05:13+00:00\" \/>\n<meta property=\"og:image\" content=\"https:\/\/test.arctic.klean.it\/wp-content\/uploads\/2022\/10\/13256185_636545963169559_676491888243481134_n.jpg\" \/>\n\t<meta property=\"og:image:width\" content=\"960\" \/>\n\t<meta property=\"og:image:height\" content=\"720\" \/>\n\t<meta property=\"og:image:type\" content=\"image\/jpeg\" \/>\n<meta name=\"twitter:card\" content=\"summary_large_image\" \/>\n<meta name=\"twitter:label1\" content=\"Estimeret l\u00e6setid\" \/>\n\t<meta name=\"twitter:data1\" content=\"1 minut\" \/>\n<script type=\"application\/ld+json\" class=\"yoast-schema-graph\">{\"@context\":\"https:\/\/schema.org\",\"@graph\":[{\"@type\":\"WebPage\",\"@id\":\"https:\/\/test.arctic.klean.it\/udflugter\/isfjorden-qoornoq\/\",\"url\":\"https:\/\/test.arctic.klean.it\/udflugter\/isfjorden-qoornoq\/\",\"name\":\"Isfjordstur til Qoornoq - Arctic Excursions\",\"isPartOf\":{\"@id\":\"https:\/\/test.arctic.klean.it\/#website\"},\"primaryImageOfPage\":{\"@id\":\"https:\/\/test.arctic.klean.it\/udflugter\/isfjorden-qoornoq\/#primaryimage\"},\"image\":{\"@id\":\"https:\/\/test.arctic.klean.it\/udflugter\/isfjorden-qoornoq\/#primaryimage\"},\"thumbnailUrl\":\"https:\/\/test.arctic.klean.it\/wp-content\/uploads\/2022\/10\/13256185_636545963169559_676491888243481134_n.jpg\",\"datePublished\":\"2022-10-07T08:27:59+00:00\",\"dateModified\":\"2023-04-29T12:05:13+00:00\",\"breadcrumb\":{\"@id\":\"https:\/\/test.arctic.klean.it\/udflugter\/isfjorden-qoornoq\/#breadcrumb\"},\"inLanguage\":\"da-DK\",\"potentialAction\":[{\"@type\":\"ReadAction\",\"target\":[\"https:\/\/test.arctic.klean.it\/udflugter\/isfjorden-qoornoq\/\"]}]},{\"@type\":\"ImageObject\",\"inLanguage\":\"da-DK\",\"@id\":\"https:\/\/test.arctic.klean.it\/udflugter\/isfjorden-qoornoq\/#primaryimage\",\"url\":\"https:\/\/test.arctic.klean.it\/wp-content\/uploads\/2022\/10\/13256185_636545963169559_676491888243481134_n.jpg\",\"contentUrl\":\"https:\/\/test.arctic.klean.it\/wp-content\/uploads\/2022\/10\/13256185_636545963169559_676491888243481134_n.jpg\",\"width\":960,\"height\":720},{\"@type\":\"BreadcrumbList\",\"@id\":\"https:\/\/test.arctic.klean.it\/udflugter\/isfjorden-qoornoq\/#breadcrumb\",\"itemListElement\":[{\"@type\":\"ListItem\",\"position\":1,\"name\":\"Udflugter i Gr\u00f8nland\",\"item\":\"https:\/\/test.arctic.klean.it\/da\/udflugter\/\"},{\"@type\":\"ListItem\",\"position\":2,\"name\":\"Isfjordstur til Qoornoq\"}]},{\"@type\":\"WebSite\",\"@id\":\"https:\/\/test.arctic.klean.it\/#website\",\"url\":\"https:\/\/test.arctic.klean.it\/\",\"name\":\"Arctic Excursions\",\"description\":\"New adventures. Every day.\",\"potentialAction\":[{\"@type\":\"SearchAction\",\"target\":{\"@type\":\"EntryPoint\",\"urlTemplate\":\"https:\/\/test.arctic.klean.it\/?s={search_term_string}\"},\"query-input\":{\"@type\":\"PropertyValueSpecification\",\"valueRequired\":true,\"valueName\":\"search_term_string\"}}],\"inLanguage\":\"da-DK\"}]}<\/script>\n<!-- \/ Yoast SEO plugin. -->","yoast_head_json":{"title":"Arctic Excursions","robots":{"index":"index","follow":"follow","max-snippet":"max-snippet:-1","max-image-preview":"max-image-preview:large","max-video-preview":"max-video-preview:-1"},"canonical":"https:\/\/test.arctic.klean.it\/udflugter\/isfjorden-qoornoq\/","og_locale":"da_DK","og_type":"article","og_title":"Isfjordstur til Qoornoq - Arctic Excursions","og_description":"Bes\u00f8g den forladte bygd Qoornoq","og_url":"https:\/\/test.arctic.klean.it\/udflugter\/isfjorden-qoornoq\/","og_site_name":"Arctic Excursions","article_modified_time":"2023-04-29T12:05:13+00:00","og_image":[{"width":960,"height":720,"url":"https:\/\/test.arctic.klean.it\/wp-content\/uploads\/2022\/10\/13256185_636545963169559_676491888243481134_n.jpg","type":"image\/jpeg"}],"twitter_card":"summary_large_image","twitter_misc":{"Estimeret l\u00e6setid":"1 minut"},"schema":{"@context":"https:\/\/schema.org","@graph":[{"@type":"WebPage","@id":"https:\/\/test.arctic.klean.it\/udflugter\/isfjorden-qoornoq\/","url":"https:\/\/test.arctic.klean.it\/udflugter\/isfjorden-qoornoq\/","name":"Isfjordstur til Qoornoq - Arctic Excursions","isPartOf":{"@id":"https:\/\/test.arctic.klean.it\/#website"},"primaryImageOfPage":{"@id":"https:\/\/test.arctic.klean.it\/udflugter\/isfjorden-qoornoq\/#primaryimage"},"image":{"@id":"https:\/\/test.arctic.klean.it\/udflugter\/isfjorden-qoornoq\/#primaryimage"},"thumbnailUrl":"https:\/\/test.arctic.klean.it\/wp-content\/uploads\/2022\/10\/13256185_636545963169559_676491888243481134_n.jpg","datePublished":"2022-10-07T08:27:59+00:00","dateModified":"2023-04-29T12:05:13+00:00","breadcrumb":{"@id":"https:\/\/test.arctic.klean.it\/udflugter\/isfjorden-qoornoq\/#breadcrumb"},"inLanguage":"da-DK","potentialAction":[{"@type":"ReadAction","target":["https:\/\/test.arctic.klean.it\/udflugter\/isfjorden-qoornoq\/"]}]},{"@type":"ImageObject","inLanguage":"da-DK","@id":"https:\/\/test.arctic.klean.it\/udflugter\/isfjorden-qoornoq\/#primaryimage","url":"https:\/\/test.arctic.klean.it\/wp-content\/uploads\/2022\/10\/13256185_636545963169559_676491888243481134_n.jpg","contentUrl":"https:\/\/test.arctic.klean.it\/wp-content\/uploads\/2022\/10\/13256185_636545963169559_676491888243481134_n.jpg","width":960,"height":720},{"@type":"BreadcrumbList","@id":"https:\/\/test.arctic.klean.it\/udflugter\/isfjorden-qoornoq\/#breadcrumb","itemListElement":[{"@type":"ListItem","position":1,"name":"Udflugter i Gr\u00f8nland","item":"https:\/\/test.arctic.klean.it\/da\/udflugter\/"},{"@type":"ListItem","position":2,"name":"Isfjordstur til Qoornoq"}]},{"@type":"WebSite","@id":"https:\/\/test.arctic.klean.it\/#website","url":"https:\/\/test.arctic.klean.it\/","name":"Arctic Excursions","description":"New adventures. Every day.","potentialAction":[{"@type":"SearchAction","target":{"@type":"EntryPoint","urlTemplate":"https:\/\/test.arctic.klean.it\/?s={search_term_string}"},"query-input":{"@type":"PropertyValueSpecification","valueRequired":true,"valueName":"search_term_string"}}],"inLanguage":"da-DK"}]}},"_links":{"self":[{"href":"https:\/\/test.arctic.klean.it\/da\/wp-json\/wp\/v2\/product\/3165","targetHints":{"allow":["GET"]}}],"collection":[{"href":"https:\/\/test.arctic.klean.it\/da\/wp-json\/wp\/v2\/product"}],"about":[{"href":"https:\/\/test.arctic.klean.it\/da\/wp-json\/wp\/v2\/types\/product"}],"replies":[{"embeddable":true,"href":"https:\/\/test.arctic.klean.it\/da\/wp-json\/wp\/v2\/comments?post=3165"}],"wp:featuredmedia":[{"embeddable":true,"href":"https:\/\/test.arctic.klean.it\/da\/wp-json\/wp\/v2\/media\/3161"}],"wp:attachment":[{"href":"https:\/\/test.arctic.klean.it\/da\/wp-json\/wp\/v2\/media?parent=3165"}],"wp:term":[{"taxonomy":"product_brand","embeddable":true,"href":"https:\/\/test.arctic.klean.it\/da\/wp-json\/wp\/v2\/product_brand?post=3165"},{"taxonomy":"product_cat","embeddable":true,"href":"https:\/\/test.arctic.klean.it\/da\/wp-json\/wp\/v2\/product_cat?post=3165"},{"taxonomy":"product_tag","embeddable":true,"href":"https:\/\/test.arctic.klean.it\/da\/wp-json\/wp\/v2\/product_tag?post=3165"}],"curies":[{"name":"wp","href":"https:\/\/api.w.org\/{rel}","templated":true}]}}