{"id":3171,"date":"2022-10-07T10:29:11","date_gmt":"2022-10-07T08:29:11","guid":{"rendered":"https:\/\/test.arctic.klean.it\/?post_type=product&#038;p=3171"},"modified":"2023-05-05T14:04:28","modified_gmt":"2023-05-05T12:04:28","slug":"kangeq-haabets-oe","status":"publish","type":"product","link":"https:\/\/test.arctic.klean.it\/da\/udflugter\/kangeq-haabets-oe\/","title":{"rendered":"Kangeq &amp; H\u00e5bets \u00d8"},"content":{"rendered":"<p>P\u00e5 denne tur tager vi dig til den gamle, forladte bygd Kangeq.<\/p>\n<p>Bygden blev bygget midt p\u00e5 en gammel inuit-tr\u00e6krute, og i 1854 blev den en officiel handelsstation, der st\u00f8ttede den danske koloni i Gr\u00f8nland.<\/p>\n<p>Kangeq var befolket indtil 1960&#8217;erne, hvor det blev besluttet at lukke bygden og flytte de resterende bygder til Nuuk. I dag er Kangeq en &#8220;sp\u00f8gelsesby&#8221;, som absolut er et bes\u00f8g v\u00e6rd. <\/p>\n<p>Varighed: ca. 3 timer (1,5 times sejlads \u2013 1,5 time p\u00e5 land)<\/p>\n<p>Min. 3 personer \u2013 maks. 12 personer<\/p>\n<p>B\u00e5de: Targa 25 og Arronet 25<\/p>\n","protected":false},"excerpt":{"rendered":"<p>Bes\u00f8g Kangeq &amp; H\u00e5bets \u00d8<\/p>\n","protected":false},"featured_media":3167,"comment_status":"open","ping_status":"closed","template":"","meta":{"_acf_changed":false},"product_brand":[],"product_cat":[170],"product_tag":[159],"class_list":{"0":"post-3171","1":"product","2":"type-product","3":"status-publish","4":"has-post-thumbnail","6":"product_cat-udflugt","7":"product_tag-1-da","8":"pa_dato-252","9":"pa_dato-398","10":"pa_dato-676","11":"pa_tidspunkt-40","12":"tour_location-nuuk-da","13":"tour_type-baadture","14":"tour_operator-kang-tourism","16":"first","17":"outofstock","18":"shipping-taxable","19":"product-type-variable"},"acf":[],"yoast_head":"<!-- This site is optimized with the Yoast SEO plugin v25.2 - https:\/\/yoast.com\/wordpress\/plugins\/seo\/ -->\n<title>Arctic Excursions<\/title>\n<meta name=\"robots\" content=\"index, follow, max-snippet:-1, max-image-preview:large, max-video-preview:-1\" \/>\n<link rel=\"canonical\" href=\"https:\/\/test.arctic.klean.it\/udflugter\/kangeq-habets-o\/\" \/>\n<meta property=\"og:locale\" content=\"da_DK\" \/>\n<meta property=\"og:type\" content=\"article\" \/>\n<meta property=\"og:title\" content=\"Kangeq &amp; H\u00e5bets \u00d8 - Arctic Excursions\" \/>\n<meta property=\"og:description\" content=\"Bes\u00f8g Kangeq &amp; H\u00e5bets \u00d8\" \/>\n<meta property=\"og:url\" content=\"https:\/\/test.arctic.klean.it\/udflugter\/kangeq-habets-o\/\" \/>\n<meta property=\"og:site_name\" content=\"Arctic Excursions\" \/>\n<meta property=\"article:modified_time\" content=\"2023-05-05T12:04:28+00:00\" \/>\n<meta property=\"og:image\" content=\"https:\/\/test.arctic.klean.it\/wp-content\/uploads\/2022\/10\/98350375_239720547476361_4214607379855048704_n.jpg\" \/>\n\t<meta property=\"og:image:width\" content=\"840\" \/>\n\t<meta property=\"og:image:height\" content=\"560\" \/>\n\t<meta property=\"og:image:type\" content=\"image\/jpeg\" \/>\n<meta name=\"twitter:card\" content=\"summary_large_image\" \/>\n<script type=\"application\/ld+json\" class=\"yoast-schema-graph\">{\"@context\":\"https:\/\/schema.org\",\"@graph\":[{\"@type\":\"WebPage\",\"@id\":\"https:\/\/test.arctic.klean.it\/udflugter\/kangeq-habets-o\/\",\"url\":\"https:\/\/test.arctic.klean.it\/udflugter\/kangeq-habets-o\/\",\"name\":\"Kangeq &amp; H\u00e5bets \u00d8 - Arctic Excursions\",\"isPartOf\":{\"@id\":\"https:\/\/test.arctic.klean.it\/#website\"},\"primaryImageOfPage\":{\"@id\":\"https:\/\/test.arctic.klean.it\/udflugter\/kangeq-habets-o\/#primaryimage\"},\"image\":{\"@id\":\"https:\/\/test.arctic.klean.it\/udflugter\/kangeq-habets-o\/#primaryimage\"},\"thumbnailUrl\":\"https:\/\/test.arctic.klean.it\/wp-content\/uploads\/2022\/10\/98350375_239720547476361_4214607379855048704_n.jpg\",\"datePublished\":\"2022-10-07T08:29:11+00:00\",\"dateModified\":\"2023-05-05T12:04:28+00:00\",\"breadcrumb\":{\"@id\":\"https:\/\/test.arctic.klean.it\/udflugter\/kangeq-habets-o\/#breadcrumb\"},\"inLanguage\":\"da-DK\",\"potentialAction\":[{\"@type\":\"ReadAction\",\"target\":[\"https:\/\/test.arctic.klean.it\/udflugter\/kangeq-habets-o\/\"]}]},{\"@type\":\"ImageObject\",\"inLanguage\":\"da-DK\",\"@id\":\"https:\/\/test.arctic.klean.it\/udflugter\/kangeq-habets-o\/#primaryimage\",\"url\":\"https:\/\/test.arctic.klean.it\/wp-content\/uploads\/2022\/10\/98350375_239720547476361_4214607379855048704_n.jpg\",\"contentUrl\":\"https:\/\/test.arctic.klean.it\/wp-content\/uploads\/2022\/10\/98350375_239720547476361_4214607379855048704_n.jpg\",\"width\":840,\"height\":560},{\"@type\":\"BreadcrumbList\",\"@id\":\"https:\/\/test.arctic.klean.it\/udflugter\/kangeq-habets-o\/#breadcrumb\",\"itemListElement\":[{\"@type\":\"ListItem\",\"position\":1,\"name\":\"Udflugter i Gr\u00f8nland\",\"item\":\"https:\/\/test.arctic.klean.it\/da\/udflugter\/\"},{\"@type\":\"ListItem\",\"position\":2,\"name\":\"Kangeq &amp; H\u00e5bets \u00d8\"}]},{\"@type\":\"WebSite\",\"@id\":\"https:\/\/test.arctic.klean.it\/#website\",\"url\":\"https:\/\/test.arctic.klean.it\/\",\"name\":\"Arctic Excursions\",\"description\":\"New adventures. Every day.\",\"potentialAction\":[{\"@type\":\"SearchAction\",\"target\":{\"@type\":\"EntryPoint\",\"urlTemplate\":\"https:\/\/test.arctic.klean.it\/?s={search_term_string}\"},\"query-input\":{\"@type\":\"PropertyValueSpecification\",\"valueRequired\":true,\"valueName\":\"search_term_string\"}}],\"inLanguage\":\"da-DK\"}]}<\/script>\n<!-- \/ Yoast SEO plugin. -->","yoast_head_json":{"title":"Arctic Excursions","robots":{"index":"index","follow":"follow","max-snippet":"max-snippet:-1","max-image-preview":"max-image-preview:large","max-video-preview":"max-video-preview:-1"},"canonical":"https:\/\/test.arctic.klean.it\/udflugter\/kangeq-habets-o\/","og_locale":"da_DK","og_type":"article","og_title":"Kangeq &amp; H\u00e5bets \u00d8 - Arctic Excursions","og_description":"Bes\u00f8g Kangeq &amp; H\u00e5bets \u00d8","og_url":"https:\/\/test.arctic.klean.it\/udflugter\/kangeq-habets-o\/","og_site_name":"Arctic Excursions","article_modified_time":"2023-05-05T12:04:28+00:00","og_image":[{"width":840,"height":560,"url":"https:\/\/test.arctic.klean.it\/wp-content\/uploads\/2022\/10\/98350375_239720547476361_4214607379855048704_n.jpg","type":"image\/jpeg"}],"twitter_card":"summary_large_image","schema":{"@context":"https:\/\/schema.org","@graph":[{"@type":"WebPage","@id":"https:\/\/test.arctic.klean.it\/udflugter\/kangeq-habets-o\/","url":"https:\/\/test.arctic.klean.it\/udflugter\/kangeq-habets-o\/","name":"Kangeq &amp; H\u00e5bets \u00d8 - Arctic Excursions","isPartOf":{"@id":"https:\/\/test.arctic.klean.it\/#website"},"primaryImageOfPage":{"@id":"https:\/\/test.arctic.klean.it\/udflugter\/kangeq-habets-o\/#primaryimage"},"image":{"@id":"https:\/\/test.arctic.klean.it\/udflugter\/kangeq-habets-o\/#primaryimage"},"thumbnailUrl":"https:\/\/test.arctic.klean.it\/wp-content\/uploads\/2022\/10\/98350375_239720547476361_4214607379855048704_n.jpg","datePublished":"2022-10-07T08:29:11+00:00","dateModified":"2023-05-05T12:04:28+00:00","breadcrumb":{"@id":"https:\/\/test.arctic.klean.it\/udflugter\/kangeq-habets-o\/#breadcrumb"},"inLanguage":"da-DK","potentialAction":[{"@type":"ReadAction","target":["https:\/\/test.arctic.klean.it\/udflugter\/kangeq-habets-o\/"]}]},{"@type":"ImageObject","inLanguage":"da-DK","@id":"https:\/\/test.arctic.klean.it\/udflugter\/kangeq-habets-o\/#primaryimage","url":"https:\/\/test.arctic.klean.it\/wp-content\/uploads\/2022\/10\/98350375_239720547476361_4214607379855048704_n.jpg","contentUrl":"https:\/\/test.arctic.klean.it\/wp-content\/uploads\/2022\/10\/98350375_239720547476361_4214607379855048704_n.jpg","width":840,"height":560},{"@type":"BreadcrumbList","@id":"https:\/\/test.arctic.klean.it\/udflugter\/kangeq-habets-o\/#breadcrumb","itemListElement":[{"@type":"ListItem","position":1,"name":"Udflugter i Gr\u00f8nland","item":"https:\/\/test.arctic.klean.it\/da\/udflugter\/"},{"@type":"ListItem","position":2,"name":"Kangeq &amp; H\u00e5bets \u00d8"}]},{"@type":"WebSite","@id":"https:\/\/test.arctic.klean.it\/#website","url":"https:\/\/test.arctic.klean.it\/","name":"Arctic Excursions","description":"New adventures. Every day.","potentialAction":[{"@type":"SearchAction","target":{"@type":"EntryPoint","urlTemplate":"https:\/\/test.arctic.klean.it\/?s={search_term_string}"},"query-input":{"@type":"PropertyValueSpecification","valueRequired":true,"valueName":"search_term_string"}}],"inLanguage":"da-DK"}]}},"_links":{"self":[{"href":"https:\/\/test.arctic.klean.it\/da\/wp-json\/wp\/v2\/product\/3171","targetHints":{"allow":["GET"]}}],"collection":[{"href":"https:\/\/test.arctic.klean.it\/da\/wp-json\/wp\/v2\/product"}],"about":[{"href":"https:\/\/test.arctic.klean.it\/da\/wp-json\/wp\/v2\/types\/product"}],"replies":[{"embeddable":true,"href":"https:\/\/test.arctic.klean.it\/da\/wp-json\/wp\/v2\/comments?post=3171"}],"wp:featuredmedia":[{"embeddable":true,"href":"https:\/\/test.arctic.klean.it\/da\/wp-json\/wp\/v2\/media\/3167"}],"wp:attachment":[{"href":"https:\/\/test.arctic.klean.it\/da\/wp-json\/wp\/v2\/media?parent=3171"}],"wp:term":[{"taxonomy":"product_brand","embeddable":true,"href":"https:\/\/test.arctic.klean.it\/da\/wp-json\/wp\/v2\/product_brand?post=3171"},{"taxonomy":"product_cat","embeddable":true,"href":"https:\/\/test.arctic.klean.it\/da\/wp-json\/wp\/v2\/product_cat?post=3171"},{"taxonomy":"product_tag","embeddable":true,"href":"https:\/\/test.arctic.klean.it\/da\/wp-json\/wp\/v2\/product_tag?post=3171"}],"curies":[{"name":"wp","href":"https:\/\/api.w.org\/{rel}","templated":true}]}}