{"id":3177,"date":"2022-10-07T10:25:56","date_gmt":"2022-10-07T08:25:56","guid":{"rendered":"https:\/\/test.arctic.klean.it\/?post_type=product&#038;p=3177"},"modified":"2023-01-25T14:38:56","modified_gmt":"2023-01-25T12:38:56","slug":"fiske-tur-torsk","status":"publish","type":"product","link":"https:\/\/test.arctic.klean.it\/da\/udflugter\/fiske-tur-torsk\/","title":{"rendered":"Fisketur (torsk)"},"content":{"rendered":"<p>Din kaptajn kender flere fremragende torskefiskeripladser i n\u00e6rheden af Nuuk. P\u00e5 dagen for din rejse vil vindforholdene bestemme, hvilken af disse steder du vil bes\u00f8ge.<\/p>\n<p>Bem\u00e6rk venligst, at vi fisker over b\u00e5dens r\u00e6ling, og at brugen af fiskeudstyr er inkluderet i prisen.<\/p>\n<p>Varighed: 3 timer (1 times sejlads \u2013 2 timers fiskeri)<\/p>\n<p>Min. 3 personer \u2013 maks. 13 personer<\/p>\n<p>B\u00e5de: Targa 25 og Arronet 25<\/p>\n","protected":false},"excerpt":{"rendered":"<p>Oplev p\u00e5 egen h\u00e5nd at fiske fra b\u00e5den ude i fjorden<\/p>\n","protected":false},"featured_media":3175,"comment_status":"open","ping_status":"closed","template":"","meta":{"_acf_changed":false},"product_brand":[],"product_cat":[170],"product_tag":[159],"class_list":{"0":"post-3177","1":"product","2":"type-product","3":"status-publish","4":"has-post-thumbnail","6":"product_cat-udflugt","7":"product_tag-1-da","8":"pa_dato-234","9":"pa_dato-252","10":"pa_dato-525","11":"pa_tidspunkt-304","12":"pa_tidspunkt-317","13":"tour_location-nuuk-da","14":"tour_type-baadture","15":"tour_operator-kang-tourism","17":"first","18":"outofstock","19":"shipping-taxable","20":"product-type-variable"},"acf":[],"yoast_head":"<!-- This site is optimized with the Yoast SEO plugin v25.2 - https:\/\/yoast.com\/wordpress\/plugins\/seo\/ -->\n<title>Arctic Excursions<\/title>\n<meta name=\"robots\" content=\"index, follow, max-snippet:-1, max-image-preview:large, max-video-preview:-1\" \/>\n<link rel=\"canonical\" href=\"https:\/\/test.arctic.klean.it\/udflugter\/fishing-tour-cod\/\" \/>\n<meta property=\"og:locale\" content=\"da_DK\" \/>\n<meta property=\"og:type\" content=\"article\" \/>\n<meta property=\"og:title\" content=\"Fisketur (torsk) - Arctic Excursions\" \/>\n<meta property=\"og:description\" content=\"Oplev p\u00e5 egen h\u00e5nd at fiske fra b\u00e5den ude i fjorden\" \/>\n<meta property=\"og:url\" content=\"https:\/\/test.arctic.klean.it\/udflugter\/fishing-tour-cod\/\" \/>\n<meta property=\"og:site_name\" content=\"Arctic Excursions\" \/>\n<meta property=\"article:modified_time\" content=\"2023-01-25T12:38:56+00:00\" \/>\n<meta property=\"og:image\" content=\"https:\/\/test.arctic.klean.it\/wp-content\/uploads\/2022\/10\/11220822_517602565069663_7599769576881363394_n.jpg\" \/>\n\t<meta property=\"og:image:width\" content=\"640\" \/>\n\t<meta property=\"og:image:height\" content=\"852\" \/>\n\t<meta property=\"og:image:type\" content=\"image\/jpeg\" \/>\n<meta name=\"twitter:card\" content=\"summary_large_image\" \/>\n<script type=\"application\/ld+json\" class=\"yoast-schema-graph\">{\"@context\":\"https:\/\/schema.org\",\"@graph\":[{\"@type\":\"WebPage\",\"@id\":\"https:\/\/test.arctic.klean.it\/udflugter\/fishing-tour-cod\/\",\"url\":\"https:\/\/test.arctic.klean.it\/udflugter\/fishing-tour-cod\/\",\"name\":\"Fisketur (torsk) - Arctic Excursions\",\"isPartOf\":{\"@id\":\"https:\/\/test.arctic.klean.it\/#website\"},\"primaryImageOfPage\":{\"@id\":\"https:\/\/test.arctic.klean.it\/udflugter\/fishing-tour-cod\/#primaryimage\"},\"image\":{\"@id\":\"https:\/\/test.arctic.klean.it\/udflugter\/fishing-tour-cod\/#primaryimage\"},\"thumbnailUrl\":\"https:\/\/test.arctic.klean.it\/wp-content\/uploads\/2022\/10\/11220822_517602565069663_7599769576881363394_n.jpg\",\"datePublished\":\"2022-10-07T08:25:56+00:00\",\"dateModified\":\"2023-01-25T12:38:56+00:00\",\"breadcrumb\":{\"@id\":\"https:\/\/test.arctic.klean.it\/udflugter\/fishing-tour-cod\/#breadcrumb\"},\"inLanguage\":\"da-DK\",\"potentialAction\":[{\"@type\":\"ReadAction\",\"target\":[\"https:\/\/test.arctic.klean.it\/udflugter\/fishing-tour-cod\/\"]}]},{\"@type\":\"ImageObject\",\"inLanguage\":\"da-DK\",\"@id\":\"https:\/\/test.arctic.klean.it\/udflugter\/fishing-tour-cod\/#primaryimage\",\"url\":\"https:\/\/test.arctic.klean.it\/wp-content\/uploads\/2022\/10\/11220822_517602565069663_7599769576881363394_n.jpg\",\"contentUrl\":\"https:\/\/test.arctic.klean.it\/wp-content\/uploads\/2022\/10\/11220822_517602565069663_7599769576881363394_n.jpg\",\"width\":640,\"height\":852},{\"@type\":\"BreadcrumbList\",\"@id\":\"https:\/\/test.arctic.klean.it\/udflugter\/fishing-tour-cod\/#breadcrumb\",\"itemListElement\":[{\"@type\":\"ListItem\",\"position\":1,\"name\":\"Udflugter i Gr\u00f8nland\",\"item\":\"https:\/\/test.arctic.klean.it\/da\/udflugter\/\"},{\"@type\":\"ListItem\",\"position\":2,\"name\":\"Fisketur (torsk)\"}]},{\"@type\":\"WebSite\",\"@id\":\"https:\/\/test.arctic.klean.it\/#website\",\"url\":\"https:\/\/test.arctic.klean.it\/\",\"name\":\"Arctic Excursions\",\"description\":\"New adventures. Every day.\",\"potentialAction\":[{\"@type\":\"SearchAction\",\"target\":{\"@type\":\"EntryPoint\",\"urlTemplate\":\"https:\/\/test.arctic.klean.it\/?s={search_term_string}\"},\"query-input\":{\"@type\":\"PropertyValueSpecification\",\"valueRequired\":true,\"valueName\":\"search_term_string\"}}],\"inLanguage\":\"da-DK\"}]}<\/script>\n<!-- \/ Yoast SEO plugin. -->","yoast_head_json":{"title":"Arctic Excursions","robots":{"index":"index","follow":"follow","max-snippet":"max-snippet:-1","max-image-preview":"max-image-preview:large","max-video-preview":"max-video-preview:-1"},"canonical":"https:\/\/test.arctic.klean.it\/udflugter\/fishing-tour-cod\/","og_locale":"da_DK","og_type":"article","og_title":"Fisketur (torsk) - Arctic Excursions","og_description":"Oplev p\u00e5 egen h\u00e5nd at fiske fra b\u00e5den ude i fjorden","og_url":"https:\/\/test.arctic.klean.it\/udflugter\/fishing-tour-cod\/","og_site_name":"Arctic Excursions","article_modified_time":"2023-01-25T12:38:56+00:00","og_image":[{"width":640,"height":852,"url":"https:\/\/test.arctic.klean.it\/wp-content\/uploads\/2022\/10\/11220822_517602565069663_7599769576881363394_n.jpg","type":"image\/jpeg"}],"twitter_card":"summary_large_image","schema":{"@context":"https:\/\/schema.org","@graph":[{"@type":"WebPage","@id":"https:\/\/test.arctic.klean.it\/udflugter\/fishing-tour-cod\/","url":"https:\/\/test.arctic.klean.it\/udflugter\/fishing-tour-cod\/","name":"Fisketur (torsk) - Arctic Excursions","isPartOf":{"@id":"https:\/\/test.arctic.klean.it\/#website"},"primaryImageOfPage":{"@id":"https:\/\/test.arctic.klean.it\/udflugter\/fishing-tour-cod\/#primaryimage"},"image":{"@id":"https:\/\/test.arctic.klean.it\/udflugter\/fishing-tour-cod\/#primaryimage"},"thumbnailUrl":"https:\/\/test.arctic.klean.it\/wp-content\/uploads\/2022\/10\/11220822_517602565069663_7599769576881363394_n.jpg","datePublished":"2022-10-07T08:25:56+00:00","dateModified":"2023-01-25T12:38:56+00:00","breadcrumb":{"@id":"https:\/\/test.arctic.klean.it\/udflugter\/fishing-tour-cod\/#breadcrumb"},"inLanguage":"da-DK","potentialAction":[{"@type":"ReadAction","target":["https:\/\/test.arctic.klean.it\/udflugter\/fishing-tour-cod\/"]}]},{"@type":"ImageObject","inLanguage":"da-DK","@id":"https:\/\/test.arctic.klean.it\/udflugter\/fishing-tour-cod\/#primaryimage","url":"https:\/\/test.arctic.klean.it\/wp-content\/uploads\/2022\/10\/11220822_517602565069663_7599769576881363394_n.jpg","contentUrl":"https:\/\/test.arctic.klean.it\/wp-content\/uploads\/2022\/10\/11220822_517602565069663_7599769576881363394_n.jpg","width":640,"height":852},{"@type":"BreadcrumbList","@id":"https:\/\/test.arctic.klean.it\/udflugter\/fishing-tour-cod\/#breadcrumb","itemListElement":[{"@type":"ListItem","position":1,"name":"Udflugter i Gr\u00f8nland","item":"https:\/\/test.arctic.klean.it\/da\/udflugter\/"},{"@type":"ListItem","position":2,"name":"Fisketur (torsk)"}]},{"@type":"WebSite","@id":"https:\/\/test.arctic.klean.it\/#website","url":"https:\/\/test.arctic.klean.it\/","name":"Arctic Excursions","description":"New adventures. Every day.","potentialAction":[{"@type":"SearchAction","target":{"@type":"EntryPoint","urlTemplate":"https:\/\/test.arctic.klean.it\/?s={search_term_string}"},"query-input":{"@type":"PropertyValueSpecification","valueRequired":true,"valueName":"search_term_string"}}],"inLanguage":"da-DK"}]}},"_links":{"self":[{"href":"https:\/\/test.arctic.klean.it\/da\/wp-json\/wp\/v2\/product\/3177","targetHints":{"allow":["GET"]}}],"collection":[{"href":"https:\/\/test.arctic.klean.it\/da\/wp-json\/wp\/v2\/product"}],"about":[{"href":"https:\/\/test.arctic.klean.it\/da\/wp-json\/wp\/v2\/types\/product"}],"replies":[{"embeddable":true,"href":"https:\/\/test.arctic.klean.it\/da\/wp-json\/wp\/v2\/comments?post=3177"}],"wp:featuredmedia":[{"embeddable":true,"href":"https:\/\/test.arctic.klean.it\/da\/wp-json\/wp\/v2\/media\/3175"}],"wp:attachment":[{"href":"https:\/\/test.arctic.klean.it\/da\/wp-json\/wp\/v2\/media?parent=3177"}],"wp:term":[{"taxonomy":"product_brand","embeddable":true,"href":"https:\/\/test.arctic.klean.it\/da\/wp-json\/wp\/v2\/product_brand?post=3177"},{"taxonomy":"product_cat","embeddable":true,"href":"https:\/\/test.arctic.klean.it\/da\/wp-json\/wp\/v2\/product_cat?post=3177"},{"taxonomy":"product_tag","embeddable":true,"href":"https:\/\/test.arctic.klean.it\/da\/wp-json\/wp\/v2\/product_tag?post=3177"}],"curies":[{"name":"wp","href":"https:\/\/api.w.org\/{rel}","templated":true}]}}