{"id":3182,"date":"2022-10-07T10:26:48","date_gmt":"2022-10-07T08:26:48","guid":{"rendered":"https:\/\/test.arctic.klean.it\/?post_type=product&#038;p=3182"},"modified":"2023-04-30T15:05:13","modified_gmt":"2023-04-30T13:05:13","slug":"fisketur-roedfisk","status":"publish","type":"product","link":"https:\/\/test.arctic.klean.it\/da\/udflugter\/fisketur-roedfisk\/","title":{"rendered":"Fisketur (r\u00f8dfisk)"},"content":{"rendered":"<p>Der er en plet i Godth\u00e5bsfjorden ikke langt fra Qooqqut, kendt som &#8220;R\u00f8dfiskehullet&#8221; eller l\u00f8st oversat &#8220;R\u00f8dfiskens Dyb&#8221;. Her vil du (n\u00e6sten) v\u00e6re garanteret at fange nogle meget velsmagende fisk!<\/p>\n<p>Bem\u00e6rk venligst, at vi fisker over b\u00e5dens r\u00e6ling, og at brugen af fiskeudstyr er inkluderet i prisen.<\/p>\n<p>Varighed: 3,5 timer (2 timers sejlads \u2013 1,5 timers fiskeri)<\/p>\n<p>Min. 3 personer \u2013 maks. 12 personer<\/p>\n<p>B\u00e5de: Targa 25 og Arronet 25<\/p>\n<p>BEM\u00c6RK: Hvis du ikke er bosiddende i Gr\u00f8nland, skal du have fisketegn for at fiske.<br \/>\nFisketegn kan k\u00f8bes p\u00e5 posthuset (Tusass)<\/p>\n","protected":false},"excerpt":{"rendered":"<p>Oplev p\u00e5 egen h\u00e5nd at fiske r\u00f8dfisk fra b\u00e5den<\/p>\n","protected":false},"featured_media":3180,"comment_status":"open","ping_status":"closed","template":"","meta":{"_acf_changed":false},"product_brand":[],"product_cat":[170],"product_tag":[159],"class_list":{"0":"post-3182","1":"product","2":"type-product","3":"status-publish","4":"has-post-thumbnail","6":"product_cat-udflugt","7":"product_tag-1-da","8":"pa_dato-407","9":"pa_tidspunkt-304","10":"tour_location-nuuk-da","11":"tour_type-baadture","12":"tour_operator-kang-tourism","14":"first","15":"outofstock","16":"shipping-taxable","17":"product-type-variable"},"acf":[],"yoast_head":"<!-- This site is optimized with the Yoast SEO plugin v25.2 - https:\/\/yoast.com\/wordpress\/plugins\/seo\/ -->\n<title>Arctic Excursions<\/title>\n<meta name=\"robots\" content=\"index, follow, max-snippet:-1, max-image-preview:large, max-video-preview:-1\" \/>\n<link rel=\"canonical\" href=\"https:\/\/test.arctic.klean.it\/udflugter\/fishing-tour-redfish\/\" \/>\n<meta property=\"og:locale\" content=\"da_DK\" \/>\n<meta property=\"og:type\" content=\"article\" \/>\n<meta property=\"og:title\" content=\"Fisketur (r\u00f8dfisk) - Arctic Excursions\" \/>\n<meta property=\"og:description\" content=\"Oplev p\u00e5 egen h\u00e5nd at fiske r\u00f8dfisk fra b\u00e5den\" \/>\n<meta property=\"og:url\" content=\"https:\/\/test.arctic.klean.it\/udflugter\/fishing-tour-redfish\/\" \/>\n<meta property=\"og:site_name\" content=\"Arctic Excursions\" \/>\n<meta property=\"article:modified_time\" content=\"2023-04-30T13:05:13+00:00\" \/>\n<meta property=\"og:image\" content=\"https:\/\/test.arctic.klean.it\/wp-content\/uploads\/2022\/10\/IMG_9304.jpg\" \/>\n\t<meta property=\"og:image:width\" content=\"1536\" \/>\n\t<meta property=\"og:image:height\" content=\"2048\" \/>\n\t<meta property=\"og:image:type\" content=\"image\/jpeg\" \/>\n<meta name=\"twitter:card\" content=\"summary_large_image\" \/>\n<meta name=\"twitter:label1\" content=\"Estimeret l\u00e6setid\" \/>\n\t<meta name=\"twitter:data1\" content=\"1 minut\" \/>\n<script type=\"application\/ld+json\" class=\"yoast-schema-graph\">{\"@context\":\"https:\/\/schema.org\",\"@graph\":[{\"@type\":\"WebPage\",\"@id\":\"https:\/\/test.arctic.klean.it\/udflugter\/fishing-tour-redfish\/\",\"url\":\"https:\/\/test.arctic.klean.it\/udflugter\/fishing-tour-redfish\/\",\"name\":\"Fisketur (r\u00f8dfisk) - Arctic Excursions\",\"isPartOf\":{\"@id\":\"https:\/\/test.arctic.klean.it\/#website\"},\"primaryImageOfPage\":{\"@id\":\"https:\/\/test.arctic.klean.it\/udflugter\/fishing-tour-redfish\/#primaryimage\"},\"image\":{\"@id\":\"https:\/\/test.arctic.klean.it\/udflugter\/fishing-tour-redfish\/#primaryimage\"},\"thumbnailUrl\":\"https:\/\/test.arctic.klean.it\/wp-content\/uploads\/2022\/10\/IMG_9304.jpg\",\"datePublished\":\"2022-10-07T08:26:48+00:00\",\"dateModified\":\"2023-04-30T13:05:13+00:00\",\"breadcrumb\":{\"@id\":\"https:\/\/test.arctic.klean.it\/udflugter\/fishing-tour-redfish\/#breadcrumb\"},\"inLanguage\":\"da-DK\",\"potentialAction\":[{\"@type\":\"ReadAction\",\"target\":[\"https:\/\/test.arctic.klean.it\/udflugter\/fishing-tour-redfish\/\"]}]},{\"@type\":\"ImageObject\",\"inLanguage\":\"da-DK\",\"@id\":\"https:\/\/test.arctic.klean.it\/udflugter\/fishing-tour-redfish\/#primaryimage\",\"url\":\"https:\/\/test.arctic.klean.it\/wp-content\/uploads\/2022\/10\/IMG_9304.jpg\",\"contentUrl\":\"https:\/\/test.arctic.klean.it\/wp-content\/uploads\/2022\/10\/IMG_9304.jpg\",\"width\":1536,\"height\":2048},{\"@type\":\"BreadcrumbList\",\"@id\":\"https:\/\/test.arctic.klean.it\/udflugter\/fishing-tour-redfish\/#breadcrumb\",\"itemListElement\":[{\"@type\":\"ListItem\",\"position\":1,\"name\":\"Udflugter i Gr\u00f8nland\",\"item\":\"https:\/\/test.arctic.klean.it\/da\/udflugter\/\"},{\"@type\":\"ListItem\",\"position\":2,\"name\":\"Fisketur (r\u00f8dfisk)\"}]},{\"@type\":\"WebSite\",\"@id\":\"https:\/\/test.arctic.klean.it\/#website\",\"url\":\"https:\/\/test.arctic.klean.it\/\",\"name\":\"Arctic Excursions\",\"description\":\"New adventures. Every day.\",\"potentialAction\":[{\"@type\":\"SearchAction\",\"target\":{\"@type\":\"EntryPoint\",\"urlTemplate\":\"https:\/\/test.arctic.klean.it\/?s={search_term_string}\"},\"query-input\":{\"@type\":\"PropertyValueSpecification\",\"valueRequired\":true,\"valueName\":\"search_term_string\"}}],\"inLanguage\":\"da-DK\"}]}<\/script>\n<!-- \/ Yoast SEO plugin. -->","yoast_head_json":{"title":"Arctic Excursions","robots":{"index":"index","follow":"follow","max-snippet":"max-snippet:-1","max-image-preview":"max-image-preview:large","max-video-preview":"max-video-preview:-1"},"canonical":"https:\/\/test.arctic.klean.it\/udflugter\/fishing-tour-redfish\/","og_locale":"da_DK","og_type":"article","og_title":"Fisketur (r\u00f8dfisk) - Arctic Excursions","og_description":"Oplev p\u00e5 egen h\u00e5nd at fiske r\u00f8dfisk fra b\u00e5den","og_url":"https:\/\/test.arctic.klean.it\/udflugter\/fishing-tour-redfish\/","og_site_name":"Arctic Excursions","article_modified_time":"2023-04-30T13:05:13+00:00","og_image":[{"width":1536,"height":2048,"url":"https:\/\/test.arctic.klean.it\/wp-content\/uploads\/2022\/10\/IMG_9304.jpg","type":"image\/jpeg"}],"twitter_card":"summary_large_image","twitter_misc":{"Estimeret l\u00e6setid":"1 minut"},"schema":{"@context":"https:\/\/schema.org","@graph":[{"@type":"WebPage","@id":"https:\/\/test.arctic.klean.it\/udflugter\/fishing-tour-redfish\/","url":"https:\/\/test.arctic.klean.it\/udflugter\/fishing-tour-redfish\/","name":"Fisketur (r\u00f8dfisk) - Arctic Excursions","isPartOf":{"@id":"https:\/\/test.arctic.klean.it\/#website"},"primaryImageOfPage":{"@id":"https:\/\/test.arctic.klean.it\/udflugter\/fishing-tour-redfish\/#primaryimage"},"image":{"@id":"https:\/\/test.arctic.klean.it\/udflugter\/fishing-tour-redfish\/#primaryimage"},"thumbnailUrl":"https:\/\/test.arctic.klean.it\/wp-content\/uploads\/2022\/10\/IMG_9304.jpg","datePublished":"2022-10-07T08:26:48+00:00","dateModified":"2023-04-30T13:05:13+00:00","breadcrumb":{"@id":"https:\/\/test.arctic.klean.it\/udflugter\/fishing-tour-redfish\/#breadcrumb"},"inLanguage":"da-DK","potentialAction":[{"@type":"ReadAction","target":["https:\/\/test.arctic.klean.it\/udflugter\/fishing-tour-redfish\/"]}]},{"@type":"ImageObject","inLanguage":"da-DK","@id":"https:\/\/test.arctic.klean.it\/udflugter\/fishing-tour-redfish\/#primaryimage","url":"https:\/\/test.arctic.klean.it\/wp-content\/uploads\/2022\/10\/IMG_9304.jpg","contentUrl":"https:\/\/test.arctic.klean.it\/wp-content\/uploads\/2022\/10\/IMG_9304.jpg","width":1536,"height":2048},{"@type":"BreadcrumbList","@id":"https:\/\/test.arctic.klean.it\/udflugter\/fishing-tour-redfish\/#breadcrumb","itemListElement":[{"@type":"ListItem","position":1,"name":"Udflugter i Gr\u00f8nland","item":"https:\/\/test.arctic.klean.it\/da\/udflugter\/"},{"@type":"ListItem","position":2,"name":"Fisketur (r\u00f8dfisk)"}]},{"@type":"WebSite","@id":"https:\/\/test.arctic.klean.it\/#website","url":"https:\/\/test.arctic.klean.it\/","name":"Arctic Excursions","description":"New adventures. Every day.","potentialAction":[{"@type":"SearchAction","target":{"@type":"EntryPoint","urlTemplate":"https:\/\/test.arctic.klean.it\/?s={search_term_string}"},"query-input":{"@type":"PropertyValueSpecification","valueRequired":true,"valueName":"search_term_string"}}],"inLanguage":"da-DK"}]}},"_links":{"self":[{"href":"https:\/\/test.arctic.klean.it\/da\/wp-json\/wp\/v2\/product\/3182","targetHints":{"allow":["GET"]}}],"collection":[{"href":"https:\/\/test.arctic.klean.it\/da\/wp-json\/wp\/v2\/product"}],"about":[{"href":"https:\/\/test.arctic.klean.it\/da\/wp-json\/wp\/v2\/types\/product"}],"replies":[{"embeddable":true,"href":"https:\/\/test.arctic.klean.it\/da\/wp-json\/wp\/v2\/comments?post=3182"}],"wp:featuredmedia":[{"embeddable":true,"href":"https:\/\/test.arctic.klean.it\/da\/wp-json\/wp\/v2\/media\/3180"}],"wp:attachment":[{"href":"https:\/\/test.arctic.klean.it\/da\/wp-json\/wp\/v2\/media?parent=3182"}],"wp:term":[{"taxonomy":"product_brand","embeddable":true,"href":"https:\/\/test.arctic.klean.it\/da\/wp-json\/wp\/v2\/product_brand?post=3182"},{"taxonomy":"product_cat","embeddable":true,"href":"https:\/\/test.arctic.klean.it\/da\/wp-json\/wp\/v2\/product_cat?post=3182"},{"taxonomy":"product_tag","embeddable":true,"href":"https:\/\/test.arctic.klean.it\/da\/wp-json\/wp\/v2\/product_tag?post=3182"}],"curies":[{"name":"wp","href":"https:\/\/api.w.org\/{rel}","templated":true}]}}