{"id":3272,"date":"2022-10-19T13:25:33","date_gmt":"2022-10-19T11:25:33","guid":{"rendered":"https:\/\/test.arctic.klean.it\/?post_type=product&#038;p=3272"},"modified":"2023-04-30T18:00:14","modified_gmt":"2023-04-30T16:00:14","slug":"bjergvandring-i-snesko","status":"publish","type":"product","link":"https:\/\/test.arctic.klean.it\/da\/udflugter\/bjergvandring-i-snesko\/","title":{"rendered":"Fjeldvandring p\u00e5 snesko"},"content":{"rendered":"<p>Kom med p\u00e5 vores vintervandretur med snesko i Sisimiuts smukke bagland. <\/p>\n<p>Sisimiut er kendt for sit enorme bagland, hvilket giver den perfekte mulighed for vintervandring. <\/p>\n<p>Baglandet bliver ofte brugt at de lokale, b\u00e5de summer og vinter. <\/p>\n<p>Snesko er for alle, det kr\u00e6ver ingen erfaring, da vores guide hj\u00e6lper jer med at s\u00e6tte dem p\u00e5 og af. <\/p>\n<p>Guiden f\u00f8rer an p\u00e5 denne tur og m\u00e5let er Spejder s\u00f8en som er centrum for vinter aktiviteter i vinterperioden. <\/p>\n<p>Derefter g\u00e5r turen mod syd\u00f8st for byen, hvor man oplever den snekl\u00e6dte terr\u00e6n som kan have mindre stigninger og kysten giver en smuk udsigt over is dannet af tidevandet. <\/p>\n<p>P\u00e5 returvejen afslutter vi med en fantastisk udsigt over byen Sisimiut.<\/p>\n","protected":false},"excerpt":{"rendered":"<p>Guidet vandretur p\u00e5 snesko i det smukke snebekl\u00e6dte fjeldlandskab omkring Sisimiut. <\/p>\n","protected":false},"featured_media":3256,"comment_status":"open","ping_status":"closed","template":"","meta":{"_acf_changed":false},"product_brand":[],"product_cat":[170],"product_tag":[161],"class_list":{"0":"post-3272","1":"product","2":"type-product","3":"status-publish","4":"has-post-thumbnail","6":"product_cat-udflugt","7":"product_tag-3-da","8":"pa_dato-399","9":"pa_dato-400","10":"pa_dato-401","11":"pa_dato-402","12":"pa_dato-403","13":"pa_dato-404","14":"pa_dato-320","15":"pa_dato-333","16":"pa_dato-361","17":"pa_dato-335","18":"pa_dato-364","19":"pa_dato-338","20":"pa_dato-367","21":"pa_dato-341","22":"pa_dato-370","23":"pa_dato-344","24":"pa_dato-373","25":"pa_dato-347","26":"pa_dato-376","27":"pa_dato-350","28":"pa_dato-379","29":"pa_dato-353","30":"pa_dato-382","31":"pa_dato-356","32":"pa_dato-385","33":"pa_dato-359","34":"pa_dato-389","35":"pa_dato-405","36":"pa_dato-393","37":"pa_dato-406","38":"pa_dato-397","39":"pa_dato-407","40":"pa_tidspunkt-308","41":"tour_location-sisimiut-da","42":"tour_type-vandreture","43":"tour_operator-hotel-sisimiut-tours","45":"first","46":"outofstock","47":"shipping-taxable","48":"product-type-variable"},"acf":[],"yoast_head":"<!-- This site is optimized with the Yoast SEO plugin v25.2 - https:\/\/yoast.com\/wordpress\/plugins\/seo\/ -->\n<title>Arctic Excursions<\/title>\n<meta name=\"robots\" content=\"index, follow, max-snippet:-1, max-image-preview:large, max-video-preview:-1\" \/>\n<link rel=\"canonical\" href=\"https:\/\/test.arctic.klean.it\/udflugter\/winter-mountain-hike\/\" \/>\n<meta property=\"og:locale\" content=\"da_DK\" \/>\n<meta property=\"og:type\" content=\"article\" \/>\n<meta property=\"og:title\" content=\"Fjeldvandring p\u00e5 snesko - Arctic Excursions\" \/>\n<meta property=\"og:description\" content=\"Guidet vandretur p\u00e5 snesko i det smukke snebekl\u00e6dte fjeldlandskab omkring Sisimiut.\" \/>\n<meta property=\"og:url\" content=\"https:\/\/test.arctic.klean.it\/udflugter\/winter-mountain-hike\/\" \/>\n<meta property=\"og:site_name\" content=\"Arctic Excursions\" \/>\n<meta property=\"article:modified_time\" content=\"2023-04-30T16:00:14+00:00\" \/>\n<meta property=\"og:image\" content=\"https:\/\/test.arctic.klean.it\/wp-content\/uploads\/2022\/10\/Hotel_Sisimiut-18-scaled.jpg\" \/>\n\t<meta property=\"og:image:width\" content=\"2560\" \/>\n\t<meta property=\"og:image:height\" content=\"1440\" \/>\n\t<meta property=\"og:image:type\" content=\"image\/jpeg\" \/>\n<meta name=\"twitter:card\" content=\"summary_large_image\" \/>\n<meta name=\"twitter:label1\" content=\"Estimeret l\u00e6setid\" \/>\n\t<meta name=\"twitter:data1\" content=\"1 minut\" \/>\n<script type=\"application\/ld+json\" class=\"yoast-schema-graph\">{\"@context\":\"https:\/\/schema.org\",\"@graph\":[{\"@type\":\"WebPage\",\"@id\":\"https:\/\/test.arctic.klean.it\/udflugter\/winter-mountain-hike\/\",\"url\":\"https:\/\/test.arctic.klean.it\/udflugter\/winter-mountain-hike\/\",\"name\":\"Fjeldvandring p\u00e5 snesko - Arctic Excursions\",\"isPartOf\":{\"@id\":\"https:\/\/test.arctic.klean.it\/#website\"},\"primaryImageOfPage\":{\"@id\":\"https:\/\/test.arctic.klean.it\/udflugter\/winter-mountain-hike\/#primaryimage\"},\"image\":{\"@id\":\"https:\/\/test.arctic.klean.it\/udflugter\/winter-mountain-hike\/#primaryimage\"},\"thumbnailUrl\":\"https:\/\/test.arctic.klean.it\/wp-content\/uploads\/2022\/10\/Hotel_Sisimiut-18-scaled.jpg\",\"datePublished\":\"2022-10-19T11:25:33+00:00\",\"dateModified\":\"2023-04-30T16:00:14+00:00\",\"breadcrumb\":{\"@id\":\"https:\/\/test.arctic.klean.it\/udflugter\/winter-mountain-hike\/#breadcrumb\"},\"inLanguage\":\"da-DK\",\"potentialAction\":[{\"@type\":\"ReadAction\",\"target\":[\"https:\/\/test.arctic.klean.it\/udflugter\/winter-mountain-hike\/\"]}]},{\"@type\":\"ImageObject\",\"inLanguage\":\"da-DK\",\"@id\":\"https:\/\/test.arctic.klean.it\/udflugter\/winter-mountain-hike\/#primaryimage\",\"url\":\"https:\/\/test.arctic.klean.it\/wp-content\/uploads\/2022\/10\/Hotel_Sisimiut-18-scaled.jpg\",\"contentUrl\":\"https:\/\/test.arctic.klean.it\/wp-content\/uploads\/2022\/10\/Hotel_Sisimiut-18-scaled.jpg\",\"width\":2560,\"height\":1440},{\"@type\":\"BreadcrumbList\",\"@id\":\"https:\/\/test.arctic.klean.it\/udflugter\/winter-mountain-hike\/#breadcrumb\",\"itemListElement\":[{\"@type\":\"ListItem\",\"position\":1,\"name\":\"Udflugter i Gr\u00f8nland\",\"item\":\"https:\/\/test.arctic.klean.it\/da\/udflugter\/\"},{\"@type\":\"ListItem\",\"position\":2,\"name\":\"Fjeldvandring p\u00e5 snesko\"}]},{\"@type\":\"WebSite\",\"@id\":\"https:\/\/test.arctic.klean.it\/#website\",\"url\":\"https:\/\/test.arctic.klean.it\/\",\"name\":\"Arctic Excursions\",\"description\":\"New adventures. Every day.\",\"potentialAction\":[{\"@type\":\"SearchAction\",\"target\":{\"@type\":\"EntryPoint\",\"urlTemplate\":\"https:\/\/test.arctic.klean.it\/?s={search_term_string}\"},\"query-input\":{\"@type\":\"PropertyValueSpecification\",\"valueRequired\":true,\"valueName\":\"search_term_string\"}}],\"inLanguage\":\"da-DK\"}]}<\/script>\n<!-- \/ Yoast SEO plugin. -->","yoast_head_json":{"title":"Arctic Excursions","robots":{"index":"index","follow":"follow","max-snippet":"max-snippet:-1","max-image-preview":"max-image-preview:large","max-video-preview":"max-video-preview:-1"},"canonical":"https:\/\/test.arctic.klean.it\/udflugter\/winter-mountain-hike\/","og_locale":"da_DK","og_type":"article","og_title":"Fjeldvandring p\u00e5 snesko - Arctic Excursions","og_description":"Guidet vandretur p\u00e5 snesko i det smukke snebekl\u00e6dte fjeldlandskab omkring Sisimiut.","og_url":"https:\/\/test.arctic.klean.it\/udflugter\/winter-mountain-hike\/","og_site_name":"Arctic Excursions","article_modified_time":"2023-04-30T16:00:14+00:00","og_image":[{"width":2560,"height":1440,"url":"https:\/\/test.arctic.klean.it\/wp-content\/uploads\/2022\/10\/Hotel_Sisimiut-18-scaled.jpg","type":"image\/jpeg"}],"twitter_card":"summary_large_image","twitter_misc":{"Estimeret l\u00e6setid":"1 minut"},"schema":{"@context":"https:\/\/schema.org","@graph":[{"@type":"WebPage","@id":"https:\/\/test.arctic.klean.it\/udflugter\/winter-mountain-hike\/","url":"https:\/\/test.arctic.klean.it\/udflugter\/winter-mountain-hike\/","name":"Fjeldvandring p\u00e5 snesko - Arctic Excursions","isPartOf":{"@id":"https:\/\/test.arctic.klean.it\/#website"},"primaryImageOfPage":{"@id":"https:\/\/test.arctic.klean.it\/udflugter\/winter-mountain-hike\/#primaryimage"},"image":{"@id":"https:\/\/test.arctic.klean.it\/udflugter\/winter-mountain-hike\/#primaryimage"},"thumbnailUrl":"https:\/\/test.arctic.klean.it\/wp-content\/uploads\/2022\/10\/Hotel_Sisimiut-18-scaled.jpg","datePublished":"2022-10-19T11:25:33+00:00","dateModified":"2023-04-30T16:00:14+00:00","breadcrumb":{"@id":"https:\/\/test.arctic.klean.it\/udflugter\/winter-mountain-hike\/#breadcrumb"},"inLanguage":"da-DK","potentialAction":[{"@type":"ReadAction","target":["https:\/\/test.arctic.klean.it\/udflugter\/winter-mountain-hike\/"]}]},{"@type":"ImageObject","inLanguage":"da-DK","@id":"https:\/\/test.arctic.klean.it\/udflugter\/winter-mountain-hike\/#primaryimage","url":"https:\/\/test.arctic.klean.it\/wp-content\/uploads\/2022\/10\/Hotel_Sisimiut-18-scaled.jpg","contentUrl":"https:\/\/test.arctic.klean.it\/wp-content\/uploads\/2022\/10\/Hotel_Sisimiut-18-scaled.jpg","width":2560,"height":1440},{"@type":"BreadcrumbList","@id":"https:\/\/test.arctic.klean.it\/udflugter\/winter-mountain-hike\/#breadcrumb","itemListElement":[{"@type":"ListItem","position":1,"name":"Udflugter i Gr\u00f8nland","item":"https:\/\/test.arctic.klean.it\/da\/udflugter\/"},{"@type":"ListItem","position":2,"name":"Fjeldvandring p\u00e5 snesko"}]},{"@type":"WebSite","@id":"https:\/\/test.arctic.klean.it\/#website","url":"https:\/\/test.arctic.klean.it\/","name":"Arctic Excursions","description":"New adventures. Every day.","potentialAction":[{"@type":"SearchAction","target":{"@type":"EntryPoint","urlTemplate":"https:\/\/test.arctic.klean.it\/?s={search_term_string}"},"query-input":{"@type":"PropertyValueSpecification","valueRequired":true,"valueName":"search_term_string"}}],"inLanguage":"da-DK"}]}},"_links":{"self":[{"href":"https:\/\/test.arctic.klean.it\/da\/wp-json\/wp\/v2\/product\/3272","targetHints":{"allow":["GET"]}}],"collection":[{"href":"https:\/\/test.arctic.klean.it\/da\/wp-json\/wp\/v2\/product"}],"about":[{"href":"https:\/\/test.arctic.klean.it\/da\/wp-json\/wp\/v2\/types\/product"}],"replies":[{"embeddable":true,"href":"https:\/\/test.arctic.klean.it\/da\/wp-json\/wp\/v2\/comments?post=3272"}],"wp:featuredmedia":[{"embeddable":true,"href":"https:\/\/test.arctic.klean.it\/da\/wp-json\/wp\/v2\/media\/3256"}],"wp:attachment":[{"href":"https:\/\/test.arctic.klean.it\/da\/wp-json\/wp\/v2\/media?parent=3272"}],"wp:term":[{"taxonomy":"product_brand","embeddable":true,"href":"https:\/\/test.arctic.klean.it\/da\/wp-json\/wp\/v2\/product_brand?post=3272"},{"taxonomy":"product_cat","embeddable":true,"href":"https:\/\/test.arctic.klean.it\/da\/wp-json\/wp\/v2\/product_cat?post=3272"},{"taxonomy":"product_tag","embeddable":true,"href":"https:\/\/test.arctic.klean.it\/da\/wp-json\/wp\/v2\/product_tag?post=3272"}],"curies":[{"name":"wp","href":"https:\/\/api.w.org\/{rel}","templated":true}]}}