{"id":3332,"date":"2022-10-14T14:24:10","date_gmt":"2022-10-14T12:24:10","guid":{"rendered":"https:\/\/test.arctic.klean.it\/?post_type=product&#038;p=3332"},"modified":"2023-04-29T14:05:14","modified_gmt":"2023-04-29T12:05:14","slug":"intro-til-snescooter-tur-til-baglandet","status":"publish","type":"product","link":"https:\/\/test.arctic.klean.it\/da\/udflugter\/intro-til-snescooter-tur-til-baglandet\/","title":{"rendered":"Intro til snescooter &#038; tur til baglandet"},"content":{"rendered":"<p>Oplev det vidunderlige bagland med snescooter i Sisimiut.<\/p>\n<p>Vi k\u00f8rer gennem det smukke landskab i Sisimiut-omr\u00e5det.<\/p>\n<p>Oplev friheden ved snescooterk\u00f8rsel og den spektakul\u00e6re udsigt over Davisstr\u00e6det.<\/p>\n<p>Det endel\u00f8se vinterlandskab vil forbl\u00f8ffe dig.<\/p>\n","protected":false},"excerpt":{"rendered":"<p>Denne tur er vores bestseller om vinteren.<\/p>\n","protected":false},"featured_media":3232,"comment_status":"open","ping_status":"closed","template":"","meta":{"_acf_changed":false},"product_brand":[],"product_cat":[170],"product_tag":[160],"class_list":{"0":"post-3332","1":"product","2":"type-product","3":"status-publish","4":"has-post-thumbnail","6":"product_cat-udflugt","7":"product_tag-2-da","8":"pa_dato-319","9":"pa_dato-320","10":"pa_dato-327","11":"pa_dato-331","12":"pa_dato-360","13":"pa_dato-361","14":"pa_dato-362","15":"pa_dato-336","16":"pa_dato-363","17":"pa_dato-364","18":"pa_dato-365","19":"pa_dato-339","20":"pa_dato-366","21":"pa_dato-367","22":"pa_dato-368","23":"pa_dato-342","24":"pa_dato-369","25":"pa_dato-370","26":"pa_dato-371","27":"pa_dato-345","28":"pa_dato-372","29":"pa_dato-373","30":"pa_dato-374","31":"pa_dato-348","32":"pa_dato-375","33":"pa_dato-376","34":"pa_dato-377","35":"pa_dato-351","36":"pa_dato-378","37":"pa_dato-379","38":"pa_dato-380","39":"pa_dato-354","40":"pa_dato-381","41":"pa_dato-382","42":"pa_dato-383","43":"pa_dato-357","44":"pa_dato-384","45":"pa_dato-385","46":"pa_dato-386","47":"pa_dato-387","48":"pa_dato-388","49":"pa_dato-389","50":"pa_dato-390","51":"pa_dato-391","52":"pa_dato-392","53":"pa_dato-393","54":"pa_dato-394","55":"pa_dato-395","56":"pa_dato-396","57":"pa_dato-397","58":"pa_dato-398","59":"pa_tidspunkt-40","60":"pa_tidspunkt-304","61":"pa_tidspunkt-308","62":"tour_location-sisimiut-da","63":"tour_type-snescooter","64":"tour_operator-hotel-sisimiut-tours","66":"first","67":"outofstock","68":"shipping-taxable","69":"product-type-variable"},"acf":[],"yoast_head":"<!-- This site is optimized with the Yoast SEO plugin v25.2 - https:\/\/yoast.com\/wordpress\/plugins\/seo\/ -->\n<title>Arctic Excursions<\/title>\n<meta name=\"robots\" content=\"index, follow, max-snippet:-1, max-image-preview:large, max-video-preview:-1\" \/>\n<link rel=\"canonical\" href=\"https:\/\/test.arctic.klean.it\/udflugter\/snowmobile-intro-backcountry-tour\/\" \/>\n<meta property=\"og:locale\" content=\"da_DK\" \/>\n<meta property=\"og:type\" content=\"article\" \/>\n<meta property=\"og:title\" content=\"Intro til snescooter &amp; tur til baglandet - Arctic Excursions\" \/>\n<meta property=\"og:description\" content=\"Denne tur er vores bestseller om vinteren.\" \/>\n<meta property=\"og:url\" content=\"https:\/\/test.arctic.klean.it\/udflugter\/snowmobile-intro-backcountry-tour\/\" \/>\n<meta property=\"og:site_name\" content=\"Arctic Excursions\" \/>\n<meta property=\"article:modified_time\" content=\"2023-04-29T12:05:14+00:00\" \/>\n<meta property=\"og:image\" content=\"https:\/\/test.arctic.klean.it\/wp-content\/uploads\/2022\/10\/Hotel_Sisimiut-42-scaled.jpg\" \/>\n\t<meta property=\"og:image:width\" content=\"2560\" \/>\n\t<meta property=\"og:image:height\" content=\"1440\" \/>\n\t<meta property=\"og:image:type\" content=\"image\/jpeg\" \/>\n<meta name=\"twitter:card\" content=\"summary_large_image\" \/>\n<script type=\"application\/ld+json\" class=\"yoast-schema-graph\">{\"@context\":\"https:\/\/schema.org\",\"@graph\":[{\"@type\":\"WebPage\",\"@id\":\"https:\/\/test.arctic.klean.it\/udflugter\/snowmobile-intro-backcountry-tour\/\",\"url\":\"https:\/\/test.arctic.klean.it\/udflugter\/snowmobile-intro-backcountry-tour\/\",\"name\":\"Intro til snescooter & tur til baglandet - Arctic Excursions\",\"isPartOf\":{\"@id\":\"https:\/\/test.arctic.klean.it\/#website\"},\"primaryImageOfPage\":{\"@id\":\"https:\/\/test.arctic.klean.it\/udflugter\/snowmobile-intro-backcountry-tour\/#primaryimage\"},\"image\":{\"@id\":\"https:\/\/test.arctic.klean.it\/udflugter\/snowmobile-intro-backcountry-tour\/#primaryimage\"},\"thumbnailUrl\":\"https:\/\/test.arctic.klean.it\/wp-content\/uploads\/2022\/10\/Hotel_Sisimiut-42-scaled.jpg\",\"datePublished\":\"2022-10-14T12:24:10+00:00\",\"dateModified\":\"2023-04-29T12:05:14+00:00\",\"breadcrumb\":{\"@id\":\"https:\/\/test.arctic.klean.it\/udflugter\/snowmobile-intro-backcountry-tour\/#breadcrumb\"},\"inLanguage\":\"da-DK\",\"potentialAction\":[{\"@type\":\"ReadAction\",\"target\":[\"https:\/\/test.arctic.klean.it\/udflugter\/snowmobile-intro-backcountry-tour\/\"]}]},{\"@type\":\"ImageObject\",\"inLanguage\":\"da-DK\",\"@id\":\"https:\/\/test.arctic.klean.it\/udflugter\/snowmobile-intro-backcountry-tour\/#primaryimage\",\"url\":\"https:\/\/test.arctic.klean.it\/wp-content\/uploads\/2022\/10\/Hotel_Sisimiut-42-scaled.jpg\",\"contentUrl\":\"https:\/\/test.arctic.klean.it\/wp-content\/uploads\/2022\/10\/Hotel_Sisimiut-42-scaled.jpg\",\"width\":2560,\"height\":1440},{\"@type\":\"BreadcrumbList\",\"@id\":\"https:\/\/test.arctic.klean.it\/udflugter\/snowmobile-intro-backcountry-tour\/#breadcrumb\",\"itemListElement\":[{\"@type\":\"ListItem\",\"position\":1,\"name\":\"Udflugter i Gr\u00f8nland\",\"item\":\"https:\/\/test.arctic.klean.it\/da\/udflugter\/\"},{\"@type\":\"ListItem\",\"position\":2,\"name\":\"Intro til snescooter &#038; tur til baglandet\"}]},{\"@type\":\"WebSite\",\"@id\":\"https:\/\/test.arctic.klean.it\/#website\",\"url\":\"https:\/\/test.arctic.klean.it\/\",\"name\":\"Arctic Excursions\",\"description\":\"New adventures. Every day.\",\"potentialAction\":[{\"@type\":\"SearchAction\",\"target\":{\"@type\":\"EntryPoint\",\"urlTemplate\":\"https:\/\/test.arctic.klean.it\/?s={search_term_string}\"},\"query-input\":{\"@type\":\"PropertyValueSpecification\",\"valueRequired\":true,\"valueName\":\"search_term_string\"}}],\"inLanguage\":\"da-DK\"}]}<\/script>\n<!-- \/ Yoast SEO plugin. -->","yoast_head_json":{"title":"Arctic Excursions","robots":{"index":"index","follow":"follow","max-snippet":"max-snippet:-1","max-image-preview":"max-image-preview:large","max-video-preview":"max-video-preview:-1"},"canonical":"https:\/\/test.arctic.klean.it\/udflugter\/snowmobile-intro-backcountry-tour\/","og_locale":"da_DK","og_type":"article","og_title":"Intro til snescooter & tur til baglandet - Arctic Excursions","og_description":"Denne tur er vores bestseller om vinteren.","og_url":"https:\/\/test.arctic.klean.it\/udflugter\/snowmobile-intro-backcountry-tour\/","og_site_name":"Arctic Excursions","article_modified_time":"2023-04-29T12:05:14+00:00","og_image":[{"width":2560,"height":1440,"url":"https:\/\/test.arctic.klean.it\/wp-content\/uploads\/2022\/10\/Hotel_Sisimiut-42-scaled.jpg","type":"image\/jpeg"}],"twitter_card":"summary_large_image","schema":{"@context":"https:\/\/schema.org","@graph":[{"@type":"WebPage","@id":"https:\/\/test.arctic.klean.it\/udflugter\/snowmobile-intro-backcountry-tour\/","url":"https:\/\/test.arctic.klean.it\/udflugter\/snowmobile-intro-backcountry-tour\/","name":"Intro til snescooter & tur til baglandet - Arctic Excursions","isPartOf":{"@id":"https:\/\/test.arctic.klean.it\/#website"},"primaryImageOfPage":{"@id":"https:\/\/test.arctic.klean.it\/udflugter\/snowmobile-intro-backcountry-tour\/#primaryimage"},"image":{"@id":"https:\/\/test.arctic.klean.it\/udflugter\/snowmobile-intro-backcountry-tour\/#primaryimage"},"thumbnailUrl":"https:\/\/test.arctic.klean.it\/wp-content\/uploads\/2022\/10\/Hotel_Sisimiut-42-scaled.jpg","datePublished":"2022-10-14T12:24:10+00:00","dateModified":"2023-04-29T12:05:14+00:00","breadcrumb":{"@id":"https:\/\/test.arctic.klean.it\/udflugter\/snowmobile-intro-backcountry-tour\/#breadcrumb"},"inLanguage":"da-DK","potentialAction":[{"@type":"ReadAction","target":["https:\/\/test.arctic.klean.it\/udflugter\/snowmobile-intro-backcountry-tour\/"]}]},{"@type":"ImageObject","inLanguage":"da-DK","@id":"https:\/\/test.arctic.klean.it\/udflugter\/snowmobile-intro-backcountry-tour\/#primaryimage","url":"https:\/\/test.arctic.klean.it\/wp-content\/uploads\/2022\/10\/Hotel_Sisimiut-42-scaled.jpg","contentUrl":"https:\/\/test.arctic.klean.it\/wp-content\/uploads\/2022\/10\/Hotel_Sisimiut-42-scaled.jpg","width":2560,"height":1440},{"@type":"BreadcrumbList","@id":"https:\/\/test.arctic.klean.it\/udflugter\/snowmobile-intro-backcountry-tour\/#breadcrumb","itemListElement":[{"@type":"ListItem","position":1,"name":"Udflugter i Gr\u00f8nland","item":"https:\/\/test.arctic.klean.it\/da\/udflugter\/"},{"@type":"ListItem","position":2,"name":"Intro til snescooter &#038; tur til baglandet"}]},{"@type":"WebSite","@id":"https:\/\/test.arctic.klean.it\/#website","url":"https:\/\/test.arctic.klean.it\/","name":"Arctic Excursions","description":"New adventures. Every day.","potentialAction":[{"@type":"SearchAction","target":{"@type":"EntryPoint","urlTemplate":"https:\/\/test.arctic.klean.it\/?s={search_term_string}"},"query-input":{"@type":"PropertyValueSpecification","valueRequired":true,"valueName":"search_term_string"}}],"inLanguage":"da-DK"}]}},"_links":{"self":[{"href":"https:\/\/test.arctic.klean.it\/da\/wp-json\/wp\/v2\/product\/3332","targetHints":{"allow":["GET"]}}],"collection":[{"href":"https:\/\/test.arctic.klean.it\/da\/wp-json\/wp\/v2\/product"}],"about":[{"href":"https:\/\/test.arctic.klean.it\/da\/wp-json\/wp\/v2\/types\/product"}],"replies":[{"embeddable":true,"href":"https:\/\/test.arctic.klean.it\/da\/wp-json\/wp\/v2\/comments?post=3332"}],"wp:featuredmedia":[{"embeddable":true,"href":"https:\/\/test.arctic.klean.it\/da\/wp-json\/wp\/v2\/media\/3232"}],"wp:attachment":[{"href":"https:\/\/test.arctic.klean.it\/da\/wp-json\/wp\/v2\/media?parent=3332"}],"wp:term":[{"taxonomy":"product_brand","embeddable":true,"href":"https:\/\/test.arctic.klean.it\/da\/wp-json\/wp\/v2\/product_brand?post=3332"},{"taxonomy":"product_cat","embeddable":true,"href":"https:\/\/test.arctic.klean.it\/da\/wp-json\/wp\/v2\/product_cat?post=3332"},{"taxonomy":"product_tag","embeddable":true,"href":"https:\/\/test.arctic.klean.it\/da\/wp-json\/wp\/v2\/product_tag?post=3332"}],"curies":[{"name":"wp","href":"https:\/\/api.w.org\/{rel}","templated":true}]}}